{"id":1212,"date":"2018-12-06T13:01:58","date_gmt":"2018-12-06T13:01:58","guid":{"rendered":"https:\/\/villaantiguahotel.com\/?page_id=1212"},"modified":"2020-03-16T20:06:56","modified_gmt":"2020-03-16T20:06:56","slug":"baroque-music","status":"publish","type":"page","link":"https:\/\/villaantiguahotel.com\/?page_id=1212&lang=en","title":{"rendered":"Baroque music"},"content":{"rendered":"<div class=\"vce-row-container\"><div class=\"vce-row vce-row--col-gap-30 bg-submenu vce-row-columns--top vce-row-content--top\" id=\"el-2a1a41a7\" data-vce-do-apply=\"all el-2a1a41a7\"><div class=\"vce-row-content\" data-vce-element-content=\"true\"><div class=\"vce-col vce-col--md-100p vce-col--xs-1 vce-col--xs-last vce-col--xs-first vce-col--sm-last vce-col--sm-first vce-col--md-last vce-col--lg-last vce-col--xl-last vce-col--md-first vce-col--lg-first vce-col--xl-first\" id=\"el-e73833ed\" data-vce-do-apply=\"background border el-e73833ed\"><div class=\"vce-col-inner\" data-vce-element-content=\"true\" data-vce-do-apply=\"padding margin  el-e73833ed\"><div class=\"vce-widgets-container\" id=\"nav-submenu-sucre\"><div class=\"vce vce-widgets-wrapper\" id=\"el-43d237ca\" data-vce-do-apply=\"all el-43d237ca\"><div class=\"menu-submenu-sucre-en-container\"><ul id=\"menu-submenu-sucre-en\" class=\"menu\"><li id=\"menu-item-2998\" class=\"menu-item menu-item-type-post_type menu-item-object-page menu-item-2998\"><a href=\"https:\/\/villaantiguahotel.com\/?page_id=2473&#038;lang=en\">Tourism in Sucre<\/a><\/li>\n<li id=\"menu-item-4484\" class=\"menu-item menu-item-type-post_type menu-item-object-page menu-item-4484\"><a href=\"https:\/\/villaantiguahotel.com\/?page_id=4476&#038;lang=en\">Images of Sucre<\/a><\/li>\n<li id=\"menu-item-3968\" class=\"menu-item menu-item-type-post_type menu-item-object-page menu-item-3968\"><a href=\"https:\/\/villaantiguahotel.com\/?page_id=3959&#038;lang=en\">Cultural Agenda<\/a><\/li>\n<li id=\"menu-item-1228\" class=\"menu-item menu-item-type-post_type menu-item-object-page menu-item-1228\"><a href=\"https:\/\/villaantiguahotel.com\/?page_id=1210&#038;lang=en\">Patio in Sucre<\/a><\/li>\n<li id=\"menu-item-1227\" class=\"menu-item menu-item-type-post_type menu-item-object-page menu-item-1227\"><a href=\"https:\/\/villaantiguahotel.com\/?page_id=1212&#038;lang=en\">Baroque music<\/a><\/li>\n<li id=\"menu-item-4307\" class=\"menu-item menu-item-type-post_type menu-item-object-page menu-item-4307\"><a href=\"https:\/\/villaantiguahotel.com\/?page_id=4302&#038;lang=en\">Carnival of Yesteryear<\/a><\/li>\n<li id=\"menu-item-1226\" class=\"menu-item menu-item-type-post_type menu-item-object-page menu-item-1226\"><a href=\"https:\/\/villaantiguahotel.com\/?page_id=1216&#038;lang=en\">Sucre, the City of Chocolate<\/a><\/li>\n<li id=\"menu-item-1225\" class=\"menu-item menu-item-type-post_type menu-item-object-page menu-item-1225\"><a href=\"https:\/\/villaantiguahotel.com\/?page_id=1219&#038;lang=en\">Monastery of Santa Clara<\/a><\/li>\n<\/ul><\/div><\/div><\/div><\/div><\/div><\/div><\/div><\/div><div class=\"vce-row-container\"><div class=\"vce-row vce-row--col-gap-30 vce-row-columns--top vce-row-content--top\" id=\"el-efbeee87\" data-vce-do-apply=\"all el-efbeee87\"><div class=\"vce-content-background-container\"><\/div><div class=\"vce-row-content\" data-vce-element-content=\"true\"><div class=\"vce-col vce-col--xs-hide vce-col--xs-first vce-col--sm-hide vce-col--sm-first vce-col--md-10p vce-col--md-visible vce-col--md-first vce-col--lg-15p vce-col--lg-visible vce-col--lg-first vce-col--xl-15p vce-col--xl-visible vce-col--xl-first\" id=\"el-c438bed7\" data-vce-do-apply=\"background border el-c438bed7\"><div class=\"vce-col-inner\" data-vce-element-content=\"true\" data-vce-do-apply=\"padding margin  el-c438bed7\"><\/div><\/div><div class=\"vce-col vce-col--xs-100p vce-col--xs-visible vce-col--xs-last vce-col--sm-100p vce-col--sm-visible vce-col--sm-last vce-col--md-80p vce-col--md-visible vce-col--lg-70p vce-col--lg-visible vce-col--xl-70p vce-col--xl-visible\" id=\"el-44eed077\" data-vce-do-apply=\"background border el-44eed077\"><div class=\"vce-content-background-container\"><\/div><div class=\"vce-col-inner\" data-vce-element-content=\"true\" data-vce-do-apply=\"padding margin  el-44eed077\"><div class=\"vce-text-block\"><div class=\"vce-text-block-wrapper vce\" id=\"el-52cef21c\" data-vce-do-apply=\"all el-52cef21c\"><div class=\"group segmentsize1\"><h5 class=\"full-width-h2\">The rich baroque music history of Sucre<\/h5><p style=\"text-align: justify;\">The Capital City of Bolivia, Sucre, preserves Latin America\u2019s biggest collection of baroque music scores of the colonial \u00e9poque. La Plata, how it was called in those times, was the seat of the Real Audiencia of Charcas, with important government, judicial and military functions for a region that nowadays covers south of Peru, Bolivia, Paraguay and a big part of Argentina. It counted with an important Jesuit University.<\/p><\/div><div class=\"group segmentsize1\"><div class=\"full-width-text-block \"><div class=\"group segmentsize1\"><div class=\"full-width-text-block \"><p style=\"text-align: justify;\">This historical treasure was conserved over the years, while in other historic places, like Lima, Peru, a lot of materials got destroyed by fires and other disasters. Among the compositions are those of anonymous and known (like Pedro Xim\u00e9nez de Abril y Tirado, Juan de Araujo, Antonio Dur\u00e1n de la Mota and Blas Tard\u00edo Guzm\u00e1n) authors of the XVII and XVIII centuries that never have been interpreted, at least not in the last few hundred years. They were composed for the use of the Metropolitan Cathedral of Sucre and the Convent of San Felipe Neri. Most is baroque, but also pieces of romantic and renascence stiles exist.<\/p><p style=\"text-align: justify;\">The challenge of recovering and interpreting these scores is gigantic, but has been taken up in earlier years with support of UNDP and UNESCO and recently by different national institutions, like the National Archive and Library (ABNB) and the Cultural Foundation of the Central Bank of Bolivia. The success of the biannual baroque music festival in the Chiquitania Missions, in the eastern lowlands of Bolivia, has been of great inspiration. Most scores have now been properly catalogued by the ABNB.<\/p><\/div><\/div><\/div><\/div><\/div><\/div><div class=\"vce-single-image-container vce-single-image--align-center\"><div class=\"vce vce-single-image-wrapper\" id=\"el-e8cc12a4\" data-vce-do-apply=\"all el-e8cc12a4\"><figure><div class=\"vce-single-image-inner\"><img class=\"vce-single-image\" data-width=\"1024\" data-height=\"608\"src=\"https:\/\/villaantiguahotel.com\/wp-content\/uploads\/2020\/03\/Musica-barroca-en-la-Casa-de-la-Libertad-1024x608.jpg\" data-img-src=\"http:\/\/web.villaantiguahotel.com\/wp-content\/uploads\/2018\/12\/Musica-barroca-en-la-Casa-de-la-Libertad.jpg\" alt=\"\" title=\"Musica barroca en la Casa de la Libertad\"\/><\/div><figcaption>Concierto de m\u00fasica barroca en el sal\u00f3n del senado de la Casa de la Libertad en Sucre<\/figcaption><\/figure><\/div><\/div><div class=\"vce-text-block\"><div class=\"vce-text-block-wrapper vce\" id=\"el-c8ea1fe3\" data-vce-do-apply=\"all el-c8ea1fe3\"><p style=\"text-align: justify;\">In April 2012 a first 4-days festival was organized in Sucre, in the historical House of Liberty, where national and international artist interpreted some of the revealed music. From then on, the festival is repeated annually in Easter, promoted by young artists. The aim is to discover and interpret new scores in the coming years, so that Sucre\u00b4s legacy of baroque music can be fully appreciated by humankind and at the same time this legacy can give a new impulse to the development of cultural tourism and the local economy.<\/p><\/div><\/div><\/div><\/div><div class=\"vce-col vce-col--xs-hide vce-col--xs-first vce-col--sm-hide vce-col--sm-first vce-col--md-10p vce-col--md-visible vce-col--md-last vce-col--lg-15p vce-col--lg-visible vce-col--lg-last vce-col--xl-15p vce-col--xl-visible vce-col--xl-last\" id=\"el-e17ddb95\" data-vce-do-apply=\"background border el-e17ddb95\"><div class=\"vce-col-inner\" data-vce-element-content=\"true\" data-vce-do-apply=\"padding margin  el-e17ddb95\"><\/div><\/div><\/div><\/div><\/div><div class=\"vce-row-container\"><div class=\"vce-row vce-row--col-gap-30 vce-row-columns--top vce-row-content--top\" id=\"el-70928323\" data-vce-do-apply=\"all el-70928323\"><div class=\"vce-content-background-container\"><\/div><div class=\"vce-row-content\" data-vce-element-content=\"true\"><div class=\"vce-col vce-col--xs-50p vce-col--xs-visible vce-col--xs-first vce-col--sm-50p vce-col--sm-visible vce-col--sm-first vce-col--md-50p vce-col--md-visible vce-col--md-first vce-col--lg-50p vce-col--lg-visible vce-col--lg-first vce-col--xl-50p vce-col--xl-visible vce-col--xl-first\" id=\"el-674f377a\" data-vce-do-apply=\"background border el-674f377a\"><div class=\"vce-col-inner\" data-vce-element-content=\"true\" data-vce-do-apply=\"padding margin  el-674f377a\"><div class=\"vce-button--style-outline-container vce-button--style-outline-container--align-left\"><span class=\"vce-button--style-outline-wrapper vce\" id=\"el-fb670950\" data-vce-do-apply=\"margin el-fb670950\"><a class=\"vce-button--style-outline-animated vce-button--style-outline--border-rounded vce-button--style-outline--size-small vce-button--style-outline-animated--color-b-47-47-47--fff--3d3d3d vce-button--style-outline-animated--border-color-b-158-51-44--3d3d3d vce-button--style-outline-animated--background-color-b-255-63-59\" href=\"http:\/\/web.villaantiguahotel.com\/en\/patio-in-sucre\/\" title=\"\" data-vce-do-apply=\"padding border background  el-fb670950\"><span class=\"vce-button--style-outline-text\">Previous Page<\/span><\/a><\/span><\/div><\/div><\/div><div class=\"vce-col vce-col--xs-50p vce-col--xs-visible vce-col--xs-last vce-col--sm-50p vce-col--sm-visible vce-col--sm-last vce-col--md-50p vce-col--md-visible vce-col--md-last vce-col--lg-50p vce-col--lg-visible vce-col--lg-last vce-col--xl-50p vce-col--xl-visible vce-col--xl-last\" id=\"el-bba0ae16\" data-vce-do-apply=\"background border el-bba0ae16\"><div class=\"vce-col-inner\" data-vce-element-content=\"true\" data-vce-do-apply=\"padding margin  el-bba0ae16\"><div class=\"vce-button--style-outline-container vce-button--style-outline-container--align-right\"><span class=\"vce-button--style-outline-wrapper vce\" id=\"el-593b24a1\" data-vce-do-apply=\"margin el-593b24a1\"><a class=\"vce-button--style-outline-animated vce-button--style-outline--border-rounded vce-button--style-outline--size-small vce-button--style-outline-animated--color-b-47-47-47--fff--3d3d3d vce-button--style-outline-animated--border-color-b-158-51-44--3d3d3d vce-button--style-outline-animated--background-color-b-255-63-59\" href=\"https:\/\/villaantiguahotel.com\/en\/sucre-en\/carnival-of-yesteryear\/\" title=\"\" data-vce-do-apply=\"padding border background  el-593b24a1\"><span class=\"vce-button--style-outline-text\">Next Page<\/span><\/a><\/span><\/div><\/div><\/div><\/div><\/div><\/div>\n","protected":false},"excerpt":{"rendered":"<p>The rich baroque music history of SucreThe Capital City of Bolivia, Sucre, preserves Latin America\u2019s biggest collection of baroque music scores of the colonial \u00e9poque. La Plata, how it was called in those times, was the seat of the Real Audiencia of Charcas, with important government, judicial and military functions for a region that nowadays [&hellip;]<\/p>\n","protected":false},"author":1,"featured_media":0,"parent":1203,"menu_order":0,"comment_status":"closed","ping_status":"closed","template":"","meta":{"footnotes":""},"class_list":["post-1212","page","type-page","status-publish","hentry"],"yoast_head":"<!-- This site is optimized with the Yoast SEO plugin v27.4 - https:\/\/yoast.com\/product\/yoast-seo-wordpress\/ -->\n<title>Baroque music - Hotel Villa Antigua<\/title>\n<meta name=\"robots\" content=\"index, follow, max-snippet:-1, max-image-preview:large, max-video-preview:-1\" \/>\n<link rel=\"canonical\" href=\"https:\/\/villaantiguahotel.com\/?page_id=1212&lang=en\" \/>\n<meta property=\"og:locale\" content=\"es_ES\" \/>\n<meta property=\"og:type\" content=\"article\" \/>\n<meta property=\"og:title\" content=\"Baroque music - Hotel Villa Antigua\" \/>\n<meta property=\"og:description\" content=\"The rich baroque music history of SucreThe Capital City of Bolivia, Sucre, preserves Latin America\u2019s biggest collection of baroque music scores of the colonial \u00e9poque. La Plata, how it was called in those times, was the seat of the Real Audiencia of Charcas, with important government, judicial and military functions for a region that nowadays [&hellip;]\" \/>\n<meta property=\"og:url\" content=\"https:\/\/villaantiguahotel.com\/?page_id=1212&amp;lang=en\" \/>\n<meta property=\"og:site_name\" content=\"Hotel Villa Antigua\" \/>\n<meta property=\"article:publisher\" content=\"https:\/\/www.facebook.com\/Hotel-Villa-Antigua-in-Sucre-Bolivia-136777549722346\/\" \/>\n<meta property=\"article:modified_time\" content=\"2020-03-16T20:06:56+00:00\" \/>\n<meta name=\"twitter:card\" content=\"summary_large_image\" \/>\n<meta name=\"twitter:label1\" content=\"Tiempo de lectura\" \/>\n\t<meta name=\"twitter:data1\" content=\"2 minutos\" \/>\n<script type=\"application\/ld+json\" class=\"yoast-schema-graph\">{\"@context\":\"https:\\\/\\\/schema.org\",\"@graph\":[{\"@type\":\"WebPage\",\"@id\":\"https:\\\/\\\/villaantiguahotel.com\\\/?page_id=1212&lang=en\",\"url\":\"https:\\\/\\\/villaantiguahotel.com\\\/?page_id=1212&lang=en\",\"name\":\"Baroque music - Hotel Villa Antigua\",\"isPartOf\":{\"@id\":\"https:\\\/\\\/villaantiguahotel.com\\\/#website\"},\"datePublished\":\"2018-12-06T13:01:58+00:00\",\"dateModified\":\"2020-03-16T20:06:56+00:00\",\"breadcrumb\":{\"@id\":\"https:\\\/\\\/villaantiguahotel.com\\\/?page_id=1212&lang=en#breadcrumb\"},\"inLanguage\":\"es\",\"potentialAction\":[{\"@type\":\"ReadAction\",\"target\":[\"https:\\\/\\\/villaantiguahotel.com\\\/?page_id=1212&lang=en\"]}]},{\"@type\":\"BreadcrumbList\",\"@id\":\"https:\\\/\\\/villaantiguahotel.com\\\/?page_id=1212&lang=en#breadcrumb\",\"itemListElement\":[{\"@type\":\"ListItem\",\"position\":1,\"name\":\"Portada\",\"item\":\"https:\\\/\\\/villaantiguahotel.com\\\/\"},{\"@type\":\"ListItem\",\"position\":2,\"name\":\"Sucre\",\"item\":\"https:\\\/\\\/villaantiguahotel.com\\\/?page_id=1203&lang=en\"},{\"@type\":\"ListItem\",\"position\":3,\"name\":\"Baroque music\"}]},{\"@type\":\"WebSite\",\"@id\":\"https:\\\/\\\/villaantiguahotel.com\\\/#website\",\"url\":\"https:\\\/\\\/villaantiguahotel.com\\\/\",\"name\":\"Hotel Boutique Villa Antigua - Sucre, Patrimonio Cultural de la Humanidad\",\"description\":\"\",\"publisher\":{\"@id\":\"https:\\\/\\\/villaantiguahotel.com\\\/#organization\"},\"potentialAction\":[{\"@type\":\"SearchAction\",\"target\":{\"@type\":\"EntryPoint\",\"urlTemplate\":\"https:\\\/\\\/villaantiguahotel.com\\\/?s={search_term_string}\"},\"query-input\":{\"@type\":\"PropertyValueSpecification\",\"valueRequired\":true,\"valueName\":\"search_term_string\"}}],\"inLanguage\":\"es\"},{\"@type\":\"Organization\",\"@id\":\"https:\\\/\\\/villaantiguahotel.com\\\/#organization\",\"name\":\"Hotel Villa Antigua\",\"url\":\"https:\\\/\\\/villaantiguahotel.com\\\/\",\"logo\":{\"@type\":\"ImageObject\",\"inLanguage\":\"es\",\"@id\":\"https:\\\/\\\/villaantiguahotel.com\\\/#\\\/schema\\\/logo\\\/image\\\/\",\"url\":\"https:\\\/\\\/villaantiguahotel.com\\\/wp-content\\\/uploads\\\/2019\\\/03\\\/logo.jpg\",\"contentUrl\":\"https:\\\/\\\/villaantiguahotel.com\\\/wp-content\\\/uploads\\\/2019\\\/03\\\/logo.jpg\",\"width\":240,\"height\":229,\"caption\":\"Hotel Villa Antigua\"},\"image\":{\"@id\":\"https:\\\/\\\/villaantiguahotel.com\\\/#\\\/schema\\\/logo\\\/image\\\/\"},\"sameAs\":[\"https:\\\/\\\/www.facebook.com\\\/Hotel-Villa-Antigua-in-Sucre-Bolivia-136777549722346\\\/\",\"https:\\\/\\\/www.linkedin.com\\\/in\\\/hotel-villa-antigua-villa-6946686b\\\/\"]}]}<\/script>\n<!-- \/ Yoast SEO plugin. -->","yoast_head_json":{"title":"Baroque music - Hotel Villa Antigua","robots":{"index":"index","follow":"follow","max-snippet":"max-snippet:-1","max-image-preview":"max-image-preview:large","max-video-preview":"max-video-preview:-1"},"canonical":"https:\/\/villaantiguahotel.com\/?page_id=1212&lang=en","og_locale":"es_ES","og_type":"article","og_title":"Baroque music - Hotel Villa Antigua","og_description":"The rich baroque music history of SucreThe Capital City of Bolivia, Sucre, preserves Latin America\u2019s biggest collection of baroque music scores of the colonial \u00e9poque. La Plata, how it was called in those times, was the seat of the Real Audiencia of Charcas, with important government, judicial and military functions for a region that nowadays [&hellip;]","og_url":"https:\/\/villaantiguahotel.com\/?page_id=1212&lang=en","og_site_name":"Hotel Villa Antigua","article_publisher":"https:\/\/www.facebook.com\/Hotel-Villa-Antigua-in-Sucre-Bolivia-136777549722346\/","article_modified_time":"2020-03-16T20:06:56+00:00","twitter_card":"summary_large_image","twitter_misc":{"Tiempo de lectura":"2 minutos"},"schema":{"@context":"https:\/\/schema.org","@graph":[{"@type":"WebPage","@id":"https:\/\/villaantiguahotel.com\/?page_id=1212&lang=en","url":"https:\/\/villaantiguahotel.com\/?page_id=1212&lang=en","name":"Baroque music - Hotel Villa Antigua","isPartOf":{"@id":"https:\/\/villaantiguahotel.com\/#website"},"datePublished":"2018-12-06T13:01:58+00:00","dateModified":"2020-03-16T20:06:56+00:00","breadcrumb":{"@id":"https:\/\/villaantiguahotel.com\/?page_id=1212&lang=en#breadcrumb"},"inLanguage":"es","potentialAction":[{"@type":"ReadAction","target":["https:\/\/villaantiguahotel.com\/?page_id=1212&lang=en"]}]},{"@type":"BreadcrumbList","@id":"https:\/\/villaantiguahotel.com\/?page_id=1212&lang=en#breadcrumb","itemListElement":[{"@type":"ListItem","position":1,"name":"Portada","item":"https:\/\/villaantiguahotel.com\/"},{"@type":"ListItem","position":2,"name":"Sucre","item":"https:\/\/villaantiguahotel.com\/?page_id=1203&lang=en"},{"@type":"ListItem","position":3,"name":"Baroque music"}]},{"@type":"WebSite","@id":"https:\/\/villaantiguahotel.com\/#website","url":"https:\/\/villaantiguahotel.com\/","name":"Hotel Boutique Villa Antigua - Sucre, Patrimonio Cultural de la Humanidad","description":"","publisher":{"@id":"https:\/\/villaantiguahotel.com\/#organization"},"potentialAction":[{"@type":"SearchAction","target":{"@type":"EntryPoint","urlTemplate":"https:\/\/villaantiguahotel.com\/?s={search_term_string}"},"query-input":{"@type":"PropertyValueSpecification","valueRequired":true,"valueName":"search_term_string"}}],"inLanguage":"es"},{"@type":"Organization","@id":"https:\/\/villaantiguahotel.com\/#organization","name":"Hotel Villa Antigua","url":"https:\/\/villaantiguahotel.com\/","logo":{"@type":"ImageObject","inLanguage":"es","@id":"https:\/\/villaantiguahotel.com\/#\/schema\/logo\/image\/","url":"https:\/\/villaantiguahotel.com\/wp-content\/uploads\/2019\/03\/logo.jpg","contentUrl":"https:\/\/villaantiguahotel.com\/wp-content\/uploads\/2019\/03\/logo.jpg","width":240,"height":229,"caption":"Hotel Villa Antigua"},"image":{"@id":"https:\/\/villaantiguahotel.com\/#\/schema\/logo\/image\/"},"sameAs":["https:\/\/www.facebook.com\/Hotel-Villa-Antigua-in-Sucre-Bolivia-136777549722346\/","https:\/\/www.linkedin.com\/in\/hotel-villa-antigua-villa-6946686b\/"]}]}},"_links":{"self":[{"href":"https:\/\/villaantiguahotel.com\/index.php?rest_route=\/wp\/v2\/pages\/1212","targetHints":{"allow":["GET"]}}],"collection":[{"href":"https:\/\/villaantiguahotel.com\/index.php?rest_route=\/wp\/v2\/pages"}],"about":[{"href":"https:\/\/villaantiguahotel.com\/index.php?rest_route=\/wp\/v2\/types\/page"}],"author":[{"embeddable":true,"href":"https:\/\/villaantiguahotel.com\/index.php?rest_route=\/wp\/v2\/users\/1"}],"replies":[{"embeddable":true,"href":"https:\/\/villaantiguahotel.com\/index.php?rest_route=%2Fwp%2Fv2%2Fcomments&post=1212"}],"version-history":[{"count":0,"href":"https:\/\/villaantiguahotel.com\/index.php?rest_route=\/wp\/v2\/pages\/1212\/revisions"}],"up":[{"embeddable":true,"href":"https:\/\/villaantiguahotel.com\/index.php?rest_route=\/wp\/v2\/pages\/1203"}],"wp:attachment":[{"href":"https:\/\/villaantiguahotel.com\/index.php?rest_route=%2Fwp%2Fv2%2Fmedia&parent=1212"}],"curies":[{"name":"wp","href":"https:\/\/api.w.org\/{rel}","templated":true}]}}