{"id":1219,"date":"2018-12-06T13:20:24","date_gmt":"2018-12-06T13:20:24","guid":{"rendered":"https:\/\/villaantiguahotel.com\/?page_id=1219"},"modified":"2019-02-22T12:04:27","modified_gmt":"2019-02-22T12:04:27","slug":"monastery-of-santa-clara","status":"publish","type":"page","link":"https:\/\/villaantiguahotel.com\/?page_id=1219&lang=en","title":{"rendered":"Monastery of Santa Clara"},"content":{"rendered":"<div class=\"vce-row-container\"><div class=\"vce-row vce-row--col-gap-30 bg-submenu vce-row-columns--top vce-row-content--top\" id=\"el-2408ace5\" data-vce-do-apply=\"all el-2408ace5\"><div class=\"vce-row-content\" data-vce-element-content=\"true\"><div class=\"vce-col vce-col--md-100p vce-col--xs-1 vce-col--xs-last vce-col--xs-first vce-col--sm-last vce-col--sm-first vce-col--md-last vce-col--lg-last vce-col--xl-last vce-col--md-first vce-col--lg-first vce-col--xl-first\" id=\"el-86f55d16\" data-vce-do-apply=\"background border el-86f55d16\"><div class=\"vce-col-inner\" data-vce-element-content=\"true\" data-vce-do-apply=\"padding margin  el-86f55d16\"><div class=\"vce-widgets-container\" id=\"nav-submenu-sucre\"><div class=\"vce vce-widgets-wrapper\" id=\"el-eb6227a6\" data-vce-do-apply=\"all el-eb6227a6\"><div class=\"menu-submenu-sucre-en-container\"><ul id=\"menu-submenu-sucre-en\" class=\"menu\"><li id=\"menu-item-2998\" class=\"menu-item menu-item-type-post_type menu-item-object-page menu-item-2998\"><a href=\"https:\/\/villaantiguahotel.com\/?page_id=2473&#038;lang=en\">Tourism in Sucre<\/a><\/li>\n<li id=\"menu-item-4484\" class=\"menu-item menu-item-type-post_type menu-item-object-page menu-item-4484\"><a href=\"https:\/\/villaantiguahotel.com\/?page_id=4476&#038;lang=en\">Images of Sucre<\/a><\/li>\n<li id=\"menu-item-3968\" class=\"menu-item menu-item-type-post_type menu-item-object-page menu-item-3968\"><a href=\"https:\/\/villaantiguahotel.com\/?page_id=3959&#038;lang=en\">Cultural Agenda<\/a><\/li>\n<li id=\"menu-item-1228\" class=\"menu-item menu-item-type-post_type menu-item-object-page menu-item-1228\"><a href=\"https:\/\/villaantiguahotel.com\/?page_id=1210&#038;lang=en\">Patio in Sucre<\/a><\/li>\n<li id=\"menu-item-1227\" class=\"menu-item menu-item-type-post_type menu-item-object-page menu-item-1227\"><a href=\"https:\/\/villaantiguahotel.com\/?page_id=1212&#038;lang=en\">Baroque music<\/a><\/li>\n<li id=\"menu-item-4307\" class=\"menu-item menu-item-type-post_type menu-item-object-page menu-item-4307\"><a href=\"https:\/\/villaantiguahotel.com\/?page_id=4302&#038;lang=en\">Carnival of Yesteryear<\/a><\/li>\n<li id=\"menu-item-1226\" class=\"menu-item menu-item-type-post_type menu-item-object-page menu-item-1226\"><a href=\"https:\/\/villaantiguahotel.com\/?page_id=1216&#038;lang=en\">Sucre, the City of Chocolate<\/a><\/li>\n<li id=\"menu-item-1225\" class=\"menu-item menu-item-type-post_type menu-item-object-page menu-item-1225\"><a href=\"https:\/\/villaantiguahotel.com\/?page_id=1219&#038;lang=en\">Monastery of Santa Clara<\/a><\/li>\n<\/ul><\/div><\/div><\/div><\/div><\/div><\/div><\/div><\/div><div class=\"vce-row-container\"><div class=\"vce-row vce-row--col-gap-30 vce-row-columns--top vce-row-content--top\" id=\"el-f4a4b385\" data-vce-do-apply=\"all el-f4a4b385\"><div class=\"vce-content-background-container\"><\/div><div class=\"vce-row-content\" data-vce-element-content=\"true\"><div class=\"vce-col vce-col--xs-hide vce-col--xs-first vce-col--sm-hide vce-col--sm-first vce-col--md-10p vce-col--md-visible vce-col--md-first vce-col--lg-15p vce-col--lg-visible vce-col--lg-first vce-col--xl-15p vce-col--xl-visible vce-col--xl-first\" id=\"el-7b8144f9\" data-vce-do-apply=\"background border el-7b8144f9\"><div class=\"vce-col-inner\" data-vce-element-content=\"true\" data-vce-do-apply=\"padding margin  el-7b8144f9\"><\/div><\/div><div class=\"vce-col vce-col--xs-100p vce-col--xs-visible vce-col--xs-last vce-col--sm-100p vce-col--sm-visible vce-col--sm-last vce-col--md-80p vce-col--md-visible vce-col--lg-70p vce-col--lg-visible vce-col--xl-70p vce-col--xl-visible\" id=\"el-87f74ab4\" data-vce-do-apply=\"background border el-87f74ab4\"><div class=\"vce-content-background-container\"><\/div><div class=\"vce-col-inner\" data-vce-element-content=\"true\" data-vce-do-apply=\"padding margin  el-87f74ab4\"><div class=\"vce-text-block text-justify\"><div class=\"vce-text-block-wrapper vce\" id=\"el-679dc907\" data-vce-do-apply=\"all el-679dc907\"><div class=\"group segmentsize3\"><div class=\"full-width-text-block no-slideshow\"><div class=\"full-width-text-block no-slideshow\"><div class=\"group segmentsize1\"><h4 class=\"full-width-h2\">The monastery of Santa Clara<\/h4><p>In front of Hotel Villa Antigua in Sucre, in the street Calvo corner with street Avaroa, you can find the convent, church and museum of Santa Clara. The nuns of the Monastery of Santa Clara are part of the living heritage of the city of Sucre, where their convent exists since almost 400 years ago. The newspaper of Sucre, Correo del Sur, published in its Sunday weekly ECOS of June 18th, 2017 a nice reportage about the history and current situation of the nuns who inhabit the monastery. Here parts of the article, complemented with some findings of the book about <a href=\"https:\/\/villaantiguahotel.com\/en\/boutique-hotel-2\/history-of-the-building\/\" rel=\"noopener\">the history of the building of Hotel Villa Antigua<\/a>.<\/p><p>&nbsp;<\/p><\/div><h5 class=\"full-width-h2\">History<\/h5><p><img loading=\"lazy\" decoding=\"async\" class=\"wp-image-2272 alignright\" src=\"https:\/\/villaantiguahotel.com\/wp-content\/uploads\/2018\/12\/Santa-Clara-round.jpg\" alt=\"\" width=\"292\" height=\"219\" srcset=\"https:\/\/villaantiguahotel.com\/wp-content\/uploads\/2018\/12\/Santa-Clara-round.jpg 1600w, https:\/\/villaantiguahotel.com\/wp-content\/uploads\/2018\/12\/Santa-Clara-round-768x576.jpg 768w, https:\/\/villaantiguahotel.com\/wp-content\/uploads\/2018\/12\/Santa-Clara-round-1024x768.jpg 1024w, https:\/\/villaantiguahotel.com\/wp-content\/uploads\/2018\/12\/Santa-Clara-round-418x315.jpg 418w, https:\/\/villaantiguahotel.com\/wp-content\/uploads\/2018\/12\/Santa-Clara-round-886x668.jpg 886w\" sizes=\"auto, (max-width: 292px) 100vw, 292px\" \/>The Order of the Poor Clares (Santa Clara) has a little more than 800 years since its creation in Assisi, Italy, in 1212. Its founder, Clara, was encouraged by the charism of St. Francis, whom she admired as a poor itinerant. She began with a group of young people who wanted to be like the poor, to live off the work of their hands or beg for alms, to fill their needs. As sisters that help themselves among each other, they inhabited the famous church of San Damiano, the same one that Francis restored from the ruins years before in Assisi.<\/p><h5 class=\"full-width-h2\">Poor Clares in Sucre<\/h5><div class=\"group segmentsize1\"><p>In Sucre, the convent was founded in 1636 by Maria Zeballos y Vera, a lady without children, widow of Jer\u00f3nimo Maldonado Buend\u00eda. She decided to follow the Lord and handed over her fortune and the labor of her hands to build the present convent. Before it was a convent, it was first a retreat house that welcomed young women in a similar situation as herself, to offer mutual help and dedicate themselves to the Lord.<\/p><\/div><div class=\"group segmentsize3\"><div class=\"full-width-text-block no-slideshow\"><p>Zeballos, faced with the enormous spiritual need of the young women, decided to form a congregation. With the help of the Franciscans settled in Sucre, she asked the King of Spain, Philip IV, authorisation to establish the Order of St. Clare. When it was conferred in 1636, she asked the Poor Clares of Cuzco for support for the formation of the contemplative life and the \"Franciscan Clarian\" spirituality. Three sisters arrived bringing an image of Santa Clara, to take the roles of Abbess, Vicariate and Teacher to guide the then 13 young ladies who took the habit. They came to be around 300.<\/p><p>Maria Zeballos, descendant of Spanish and Chuquisaque\u00f1a of birth, built the convent in her lands, covering at some point the complete city block (more than 1 ha). She assumed the position of abbess at the death of the first one. The church was built only at the end of the 17th century.<\/p><p>&nbsp;<\/p><\/div><\/div><p><img loading=\"lazy\" decoding=\"async\" class=\" wp-image-2293 alignleft\" src=\"https:\/\/villaantiguahotel.com\/wp-content\/uploads\/2018\/12\/Iglesia-de-Santa-Clara.jpg\" alt=\"\" width=\"312\" height=\"255\" srcset=\"https:\/\/villaantiguahotel.com\/wp-content\/uploads\/2018\/12\/Iglesia-de-Santa-Clara.jpg 1451w, https:\/\/villaantiguahotel.com\/wp-content\/uploads\/2018\/12\/Iglesia-de-Santa-Clara-768x627.jpg 768w, https:\/\/villaantiguahotel.com\/wp-content\/uploads\/2018\/12\/Iglesia-de-Santa-Clara-1024x836.jpg 1024w\" sizes=\"auto, (max-width: 312px) 100vw, 312px\" \/>At the moment, there are 20 clarisas who live in Santa Clara, its abbess is the sister Simona R\u00edos. Besides herself, four collaborators called \"discretas\" and the other nuns are part of the convent. The majority is young, the youngest is 20 and the oldest of all 97 years old.<\/p><p>The Poor Clares maintain themselves with the sales of their products and receive no emolument from the church or the State. The main activity of the Sisters is the production of fine pastry that they sell in \"La Casita Santa Clara\", a cozy cafeteria located in the same building, maintaining traditional recipes and innovating new ones, according to the demand. Among the variety are cookies of almonds, water, anise, chocolate, cinnamon or vanilla and cheese sticks. But also they have alfajores and cheese rolls, sweet bread, cu\u00f1ap\u00e9s, humintas in oven or pot and of course the empanadas and salte\u00f1as Santa Clara with the original recipe.<\/p><p>They also carry out manual work on embroidery, crochet or knitting. Their embroidered tablecloths are celebrated.<\/p><\/div><\/div><\/div><\/div><\/div><div class=\"vce-text-block\"><div class=\"vce-text-block-wrapper vce\" id=\"el-4e5dd395\" data-vce-do-apply=\"all el-4e5dd395\"><h5 class=\"full-width-h2\">The museum<\/h5><p><img loading=\"lazy\" decoding=\"async\" class=\"size-full wp-image-2294 alignright\" src=\"https:\/\/villaantiguahotel.com\/wp-content\/uploads\/2018\/12\/Santa-Clara-organo.jpg\" alt=\"\" width=\"150\" height=\"200\"><\/p><div class=\"vce-col-inner\" data-vce-element-content=\"true\" data-vce-do-apply=\"padding margin el-1ae0e8f1\"><div class=\"vce-text-block text-justify\"><div id=\"el-434ab399\" class=\"vce-text-block-wrapper vce\" data-vce-do-apply=\"all el-434ab399\"><p>The museum of Santa Clara, located in front of Hotel Villa Antigua in the Calvo Street, is one of the most mysticals of Sucre.<\/p><p>In the high choir are the paintings of artists such as Bernardo Bitti, Gaspar Miguel de Berrio and Melchor P\u00e9rez de Holgu\u00edn, sculptures in cedar wood, fine tablecloths with rhinestones embroidered by the Clarisas nuns, silver articles, armchairs, liturgical books, iconography of the contemplative life, besides baroque musical instruments and cases where they kept precious stones, among other wonders. The treasure of the museum is the organ of the XVII century that is restored and is played on special occasions.<\/p><\/div><\/div><\/div><\/div><div class=\"vce-text-block-wrapper vce\" id=\"\" data-vce-do-apply=\"all el-4e5dd395\" style=\"height: 0px; width: 0px; overflow: hidden; position: fixed; bottom: 0px; right: 0px;\"><h5 class=\"full-width-h2\">The museum<\/h5><p><img loading=\"lazy\" decoding=\"async\" class=\"size-full wp-image-2294 alignright\" src=\"https:\/\/villaantiguahotel.com\/wp-content\/uploads\/2018\/12\/Santa-Clara-organo.jpg\" alt=\"\" width=\"150\" height=\"200\"><\/p><div class=\"vce-col-inner\" data-vce-element-content=\"true\" data-vce-do-apply=\"padding margin el-1ae0e8f1\"><div class=\"vce-text-block text-justify\"><div id=\"el-434ab399\" class=\"vce-text-block-wrapper vce\" data-vce-do-apply=\"all el-434ab399\"><p>The museum of Santa Clara, located in front of Hotel Villa Antigua in the Calvo Street, is one of the most mysticals of Sucre.<\/p><p>In the high choir are the paintings of artists such as Bernardo Bitti, Gaspar Miguel de Berrio and Melchor P\u00e9rez de Holgu\u00edn, sculptures in cedar wood, fine tablecloths with rhinestones embroidered by the Clarisas nuns, silver articles, armchairs, liturgical books, iconography of the contemplative life, besides baroque musical instruments and cases where they kept precious stones, among other wonders. The treasure of the museum is the organ of the XVII century that is restored and is played on special occasions.<\/p><\/div><\/div><\/div><\/div><\/div><div class=\"vce-text-block\"><div class=\"vce-text-block-wrapper vce\" id=\"el-27a0c455\" data-vce-do-apply=\"all el-27a0c455\"><p style=\"text-align: justify;\"><img loading=\"lazy\" decoding=\"async\" class=\" wp-image-2271 alignleft\" src=\"https:\/\/villaantiguahotel.com\/wp-content\/uploads\/2018\/12\/Santa-Clara-2-round.jpg\" alt=\"\" width=\"235\" height=\"125\" srcset=\"https:\/\/villaantiguahotel.com\/wp-content\/uploads\/2018\/12\/Santa-Clara-2-round.jpg 1567w, https:\/\/villaantiguahotel.com\/wp-content\/uploads\/2018\/12\/Santa-Clara-2-round-768x409.jpg 768w, https:\/\/villaantiguahotel.com\/wp-content\/uploads\/2018\/12\/Santa-Clara-2-round-1024x545.jpg 1024w\" sizes=\"auto, (max-width: 235px) 100vw, 235px\" \/>Downstairs, is the crypt where the nuns were buried in past centuries, until 50 years ago. People can also visit the church and take a walk around the cloister of the nuns, which is now dressed in gala thanks to the baroque mestizo murals of 1707, recently restored with the support of the German Embassy.<\/p><\/div><\/div><div class=\"vce-text-block text-justify\"><div class=\"vce-text-block-wrapper vce\" id=\"el-98b29fec\" data-vce-do-apply=\"all el-98b29fec\"><p style=\"text-align: justify;\"><br><\/p><\/div><\/div><\/div><\/div><div class=\"vce-col vce-col--xs-hide vce-col--xs-first vce-col--sm-hide vce-col--sm-first vce-col--md-10p vce-col--md-visible vce-col--md-last vce-col--lg-15p vce-col--lg-visible vce-col--lg-last vce-col--xl-15p vce-col--xl-visible vce-col--xl-last\" id=\"el-9f4e7902\" data-vce-do-apply=\"background border el-9f4e7902\"><div class=\"vce-col-inner\" data-vce-element-content=\"true\" data-vce-do-apply=\"padding margin  el-9f4e7902\"><\/div><\/div><\/div><\/div><\/div><div class=\"vce-row-container\"><div class=\"vce-row vce-row--col-gap-30 vce-row-columns--top vce-row-content--top\" id=\"el-efbbc79a\" data-vce-do-apply=\"all el-efbbc79a\"><div class=\"vce-content-background-container\"><\/div><div class=\"vce-row-content\" data-vce-element-content=\"true\"><div class=\"vce-col vce-col--xs-50p vce-col--xs-visible vce-col--xs-first vce-col--sm-50p vce-col--sm-visible vce-col--sm-first vce-col--md-50p vce-col--md-visible vce-col--md-first vce-col--lg-50p vce-col--lg-visible vce-col--lg-first vce-col--xl-50p vce-col--xl-visible vce-col--xl-first\" id=\"el-fd9d97a1\" data-vce-do-apply=\"background border el-fd9d97a1\"><div class=\"vce-col-inner\" data-vce-element-content=\"true\" data-vce-do-apply=\"padding margin  el-fd9d97a1\"><div class=\"vce-button--style-outline-container vce-button--style-outline-container--align-left\"><span class=\"vce-button--style-outline-wrapper vce\" id=\"el-71d5a257\" data-vce-do-apply=\"margin el-71d5a257\"><a class=\"vce-button--style-outline-animated vce-button--style-outline--border-rounded vce-button--style-outline--size-small vce-button--style-outline-animated--color-b-47-47-47--fff--3d3d3d vce-button--style-outline-animated--border-color-b-158-51-44--3d3d3d vce-button--style-outline-animated--background-color-b-255-63-59\" href=\"https:\/\/villaantiguahotel.com\/en\/sucre-the-city-of-chocolate\/\" title=\"\" data-vce-do-apply=\"padding border background  el-71d5a257\"><span class=\"vce-button--style-outline-text\">Previous Page<\/span><\/a><\/span><\/div><\/div><\/div><div class=\"vce-col vce-col--xs-50p vce-col--xs-visible vce-col--xs-last vce-col--sm-50p vce-col--sm-visible vce-col--sm-last vce-col--md-50p vce-col--md-visible vce-col--md-last vce-col--lg-50p vce-col--lg-visible vce-col--lg-last vce-col--xl-50p vce-col--xl-visible vce-col--xl-last\" id=\"el-e9a7663f\" data-vce-do-apply=\"background border el-e9a7663f\"><div class=\"vce-col-inner\" data-vce-element-content=\"true\" data-vce-do-apply=\"padding margin  el-e9a7663f\"><div class=\"vce-button--style-outline-container vce-button--style-outline-container--align-right\"><span class=\"vce-button--style-outline-wrapper vce\" id=\"el-ba45523e\" data-vce-do-apply=\"margin el-ba45523e\"><a class=\"vce-button--style-outline-animated vce-button--style-outline--border-rounded vce-button--style-outline--size-small vce-button--style-outline-animated--color-b-47-47-47--fff--3d3d3d vce-button--style-outline-animated--border-color-b-158-51-44--3d3d3d vce-button--style-outline-animated--background-color-b-255-63-59\" href=\"https:\/\/villaantiguahotel.com\/en\/tourism-in-sucre\/\" title=\"\" data-vce-do-apply=\"padding border background  el-ba45523e\"><span class=\"vce-button--style-outline-text\">Next Page<\/span><\/a><\/span><\/div><\/div><\/div><\/div><\/div><\/div>\n","protected":false},"excerpt":{"rendered":"<p>The monastery of Santa ClaraIn front of Hotel Villa Antigua in Sucre, in the street Calvo corner with street Avaroa, you can find the convent, church and museum of Santa Clara. The nuns of the Monastery of Santa Clara are part of the living heritage of the city of Sucre, where their convent exists since [&hellip;]<\/p>\n","protected":false},"author":1,"featured_media":0,"parent":1203,"menu_order":0,"comment_status":"closed","ping_status":"closed","template":"","meta":{"footnotes":""},"class_list":["post-1219","page","type-page","status-publish","hentry"],"yoast_head":"<!-- This site is optimized with the Yoast SEO plugin v27.5 - https:\/\/yoast.com\/product\/yoast-seo-wordpress\/ -->\n<title>Convent, Church and Museum of Santa Clara in Sucre Bolivia<\/title>\n<meta name=\"description\" content=\"History of the Convent, Church and Museum of Santa Clara in Sucre Bolivia, dating from the 17th century. The museum includes mestizo baroque murals.\" \/>\n<meta name=\"robots\" content=\"index, follow, max-snippet:-1, max-image-preview:large, max-video-preview:-1\" \/>\n<link rel=\"canonical\" href=\"https:\/\/villaantiguahotel.com\/?page_id=1219&lang=en\" \/>\n<meta property=\"og:locale\" content=\"es_ES\" \/>\n<meta property=\"og:type\" content=\"article\" \/>\n<meta property=\"og:title\" content=\"Convent, Church and Museum of Santa Clara in Sucre Bolivia\" \/>\n<meta property=\"og:description\" content=\"History of the Convent, Church and Museum of Santa Clara in Sucre Bolivia, dating from the 17th century. The museum includes mestizo baroque murals.\" \/>\n<meta property=\"og:url\" content=\"https:\/\/villaantiguahotel.com\/?page_id=1219&amp;lang=en\" \/>\n<meta property=\"og:site_name\" content=\"Hotel Villa Antigua\" \/>\n<meta property=\"article:publisher\" content=\"https:\/\/www.facebook.com\/Hotel-Villa-Antigua-in-Sucre-Bolivia-136777549722346\/\" \/>\n<meta property=\"article:modified_time\" content=\"2019-02-22T12:04:27+00:00\" \/>\n<meta name=\"twitter:card\" content=\"summary_large_image\" \/>\n<meta name=\"twitter:label1\" content=\"Tiempo de lectura\" \/>\n\t<meta name=\"twitter:data1\" content=\"5 minutos\" \/>\n<script type=\"application\/ld+json\" class=\"yoast-schema-graph\">{\"@context\":\"https:\\\/\\\/schema.org\",\"@graph\":[{\"@type\":\"WebPage\",\"@id\":\"https:\\\/\\\/villaantiguahotel.com\\\/?page_id=1219&lang=en\",\"url\":\"https:\\\/\\\/villaantiguahotel.com\\\/?page_id=1219&lang=en\",\"name\":\"Convent, Church and Museum of Santa Clara in Sucre Bolivia\",\"isPartOf\":{\"@id\":\"https:\\\/\\\/villaantiguahotel.com\\\/#website\"},\"datePublished\":\"2018-12-06T13:20:24+00:00\",\"dateModified\":\"2019-02-22T12:04:27+00:00\",\"description\":\"History of the Convent, Church and Museum of Santa Clara in Sucre Bolivia, dating from the 17th century. The museum includes mestizo baroque murals.\",\"breadcrumb\":{\"@id\":\"https:\\\/\\\/villaantiguahotel.com\\\/?page_id=1219&lang=en#breadcrumb\"},\"inLanguage\":\"es\",\"potentialAction\":[{\"@type\":\"ReadAction\",\"target\":[\"https:\\\/\\\/villaantiguahotel.com\\\/?page_id=1219&lang=en\"]}]},{\"@type\":\"BreadcrumbList\",\"@id\":\"https:\\\/\\\/villaantiguahotel.com\\\/?page_id=1219&lang=en#breadcrumb\",\"itemListElement\":[{\"@type\":\"ListItem\",\"position\":1,\"name\":\"Portada\",\"item\":\"https:\\\/\\\/villaantiguahotel.com\\\/\"},{\"@type\":\"ListItem\",\"position\":2,\"name\":\"Sucre\",\"item\":\"https:\\\/\\\/villaantiguahotel.com\\\/?page_id=1203&lang=en\"},{\"@type\":\"ListItem\",\"position\":3,\"name\":\"Monastery of Santa Clara\"}]},{\"@type\":\"WebSite\",\"@id\":\"https:\\\/\\\/villaantiguahotel.com\\\/#website\",\"url\":\"https:\\\/\\\/villaantiguahotel.com\\\/\",\"name\":\"Hotel Boutique Villa Antigua - Sucre, Patrimonio Cultural de la Humanidad\",\"description\":\"\",\"publisher\":{\"@id\":\"https:\\\/\\\/villaantiguahotel.com\\\/#organization\"},\"potentialAction\":[{\"@type\":\"SearchAction\",\"target\":{\"@type\":\"EntryPoint\",\"urlTemplate\":\"https:\\\/\\\/villaantiguahotel.com\\\/?s={search_term_string}\"},\"query-input\":{\"@type\":\"PropertyValueSpecification\",\"valueRequired\":true,\"valueName\":\"search_term_string\"}}],\"inLanguage\":\"es\"},{\"@type\":\"Organization\",\"@id\":\"https:\\\/\\\/villaantiguahotel.com\\\/#organization\",\"name\":\"Hotel Villa Antigua\",\"url\":\"https:\\\/\\\/villaantiguahotel.com\\\/\",\"logo\":{\"@type\":\"ImageObject\",\"inLanguage\":\"es\",\"@id\":\"https:\\\/\\\/villaantiguahotel.com\\\/#\\\/schema\\\/logo\\\/image\\\/\",\"url\":\"https:\\\/\\\/villaantiguahotel.com\\\/wp-content\\\/uploads\\\/2019\\\/03\\\/logo.jpg\",\"contentUrl\":\"https:\\\/\\\/villaantiguahotel.com\\\/wp-content\\\/uploads\\\/2019\\\/03\\\/logo.jpg\",\"width\":240,\"height\":229,\"caption\":\"Hotel Villa Antigua\"},\"image\":{\"@id\":\"https:\\\/\\\/villaantiguahotel.com\\\/#\\\/schema\\\/logo\\\/image\\\/\"},\"sameAs\":[\"https:\\\/\\\/www.facebook.com\\\/Hotel-Villa-Antigua-in-Sucre-Bolivia-136777549722346\\\/\",\"https:\\\/\\\/www.linkedin.com\\\/in\\\/hotel-villa-antigua-villa-6946686b\\\/\"]}]}<\/script>\n<!-- \/ Yoast SEO plugin. -->","yoast_head_json":{"title":"Convent, Church and Museum of Santa Clara in Sucre Bolivia","description":"History of the Convent, Church and Museum of Santa Clara in Sucre Bolivia, dating from the 17th century. The museum includes mestizo baroque murals.","robots":{"index":"index","follow":"follow","max-snippet":"max-snippet:-1","max-image-preview":"max-image-preview:large","max-video-preview":"max-video-preview:-1"},"canonical":"https:\/\/villaantiguahotel.com\/?page_id=1219&lang=en","og_locale":"es_ES","og_type":"article","og_title":"Convent, Church and Museum of Santa Clara in Sucre Bolivia","og_description":"History of the Convent, Church and Museum of Santa Clara in Sucre Bolivia, dating from the 17th century. The museum includes mestizo baroque murals.","og_url":"https:\/\/villaantiguahotel.com\/?page_id=1219&lang=en","og_site_name":"Hotel Villa Antigua","article_publisher":"https:\/\/www.facebook.com\/Hotel-Villa-Antigua-in-Sucre-Bolivia-136777549722346\/","article_modified_time":"2019-02-22T12:04:27+00:00","twitter_card":"summary_large_image","twitter_misc":{"Tiempo de lectura":"5 minutos"},"schema":{"@context":"https:\/\/schema.org","@graph":[{"@type":"WebPage","@id":"https:\/\/villaantiguahotel.com\/?page_id=1219&lang=en","url":"https:\/\/villaantiguahotel.com\/?page_id=1219&lang=en","name":"Convent, Church and Museum of Santa Clara in Sucre Bolivia","isPartOf":{"@id":"https:\/\/villaantiguahotel.com\/#website"},"datePublished":"2018-12-06T13:20:24+00:00","dateModified":"2019-02-22T12:04:27+00:00","description":"History of the Convent, Church and Museum of Santa Clara in Sucre Bolivia, dating from the 17th century. The museum includes mestizo baroque murals.","breadcrumb":{"@id":"https:\/\/villaantiguahotel.com\/?page_id=1219&lang=en#breadcrumb"},"inLanguage":"es","potentialAction":[{"@type":"ReadAction","target":["https:\/\/villaantiguahotel.com\/?page_id=1219&lang=en"]}]},{"@type":"BreadcrumbList","@id":"https:\/\/villaantiguahotel.com\/?page_id=1219&lang=en#breadcrumb","itemListElement":[{"@type":"ListItem","position":1,"name":"Portada","item":"https:\/\/villaantiguahotel.com\/"},{"@type":"ListItem","position":2,"name":"Sucre","item":"https:\/\/villaantiguahotel.com\/?page_id=1203&lang=en"},{"@type":"ListItem","position":3,"name":"Monastery of Santa Clara"}]},{"@type":"WebSite","@id":"https:\/\/villaantiguahotel.com\/#website","url":"https:\/\/villaantiguahotel.com\/","name":"Hotel Boutique Villa Antigua - Sucre, Patrimonio Cultural de la Humanidad","description":"","publisher":{"@id":"https:\/\/villaantiguahotel.com\/#organization"},"potentialAction":[{"@type":"SearchAction","target":{"@type":"EntryPoint","urlTemplate":"https:\/\/villaantiguahotel.com\/?s={search_term_string}"},"query-input":{"@type":"PropertyValueSpecification","valueRequired":true,"valueName":"search_term_string"}}],"inLanguage":"es"},{"@type":"Organization","@id":"https:\/\/villaantiguahotel.com\/#organization","name":"Hotel Villa Antigua","url":"https:\/\/villaantiguahotel.com\/","logo":{"@type":"ImageObject","inLanguage":"es","@id":"https:\/\/villaantiguahotel.com\/#\/schema\/logo\/image\/","url":"https:\/\/villaantiguahotel.com\/wp-content\/uploads\/2019\/03\/logo.jpg","contentUrl":"https:\/\/villaantiguahotel.com\/wp-content\/uploads\/2019\/03\/logo.jpg","width":240,"height":229,"caption":"Hotel Villa Antigua"},"image":{"@id":"https:\/\/villaantiguahotel.com\/#\/schema\/logo\/image\/"},"sameAs":["https:\/\/www.facebook.com\/Hotel-Villa-Antigua-in-Sucre-Bolivia-136777549722346\/","https:\/\/www.linkedin.com\/in\/hotel-villa-antigua-villa-6946686b\/"]}]}},"_links":{"self":[{"href":"https:\/\/villaantiguahotel.com\/index.php?rest_route=\/wp\/v2\/pages\/1219","targetHints":{"allow":["GET"]}}],"collection":[{"href":"https:\/\/villaantiguahotel.com\/index.php?rest_route=\/wp\/v2\/pages"}],"about":[{"href":"https:\/\/villaantiguahotel.com\/index.php?rest_route=\/wp\/v2\/types\/page"}],"author":[{"embeddable":true,"href":"https:\/\/villaantiguahotel.com\/index.php?rest_route=\/wp\/v2\/users\/1"}],"replies":[{"embeddable":true,"href":"https:\/\/villaantiguahotel.com\/index.php?rest_route=%2Fwp%2Fv2%2Fcomments&post=1219"}],"version-history":[{"count":0,"href":"https:\/\/villaantiguahotel.com\/index.php?rest_route=\/wp\/v2\/pages\/1219\/revisions"}],"up":[{"embeddable":true,"href":"https:\/\/villaantiguahotel.com\/index.php?rest_route=\/wp\/v2\/pages\/1203"}],"wp:attachment":[{"href":"https:\/\/villaantiguahotel.com\/index.php?rest_route=%2Fwp%2Fv2%2Fmedia&parent=1219"}],"curies":[{"name":"wp","href":"https:\/\/api.w.org\/{rel}","templated":true}]}}