{"id":1535,"date":"2018-12-09T23:05:13","date_gmt":"2018-12-09T23:05:13","guid":{"rendered":"https:\/\/villaantiguahotel.com\/?page_id=1535"},"modified":"2019-02-07T19:42:13","modified_gmt":"2019-02-07T19:42:13","slug":"chambre-matrimoniale","status":"publish","type":"page","link":"https:\/\/villaantiguahotel.com\/?page_id=1535&lang=fr","title":{"rendered":"Chambre matrimoniale"},"content":{"rendered":"<div class=\"vce-row-container\"><div class=\"vce-row vce-row--col-gap-30 bg-submenu vce-row-columns--top vce-row-content--top\" id=\"el-62e36099\" data-vce-do-apply=\"all el-62e36099\"><div class=\"vce-row-content\" data-vce-element-content=\"true\"><div class=\"vce-col vce-col--md-100p vce-col--xs-1 vce-col--xs-last vce-col--xs-first vce-col--sm-last vce-col--sm-first vce-col--md-last vce-col--lg-last vce-col--xl-last vce-col--md-first vce-col--lg-first vce-col--xl-first\" id=\"el-159554aa\" data-vce-do-apply=\"background border el-159554aa\"><div class=\"vce-col-inner\" data-vce-element-content=\"true\" data-vce-do-apply=\"padding margin  el-159554aa\"><div class=\"vce-widgets-container\" id=\"submenu-habitaciones\"><div class=\"vce vce-widgets-wrapper\" id=\"el-1fcfbb69\" data-vce-do-apply=\"all el-1fcfbb69\"><div class=\"menu-submenu-habitaciones-fr-container\"><ul id=\"menu-submenu-habitaciones-fr\" class=\"menu\"><li id=\"menu-item-1527\" class=\"menu-item menu-item-type-post_type menu-item-object-page menu-item-1527\"><a href=\"https:\/\/villaantiguahotel.com\/?page_id=1525&#038;lang=fr\">Chambre Individuelle<\/a><\/li>\n<li id=\"menu-item-1565\" class=\"menu-item menu-item-type-post_type menu-item-object-page menu-item-1565\"><a href=\"https:\/\/villaantiguahotel.com\/?page_id=1535&#038;lang=fr\">Chambre matrimoniale<\/a><\/li>\n<li id=\"menu-item-1564\" class=\"menu-item menu-item-type-post_type menu-item-object-page menu-item-1564\"><a href=\"https:\/\/villaantiguahotel.com\/?page_id=1532&#038;lang=fr\">Chambre lits jumeaux<\/a><\/li>\n<li id=\"menu-item-1563\" class=\"menu-item menu-item-type-post_type menu-item-object-page menu-item-1563\"><a href=\"https:\/\/villaantiguahotel.com\/?page_id=1536&#038;lang=fr\">Chambre Triple<\/a><\/li>\n<li id=\"menu-item-1562\" class=\"menu-item menu-item-type-post_type menu-item-object-page menu-item-1562\"><a href=\"https:\/\/villaantiguahotel.com\/?page_id=1538&#038;lang=fr\">Suite Junior<\/a><\/li>\n<li id=\"menu-item-1561\" class=\"menu-item menu-item-type-post_type menu-item-object-page menu-item-1561\"><a href=\"https:\/\/villaantiguahotel.com\/?page_id=1540&#038;lang=fr\">Suite Principale<\/a><\/li>\n<li id=\"menu-item-1560\" class=\"menu-item menu-item-type-post_type menu-item-object-page menu-item-1560\"><a href=\"https:\/\/villaantiguahotel.com\/?page_id=1533&#038;lang=fr\">Appartement<\/a><\/li>\n<\/ul><\/div><\/div><\/div><\/div><\/div><\/div><\/div><\/div><div class=\"vce-row-container\"><div class=\"vce-row vce-row--col-gap-30 vce-row-columns--top vce-row-content--top\" id=\"el-795d1edf\" data-vce-do-apply=\"all el-795d1edf\"><div class=\"vce-row-content\" data-vce-element-content=\"true\"><div class=\"vce-col vce-col--md-100p vce-col--xs-1 vce-col--xs-last vce-col--xs-first vce-col--sm-last vce-col--sm-first vce-col--md-last vce-col--lg-last vce-col--xl-last vce-col--md-first vce-col--lg-first vce-col--xl-first\" id=\"el-6f6c38e2\" data-vce-do-apply=\"background border el-6f6c38e2\"><div class=\"vce-col-inner\" id=\"slider\" data-vce-element-content=\"true\" data-vce-do-apply=\"padding margin  el-6f6c38e2\"><div class=\"vce-widgets-container\"><div class=\"vce vce-widgets-wrapper\" id=\"el-52f5973d\" data-vce-do-apply=\"all el-52f5973d\"><\/div><\/div><\/div><\/div><\/div><\/div><\/div><div class=\"vce-row-container\"><div class=\"vce-row vce-row--col-gap-30 vce-row-columns--top vce-row-content--top\" id=\"el-43674b08\" data-vce-do-apply=\"all el-43674b08\"><div class=\"vce-content-background-container\"><\/div><div class=\"vce-row-content\" data-vce-element-content=\"true\"><div class=\"vce-col vce-col--xs-hide vce-col--xs-first vce-col--sm-hide vce-col--sm-first vce-col--md-4-97p vce-col--md-visible vce-col--md-first vce-col--lg-15p vce-col--lg-visible vce-col--lg-first vce-col--xl-15p vce-col--xl-visible vce-col--xl-first\" id=\"el-4c81fa4e\" data-vce-do-apply=\"background border el-4c81fa4e\"><div class=\"vce-col-inner\" data-vce-element-content=\"true\" data-vce-do-apply=\"padding margin  el-4c81fa4e\"><\/div><\/div><div class=\"vce-col vce-col--xs-100p vce-col--xs-visible vce-col--xs-last vce-col--sm-100p vce-col--sm-visible vce-col--sm-last vce-col--md-85-02p vce-col--md-visible vce-col--lg-70p vce-col--lg-visible vce-col--xl-70p vce-col--xl-visible\" id=\"el-b349f584\" data-vce-do-apply=\"background border el-b349f584\"><div class=\"vce-col-inner\" data-vce-element-content=\"true\" data-vce-do-apply=\"padding margin  el-b349f584\"><div class=\"vce-text-block text-center\"><div class=\"vce-text-block-wrapper vce\" id=\"el-cb305734\" data-vce-do-apply=\"all el-cb305734\" data-vce-animate=\"vce-o-animate--fadeInUp\"><h4 class=\"title\"><span style=\"color: #c9212f;\">Chambre matrimoniale<br><\/span><\/h4><\/div><\/div><div class=\"vce-row-container\"><div class=\"vce-row vce-row--col-gap-30 my-1 vce-row-columns--top vce-row-content--top\" id=\"el-19ceefde\" data-vce-do-apply=\"all el-19ceefde\"><div class=\"vce-row-content\" data-vce-element-content=\"true\"><div class=\"vce-col vce-col--md-60p vce-col--xs-1 vce-col--xs-last vce-col--xs-first vce-col--sm-last vce-col--sm-first vce-col--md-first vce-col--lg-first vce-col--xl-first\" id=\"el-9284a2b8\" data-vce-do-apply=\"background border el-9284a2b8\"><div class=\"vce-col-inner\" data-vce-element-content=\"true\" data-vce-do-apply=\"padding margin  el-9284a2b8\"><div class=\"vce-text-block\"><div class=\"vce-text-block-wrapper vce\" id=\"el-f1d73601\" data-vce-do-apply=\"all el-f1d73601\" data-vce-animate=\"vce-o-animate--fadeInUp\"><p><span class=\"tlid-translation translation\"><span class=\"\" title=\"\">La chambre matrimoniale est l'une de nos meilleures options, o\u00f9 vous pouvez partager avec votre bien-aim\u00e9 l'exp\u00e9rience inoubliable de votre s\u00e9jour dans notre h\u00f4tel.<\/span><\/span><\/p><p><span title=\"\">La chambre a un lit double et contient tous <a href=\"https:\/\/villaantiguahotel.com\/fr\/chambres#detailsfr\">les d\u00e9tails g\u00e9n\u00e9raux<\/a>.<\/span><\/p><p><span title=\"\">Nous pouvons mettre un berceau suppl\u00e9mentaire ou un canap\u00e9-lit.<\/span> <span title=\"\">Les enfants accompagn\u00e9s de moins de 5 ans restent sans frais.<\/span><\/p><\/div><\/div><\/div><\/div><div class=\"vce-col vce-col--md-40p vce-col--xs-1 vce-col--xs-last vce-col--xs-first vce-col--sm-last vce-col--sm-first vce-col--md-last vce-col--lg-last vce-col--xl-last text-justify\" id=\"el-3af9e842\" data-vce-do-apply=\"background border el-3af9e842\"><div class=\"vce-col-inner\" data-vce-element-content=\"true\" data-vce-do-apply=\"padding margin  el-3af9e842\"><div class=\"vce-text-block\"><div class=\"vce-text-block-wrapper vce\" id=\"el-a5226e8c\" data-vce-do-apply=\"all el-a5226e8c\" data-vce-animate=\"vce-o-animate--fadeInUp\"><h6><span class=\"tlid-translation translation\"><span class=\"\" title=\"\">Sp\u00e9cifications de la chambre:<\/span><br><\/span><\/h6><p><span class=\"tlid-translation translation\"><span class=\"\" title=\"\">Nombre d'invit\u00e9s: 2<\/span><br><span class=\"\" title=\"\">Longueur du lit: 1.95 mts<\/span><br><span title=\"\">Taille de la chambre: 35 m2<\/span><\/span><\/p><\/div><\/div><\/div><\/div><\/div><\/div><\/div><\/div><\/div><div class=\"vce-col vce-col--xs-hide vce-col--xs-first vce-col--sm-hide vce-col--sm-first vce-col--md-10p vce-col--md-visible vce-col--md-last vce-col--lg-15p vce-col--lg-visible vce-col--lg-last vce-col--xl-15p vce-col--xl-visible vce-col--xl-last\" id=\"el-e18879ac\" data-vce-do-apply=\"background border el-e18879ac\"><div class=\"vce-col-inner\" data-vce-element-content=\"true\" data-vce-do-apply=\"padding margin  el-e18879ac\"><\/div><\/div><\/div><\/div><\/div>\n","protected":false},"excerpt":{"rendered":"<p>Chambre matrimonialeLa chambre matrimoniale est l&#8217;une de nos meilleures options, o\u00f9 vous pouvez partager avec votre bien-aim\u00e9 l&#8217;exp\u00e9rience inoubliable de votre s\u00e9jour dans notre h\u00f4tel.La chambre a un lit double et contient tous les d\u00e9tails g\u00e9n\u00e9raux.Nous pouvons mettre un berceau suppl\u00e9mentaire ou un canap\u00e9-lit. Les enfants accompagn\u00e9s de moins de 5 ans restent sans frais.Sp\u00e9cifications [&hellip;]<\/p>\n","protected":false},"author":1,"featured_media":0,"parent":1519,"menu_order":0,"comment_status":"closed","ping_status":"closed","template":"","meta":{"footnotes":""},"class_list":["post-1535","page","type-page","status-publish","hentry"],"yoast_head":"<!-- This site is optimized with the Yoast SEO plugin v27.4 - https:\/\/yoast.com\/product\/yoast-seo-wordpress\/ -->\n<title>Chambre matrimoniale - Hotel Villa Antigua<\/title>\n<meta name=\"robots\" content=\"index, follow, max-snippet:-1, max-image-preview:large, max-video-preview:-1\" \/>\n<link rel=\"canonical\" href=\"https:\/\/villaantiguahotel.com\/?page_id=1535&lang=fr\" \/>\n<meta property=\"og:locale\" content=\"es_ES\" \/>\n<meta property=\"og:type\" content=\"article\" \/>\n<meta property=\"og:title\" content=\"Chambre matrimoniale - Hotel Villa Antigua\" \/>\n<meta property=\"og:description\" content=\"Chambre matrimonialeLa chambre matrimoniale est l&#039;une de nos meilleures options, o\u00f9 vous pouvez partager avec votre bien-aim\u00e9 l&#039;exp\u00e9rience inoubliable de votre s\u00e9jour dans notre h\u00f4tel.La chambre a un lit double et contient tous les d\u00e9tails g\u00e9n\u00e9raux.Nous pouvons mettre un berceau suppl\u00e9mentaire ou un canap\u00e9-lit. Les enfants accompagn\u00e9s de moins de 5 ans restent sans frais.Sp\u00e9cifications [&hellip;]\" \/>\n<meta property=\"og:url\" content=\"https:\/\/villaantiguahotel.com\/?page_id=1535&amp;lang=fr\" \/>\n<meta property=\"og:site_name\" content=\"Hotel Villa Antigua\" \/>\n<meta property=\"article:publisher\" content=\"https:\/\/www.facebook.com\/Hotel-Villa-Antigua-in-Sucre-Bolivia-136777549722346\/\" \/>\n<meta property=\"article:modified_time\" content=\"2019-02-07T19:42:13+00:00\" \/>\n<meta name=\"twitter:card\" content=\"summary_large_image\" \/>\n<meta name=\"twitter:label1\" content=\"Tiempo de lectura\" \/>\n\t<meta name=\"twitter:data1\" content=\"1 minuto\" \/>\n<script type=\"application\/ld+json\" class=\"yoast-schema-graph\">{\"@context\":\"https:\\\/\\\/schema.org\",\"@graph\":[{\"@type\":\"WebPage\",\"@id\":\"https:\\\/\\\/villaantiguahotel.com\\\/?page_id=1535&lang=fr\",\"url\":\"https:\\\/\\\/villaantiguahotel.com\\\/?page_id=1535&lang=fr\",\"name\":\"Chambre matrimoniale - Hotel Villa Antigua\",\"isPartOf\":{\"@id\":\"https:\\\/\\\/villaantiguahotel.com\\\/#website\"},\"datePublished\":\"2018-12-09T23:05:13+00:00\",\"dateModified\":\"2019-02-07T19:42:13+00:00\",\"breadcrumb\":{\"@id\":\"https:\\\/\\\/villaantiguahotel.com\\\/?page_id=1535&lang=fr#breadcrumb\"},\"inLanguage\":\"es\",\"potentialAction\":[{\"@type\":\"ReadAction\",\"target\":[\"https:\\\/\\\/villaantiguahotel.com\\\/?page_id=1535&lang=fr\"]}]},{\"@type\":\"BreadcrumbList\",\"@id\":\"https:\\\/\\\/villaantiguahotel.com\\\/?page_id=1535&lang=fr#breadcrumb\",\"itemListElement\":[{\"@type\":\"ListItem\",\"position\":1,\"name\":\"Portada\",\"item\":\"https:\\\/\\\/villaantiguahotel.com\\\/\"},{\"@type\":\"ListItem\",\"position\":2,\"name\":\"Hotel Boutique fr\",\"item\":\"https:\\\/\\\/villaantiguahotel.com\\\/?page_id=1518&lang=fr\"},{\"@type\":\"ListItem\",\"position\":3,\"name\":\"Chambres\",\"item\":\"https:\\\/\\\/villaantiguahotel.com\\\/?page_id=1519&lang=fr\"},{\"@type\":\"ListItem\",\"position\":4,\"name\":\"Chambre matrimoniale\"}]},{\"@type\":\"WebSite\",\"@id\":\"https:\\\/\\\/villaantiguahotel.com\\\/#website\",\"url\":\"https:\\\/\\\/villaantiguahotel.com\\\/\",\"name\":\"Hotel Boutique Villa Antigua - Sucre, Patrimonio Cultural de la Humanidad\",\"description\":\"\",\"publisher\":{\"@id\":\"https:\\\/\\\/villaantiguahotel.com\\\/#organization\"},\"potentialAction\":[{\"@type\":\"SearchAction\",\"target\":{\"@type\":\"EntryPoint\",\"urlTemplate\":\"https:\\\/\\\/villaantiguahotel.com\\\/?s={search_term_string}\"},\"query-input\":{\"@type\":\"PropertyValueSpecification\",\"valueRequired\":true,\"valueName\":\"search_term_string\"}}],\"inLanguage\":\"es\"},{\"@type\":\"Organization\",\"@id\":\"https:\\\/\\\/villaantiguahotel.com\\\/#organization\",\"name\":\"Hotel Villa Antigua\",\"url\":\"https:\\\/\\\/villaantiguahotel.com\\\/\",\"logo\":{\"@type\":\"ImageObject\",\"inLanguage\":\"es\",\"@id\":\"https:\\\/\\\/villaantiguahotel.com\\\/#\\\/schema\\\/logo\\\/image\\\/\",\"url\":\"https:\\\/\\\/villaantiguahotel.com\\\/wp-content\\\/uploads\\\/2019\\\/03\\\/logo.jpg\",\"contentUrl\":\"https:\\\/\\\/villaantiguahotel.com\\\/wp-content\\\/uploads\\\/2019\\\/03\\\/logo.jpg\",\"width\":240,\"height\":229,\"caption\":\"Hotel Villa Antigua\"},\"image\":{\"@id\":\"https:\\\/\\\/villaantiguahotel.com\\\/#\\\/schema\\\/logo\\\/image\\\/\"},\"sameAs\":[\"https:\\\/\\\/www.facebook.com\\\/Hotel-Villa-Antigua-in-Sucre-Bolivia-136777549722346\\\/\",\"https:\\\/\\\/www.linkedin.com\\\/in\\\/hotel-villa-antigua-villa-6946686b\\\/\"]}]}<\/script>\n<!-- \/ Yoast SEO plugin. -->","yoast_head_json":{"title":"Chambre matrimoniale - Hotel Villa Antigua","robots":{"index":"index","follow":"follow","max-snippet":"max-snippet:-1","max-image-preview":"max-image-preview:large","max-video-preview":"max-video-preview:-1"},"canonical":"https:\/\/villaantiguahotel.com\/?page_id=1535&lang=fr","og_locale":"es_ES","og_type":"article","og_title":"Chambre matrimoniale - Hotel Villa Antigua","og_description":"Chambre matrimonialeLa chambre matrimoniale est l'une de nos meilleures options, o\u00f9 vous pouvez partager avec votre bien-aim\u00e9 l'exp\u00e9rience inoubliable de votre s\u00e9jour dans notre h\u00f4tel.La chambre a un lit double et contient tous les d\u00e9tails g\u00e9n\u00e9raux.Nous pouvons mettre un berceau suppl\u00e9mentaire ou un canap\u00e9-lit. Les enfants accompagn\u00e9s de moins de 5 ans restent sans frais.Sp\u00e9cifications [&hellip;]","og_url":"https:\/\/villaantiguahotel.com\/?page_id=1535&lang=fr","og_site_name":"Hotel Villa Antigua","article_publisher":"https:\/\/www.facebook.com\/Hotel-Villa-Antigua-in-Sucre-Bolivia-136777549722346\/","article_modified_time":"2019-02-07T19:42:13+00:00","twitter_card":"summary_large_image","twitter_misc":{"Tiempo de lectura":"1 minuto"},"schema":{"@context":"https:\/\/schema.org","@graph":[{"@type":"WebPage","@id":"https:\/\/villaantiguahotel.com\/?page_id=1535&lang=fr","url":"https:\/\/villaantiguahotel.com\/?page_id=1535&lang=fr","name":"Chambre matrimoniale - Hotel Villa Antigua","isPartOf":{"@id":"https:\/\/villaantiguahotel.com\/#website"},"datePublished":"2018-12-09T23:05:13+00:00","dateModified":"2019-02-07T19:42:13+00:00","breadcrumb":{"@id":"https:\/\/villaantiguahotel.com\/?page_id=1535&lang=fr#breadcrumb"},"inLanguage":"es","potentialAction":[{"@type":"ReadAction","target":["https:\/\/villaantiguahotel.com\/?page_id=1535&lang=fr"]}]},{"@type":"BreadcrumbList","@id":"https:\/\/villaantiguahotel.com\/?page_id=1535&lang=fr#breadcrumb","itemListElement":[{"@type":"ListItem","position":1,"name":"Portada","item":"https:\/\/villaantiguahotel.com\/"},{"@type":"ListItem","position":2,"name":"Hotel Boutique fr","item":"https:\/\/villaantiguahotel.com\/?page_id=1518&lang=fr"},{"@type":"ListItem","position":3,"name":"Chambres","item":"https:\/\/villaantiguahotel.com\/?page_id=1519&lang=fr"},{"@type":"ListItem","position":4,"name":"Chambre matrimoniale"}]},{"@type":"WebSite","@id":"https:\/\/villaantiguahotel.com\/#website","url":"https:\/\/villaantiguahotel.com\/","name":"Hotel Boutique Villa Antigua - Sucre, Patrimonio Cultural de la Humanidad","description":"","publisher":{"@id":"https:\/\/villaantiguahotel.com\/#organization"},"potentialAction":[{"@type":"SearchAction","target":{"@type":"EntryPoint","urlTemplate":"https:\/\/villaantiguahotel.com\/?s={search_term_string}"},"query-input":{"@type":"PropertyValueSpecification","valueRequired":true,"valueName":"search_term_string"}}],"inLanguage":"es"},{"@type":"Organization","@id":"https:\/\/villaantiguahotel.com\/#organization","name":"Hotel Villa Antigua","url":"https:\/\/villaantiguahotel.com\/","logo":{"@type":"ImageObject","inLanguage":"es","@id":"https:\/\/villaantiguahotel.com\/#\/schema\/logo\/image\/","url":"https:\/\/villaantiguahotel.com\/wp-content\/uploads\/2019\/03\/logo.jpg","contentUrl":"https:\/\/villaantiguahotel.com\/wp-content\/uploads\/2019\/03\/logo.jpg","width":240,"height":229,"caption":"Hotel Villa Antigua"},"image":{"@id":"https:\/\/villaantiguahotel.com\/#\/schema\/logo\/image\/"},"sameAs":["https:\/\/www.facebook.com\/Hotel-Villa-Antigua-in-Sucre-Bolivia-136777549722346\/","https:\/\/www.linkedin.com\/in\/hotel-villa-antigua-villa-6946686b\/"]}]}},"_links":{"self":[{"href":"https:\/\/villaantiguahotel.com\/index.php?rest_route=\/wp\/v2\/pages\/1535","targetHints":{"allow":["GET"]}}],"collection":[{"href":"https:\/\/villaantiguahotel.com\/index.php?rest_route=\/wp\/v2\/pages"}],"about":[{"href":"https:\/\/villaantiguahotel.com\/index.php?rest_route=\/wp\/v2\/types\/page"}],"author":[{"embeddable":true,"href":"https:\/\/villaantiguahotel.com\/index.php?rest_route=\/wp\/v2\/users\/1"}],"replies":[{"embeddable":true,"href":"https:\/\/villaantiguahotel.com\/index.php?rest_route=%2Fwp%2Fv2%2Fcomments&post=1535"}],"version-history":[{"count":0,"href":"https:\/\/villaantiguahotel.com\/index.php?rest_route=\/wp\/v2\/pages\/1535\/revisions"}],"up":[{"embeddable":true,"href":"https:\/\/villaantiguahotel.com\/index.php?rest_route=\/wp\/v2\/pages\/1519"}],"wp:attachment":[{"href":"https:\/\/villaantiguahotel.com\/index.php?rest_route=%2Fwp%2Fv2%2Fmedia&parent=1535"}],"curies":[{"name":"wp","href":"https:\/\/api.w.org\/{rel}","templated":true}]}}