{"id":1684,"date":"2018-12-10T05:54:23","date_gmt":"2018-12-10T05:54:23","guid":{"rendered":"https:\/\/villaantiguahotel.com\/?page_id=1684"},"modified":"2019-02-07T12:54:51","modified_gmt":"2019-02-07T12:54:51","slug":"renovierung-des-gebaudes","status":"publish","type":"page","link":"https:\/\/villaantiguahotel.com\/?page_id=1684&lang=de","title":{"rendered":"Renovierung des Geb\u00e4udes"},"content":{"rendered":"<div class=\"vce-row-container\"><div class=\"vce-row vce-row--col-gap-30 bg-submenu vce-row-columns--top vce-row-content--top\" id=\"el-86b080d9\" data-vce-do-apply=\"all el-86b080d9\"><div class=\"vce-row-content\" data-vce-element-content=\"true\"><div class=\"vce-col vce-col--md-100p vce-col--xs-1 vce-col--xs-last vce-col--xs-first vce-col--sm-last vce-col--sm-first vce-col--md-last vce-col--lg-last vce-col--xl-last vce-col--md-first vce-col--lg-first vce-col--xl-first\" id=\"el-77acc563\" data-vce-do-apply=\"background border el-77acc563\"><div class=\"vce-col-inner\" data-vce-element-content=\"true\" data-vce-do-apply=\"padding margin  el-77acc563\"><div class=\"vce-widgets-container\" id=\"nav-submenu-hotel-boutique\"><div class=\"vce vce-widgets-wrapper\" id=\"el-188dacec\" data-vce-do-apply=\"all el-188dacec\"><div class=\"menu-submenu-hotel-de-container\"><ul id=\"menu-submenu-hotel-de\" class=\"menu\"><li id=\"menu-item-1708\" class=\"menu-item menu-item-type-post_type menu-item-object-page menu-item-1708\"><a href=\"https:\/\/villaantiguahotel.com\/?page_id=1682&#038;lang=de\">Zimmer<\/a><\/li>\n<li id=\"menu-item-1707\" class=\"menu-item menu-item-type-post_type menu-item-object-page menu-item-1707\"><a href=\"https:\/\/villaantiguahotel.com\/?page_id=1683&#038;lang=de\">Dienstleistungen<\/a><\/li>\n<li id=\"menu-item-1706\" class=\"menu-item menu-item-type-post_type menu-item-object-page menu-item-1706\"><a href=\"https:\/\/villaantiguahotel.com\/?page_id=1684&#038;lang=de\">Renovierung des Geb\u00e4udes<\/a><\/li>\n<li id=\"menu-item-1705\" class=\"menu-item menu-item-type-post_type menu-item-object-page menu-item-1705\"><a href=\"https:\/\/villaantiguahotel.com\/?page_id=1685&#038;lang=de\">Die Erbefassade<\/a><\/li>\n<li id=\"menu-item-1703\" class=\"menu-item menu-item-type-post_type menu-item-object-page menu-item-1703\"><a href=\"https:\/\/villaantiguahotel.com\/?page_id=1686&#038;lang=de\">M\u00f6bel<\/a><\/li>\n<li id=\"menu-item-4384\" class=\"menu-item menu-item-type-post_type menu-item-object-page menu-item-4384\"><a href=\"https:\/\/villaantiguahotel.com\/?page_id=1687&#038;lang=de\">Garten<\/a><\/li>\n<li id=\"menu-item-3909\" class=\"menu-item menu-item-type-post_type menu-item-object-page menu-item-3909\"><a href=\"https:\/\/villaantiguahotel.com\/?page_id=3887&#038;lang=de\">Fotos<\/a><\/li>\n<\/ul><\/div><\/div><\/div><\/div><\/div><\/div><\/div><\/div><div class=\"vce-row-container\"><div class=\"vce-row vce-row--col-gap-30 text-justify vce-row-columns--top vce-row-content--top\" id=\"el-37201417\" data-vce-do-apply=\"all el-37201417\"><div class=\"vce-content-background-container\"><\/div><div class=\"vce-row-content\" data-vce-element-content=\"true\"><div class=\"vce-col vce-col--xs-hide vce-col--xs-first vce-col--sm-hide vce-col--sm-first vce-col--md-10p vce-col--md-visible vce-col--md-first vce-col--lg-15p vce-col--lg-visible vce-col--lg-first vce-col--xl-15p vce-col--xl-visible vce-col--xl-first\" id=\"el-daa763ac\" data-vce-do-apply=\"background border el-daa763ac\"><div class=\"vce-col-inner\" data-vce-element-content=\"true\" data-vce-do-apply=\"padding margin  el-daa763ac\"><\/div><\/div><div class=\"vce-col vce-col--xs-100p vce-col--xs-visible vce-col--xs-last vce-col--sm-100p vce-col--sm-visible vce-col--sm-last vce-col--md-80p vce-col--md-visible vce-col--lg-70p vce-col--lg-visible vce-col--xl-70p vce-col--xl-visible\" id=\"el-cf49508e\" data-vce-do-apply=\"background border el-cf49508e\"><div class=\"vce-content-background-container\"><\/div><div class=\"vce-col-inner\" data-vce-element-content=\"true\" data-vce-do-apply=\"padding margin  el-cf49508e\"><div class=\"vce-text-block\"><div class=\"vce-text-block-wrapper vce\" id=\"el-a4e5a612\" data-vce-do-apply=\"all el-a4e5a612\"><h4 class=\"full-width-h2\"><span class=\"tlid-translation translation\"><span class=\"\" title=\"\">Hinweise zum Renovierungsprozess des Geb\u00e4udes<\/span><\/span><\/h4><\/div><\/div><div class=\"vce-text-block\"><div class=\"vce-text-block-wrapper vce\" id=\"el-b4fd2605\" data-vce-do-apply=\"all el-b4fd2605\"><p><img loading=\"lazy\" decoding=\"async\" class=\" wp-image-2352 alignright\" src=\"https:\/\/villaantiguahotel.com\/wp-content\/uploads\/2018\/12\/DSC_5050-round.jpg\" alt=\"\" width=\"328\" height=\"232\" srcset=\"https:\/\/villaantiguahotel.com\/wp-content\/uploads\/2018\/12\/DSC_5050-round.jpg 419w, https:\/\/villaantiguahotel.com\/wp-content\/uploads\/2018\/12\/DSC_5050-round-418x297.jpg 418w\" sizes=\"auto, (max-width: 328px) 100vw, 328px\" \/><\/p><div class=\"vce-col-inner\" data-vce-element-content=\"true\" data-vce-do-apply=\"padding margin el-b4fefc0d\"><div class=\"vce-text-block\"><div id=\"el-19801c55\" class=\"vce-text-block-wrapper vce\" data-vce-do-apply=\"all el-19801c55\">Seit Dezember 2009 wird die Hotellandschaft Sucres um eine weitere Option bereichert. Das Hotel Villa Antigua wurde in einem republikanischen Herrenhaus aus dem Jahre 1860 untergebracht, das von seinen Besitzern liebevoll restauriert wurde: Maria Teresa Molina und Dick Commandeur, ben\u00f6tigten vier Jahre, um den alten Teil wieder aufzubauen und zu restaurieren. Die alten Strukturen wurden hervorgehoben, unpassende Neuerungen der letzten Jahre entfernt und neue R\u00e4ume hinzugef\u00fcgt. Durch diese Arbeiten bietet das Hotel Geschichte zum Anfassen ist aber gleichzeitig modern, sicher und komfortabel f\u00fcr Besucher der ganzen Welt.<\/div><div class=\"vce-text-block-wrapper vce\" data-vce-do-apply=\"all el-19801c55\">Viele historische Materialien wie Balken, T\u00fcren und Steine wurden entnommen, restauriert und wiederverwendet. Herausgekommen ist eine Fusion des republikanische Stils - mit S\u00e4ulen und dicken Lehmmauern \u2013 mit der Vision des Architekten Daniel Contreras. Ziel dieser Vision ist es nicht, \"das Alte schlicht nachzuahmen, sondern es mit einer integrativen Architektur hervorzuheben\". Das Ergebnis ist ein herrschaftliches Geb\u00e4ude republikanischen Stils mit einem Hauch n\u00fcchterner Sachlichkeit \u2013 einzigartig in dieser sch\u00f6nen Stadt.<\/div><\/div><\/div><\/div><\/div><div class=\"vce-text-block\"><div class=\"vce-text-block-wrapper vce\" id=\"el-12e1cc0f\" data-vce-do-apply=\"all el-12e1cc0f\"><div id=\"el-a90107d9\" class=\"vce-col vce-col--xs-100p vce-col--xs-visible vce-col--xs-last vce-col--xs-first vce-col--sm-100p vce-col--sm-visible vce-col--sm-last vce-col--sm-first vce-col--md-66-66p vce-col--md-visible vce-col--md-last vce-col--lg-66-66p vce-col--lg-visible vce-col--lg-last vce-col--xl-66-66p vce-col--xl-visible vce-col--xl-last\" data-vce-do-apply=\"background border el-a90107d9\"><div class=\"vce-col-inner\" data-vce-element-content=\"true\" data-vce-do-apply=\"padding margin el-a90107d9\"><div class=\"vce-text-block\"><div id=\"el-789ab942\" class=\"vce-text-block-wrapper vce\" data-vce-do-apply=\"all el-789ab942\"><div class=\"full-width-text-block \"><div><p style=\"text-align: justify;\"><img loading=\"lazy\" decoding=\"async\" class=\"wp-image-2353 alignleft\" src=\"https:\/\/villaantiguahotel.com\/wp-content\/uploads\/2018\/12\/P1010314-2-round.jpg\" alt=\"\" width=\"325\" height=\"227\" srcset=\"https:\/\/villaantiguahotel.com\/wp-content\/uploads\/2018\/12\/P1010314-2-round.jpg 1900w, https:\/\/villaantiguahotel.com\/wp-content\/uploads\/2018\/12\/P1010314-2-round-768x537.jpg 768w, https:\/\/villaantiguahotel.com\/wp-content\/uploads\/2018\/12\/P1010314-2-round-1024x716.jpg 1024w\" sizes=\"auto, (max-width: 325px) 100vw, 325px\" \/>Anhand der dicken und unregelm\u00e4\u00dfigen W\u00e4nde der Zimmer mit sp\u00fcrt man f\u00f6rmlich die Geschichte einer Zeit, in der noch nach Augenma\u00df gearbeitet wurde. Gleichzeitig sind sie ein Raum modernen Lebens, was sich auch in der Inneneinrichtung wiederspiegelt: warm und diskret, mit nat\u00fcrlichen Elementen und originalen bolivianischen Kunstwerken. Die M\u00f6bel selbst sind gleicherma\u00dfen Geschichte wie Kunsthandwerk, verk\u00f6rpern auch sie doch diese Mischung modernen Designs mit Details der traditionellen Andenkulturen Jalq'a, Tarabuco und Tihuanacota.<\/p><p style=\"text-align: justify;\">Alle M\u00f6bel stammen von den jungen Handwerkern der Familie Don Bosco, ein Projekt, das erstklassige Tischler in l\u00e4ndlichen Gebieten ausbildet. Es waren mehrere Reisen zu den abgelegenen Werkst\u00e4tten dieses Unternehmens in Pe\u00f1a Colorada (Cochabamba), Carabuco und Escoma (La Paz) erforderlich, um sich auf die Entw\u00fcrfe und den letzten Schliff der massiven Zedernholzm\u00f6bel zu einigen, wodurch gleichzeitig auch die gro\u00dfe M\u00fche und Hingabe der jungen Arbeiter und ihrer italienischen Lehrmeister vor Ort beobachtet werden konnte. All diese Anstrengungen wurden unternommen, da die Hotelbesitzer stets auch die soziale Verantwortung ihres Unternehmens in den Mittelpunkt stellen.<\/p><\/div><\/div><\/div><\/div><\/div><\/div><\/div><\/div><div class=\"vce-text-block\"><div class=\"vce-text-block-wrapper vce\" id=\"el-9e9d989a\" data-vce-do-apply=\"all el-9e9d989a\"><div id=\"el-032242a1\" class=\"vce-col vce-col--xs-100p vce-col--xs-visible vce-col--xs-last vce-col--xs-first vce-col--sm-100p vce-col--sm-visible vce-col--sm-last vce-col--sm-first vce-col--md-66-66p vce-col--md-visible vce-col--md-last vce-col--lg-66-66p vce-col--lg-visible vce-col--lg-last vce-col--xl-66-66p vce-col--xl-visible vce-col--xl-last\" data-vce-do-apply=\"background border el-032242a1\"><div class=\"vce-col-inner\" data-vce-element-content=\"true\" data-vce-do-apply=\"padding margin el-032242a1\"><div class=\"vce-text-block\"><div id=\"el-941c8c9a\" class=\"vce-text-block-wrapper vce\" data-vce-do-apply=\"all el-941c8c9a\"><p><img loading=\"lazy\" decoding=\"async\" class=\" wp-image-2354 alignright\" src=\"https:\/\/villaantiguahotel.com\/wp-content\/uploads\/2018\/12\/P1010798-2-round.jpg\" alt=\"\" width=\"326\" height=\"245\" srcset=\"https:\/\/villaantiguahotel.com\/wp-content\/uploads\/2018\/12\/P1010798-2-round.jpg 1900w, https:\/\/villaantiguahotel.com\/wp-content\/uploads\/2018\/12\/P1010798-2-round-768x576.jpg 768w, https:\/\/villaantiguahotel.com\/wp-content\/uploads\/2018\/12\/P1010798-2-round-1024x768.jpg 1024w, https:\/\/villaantiguahotel.com\/wp-content\/uploads\/2018\/12\/P1010798-2-round-418x315.jpg 418w, https:\/\/villaantiguahotel.com\/wp-content\/uploads\/2018\/12\/P1010798-2-round-886x668.jpg 886w\" sizes=\"auto, (max-width: 326px) 100vw, 326px\" \/>Der Garten und der Hof haben ihre alte Pracht wiedererlangt, was in weiten Teilen der Stadt in dieser Form und Auspr\u00e4gung heute nur noch schwer zu finden ist. Wie in der Vergangenheit wurde viel Naturstein verwendet, um die Verbindung zwischen Mensch und Natur hervorzuheben. Im Innenhof findet sich ein kleiner Brunnen, der die Atmosph\u00e4re des Bereiches auflockert und mit Leben f\u00fcllt, gleichzeitig aber auch Ruhe ausstrahlt und dank seiner simplen, dennoch detailreichen \u00c4sthetik die Aufmerksamkeit der Passanten auf sich zieht. Neu sind die Terrassen und der Aussichtspunkt, der, unter Ausnutzung der exponierten Lage des Hotels, einen einzigartigen Blick auf die roten D\u00e4cher der Stadt und die sie umschlie\u00dfenden H\u00fcgel und Berge bietet. Die Besucher werden, von der Sch\u00f6nheit des Sonnenuntergangs beeindruckt, lange an diesem Ort verweilen.<\/p><\/div><\/div><\/div><\/div><\/div><\/div><div class=\"vce-text-block\"><div class=\"vce-text-block-wrapper vce\" id=\"el-f1b55acf\" data-vce-do-apply=\"all el-f1b55acf\"><p><img loading=\"lazy\" decoding=\"async\" class=\"wp-image-2356 alignleft\" src=\"https:\/\/villaantiguahotel.com\/wp-content\/uploads\/2018\/12\/15-de-mayo-de-2005-014-2-round.jpg\" alt=\"\" width=\"318\" height=\"239\" srcset=\"https:\/\/villaantiguahotel.com\/wp-content\/uploads\/2018\/12\/15-de-mayo-de-2005-014-2-round.jpg 1600w, https:\/\/villaantiguahotel.com\/wp-content\/uploads\/2018\/12\/15-de-mayo-de-2005-014-2-round-768x576.jpg 768w, https:\/\/villaantiguahotel.com\/wp-content\/uploads\/2018\/12\/15-de-mayo-de-2005-014-2-round-1024x768.jpg 1024w, https:\/\/villaantiguahotel.com\/wp-content\/uploads\/2018\/12\/15-de-mayo-de-2005-014-2-round-418x315.jpg 418w, https:\/\/villaantiguahotel.com\/wp-content\/uploads\/2018\/12\/15-de-mayo-de-2005-014-2-round-886x668.jpg 886w\" sizes=\"auto, (max-width: 318px) 100vw, 318px\" \/>W\u00e4hrend der Bauarbeiten wurden viele \u00dcberraschungen gefunden: doppelte W\u00e4nde, nur mit Leder befestigte Balken, Schnitzereien, ein Stein, der den Tod eines ehemaligen Bewohners des Hauses zeigt, Stuck aus Mist, Trennw\u00e4nde aus Zuckerrohr und vieles mehr. Um sicherzustellen, dass das Geb\u00e4ude einer gr\u00f6\u00dferen Anzahl von Menschen standhalten kann, wurde eine komplette Stahlbetonkonstruktion integriert, die in und unter den Lehmmauern eingelassen wurde. Auf diese Weise konnte ein gro\u00dfer Konferenzraum und ein Restaurant im ersten Stock mit Blick auf den Berg Obispo eingerichtet und eine zus\u00e4tzliche Etage unter dem Dach gebaut werden, ohne die urspr\u00fcngliche H\u00f6he des Geb\u00e4udes zu beeintr\u00e4chtigen.<\/p><\/div><\/div><div class=\"vce-text-block\"><div class=\"vce-text-block-wrapper vce\" id=\"el-f415ddb9\" data-vce-do-apply=\"all el-f415ddb9\"><p>Das neue Villa Antigua Hotel, dessen Name die Geschichte des Hauses und der Stadt ausdr\u00fcckt, wird von Reisenden aus anderen Teilen des Landes und dem Ausland besucht, aber auch von vielen Einwohnern Sucres, die der Versuchung nicht widerstehen k\u00f6nnen, einen Blick auf den Innenhof zu werfen, um den Geist des Alten, der von den Galerien und traditionellen Fenstern und T\u00fcren herabsteigt zu atmen und den Anblick der scheinbar bis in den Himmel reichenden zentralen Treppe zu genie\u00dfen.<\/p><\/div><\/div><\/div><\/div><div class=\"vce-col vce-col--xs-hide vce-col--xs-first vce-col--sm-hide vce-col--sm-first vce-col--md-10p vce-col--md-visible vce-col--md-last vce-col--lg-15p vce-col--lg-visible vce-col--lg-last vce-col--xl-15p vce-col--xl-visible vce-col--xl-last\" id=\"el-2b5e370a\" data-vce-do-apply=\"background border el-2b5e370a\"><div class=\"vce-col-inner\" data-vce-element-content=\"true\" data-vce-do-apply=\"padding margin  el-2b5e370a\"><\/div><\/div><\/div><\/div><\/div><div class=\"vce-row-container\"><div class=\"vce-row vce-row--col-gap-30 vce-row-columns--top vce-row-content--top\" id=\"el-8457800b\" data-vce-do-apply=\"all el-8457800b\"><div class=\"vce-content-background-container\"><\/div><div class=\"vce-row-content\" data-vce-element-content=\"true\"><div class=\"vce-col vce-col--xs-50p vce-col--xs-visible vce-col--xs-first vce-col--sm-50p vce-col--sm-visible vce-col--sm-first vce-col--md-50p vce-col--md-visible vce-col--md-first vce-col--lg-50p vce-col--lg-visible vce-col--lg-first vce-col--xl-50p vce-col--xl-visible vce-col--xl-first\" id=\"el-79496f93\" data-vce-do-apply=\"background border el-79496f93\"><div class=\"vce-col-inner\" data-vce-element-content=\"true\" data-vce-do-apply=\"padding margin  el-79496f93\"><div class=\"vce-button--style-outline-container vce-button--style-outline-container--align-left\"><span class=\"vce-button--style-outline-wrapper vce\" id=\"el-1ccb7449\" data-vce-do-apply=\"margin el-1ccb7449\"><a class=\"vce-button--style-outline-animated vce-button--style-outline--border-rounded vce-button--style-outline--size-small vce-button--style-outline-animated--color-b-47-47-47--fff--3d3d3d vce-button--style-outline-animated--border-color-b-158-51-44--3d3d3d vce-button--style-outline-animated--background-color-b-255-63-59\" href=\"https:\/\/villaantiguahotel.com\/de\/boutique-hotel\/dienstleistungen\/\" title=\"\" data-vce-do-apply=\"padding border background  el-1ccb7449\"><span class=\"vce-button--style-outline-text\">Zur\u00fcck<\/span><\/a><\/span><\/div><\/div><\/div><div class=\"vce-col vce-col--xs-50p vce-col--xs-visible vce-col--xs-last vce-col--sm-50p vce-col--sm-visible vce-col--sm-last vce-col--md-50p vce-col--md-visible vce-col--md-last vce-col--lg-50p vce-col--lg-visible vce-col--lg-last vce-col--xl-50p vce-col--xl-visible vce-col--xl-last\" id=\"el-5a185caa\" data-vce-do-apply=\"background border el-5a185caa\"><div class=\"vce-col-inner\" data-vce-element-content=\"true\" data-vce-do-apply=\"padding margin  el-5a185caa\"><div class=\"vce-button--style-outline-container vce-button--style-outline-container--align-right\"><span class=\"vce-button--style-outline-wrapper vce\" id=\"el-6f5a79d3\" data-vce-do-apply=\"margin el-6f5a79d3\"><a class=\"vce-button--style-outline-animated vce-button--style-outline--border-rounded vce-button--style-outline--size-small vce-button--style-outline-animated--color-b-47-47-47--fff--3d3d3d vce-button--style-outline-animated--border-color-b-158-51-44--3d3d3d vce-button--style-outline-animated--background-color-b-255-63-59\" href=\"https:\/\/villaantiguahotel.com\/de\/die-erbefassade\/\" title=\"\" data-vce-do-apply=\"padding border background  el-6f5a79d3\"><span class=\"vce-button--style-outline-text\">Weiter<\/span><\/a><\/span><\/div><\/div><\/div><\/div><\/div><\/div>\n","protected":false},"excerpt":{"rendered":"<p>Hinweise zum Renovierungsprozess des Geb\u00e4udesSeit Dezember 2009 wird die Hotellandschaft Sucres um eine weitere Option bereichert. Das Hotel Villa Antigua wurde in einem republikanischen Herrenhaus aus dem Jahre 1860 untergebracht, das von seinen Besitzern liebevoll restauriert wurde: Maria Teresa Molina und Dick Commandeur, ben\u00f6tigten vier Jahre, um den alten Teil wieder aufzubauen und zu restaurieren. [&hellip;]<\/p>\n","protected":false},"author":1,"featured_media":0,"parent":1681,"menu_order":0,"comment_status":"closed","ping_status":"closed","template":"","meta":{"footnotes":""},"class_list":["post-1684","page","type-page","status-publish","hentry"],"yoast_head":"<!-- This site is optimized with the Yoast SEO plugin v27.4 - https:\/\/yoast.com\/product\/yoast-seo-wordpress\/ -->\n<title>Renovierung des Geb\u00e4udes - Hotel Villa Antigua<\/title>\n<meta name=\"robots\" content=\"index, follow, max-snippet:-1, max-image-preview:large, max-video-preview:-1\" \/>\n<link rel=\"canonical\" href=\"https:\/\/villaantiguahotel.com\/?page_id=1684&lang=de\" \/>\n<meta property=\"og:locale\" content=\"es_ES\" \/>\n<meta property=\"og:type\" content=\"article\" \/>\n<meta property=\"og:title\" content=\"Renovierung des Geb\u00e4udes - Hotel Villa Antigua\" \/>\n<meta property=\"og:description\" content=\"Hinweise zum Renovierungsprozess des Geb\u00e4udesSeit Dezember 2009 wird die Hotellandschaft Sucres um eine weitere Option bereichert. Das Hotel Villa Antigua wurde in einem republikanischen Herrenhaus aus dem Jahre 1860 untergebracht, das von seinen Besitzern liebevoll restauriert wurde: Maria Teresa Molina und Dick Commandeur, ben\u00f6tigten vier Jahre, um den alten Teil wieder aufzubauen und zu restaurieren. [&hellip;]\" \/>\n<meta property=\"og:url\" content=\"https:\/\/villaantiguahotel.com\/?page_id=1684&amp;lang=de\" \/>\n<meta property=\"og:site_name\" content=\"Hotel Villa Antigua\" \/>\n<meta property=\"article:publisher\" content=\"https:\/\/www.facebook.com\/Hotel-Villa-Antigua-in-Sucre-Bolivia-136777549722346\/\" \/>\n<meta property=\"article:modified_time\" content=\"2019-02-07T12:54:51+00:00\" \/>\n<meta name=\"twitter:card\" content=\"summary_large_image\" \/>\n<meta name=\"twitter:label1\" content=\"Tiempo de lectura\" \/>\n\t<meta name=\"twitter:data1\" content=\"4 minutos\" \/>\n<script type=\"application\/ld+json\" class=\"yoast-schema-graph\">{\"@context\":\"https:\\\/\\\/schema.org\",\"@graph\":[{\"@type\":\"WebPage\",\"@id\":\"https:\\\/\\\/villaantiguahotel.com\\\/?page_id=1684&lang=de\",\"url\":\"https:\\\/\\\/villaantiguahotel.com\\\/?page_id=1684&lang=de\",\"name\":\"Renovierung des Geb\u00e4udes - Hotel Villa Antigua\",\"isPartOf\":{\"@id\":\"https:\\\/\\\/villaantiguahotel.com\\\/#website\"},\"datePublished\":\"2018-12-10T05:54:23+00:00\",\"dateModified\":\"2019-02-07T12:54:51+00:00\",\"breadcrumb\":{\"@id\":\"https:\\\/\\\/villaantiguahotel.com\\\/?page_id=1684&lang=de#breadcrumb\"},\"inLanguage\":\"es\",\"potentialAction\":[{\"@type\":\"ReadAction\",\"target\":[\"https:\\\/\\\/villaantiguahotel.com\\\/?page_id=1684&lang=de\"]}]},{\"@type\":\"BreadcrumbList\",\"@id\":\"https:\\\/\\\/villaantiguahotel.com\\\/?page_id=1684&lang=de#breadcrumb\",\"itemListElement\":[{\"@type\":\"ListItem\",\"position\":1,\"name\":\"Portada\",\"item\":\"https:\\\/\\\/villaantiguahotel.com\\\/\"},{\"@type\":\"ListItem\",\"position\":2,\"name\":\"Boutique Hotel\",\"item\":\"https:\\\/\\\/villaantiguahotel.com\\\/?page_id=1681&lang=de\"},{\"@type\":\"ListItem\",\"position\":3,\"name\":\"Renovierung des Geb\u00e4udes\"}]},{\"@type\":\"WebSite\",\"@id\":\"https:\\\/\\\/villaantiguahotel.com\\\/#website\",\"url\":\"https:\\\/\\\/villaantiguahotel.com\\\/\",\"name\":\"Hotel Boutique Villa Antigua - Sucre, Patrimonio Cultural de la Humanidad\",\"description\":\"\",\"publisher\":{\"@id\":\"https:\\\/\\\/villaantiguahotel.com\\\/#organization\"},\"potentialAction\":[{\"@type\":\"SearchAction\",\"target\":{\"@type\":\"EntryPoint\",\"urlTemplate\":\"https:\\\/\\\/villaantiguahotel.com\\\/?s={search_term_string}\"},\"query-input\":{\"@type\":\"PropertyValueSpecification\",\"valueRequired\":true,\"valueName\":\"search_term_string\"}}],\"inLanguage\":\"es\"},{\"@type\":\"Organization\",\"@id\":\"https:\\\/\\\/villaantiguahotel.com\\\/#organization\",\"name\":\"Hotel Villa Antigua\",\"url\":\"https:\\\/\\\/villaantiguahotel.com\\\/\",\"logo\":{\"@type\":\"ImageObject\",\"inLanguage\":\"es\",\"@id\":\"https:\\\/\\\/villaantiguahotel.com\\\/#\\\/schema\\\/logo\\\/image\\\/\",\"url\":\"https:\\\/\\\/villaantiguahotel.com\\\/wp-content\\\/uploads\\\/2019\\\/03\\\/logo.jpg\",\"contentUrl\":\"https:\\\/\\\/villaantiguahotel.com\\\/wp-content\\\/uploads\\\/2019\\\/03\\\/logo.jpg\",\"width\":240,\"height\":229,\"caption\":\"Hotel Villa Antigua\"},\"image\":{\"@id\":\"https:\\\/\\\/villaantiguahotel.com\\\/#\\\/schema\\\/logo\\\/image\\\/\"},\"sameAs\":[\"https:\\\/\\\/www.facebook.com\\\/Hotel-Villa-Antigua-in-Sucre-Bolivia-136777549722346\\\/\",\"https:\\\/\\\/www.linkedin.com\\\/in\\\/hotel-villa-antigua-villa-6946686b\\\/\"]}]}<\/script>\n<!-- \/ Yoast SEO plugin. -->","yoast_head_json":{"title":"Renovierung des Geb\u00e4udes - Hotel Villa Antigua","robots":{"index":"index","follow":"follow","max-snippet":"max-snippet:-1","max-image-preview":"max-image-preview:large","max-video-preview":"max-video-preview:-1"},"canonical":"https:\/\/villaantiguahotel.com\/?page_id=1684&lang=de","og_locale":"es_ES","og_type":"article","og_title":"Renovierung des Geb\u00e4udes - Hotel Villa Antigua","og_description":"Hinweise zum Renovierungsprozess des Geb\u00e4udesSeit Dezember 2009 wird die Hotellandschaft Sucres um eine weitere Option bereichert. Das Hotel Villa Antigua wurde in einem republikanischen Herrenhaus aus dem Jahre 1860 untergebracht, das von seinen Besitzern liebevoll restauriert wurde: Maria Teresa Molina und Dick Commandeur, ben\u00f6tigten vier Jahre, um den alten Teil wieder aufzubauen und zu restaurieren. [&hellip;]","og_url":"https:\/\/villaantiguahotel.com\/?page_id=1684&lang=de","og_site_name":"Hotel Villa Antigua","article_publisher":"https:\/\/www.facebook.com\/Hotel-Villa-Antigua-in-Sucre-Bolivia-136777549722346\/","article_modified_time":"2019-02-07T12:54:51+00:00","twitter_card":"summary_large_image","twitter_misc":{"Tiempo de lectura":"4 minutos"},"schema":{"@context":"https:\/\/schema.org","@graph":[{"@type":"WebPage","@id":"https:\/\/villaantiguahotel.com\/?page_id=1684&lang=de","url":"https:\/\/villaantiguahotel.com\/?page_id=1684&lang=de","name":"Renovierung des Geb\u00e4udes - Hotel Villa Antigua","isPartOf":{"@id":"https:\/\/villaantiguahotel.com\/#website"},"datePublished":"2018-12-10T05:54:23+00:00","dateModified":"2019-02-07T12:54:51+00:00","breadcrumb":{"@id":"https:\/\/villaantiguahotel.com\/?page_id=1684&lang=de#breadcrumb"},"inLanguage":"es","potentialAction":[{"@type":"ReadAction","target":["https:\/\/villaantiguahotel.com\/?page_id=1684&lang=de"]}]},{"@type":"BreadcrumbList","@id":"https:\/\/villaantiguahotel.com\/?page_id=1684&lang=de#breadcrumb","itemListElement":[{"@type":"ListItem","position":1,"name":"Portada","item":"https:\/\/villaantiguahotel.com\/"},{"@type":"ListItem","position":2,"name":"Boutique Hotel","item":"https:\/\/villaantiguahotel.com\/?page_id=1681&lang=de"},{"@type":"ListItem","position":3,"name":"Renovierung des Geb\u00e4udes"}]},{"@type":"WebSite","@id":"https:\/\/villaantiguahotel.com\/#website","url":"https:\/\/villaantiguahotel.com\/","name":"Hotel Boutique Villa Antigua - Sucre, Patrimonio Cultural de la Humanidad","description":"","publisher":{"@id":"https:\/\/villaantiguahotel.com\/#organization"},"potentialAction":[{"@type":"SearchAction","target":{"@type":"EntryPoint","urlTemplate":"https:\/\/villaantiguahotel.com\/?s={search_term_string}"},"query-input":{"@type":"PropertyValueSpecification","valueRequired":true,"valueName":"search_term_string"}}],"inLanguage":"es"},{"@type":"Organization","@id":"https:\/\/villaantiguahotel.com\/#organization","name":"Hotel Villa Antigua","url":"https:\/\/villaantiguahotel.com\/","logo":{"@type":"ImageObject","inLanguage":"es","@id":"https:\/\/villaantiguahotel.com\/#\/schema\/logo\/image\/","url":"https:\/\/villaantiguahotel.com\/wp-content\/uploads\/2019\/03\/logo.jpg","contentUrl":"https:\/\/villaantiguahotel.com\/wp-content\/uploads\/2019\/03\/logo.jpg","width":240,"height":229,"caption":"Hotel Villa Antigua"},"image":{"@id":"https:\/\/villaantiguahotel.com\/#\/schema\/logo\/image\/"},"sameAs":["https:\/\/www.facebook.com\/Hotel-Villa-Antigua-in-Sucre-Bolivia-136777549722346\/","https:\/\/www.linkedin.com\/in\/hotel-villa-antigua-villa-6946686b\/"]}]}},"_links":{"self":[{"href":"https:\/\/villaantiguahotel.com\/index.php?rest_route=\/wp\/v2\/pages\/1684","targetHints":{"allow":["GET"]}}],"collection":[{"href":"https:\/\/villaantiguahotel.com\/index.php?rest_route=\/wp\/v2\/pages"}],"about":[{"href":"https:\/\/villaantiguahotel.com\/index.php?rest_route=\/wp\/v2\/types\/page"}],"author":[{"embeddable":true,"href":"https:\/\/villaantiguahotel.com\/index.php?rest_route=\/wp\/v2\/users\/1"}],"replies":[{"embeddable":true,"href":"https:\/\/villaantiguahotel.com\/index.php?rest_route=%2Fwp%2Fv2%2Fcomments&post=1684"}],"version-history":[{"count":0,"href":"https:\/\/villaantiguahotel.com\/index.php?rest_route=\/wp\/v2\/pages\/1684\/revisions"}],"up":[{"embeddable":true,"href":"https:\/\/villaantiguahotel.com\/index.php?rest_route=\/wp\/v2\/pages\/1681"}],"wp:attachment":[{"href":"https:\/\/villaantiguahotel.com\/index.php?rest_route=%2Fwp%2Fv2%2Fmedia&parent=1684"}],"curies":[{"name":"wp","href":"https:\/\/api.w.org\/{rel}","templated":true}]}}