{"id":1720,"date":"2018-12-10T07:00:58","date_gmt":"2018-12-10T07:00:58","guid":{"rendered":"https:\/\/villaantiguahotel.com\/?page_id=1720"},"modified":"2019-02-07T12:44:50","modified_gmt":"2019-02-07T12:44:50","slug":"doppelzimmer-2-betten","status":"publish","type":"page","link":"https:\/\/villaantiguahotel.com\/?page_id=1720&lang=de","title":{"rendered":"Doppelzimmer &#8211; 2 Betten"},"content":{"rendered":"<div class=\"vce-row-container\"><div class=\"vce-row vce-row--col-gap-30 bg-submenu vce-row-columns--top vce-row-content--top\" id=\"el-ef3fff0c\" data-vce-do-apply=\"all el-ef3fff0c\"><div class=\"vce-row-content\" data-vce-element-content=\"true\"><div class=\"vce-col vce-col--md-100p vce-col--xs-1 vce-col--xs-last vce-col--xs-first vce-col--sm-last vce-col--sm-first vce-col--md-last vce-col--lg-last vce-col--xl-last vce-col--md-first vce-col--lg-first vce-col--xl-first\" id=\"el-45748453\" data-vce-do-apply=\"background border el-45748453\"><div class=\"vce-col-inner\" data-vce-element-content=\"true\" data-vce-do-apply=\"padding margin  el-45748453\"><div class=\"vce-widgets-container\" id=\"submenu-habitaciones\"><div class=\"vce vce-widgets-wrapper\" id=\"el-e429b7a4\" data-vce-do-apply=\"all el-e429b7a4\"><div class=\"menu-submenu-habitaciones-de-container\"><ul id=\"menu-submenu-habitaciones-de\" class=\"menu\"><li id=\"menu-item-1738\" class=\"menu-item menu-item-type-post_type menu-item-object-page menu-item-1738\"><a href=\"https:\/\/villaantiguahotel.com\/?page_id=1718&#038;lang=de\">Einzelzimmer<\/a><\/li>\n<li id=\"menu-item-1737\" class=\"menu-item menu-item-type-post_type menu-item-object-page menu-item-1737\"><a href=\"https:\/\/villaantiguahotel.com\/?page_id=1719&#038;lang=de\">Doppelzimmer &#8211; 1 Bett<\/a><\/li>\n<li id=\"menu-item-1736\" class=\"menu-item menu-item-type-post_type menu-item-object-page menu-item-1736\"><a href=\"https:\/\/villaantiguahotel.com\/?page_id=1720&#038;lang=de\">Doppelzimmer &#8211; 2 Betten<\/a><\/li>\n<li id=\"menu-item-1735\" class=\"menu-item menu-item-type-post_type menu-item-object-page menu-item-1735\"><a href=\"https:\/\/villaantiguahotel.com\/?page_id=1721&#038;lang=de\">Dreibettzimmer<\/a><\/li>\n<li id=\"menu-item-1734\" class=\"menu-item menu-item-type-post_type menu-item-object-page menu-item-1734\"><a href=\"https:\/\/villaantiguahotel.com\/?page_id=1723&#038;lang=de\">Junior Suite<\/a><\/li>\n<li id=\"menu-item-1733\" class=\"menu-item menu-item-type-post_type menu-item-object-page menu-item-1733\"><a href=\"https:\/\/villaantiguahotel.com\/?page_id=1722&#038;lang=de\">Master Suite<\/a><\/li>\n<li id=\"menu-item-1732\" class=\"menu-item menu-item-type-post_type menu-item-object-page menu-item-1732\"><a href=\"https:\/\/villaantiguahotel.com\/?page_id=1730&#038;lang=de\">Appartement<\/a><\/li>\n<\/ul><\/div><\/div><\/div><\/div><\/div><\/div><\/div><\/div><div class=\"vce-row-container\"><div class=\"vce-row vce-row--col-gap-30 vce-row-columns--top vce-row-content--top\" id=\"el-ba100772\" data-vce-do-apply=\"all el-ba100772\"><div class=\"vce-row-content\" data-vce-element-content=\"true\"><div class=\"vce-col vce-col--md-100p vce-col--xs-1 vce-col--xs-last vce-col--xs-first vce-col--sm-last vce-col--sm-first vce-col--md-last vce-col--lg-last vce-col--xl-last vce-col--md-first vce-col--lg-first vce-col--xl-first\" id=\"el-c07fa0ff\" data-vce-do-apply=\"background border el-c07fa0ff\"><div class=\"vce-col-inner\" id=\"slider\" data-vce-element-content=\"true\" data-vce-do-apply=\"padding margin  el-c07fa0ff\"><div class=\"vce-widgets-container\"><div class=\"vce vce-widgets-wrapper\" id=\"el-afe1442d\" data-vce-do-apply=\"all el-afe1442d\"><\/div><\/div><\/div><\/div><\/div><\/div><\/div><div class=\"vce-row-container\"><div class=\"vce-row vce-row--col-gap-30 vce-row-columns--top vce-row-content--top\" id=\"el-5a918ee6\" data-vce-do-apply=\"all el-5a918ee6\"><div class=\"vce-content-background-container\"><\/div><div class=\"vce-row-content\" data-vce-element-content=\"true\"><div class=\"vce-col vce-col--xs-hide vce-col--xs-first vce-col--sm-hide vce-col--sm-first vce-col--md-10p vce-col--md-visible vce-col--md-first vce-col--lg-15p vce-col--lg-visible vce-col--lg-first vce-col--xl-15p vce-col--xl-visible vce-col--xl-first\" id=\"el-433bcc26\" data-vce-do-apply=\"background border el-433bcc26\"><div class=\"vce-col-inner\" data-vce-element-content=\"true\" data-vce-do-apply=\"padding margin  el-433bcc26\"><\/div><\/div><div class=\"vce-col vce-col--xs-100p vce-col--xs-visible vce-col--xs-last vce-col--sm-100p vce-col--sm-visible vce-col--sm-last vce-col--md-80-58p vce-col--md-visible vce-col--md-last vce-col--lg-70p vce-col--lg-visible vce-col--xl-70p vce-col--xl-visible\" id=\"el-f99f1ce2\" data-vce-do-apply=\"background border el-f99f1ce2\"><div class=\"vce-col-inner\" data-vce-element-content=\"true\" data-vce-do-apply=\"padding margin  el-f99f1ce2\"><div class=\"vce-text-block text-center\"><div class=\"vce-text-block-wrapper vce\" id=\"el-114e0a85\" data-vce-do-apply=\"all el-114e0a85\" data-vce-animate=\"vce-o-animate--fadeInUp\"><h4 class=\"title\">Doppelzimmer mit 2 Betten<\/h4><\/div><\/div><div class=\"vce-row-container\"><div class=\"vce-row vce-row--col-gap-30 my-1 vce-row-columns--top vce-row-content--top\" id=\"el-fa225e41\" data-vce-do-apply=\"all el-fa225e41\"><div class=\"vce-row-content\" data-vce-element-content=\"true\"><div class=\"vce-col vce-col--md-60p vce-col--xs-1 vce-col--xs-last vce-col--xs-first vce-col--sm-last vce-col--sm-first vce-col--md-first vce-col--lg-first vce-col--xl-first\" id=\"el-8f98da14\" data-vce-do-apply=\"background border el-8f98da14\"><div class=\"vce-col-inner\" data-vce-element-content=\"true\" data-vce-do-apply=\"padding margin  el-8f98da14\"><div class=\"vce-text-block\"><div class=\"vce-text-block-wrapper vce\" id=\"el-dcd49e20\" data-vce-do-apply=\"all el-dcd49e20\" data-vce-animate=\"vce-o-animate--fadeInUp\"><p><span class=\"tlid-translation translation\"><span class=\"\" title=\"\">Dieses Doppelzimmer ist eine ausgezeichnete Wahl um zusammen mit einem Familienmitglied, einem Freund oder Kollegen zu buchen.<\/span> <span title=\"\">Ein komfortabler Aufenthalt ist garantiert und Sie k\u00f6nnen alle unsere Einrichtungen und unseren Service nutzen.<\/span><\/span><\/p><p><span title=\"\">Das Zimmer verf\u00fcgt \u00fcber 2 Einzelbetten und alle <a href=\"https:\/\/villaantiguahotel.com\/de\/zimmer#Details\">allgemeinen Details<\/a>.<\/span><\/p><p>Wir k\u00f6nnen eine Wiege oder ein Schlafsofa hinzuf\u00fcgen. Begleitete Kinder unter 5 Jahren \u00fcbernachten kostenlos.<\/p><\/div><\/div><\/div><\/div><div class=\"vce-col vce-col--md-40p vce-col--xs-1 vce-col--xs-last vce-col--xs-first vce-col--sm-last vce-col--sm-first vce-col--md-last vce-col--lg-last vce-col--xl-last text-justify\" id=\"el-34449c3e\" data-vce-do-apply=\"background border el-34449c3e\"><div class=\"vce-col-inner\" data-vce-element-content=\"true\" data-vce-do-apply=\"padding margin  el-34449c3e\"><div class=\"vce-text-block\"><div class=\"vce-text-block-wrapper vce\" id=\"el-d9b893f6\" data-vce-do-apply=\"all el-d9b893f6\" data-vce-animate=\"vce-o-animate--fadeInUp\"><h6><strong>Spezifikationen vom Zimmer:<\/strong><\/h6><p>Anzahl der G\u00e4ste: 2<br>Bettl\u00e4nge: 1,95 mts<br>Raumgr\u00f6\u00dfe: 30 - 35 m2<\/p><\/div><\/div><\/div><\/div><\/div><\/div><\/div><\/div><\/div><div class=\"vce-col vce-col--xs-hide vce-col--xs-first vce-col--sm-hide vce-col--sm-first vce-col--md-10p vce-col--md-visible vce-col--md-last vce-col--md-first vce-col--lg-15-000000000000002p vce-col--lg-visible vce-col--lg-last vce-col--xl-15-000000000000002p vce-col--xl-visible vce-col--xl-last\" id=\"el-1a12341c\" data-vce-do-apply=\"background border el-1a12341c\"><div class=\"vce-col-inner\" data-vce-element-content=\"true\" data-vce-do-apply=\"padding margin  el-1a12341c\"><\/div><\/div><\/div><\/div><\/div>\n","protected":false},"excerpt":{"rendered":"<p>Doppelzimmer mit 2 BettenDieses Doppelzimmer ist eine ausgezeichnete Wahl um zusammen mit einem Familienmitglied, einem Freund oder Kollegen zu buchen. Ein komfortabler Aufenthalt ist garantiert und Sie k\u00f6nnen alle unsere Einrichtungen und unseren Service nutzen.Das Zimmer verf\u00fcgt \u00fcber 2 Einzelbetten und alle allgemeinen Details.Wir k\u00f6nnen eine Wiege oder ein Schlafsofa hinzuf\u00fcgen. Begleitete Kinder unter 5 [&hellip;]<\/p>\n","protected":false},"author":1,"featured_media":0,"parent":1682,"menu_order":0,"comment_status":"closed","ping_status":"closed","template":"","meta":{"footnotes":""},"class_list":["post-1720","page","type-page","status-publish","hentry"],"yoast_head":"<!-- This site is optimized with the Yoast SEO plugin v27.4 - https:\/\/yoast.com\/product\/yoast-seo-wordpress\/ -->\n<title>Doppelzimmer - 2 Betten - Hotel Villa Antigua<\/title>\n<meta name=\"robots\" content=\"index, follow, max-snippet:-1, max-image-preview:large, max-video-preview:-1\" \/>\n<link rel=\"canonical\" href=\"https:\/\/villaantiguahotel.com\/?page_id=1720&lang=de\" \/>\n<meta property=\"og:locale\" content=\"es_ES\" \/>\n<meta property=\"og:type\" content=\"article\" \/>\n<meta property=\"og:title\" content=\"Doppelzimmer - 2 Betten - Hotel Villa Antigua\" \/>\n<meta property=\"og:description\" content=\"Doppelzimmer mit 2 BettenDieses Doppelzimmer ist eine ausgezeichnete Wahl um zusammen mit einem Familienmitglied, einem Freund oder Kollegen zu buchen. Ein komfortabler Aufenthalt ist garantiert und Sie k\u00f6nnen alle unsere Einrichtungen und unseren Service nutzen.Das Zimmer verf\u00fcgt \u00fcber 2 Einzelbetten und alle allgemeinen Details.Wir k\u00f6nnen eine Wiege oder ein Schlafsofa hinzuf\u00fcgen. Begleitete Kinder unter 5 [&hellip;]\" \/>\n<meta property=\"og:url\" content=\"https:\/\/villaantiguahotel.com\/?page_id=1720&amp;lang=de\" \/>\n<meta property=\"og:site_name\" content=\"Hotel Villa Antigua\" \/>\n<meta property=\"article:publisher\" content=\"https:\/\/www.facebook.com\/Hotel-Villa-Antigua-in-Sucre-Bolivia-136777549722346\/\" \/>\n<meta property=\"article:modified_time\" content=\"2019-02-07T12:44:50+00:00\" \/>\n<meta name=\"twitter:card\" content=\"summary_large_image\" \/>\n<meta name=\"twitter:label1\" content=\"Tiempo de lectura\" \/>\n\t<meta name=\"twitter:data1\" content=\"1 minuto\" \/>\n<script type=\"application\/ld+json\" class=\"yoast-schema-graph\">{\"@context\":\"https:\\\/\\\/schema.org\",\"@graph\":[{\"@type\":\"WebPage\",\"@id\":\"https:\\\/\\\/villaantiguahotel.com\\\/?page_id=1720&lang=de\",\"url\":\"https:\\\/\\\/villaantiguahotel.com\\\/?page_id=1720&lang=de\",\"name\":\"Doppelzimmer - 2 Betten - Hotel Villa Antigua\",\"isPartOf\":{\"@id\":\"https:\\\/\\\/villaantiguahotel.com\\\/#website\"},\"datePublished\":\"2018-12-10T07:00:58+00:00\",\"dateModified\":\"2019-02-07T12:44:50+00:00\",\"breadcrumb\":{\"@id\":\"https:\\\/\\\/villaantiguahotel.com\\\/?page_id=1720&lang=de#breadcrumb\"},\"inLanguage\":\"es\",\"potentialAction\":[{\"@type\":\"ReadAction\",\"target\":[\"https:\\\/\\\/villaantiguahotel.com\\\/?page_id=1720&lang=de\"]}]},{\"@type\":\"BreadcrumbList\",\"@id\":\"https:\\\/\\\/villaantiguahotel.com\\\/?page_id=1720&lang=de#breadcrumb\",\"itemListElement\":[{\"@type\":\"ListItem\",\"position\":1,\"name\":\"Portada\",\"item\":\"https:\\\/\\\/villaantiguahotel.com\\\/\"},{\"@type\":\"ListItem\",\"position\":2,\"name\":\"Boutique Hotel\",\"item\":\"https:\\\/\\\/villaantiguahotel.com\\\/?page_id=1681&lang=de\"},{\"@type\":\"ListItem\",\"position\":3,\"name\":\"Zimmer\",\"item\":\"https:\\\/\\\/villaantiguahotel.com\\\/?page_id=1682&lang=de\"},{\"@type\":\"ListItem\",\"position\":4,\"name\":\"Doppelzimmer &#8211; 2 Betten\"}]},{\"@type\":\"WebSite\",\"@id\":\"https:\\\/\\\/villaantiguahotel.com\\\/#website\",\"url\":\"https:\\\/\\\/villaantiguahotel.com\\\/\",\"name\":\"Hotel Boutique Villa Antigua - Sucre, Patrimonio Cultural de la Humanidad\",\"description\":\"\",\"publisher\":{\"@id\":\"https:\\\/\\\/villaantiguahotel.com\\\/#organization\"},\"potentialAction\":[{\"@type\":\"SearchAction\",\"target\":{\"@type\":\"EntryPoint\",\"urlTemplate\":\"https:\\\/\\\/villaantiguahotel.com\\\/?s={search_term_string}\"},\"query-input\":{\"@type\":\"PropertyValueSpecification\",\"valueRequired\":true,\"valueName\":\"search_term_string\"}}],\"inLanguage\":\"es\"},{\"@type\":\"Organization\",\"@id\":\"https:\\\/\\\/villaantiguahotel.com\\\/#organization\",\"name\":\"Hotel Villa Antigua\",\"url\":\"https:\\\/\\\/villaantiguahotel.com\\\/\",\"logo\":{\"@type\":\"ImageObject\",\"inLanguage\":\"es\",\"@id\":\"https:\\\/\\\/villaantiguahotel.com\\\/#\\\/schema\\\/logo\\\/image\\\/\",\"url\":\"https:\\\/\\\/villaantiguahotel.com\\\/wp-content\\\/uploads\\\/2019\\\/03\\\/logo.jpg\",\"contentUrl\":\"https:\\\/\\\/villaantiguahotel.com\\\/wp-content\\\/uploads\\\/2019\\\/03\\\/logo.jpg\",\"width\":240,\"height\":229,\"caption\":\"Hotel Villa Antigua\"},\"image\":{\"@id\":\"https:\\\/\\\/villaantiguahotel.com\\\/#\\\/schema\\\/logo\\\/image\\\/\"},\"sameAs\":[\"https:\\\/\\\/www.facebook.com\\\/Hotel-Villa-Antigua-in-Sucre-Bolivia-136777549722346\\\/\",\"https:\\\/\\\/www.linkedin.com\\\/in\\\/hotel-villa-antigua-villa-6946686b\\\/\"]}]}<\/script>\n<!-- \/ Yoast SEO plugin. -->","yoast_head_json":{"title":"Doppelzimmer - 2 Betten - Hotel Villa Antigua","robots":{"index":"index","follow":"follow","max-snippet":"max-snippet:-1","max-image-preview":"max-image-preview:large","max-video-preview":"max-video-preview:-1"},"canonical":"https:\/\/villaantiguahotel.com\/?page_id=1720&lang=de","og_locale":"es_ES","og_type":"article","og_title":"Doppelzimmer - 2 Betten - Hotel Villa Antigua","og_description":"Doppelzimmer mit 2 BettenDieses Doppelzimmer ist eine ausgezeichnete Wahl um zusammen mit einem Familienmitglied, einem Freund oder Kollegen zu buchen. Ein komfortabler Aufenthalt ist garantiert und Sie k\u00f6nnen alle unsere Einrichtungen und unseren Service nutzen.Das Zimmer verf\u00fcgt \u00fcber 2 Einzelbetten und alle allgemeinen Details.Wir k\u00f6nnen eine Wiege oder ein Schlafsofa hinzuf\u00fcgen. Begleitete Kinder unter 5 [&hellip;]","og_url":"https:\/\/villaantiguahotel.com\/?page_id=1720&lang=de","og_site_name":"Hotel Villa Antigua","article_publisher":"https:\/\/www.facebook.com\/Hotel-Villa-Antigua-in-Sucre-Bolivia-136777549722346\/","article_modified_time":"2019-02-07T12:44:50+00:00","twitter_card":"summary_large_image","twitter_misc":{"Tiempo de lectura":"1 minuto"},"schema":{"@context":"https:\/\/schema.org","@graph":[{"@type":"WebPage","@id":"https:\/\/villaantiguahotel.com\/?page_id=1720&lang=de","url":"https:\/\/villaantiguahotel.com\/?page_id=1720&lang=de","name":"Doppelzimmer - 2 Betten - Hotel Villa Antigua","isPartOf":{"@id":"https:\/\/villaantiguahotel.com\/#website"},"datePublished":"2018-12-10T07:00:58+00:00","dateModified":"2019-02-07T12:44:50+00:00","breadcrumb":{"@id":"https:\/\/villaantiguahotel.com\/?page_id=1720&lang=de#breadcrumb"},"inLanguage":"es","potentialAction":[{"@type":"ReadAction","target":["https:\/\/villaantiguahotel.com\/?page_id=1720&lang=de"]}]},{"@type":"BreadcrumbList","@id":"https:\/\/villaantiguahotel.com\/?page_id=1720&lang=de#breadcrumb","itemListElement":[{"@type":"ListItem","position":1,"name":"Portada","item":"https:\/\/villaantiguahotel.com\/"},{"@type":"ListItem","position":2,"name":"Boutique Hotel","item":"https:\/\/villaantiguahotel.com\/?page_id=1681&lang=de"},{"@type":"ListItem","position":3,"name":"Zimmer","item":"https:\/\/villaantiguahotel.com\/?page_id=1682&lang=de"},{"@type":"ListItem","position":4,"name":"Doppelzimmer &#8211; 2 Betten"}]},{"@type":"WebSite","@id":"https:\/\/villaantiguahotel.com\/#website","url":"https:\/\/villaantiguahotel.com\/","name":"Hotel Boutique Villa Antigua - Sucre, Patrimonio Cultural de la Humanidad","description":"","publisher":{"@id":"https:\/\/villaantiguahotel.com\/#organization"},"potentialAction":[{"@type":"SearchAction","target":{"@type":"EntryPoint","urlTemplate":"https:\/\/villaantiguahotel.com\/?s={search_term_string}"},"query-input":{"@type":"PropertyValueSpecification","valueRequired":true,"valueName":"search_term_string"}}],"inLanguage":"es"},{"@type":"Organization","@id":"https:\/\/villaantiguahotel.com\/#organization","name":"Hotel Villa Antigua","url":"https:\/\/villaantiguahotel.com\/","logo":{"@type":"ImageObject","inLanguage":"es","@id":"https:\/\/villaantiguahotel.com\/#\/schema\/logo\/image\/","url":"https:\/\/villaantiguahotel.com\/wp-content\/uploads\/2019\/03\/logo.jpg","contentUrl":"https:\/\/villaantiguahotel.com\/wp-content\/uploads\/2019\/03\/logo.jpg","width":240,"height":229,"caption":"Hotel Villa Antigua"},"image":{"@id":"https:\/\/villaantiguahotel.com\/#\/schema\/logo\/image\/"},"sameAs":["https:\/\/www.facebook.com\/Hotel-Villa-Antigua-in-Sucre-Bolivia-136777549722346\/","https:\/\/www.linkedin.com\/in\/hotel-villa-antigua-villa-6946686b\/"]}]}},"_links":{"self":[{"href":"https:\/\/villaantiguahotel.com\/index.php?rest_route=\/wp\/v2\/pages\/1720","targetHints":{"allow":["GET"]}}],"collection":[{"href":"https:\/\/villaantiguahotel.com\/index.php?rest_route=\/wp\/v2\/pages"}],"about":[{"href":"https:\/\/villaantiguahotel.com\/index.php?rest_route=\/wp\/v2\/types\/page"}],"author":[{"embeddable":true,"href":"https:\/\/villaantiguahotel.com\/index.php?rest_route=\/wp\/v2\/users\/1"}],"replies":[{"embeddable":true,"href":"https:\/\/villaantiguahotel.com\/index.php?rest_route=%2Fwp%2Fv2%2Fcomments&post=1720"}],"version-history":[{"count":0,"href":"https:\/\/villaantiguahotel.com\/index.php?rest_route=\/wp\/v2\/pages\/1720\/revisions"}],"up":[{"embeddable":true,"href":"https:\/\/villaantiguahotel.com\/index.php?rest_route=\/wp\/v2\/pages\/1682"}],"wp:attachment":[{"href":"https:\/\/villaantiguahotel.com\/index.php?rest_route=%2Fwp%2Fv2%2Fmedia&parent=1720"}],"curies":[{"name":"wp","href":"https:\/\/api.w.org\/{rel}","templated":true}]}}