{"id":1722,"date":"2018-12-10T07:05:35","date_gmt":"2018-12-10T07:05:35","guid":{"rendered":"https:\/\/villaantiguahotel.com\/?page_id=1722"},"modified":"2023-02-02T15:21:15","modified_gmt":"2023-02-02T15:21:15","slug":"master-suite-de","status":"publish","type":"page","link":"https:\/\/villaantiguahotel.com\/?page_id=1722&lang=de","title":{"rendered":"Master Suite"},"content":{"rendered":"<div class=\"vce-row-container\" data-vce-boxed-width=\"true\"><div class=\"vce-row vce-row--col-gap-30 bg-submenu vce-row-content--top\" id=\"el-66962de3\" data-vce-do-apply=\"all el-66962de3\"><div class=\"vce-row-content\" data-vce-element-content=\"true\"><div class=\"vce-col vce-col--md-100p vce-col--xs-1 vce-col--xs-last vce-col--xs-first vce-col--sm-last vce-col--sm-first vce-col--md-last vce-col--lg-last vce-col--xl-last vce-col--md-first vce-col--lg-first vce-col--xl-first\" id=\"el-33938ba8\"><div class=\"vce-col-inner\" data-vce-do-apply=\"border margin background  el-33938ba8\"><div class=\"vce-col-content\" data-vce-element-content=\"true\" data-vce-do-apply=\"padding el-33938ba8\"><div class=\"vce-widgets-container\" id=\"submenu-habitaciones\"><div class=\"vce vce-widgets-wrapper\" id=\"el-5a9c5df0\" data-vce-do-apply=\"all el-5a9c5df0\"><div class=\"menu-submenu-habitaciones-de-container\"><ul id=\"menu-submenu-habitaciones-de\" class=\"menu\"><li id=\"menu-item-1738\" class=\"menu-item menu-item-type-post_type menu-item-object-page menu-item-1738\"><a href=\"https:\/\/villaantiguahotel.com\/?page_id=1718&#038;lang=de\">Einzelzimmer<\/a><\/li>\n<li id=\"menu-item-1737\" class=\"menu-item menu-item-type-post_type menu-item-object-page menu-item-1737\"><a href=\"https:\/\/villaantiguahotel.com\/?page_id=1719&#038;lang=de\">Doppelzimmer &#8211; 1 Bett<\/a><\/li>\n<li id=\"menu-item-1736\" class=\"menu-item menu-item-type-post_type menu-item-object-page menu-item-1736\"><a href=\"https:\/\/villaantiguahotel.com\/?page_id=1720&#038;lang=de\">Doppelzimmer &#8211; 2 Betten<\/a><\/li>\n<li id=\"menu-item-1735\" class=\"menu-item menu-item-type-post_type menu-item-object-page menu-item-1735\"><a href=\"https:\/\/villaantiguahotel.com\/?page_id=1721&#038;lang=de\">Dreibettzimmer<\/a><\/li>\n<li id=\"menu-item-1734\" class=\"menu-item menu-item-type-post_type menu-item-object-page menu-item-1734\"><a href=\"https:\/\/villaantiguahotel.com\/?page_id=1723&#038;lang=de\">Junior Suite<\/a><\/li>\n<li id=\"menu-item-1733\" class=\"menu-item menu-item-type-post_type menu-item-object-page menu-item-1733\"><a href=\"https:\/\/villaantiguahotel.com\/?page_id=1722&#038;lang=de\">Master Suite<\/a><\/li>\n<li id=\"menu-item-1732\" class=\"menu-item menu-item-type-post_type menu-item-object-page menu-item-1732\"><a href=\"https:\/\/villaantiguahotel.com\/?page_id=1730&#038;lang=de\">Appartement<\/a><\/li>\n<\/ul><\/div><\/div><\/div><\/div><\/div><\/div><\/div><\/div><\/div><div class=\"vce-row-container\" data-vce-boxed-width=\"true\"><div class=\"vce-row vce-row--col-gap-30 vce-row-content--top\" id=\"el-18da6134\" data-vce-do-apply=\"all el-18da6134\"><div class=\"vce-row-content\" data-vce-element-content=\"true\"><div class=\"vce-col vce-col--md-100p vce-col--xs-1 vce-col--xs-last vce-col--xs-first vce-col--sm-last vce-col--sm-first vce-col--md-last vce-col--lg-last vce-col--xl-last vce-col--md-first vce-col--lg-first vce-col--xl-first\" id=\"el-7dc3355b\"><div class=\"vce-col-inner\" data-vce-do-apply=\"border margin background  el-7dc3355b\" id=\"slider\"><div class=\"vce-col-content\" data-vce-element-content=\"true\" data-vce-do-apply=\"padding el-7dc3355b\"><div class=\"vce-widgets-container\"><div class=\"vce vce-widgets-wrapper\" id=\"el-f76de20a\" data-vce-do-apply=\"all el-f76de20a\"><\/div><\/div><\/div><\/div><\/div><\/div><\/div><\/div><div class=\"vce-row-container\" data-vce-boxed-width=\"true\"><div class=\"vce-row vce-row--col-gap-30 vce-row-content--top\" id=\"el-66940448\" data-vce-do-apply=\"all el-66940448\"><div class=\"vce-content-background-container\"><\/div><div class=\"vce-row-content\" data-vce-element-content=\"true\"><div class=\"vce-col vce-col--xs-hide vce-col--xs-first vce-col--sm-hide vce-col--sm-first vce-col--md-10p vce-col--md-visible vce-col--md-first vce-col--lg-15p vce-col--lg-visible vce-col--lg-first vce-col--xl-15p vce-col--xl-visible vce-col--xl-first\" id=\"el-56499a23\"><div class=\"vce-col-inner\" data-vce-do-apply=\"border margin background  el-56499a23\"><div class=\"vce-col-content\" data-vce-element-content=\"true\" data-vce-do-apply=\"padding el-56499a23\"><div><\/div><\/div><\/div><\/div><div class=\"vce-col vce-col--xs-100p vce-col--xs-visible vce-col--xs-last vce-col--sm-100p vce-col--sm-visible vce-col--sm-last vce-col--md-80p vce-col--md-visible vce-col--lg-70p vce-col--lg-visible vce-col--xl-70p vce-col--xl-visible\" id=\"el-0c80f4ba\"><div class=\"vce-col-inner\" data-vce-do-apply=\"border margin background  el-0c80f4ba\"><div class=\"vce-col-content\" data-vce-element-content=\"true\" data-vce-do-apply=\"padding el-0c80f4ba\"><div class=\"vce-text-block text-center\"><div class=\"vce-text-block-wrapper vce\" id=\"el-9608c67c\" data-vce-do-apply=\"all el-9608c67c\" data-vce-animate=\"vce-o-animate--fadeInUp\"><h4 class=\"title\">Master suite<\/h4><\/div><\/div><div class=\"vce-row-container\" data-vce-boxed-width=\"true\"><div class=\"vce-row vce-row--col-gap-30 my-1 vce-row-content--top\" id=\"el-8cb85928\" data-vce-do-apply=\"all el-8cb85928\"><div class=\"vce-row-content\" data-vce-element-content=\"true\"><div class=\"vce-col vce-col--md-60p vce-col--xs-1 vce-col--xs-last vce-col--xs-first vce-col--sm-last vce-col--sm-first vce-col--md-first vce-col--lg-first vce-col--xl-first\" id=\"el-d2537389\"><div class=\"vce-col-inner\" data-vce-do-apply=\"border margin background  el-d2537389\"><div class=\"vce-col-content\" data-vce-element-content=\"true\" data-vce-do-apply=\"padding el-d2537389\"><div class=\"vce-text-block\"><div class=\"vce-text-block-wrapper vce\" id=\"el-973e1cde\" data-vce-do-apply=\"all el-973e1cde\" data-vce-animate=\"vce-o-animate--fadeInUp\"><p><span class=\"tlid-translation translation\"><span class=\"\" title=\"\">Die Master Suite mit Funktionalit\u00e4t und Raumaufteilung die auf maximalen Komfort ausgerichtet sind, garantiert einen angenehmen und ger\u00e4umigen Sitz- und Schlafbereich.<\/span> <span title=\"\">Das Badezimmer ist gro\u00df und mit einem komfortablen Jacuzzi ausgestattet.<\/span> <span title=\"\">Das Zimmer hat eine eigene Terrasse. <span class=\"HwtZe\" lang=\"de\"><span class=\"jCAhz ChMk0b\"><span class=\"ryNqvb\">Der Fernseher ist intelligent, um sich mit Ihren Lieblingsprogrammen im Internet zu verbinden.<\/span><\/span><\/span><br><\/span><\/span><\/p><p><span title=\"\">Das Bett ist Queen-Size und das Zimmer hat alle <a href=\"http:\/\/web.villaantiguahotel.com\/de\/zimmer#Details\">allgemeinen Details<\/a>.<\/span><\/p><p><span class=\"tlid-translation translation\"><span title=\"\">Wir k\u00f6nnen eine Wiege oder ein Schlafsofa hinzuf\u00fcgen. Begleitete Kinder unter 5 Jahren \u00fcbernachten kostenlos.<\/span><\/span><\/p><\/div><\/div><\/div><\/div><\/div><div class=\"vce-col vce-col--md-40p vce-col--xs-1 vce-col--xs-last vce-col--xs-first vce-col--sm-last vce-col--sm-first vce-col--md-last vce-col--lg-last vce-col--xl-last text-justify\" id=\"el-40ac03bd\"><div class=\"vce-col-inner\" data-vce-do-apply=\"border margin background  el-40ac03bd\"><div class=\"vce-col-content\" data-vce-element-content=\"true\" data-vce-do-apply=\"padding el-40ac03bd\"><div class=\"vce-text-block\"><div class=\"vce-text-block-wrapper vce\" id=\"el-cafd6e84\" data-vce-do-apply=\"all el-cafd6e84\" data-vce-animate=\"vce-o-animate--fadeInUp\"><h6>Spezifikationen vom Zimmer:<\/h6><p>Anzahl der G\u00e4ste: 2<br>Bettl\u00e4nge: 2 mts<br>Raumgr\u00f6\u00dfe: 50 m2<\/p><\/div><\/div><\/div><\/div><\/div><\/div><\/div><\/div><\/div><\/div><\/div><div class=\"vce-col vce-col--xs-hide vce-col--xs-first vce-col--sm-hide vce-col--sm-first vce-col--md-10p vce-col--md-visible vce-col--md-last vce-col--lg-15p vce-col--lg-visible vce-col--lg-last vce-col--xl-15p vce-col--xl-visible vce-col--xl-last\" id=\"el-be4aaef4\"><div class=\"vce-col-inner\" data-vce-do-apply=\"border margin background  el-be4aaef4\"><div class=\"vce-col-content\" data-vce-element-content=\"true\" data-vce-do-apply=\"padding el-be4aaef4\"><div><\/div><\/div><\/div><\/div><\/div><\/div><\/div>","protected":false},"excerpt":{"rendered":"<p>Master suiteDie Master Suite mit Funktionalit\u00e4t und Raumaufteilung die auf maximalen Komfort ausgerichtet sind, garantiert einen angenehmen und ger\u00e4umigen Sitz- und Schlafbereich. Das Badezimmer ist gro\u00df und mit einem komfortablen Jacuzzi ausgestattet. Das Zimmer hat eine eigene Terrasse. Der Fernseher ist intelligent, um sich mit Ihren Lieblingsprogrammen im Internet zu verbinden.Das Bett ist Queen-Size und [&hellip;]<\/p>\n","protected":false},"author":1,"featured_media":0,"parent":1682,"menu_order":0,"comment_status":"closed","ping_status":"closed","template":"","meta":{"footnotes":""},"class_list":["post-1722","page","type-page","status-publish","hentry"],"yoast_head":"<!-- This site is optimized with the Yoast SEO plugin v27.4 - https:\/\/yoast.com\/product\/yoast-seo-wordpress\/ -->\n<title>Master Suite - Hotel Villa Antigua<\/title>\n<meta name=\"robots\" content=\"index, follow, max-snippet:-1, max-image-preview:large, max-video-preview:-1\" \/>\n<link rel=\"canonical\" href=\"https:\/\/villaantiguahotel.com\/?page_id=1722&lang=de\" \/>\n<meta property=\"og:locale\" content=\"es_ES\" \/>\n<meta property=\"og:type\" content=\"article\" \/>\n<meta property=\"og:title\" content=\"Master Suite - Hotel Villa Antigua\" \/>\n<meta property=\"og:description\" content=\"Master suiteDie Master Suite mit Funktionalit\u00e4t und Raumaufteilung die auf maximalen Komfort ausgerichtet sind, garantiert einen angenehmen und ger\u00e4umigen Sitz- und Schlafbereich. Das Badezimmer ist gro\u00df und mit einem komfortablen Jacuzzi ausgestattet. Das Zimmer hat eine eigene Terrasse. Der Fernseher ist intelligent, um sich mit Ihren Lieblingsprogrammen im Internet zu verbinden.Das Bett ist Queen-Size und [&hellip;]\" \/>\n<meta property=\"og:url\" content=\"https:\/\/villaantiguahotel.com\/?page_id=1722&amp;lang=de\" \/>\n<meta property=\"og:site_name\" content=\"Hotel Villa Antigua\" \/>\n<meta property=\"article:publisher\" content=\"https:\/\/www.facebook.com\/Hotel-Villa-Antigua-in-Sucre-Bolivia-136777549722346\/\" \/>\n<meta property=\"article:modified_time\" content=\"2023-02-02T15:21:15+00:00\" \/>\n<meta name=\"twitter:card\" content=\"summary_large_image\" \/>\n<meta name=\"twitter:label1\" content=\"Tiempo de lectura\" \/>\n\t<meta name=\"twitter:data1\" content=\"1 minuto\" \/>\n<script type=\"application\/ld+json\" class=\"yoast-schema-graph\">{\"@context\":\"https:\\\/\\\/schema.org\",\"@graph\":[{\"@type\":\"WebPage\",\"@id\":\"https:\\\/\\\/villaantiguahotel.com\\\/?page_id=1722&lang=de\",\"url\":\"https:\\\/\\\/villaantiguahotel.com\\\/?page_id=1722&lang=de\",\"name\":\"Master Suite - Hotel Villa Antigua\",\"isPartOf\":{\"@id\":\"https:\\\/\\\/villaantiguahotel.com\\\/#website\"},\"datePublished\":\"2018-12-10T07:05:35+00:00\",\"dateModified\":\"2023-02-02T15:21:15+00:00\",\"breadcrumb\":{\"@id\":\"https:\\\/\\\/villaantiguahotel.com\\\/?page_id=1722&lang=de#breadcrumb\"},\"inLanguage\":\"es\",\"potentialAction\":[{\"@type\":\"ReadAction\",\"target\":[\"https:\\\/\\\/villaantiguahotel.com\\\/?page_id=1722&lang=de\"]}]},{\"@type\":\"BreadcrumbList\",\"@id\":\"https:\\\/\\\/villaantiguahotel.com\\\/?page_id=1722&lang=de#breadcrumb\",\"itemListElement\":[{\"@type\":\"ListItem\",\"position\":1,\"name\":\"Portada\",\"item\":\"https:\\\/\\\/villaantiguahotel.com\\\/\"},{\"@type\":\"ListItem\",\"position\":2,\"name\":\"Boutique Hotel\",\"item\":\"https:\\\/\\\/villaantiguahotel.com\\\/?page_id=1681&lang=de\"},{\"@type\":\"ListItem\",\"position\":3,\"name\":\"Zimmer\",\"item\":\"https:\\\/\\\/villaantiguahotel.com\\\/?page_id=1682&lang=de\"},{\"@type\":\"ListItem\",\"position\":4,\"name\":\"Master Suite\"}]},{\"@type\":\"WebSite\",\"@id\":\"https:\\\/\\\/villaantiguahotel.com\\\/#website\",\"url\":\"https:\\\/\\\/villaantiguahotel.com\\\/\",\"name\":\"Hotel Boutique Villa Antigua - Sucre, Patrimonio Cultural de la Humanidad\",\"description\":\"\",\"publisher\":{\"@id\":\"https:\\\/\\\/villaantiguahotel.com\\\/#organization\"},\"potentialAction\":[{\"@type\":\"SearchAction\",\"target\":{\"@type\":\"EntryPoint\",\"urlTemplate\":\"https:\\\/\\\/villaantiguahotel.com\\\/?s={search_term_string}\"},\"query-input\":{\"@type\":\"PropertyValueSpecification\",\"valueRequired\":true,\"valueName\":\"search_term_string\"}}],\"inLanguage\":\"es\"},{\"@type\":\"Organization\",\"@id\":\"https:\\\/\\\/villaantiguahotel.com\\\/#organization\",\"name\":\"Hotel Villa Antigua\",\"url\":\"https:\\\/\\\/villaantiguahotel.com\\\/\",\"logo\":{\"@type\":\"ImageObject\",\"inLanguage\":\"es\",\"@id\":\"https:\\\/\\\/villaantiguahotel.com\\\/#\\\/schema\\\/logo\\\/image\\\/\",\"url\":\"https:\\\/\\\/villaantiguahotel.com\\\/wp-content\\\/uploads\\\/2019\\\/03\\\/logo.jpg\",\"contentUrl\":\"https:\\\/\\\/villaantiguahotel.com\\\/wp-content\\\/uploads\\\/2019\\\/03\\\/logo.jpg\",\"width\":240,\"height\":229,\"caption\":\"Hotel Villa Antigua\"},\"image\":{\"@id\":\"https:\\\/\\\/villaantiguahotel.com\\\/#\\\/schema\\\/logo\\\/image\\\/\"},\"sameAs\":[\"https:\\\/\\\/www.facebook.com\\\/Hotel-Villa-Antigua-in-Sucre-Bolivia-136777549722346\\\/\",\"https:\\\/\\\/www.linkedin.com\\\/in\\\/hotel-villa-antigua-villa-6946686b\\\/\"]}]}<\/script>\n<!-- \/ Yoast SEO plugin. -->","yoast_head_json":{"title":"Master Suite - Hotel Villa Antigua","robots":{"index":"index","follow":"follow","max-snippet":"max-snippet:-1","max-image-preview":"max-image-preview:large","max-video-preview":"max-video-preview:-1"},"canonical":"https:\/\/villaantiguahotel.com\/?page_id=1722&lang=de","og_locale":"es_ES","og_type":"article","og_title":"Master Suite - Hotel Villa Antigua","og_description":"Master suiteDie Master Suite mit Funktionalit\u00e4t und Raumaufteilung die auf maximalen Komfort ausgerichtet sind, garantiert einen angenehmen und ger\u00e4umigen Sitz- und Schlafbereich. Das Badezimmer ist gro\u00df und mit einem komfortablen Jacuzzi ausgestattet. Das Zimmer hat eine eigene Terrasse. Der Fernseher ist intelligent, um sich mit Ihren Lieblingsprogrammen im Internet zu verbinden.Das Bett ist Queen-Size und [&hellip;]","og_url":"https:\/\/villaantiguahotel.com\/?page_id=1722&lang=de","og_site_name":"Hotel Villa Antigua","article_publisher":"https:\/\/www.facebook.com\/Hotel-Villa-Antigua-in-Sucre-Bolivia-136777549722346\/","article_modified_time":"2023-02-02T15:21:15+00:00","twitter_card":"summary_large_image","twitter_misc":{"Tiempo de lectura":"1 minuto"},"schema":{"@context":"https:\/\/schema.org","@graph":[{"@type":"WebPage","@id":"https:\/\/villaantiguahotel.com\/?page_id=1722&lang=de","url":"https:\/\/villaantiguahotel.com\/?page_id=1722&lang=de","name":"Master Suite - Hotel Villa Antigua","isPartOf":{"@id":"https:\/\/villaantiguahotel.com\/#website"},"datePublished":"2018-12-10T07:05:35+00:00","dateModified":"2023-02-02T15:21:15+00:00","breadcrumb":{"@id":"https:\/\/villaantiguahotel.com\/?page_id=1722&lang=de#breadcrumb"},"inLanguage":"es","potentialAction":[{"@type":"ReadAction","target":["https:\/\/villaantiguahotel.com\/?page_id=1722&lang=de"]}]},{"@type":"BreadcrumbList","@id":"https:\/\/villaantiguahotel.com\/?page_id=1722&lang=de#breadcrumb","itemListElement":[{"@type":"ListItem","position":1,"name":"Portada","item":"https:\/\/villaantiguahotel.com\/"},{"@type":"ListItem","position":2,"name":"Boutique Hotel","item":"https:\/\/villaantiguahotel.com\/?page_id=1681&lang=de"},{"@type":"ListItem","position":3,"name":"Zimmer","item":"https:\/\/villaantiguahotel.com\/?page_id=1682&lang=de"},{"@type":"ListItem","position":4,"name":"Master Suite"}]},{"@type":"WebSite","@id":"https:\/\/villaantiguahotel.com\/#website","url":"https:\/\/villaantiguahotel.com\/","name":"Hotel Boutique Villa Antigua - Sucre, Patrimonio Cultural de la Humanidad","description":"","publisher":{"@id":"https:\/\/villaantiguahotel.com\/#organization"},"potentialAction":[{"@type":"SearchAction","target":{"@type":"EntryPoint","urlTemplate":"https:\/\/villaantiguahotel.com\/?s={search_term_string}"},"query-input":{"@type":"PropertyValueSpecification","valueRequired":true,"valueName":"search_term_string"}}],"inLanguage":"es"},{"@type":"Organization","@id":"https:\/\/villaantiguahotel.com\/#organization","name":"Hotel Villa Antigua","url":"https:\/\/villaantiguahotel.com\/","logo":{"@type":"ImageObject","inLanguage":"es","@id":"https:\/\/villaantiguahotel.com\/#\/schema\/logo\/image\/","url":"https:\/\/villaantiguahotel.com\/wp-content\/uploads\/2019\/03\/logo.jpg","contentUrl":"https:\/\/villaantiguahotel.com\/wp-content\/uploads\/2019\/03\/logo.jpg","width":240,"height":229,"caption":"Hotel Villa Antigua"},"image":{"@id":"https:\/\/villaantiguahotel.com\/#\/schema\/logo\/image\/"},"sameAs":["https:\/\/www.facebook.com\/Hotel-Villa-Antigua-in-Sucre-Bolivia-136777549722346\/","https:\/\/www.linkedin.com\/in\/hotel-villa-antigua-villa-6946686b\/"]}]}},"_links":{"self":[{"href":"https:\/\/villaantiguahotel.com\/index.php?rest_route=\/wp\/v2\/pages\/1722","targetHints":{"allow":["GET"]}}],"collection":[{"href":"https:\/\/villaantiguahotel.com\/index.php?rest_route=\/wp\/v2\/pages"}],"about":[{"href":"https:\/\/villaantiguahotel.com\/index.php?rest_route=\/wp\/v2\/types\/page"}],"author":[{"embeddable":true,"href":"https:\/\/villaantiguahotel.com\/index.php?rest_route=\/wp\/v2\/users\/1"}],"replies":[{"embeddable":true,"href":"https:\/\/villaantiguahotel.com\/index.php?rest_route=%2Fwp%2Fv2%2Fcomments&post=1722"}],"version-history":[{"count":1,"href":"https:\/\/villaantiguahotel.com\/index.php?rest_route=\/wp\/v2\/pages\/1722\/revisions"}],"predecessor-version":[{"id":4829,"href":"https:\/\/villaantiguahotel.com\/index.php?rest_route=\/wp\/v2\/pages\/1722\/revisions\/4829"}],"up":[{"embeddable":true,"href":"https:\/\/villaantiguahotel.com\/index.php?rest_route=\/wp\/v2\/pages\/1682"}],"wp:attachment":[{"href":"https:\/\/villaantiguahotel.com\/index.php?rest_route=%2Fwp%2Fv2%2Fmedia&parent=1722"}],"curies":[{"name":"wp","href":"https:\/\/api.w.org\/{rel}","templated":true}]}}