{"id":1840,"date":"2018-12-10T21:21:10","date_gmt":"2018-12-10T21:21:10","guid":{"rendered":"https:\/\/villaantiguahotel.com\/?page_id=1840"},"modified":"2023-02-02T15:23:14","modified_gmt":"2023-02-02T15:23:14","slug":"suite-master-it","status":"publish","type":"page","link":"https:\/\/villaantiguahotel.com\/?page_id=1840&lang=it","title":{"rendered":"Suite master"},"content":{"rendered":"<div class=\"vce-row-container\" data-vce-boxed-width=\"true\"><div class=\"vce-row vce-row--col-gap-30 bg-submenu vce-row-content--top\" id=\"el-66962de3\" data-vce-do-apply=\"all el-66962de3\"><div class=\"vce-row-content\" data-vce-element-content=\"true\"><div class=\"vce-col vce-col--md-100p vce-col--xs-1 vce-col--xs-last vce-col--xs-first vce-col--sm-last vce-col--sm-first vce-col--md-last vce-col--lg-last vce-col--xl-last vce-col--md-first vce-col--lg-first vce-col--xl-first\" id=\"el-33938ba8\"><div class=\"vce-col-inner\" data-vce-do-apply=\"border margin background  el-33938ba8\"><div class=\"vce-col-content\" data-vce-element-content=\"true\" data-vce-do-apply=\"padding el-33938ba8\"><div class=\"vce-widgets-container\" id=\"submenu-habitaciones\"><div class=\"vce vce-widgets-wrapper\" id=\"el-5a9c5df0\" data-vce-do-apply=\"all el-5a9c5df0\"><div class=\"menu-submenu-habitaciones-it-container\"><ul id=\"menu-submenu-habitaciones-it\" class=\"menu\"><li id=\"menu-item-1829\" class=\"menu-item menu-item-type-post_type menu-item-object-page menu-item-1829\"><a href=\"https:\/\/villaantiguahotel.com\/?page_id=1824&#038;lang=it\">Camera singola<\/a><\/li>\n<li id=\"menu-item-1859\" class=\"menu-item menu-item-type-post_type menu-item-object-page menu-item-1859\"><a href=\"https:\/\/villaantiguahotel.com\/?page_id=1833&#038;lang=it\">Camera matrimoniale<\/a><\/li>\n<li id=\"menu-item-1858\" class=\"menu-item menu-item-type-post_type menu-item-object-page menu-item-1858\"><a href=\"https:\/\/villaantiguahotel.com\/?page_id=1834&#038;lang=it\">Camera doppia<\/a><\/li>\n<li id=\"menu-item-1857\" class=\"menu-item menu-item-type-post_type menu-item-object-page menu-item-1857\"><a href=\"https:\/\/villaantiguahotel.com\/?page_id=1836&#038;lang=it\">Camera tripla<\/a><\/li>\n<li id=\"menu-item-1856\" class=\"menu-item menu-item-type-post_type menu-item-object-page menu-item-1856\"><a href=\"https:\/\/villaantiguahotel.com\/?page_id=1838&#038;lang=it\">Suite junior<\/a><\/li>\n<li id=\"menu-item-1854\" class=\"menu-item menu-item-type-post_type menu-item-object-page menu-item-1854\"><a href=\"https:\/\/villaantiguahotel.com\/?page_id=1840&#038;lang=it\">Suite master<\/a><\/li>\n<li id=\"menu-item-1855\" class=\"menu-item menu-item-type-post_type menu-item-object-page menu-item-1855\"><a href=\"https:\/\/villaantiguahotel.com\/?page_id=1842&#038;lang=it\">Appartemento<\/a><\/li>\n<\/ul><\/div><\/div><\/div><\/div><\/div><\/div><\/div><\/div><\/div><div class=\"vce-row-container\" data-vce-boxed-width=\"true\"><div class=\"vce-row vce-row--col-gap-30 vce-row-content--top\" id=\"el-18da6134\" data-vce-do-apply=\"all el-18da6134\"><div class=\"vce-row-content\" data-vce-element-content=\"true\"><div class=\"vce-col vce-col--md-100p vce-col--xs-1 vce-col--xs-last vce-col--xs-first vce-col--sm-last vce-col--sm-first vce-col--md-last vce-col--lg-last vce-col--xl-last vce-col--md-first vce-col--lg-first vce-col--xl-first\" id=\"el-7dc3355b\"><div class=\"vce-col-inner\" data-vce-do-apply=\"border margin background  el-7dc3355b\" id=\"slider\"><div class=\"vce-col-content\" data-vce-element-content=\"true\" data-vce-do-apply=\"padding el-7dc3355b\"><div class=\"vce-widgets-container\"><div class=\"vce vce-widgets-wrapper\" id=\"el-f76de20a\" data-vce-do-apply=\"all el-f76de20a\"><\/div><\/div><\/div><\/div><\/div><\/div><\/div><\/div><div class=\"vce-row-container\" data-vce-boxed-width=\"true\"><div class=\"vce-row vce-row--col-gap-30 vce-row-content--top\" id=\"el-380860c5\" data-vce-do-apply=\"all el-380860c5\"><div class=\"vce-content-background-container\"><\/div><div class=\"vce-row-content\" data-vce-element-content=\"true\"><div class=\"vce-col vce-col--xs-hide vce-col--xs-first vce-col--sm-hide vce-col--sm-first vce-col--md-10p vce-col--md-visible vce-col--md-first vce-col--lg-15p vce-col--lg-visible vce-col--lg-first vce-col--xl-15p vce-col--xl-visible vce-col--xl-first\" id=\"el-1120025e\"><div class=\"vce-col-inner\" data-vce-do-apply=\"border margin background  el-1120025e\"><div class=\"vce-col-content\" data-vce-element-content=\"true\" data-vce-do-apply=\"padding el-1120025e\"><div><\/div><\/div><\/div><\/div><div class=\"vce-col vce-col--xs-100p vce-col--xs-visible vce-col--xs-last vce-col--sm-100p vce-col--sm-visible vce-col--sm-last vce-col--md-80p vce-col--md-visible vce-col--lg-70p vce-col--lg-visible vce-col--xl-70p vce-col--xl-visible\" id=\"el-fe566a06\"><div class=\"vce-col-inner\" data-vce-do-apply=\"border margin background  el-fe566a06\"><div class=\"vce-col-content\" data-vce-element-content=\"true\" data-vce-do-apply=\"padding el-fe566a06\"><div class=\"vce-text-block text-center\"><div class=\"vce-text-block-wrapper vce\" id=\"el-11a8f07a\" data-vce-do-apply=\"all el-11a8f07a\" data-vce-animate=\"vce-o-animate--fadeInUp\"><h4 class=\"title\">Suite master<\/h4><\/div><\/div><div class=\"vce-row-container\" data-vce-boxed-width=\"true\"><div class=\"vce-row vce-row--col-gap-30 my-1 vce-row-content--top\" id=\"el-dc3f651a\" data-vce-do-apply=\"all el-dc3f651a\"><div class=\"vce-row-content\" data-vce-element-content=\"true\"><div class=\"vce-col vce-col--md-60p vce-col--xs-1 vce-col--xs-last vce-col--xs-first vce-col--sm-last vce-col--sm-first vce-col--md-first vce-col--lg-first vce-col--xl-first\" id=\"el-e900a088\"><div class=\"vce-col-inner\" data-vce-do-apply=\"border margin background  el-e900a088\"><div class=\"vce-col-content\" data-vce-element-content=\"true\" data-vce-do-apply=\"padding el-e900a088\"><div class=\"vce-text-block\"><div class=\"vce-text-block-wrapper vce\" id=\"el-6bf24060\" data-vce-do-apply=\"all el-6bf24060\" data-vce-animate=\"vce-o-animate--fadeInUp\"><p><span class=\"tlid-translation translation\"><span class=\"\" title=\"\">La master suite ha la funzionalit\u00e0 e la distribuzione degli spazi alla ricerca del massimo comfort, e consente di trascorrere piacevoli e comode aree notturne.<\/span> <span class=\"\" title=\"\">Il bagno \u00e8 spazioso e ha una jacuzzi molto confortevole e una terrazza privata. <span class=\"HwtZe\" lang=\"it\"><span class=\"jCAhz ChMk0b\"><span class=\"ryNqvb\">La TV \u00e8 intelligente per connettersi con i tuoi programmi preferiti su Internet.<\/span><\/span><\/span><br><\/span><\/span><\/p><p><span title=\"\">Il letto \u00e8 queen size e la camera ha tutti i <a href=\"http:\/\/web.villaantiguahotel.com\/it\/camera#dettagli\">dettagli generali<\/a>.<\/span><\/p><p><span title=\"\">\u00c8 possibile aggiungere una culla o un divano letto supplementare.<\/span> <span title=\"\">I bambini accompagnati sotto i 5 anni non pagano.<\/span><\/p><\/div><\/div><\/div><\/div><\/div><div class=\"vce-col vce-col--md-40p vce-col--xs-1 vce-col--xs-last vce-col--xs-first vce-col--sm-last vce-col--sm-first vce-col--md-last vce-col--lg-last vce-col--xl-last text-justify\" id=\"el-6ba8068a\"><div class=\"vce-col-inner\" data-vce-do-apply=\"border margin background  el-6ba8068a\"><div class=\"vce-col-content\" data-vce-element-content=\"true\" data-vce-do-apply=\"padding el-6ba8068a\"><div class=\"vce-text-block\"><div class=\"vce-text-block-wrapper vce\" id=\"el-dff1812d\" data-vce-do-apply=\"all el-dff1812d\" data-vce-animate=\"vce-o-animate--fadeInUp\"><h6><span class=\"attribute-label\"><span class=\"tlid-translation translation\"><span class=\"\" title=\"\">Informazioni sulla camera<\/span><\/span><\/span>:<\/h6><p><span class=\"attribute-label\"><span class=\"tlid-translation translation\"><span title=\"\">Numero di persone: 2<\/span><br><span title=\"\">Lunghezza del letto: 2 metri<\/span><br><span title=\"\">Dimensioni della camera: 50<\/span><\/span><\/span><\/p><\/div><\/div><\/div><\/div><\/div><\/div><\/div><\/div><\/div><\/div><\/div><div class=\"vce-col vce-col--xs-hide vce-col--xs-first vce-col--sm-hide vce-col--sm-first vce-col--md-10p vce-col--md-visible vce-col--md-last vce-col--lg-15p vce-col--lg-visible vce-col--lg-last vce-col--xl-15p vce-col--xl-visible vce-col--xl-last\" id=\"el-66cb9857\"><div class=\"vce-col-inner\" data-vce-do-apply=\"border margin background  el-66cb9857\"><div class=\"vce-col-content\" data-vce-element-content=\"true\" data-vce-do-apply=\"padding el-66cb9857\"><div><\/div><\/div><\/div><\/div><\/div><\/div><\/div>","protected":false},"excerpt":{"rendered":"<p>Suite masterLa master suite ha la funzionalit\u00e0 e la distribuzione degli spazi alla ricerca del massimo comfort, e consente di trascorrere piacevoli e comode aree notturne. Il bagno \u00e8 spazioso e ha una jacuzzi molto confortevole e una terrazza privata. La TV \u00e8 intelligente per connettersi con i tuoi programmi preferiti su Internet.Il letto \u00e8 [&hellip;]<\/p>\n","protected":false},"author":1,"featured_media":0,"parent":1822,"menu_order":0,"comment_status":"closed","ping_status":"closed","template":"","meta":{"footnotes":""},"class_list":["post-1840","page","type-page","status-publish","hentry"],"yoast_head":"<!-- This site is optimized with the Yoast SEO plugin v27.4 - https:\/\/yoast.com\/product\/yoast-seo-wordpress\/ -->\n<title>Suite master - Hotel Villa Antigua<\/title>\n<meta name=\"robots\" content=\"index, follow, max-snippet:-1, max-image-preview:large, max-video-preview:-1\" \/>\n<link rel=\"canonical\" href=\"https:\/\/villaantiguahotel.com\/?page_id=1840&lang=it\" \/>\n<meta property=\"og:locale\" content=\"es_ES\" \/>\n<meta property=\"og:type\" content=\"article\" \/>\n<meta property=\"og:title\" content=\"Suite master - Hotel Villa Antigua\" \/>\n<meta property=\"og:description\" content=\"Suite masterLa master suite ha la funzionalit\u00e0 e la distribuzione degli spazi alla ricerca del massimo comfort, e consente di trascorrere piacevoli e comode aree notturne. Il bagno \u00e8 spazioso e ha una jacuzzi molto confortevole e una terrazza privata. La TV \u00e8 intelligente per connettersi con i tuoi programmi preferiti su Internet.Il letto \u00e8 [&hellip;]\" \/>\n<meta property=\"og:url\" content=\"https:\/\/villaantiguahotel.com\/?page_id=1840&amp;lang=it\" \/>\n<meta property=\"og:site_name\" content=\"Hotel Villa Antigua\" \/>\n<meta property=\"article:publisher\" content=\"https:\/\/www.facebook.com\/Hotel-Villa-Antigua-in-Sucre-Bolivia-136777549722346\/\" \/>\n<meta property=\"article:modified_time\" content=\"2023-02-02T15:23:14+00:00\" \/>\n<meta name=\"twitter:card\" content=\"summary_large_image\" \/>\n<meta name=\"twitter:label1\" content=\"Tiempo de lectura\" \/>\n\t<meta name=\"twitter:data1\" content=\"1 minuto\" \/>\n<script type=\"application\/ld+json\" class=\"yoast-schema-graph\">{\"@context\":\"https:\\\/\\\/schema.org\",\"@graph\":[{\"@type\":\"WebPage\",\"@id\":\"https:\\\/\\\/villaantiguahotel.com\\\/?page_id=1840&lang=it\",\"url\":\"https:\\\/\\\/villaantiguahotel.com\\\/?page_id=1840&lang=it\",\"name\":\"Suite master - Hotel Villa Antigua\",\"isPartOf\":{\"@id\":\"https:\\\/\\\/villaantiguahotel.com\\\/#website\"},\"datePublished\":\"2018-12-10T21:21:10+00:00\",\"dateModified\":\"2023-02-02T15:23:14+00:00\",\"breadcrumb\":{\"@id\":\"https:\\\/\\\/villaantiguahotel.com\\\/?page_id=1840&lang=it#breadcrumb\"},\"inLanguage\":\"es\",\"potentialAction\":[{\"@type\":\"ReadAction\",\"target\":[\"https:\\\/\\\/villaantiguahotel.com\\\/?page_id=1840&lang=it\"]}]},{\"@type\":\"BreadcrumbList\",\"@id\":\"https:\\\/\\\/villaantiguahotel.com\\\/?page_id=1840&lang=it#breadcrumb\",\"itemListElement\":[{\"@type\":\"ListItem\",\"position\":1,\"name\":\"Portada\",\"item\":\"https:\\\/\\\/villaantiguahotel.com\\\/\"},{\"@type\":\"ListItem\",\"position\":2,\"name\":\"Hotel Boutique\",\"item\":\"https:\\\/\\\/villaantiguahotel.com\\\/?page_id=1821&lang=it\"},{\"@type\":\"ListItem\",\"position\":3,\"name\":\"Camera\",\"item\":\"https:\\\/\\\/villaantiguahotel.com\\\/?page_id=1822&lang=it\"},{\"@type\":\"ListItem\",\"position\":4,\"name\":\"Suite master\"}]},{\"@type\":\"WebSite\",\"@id\":\"https:\\\/\\\/villaantiguahotel.com\\\/#website\",\"url\":\"https:\\\/\\\/villaantiguahotel.com\\\/\",\"name\":\"Hotel Boutique Villa Antigua - Sucre, Patrimonio Cultural de la Humanidad\",\"description\":\"\",\"publisher\":{\"@id\":\"https:\\\/\\\/villaantiguahotel.com\\\/#organization\"},\"potentialAction\":[{\"@type\":\"SearchAction\",\"target\":{\"@type\":\"EntryPoint\",\"urlTemplate\":\"https:\\\/\\\/villaantiguahotel.com\\\/?s={search_term_string}\"},\"query-input\":{\"@type\":\"PropertyValueSpecification\",\"valueRequired\":true,\"valueName\":\"search_term_string\"}}],\"inLanguage\":\"es\"},{\"@type\":\"Organization\",\"@id\":\"https:\\\/\\\/villaantiguahotel.com\\\/#organization\",\"name\":\"Hotel Villa Antigua\",\"url\":\"https:\\\/\\\/villaantiguahotel.com\\\/\",\"logo\":{\"@type\":\"ImageObject\",\"inLanguage\":\"es\",\"@id\":\"https:\\\/\\\/villaantiguahotel.com\\\/#\\\/schema\\\/logo\\\/image\\\/\",\"url\":\"https:\\\/\\\/villaantiguahotel.com\\\/wp-content\\\/uploads\\\/2019\\\/03\\\/logo.jpg\",\"contentUrl\":\"https:\\\/\\\/villaantiguahotel.com\\\/wp-content\\\/uploads\\\/2019\\\/03\\\/logo.jpg\",\"width\":240,\"height\":229,\"caption\":\"Hotel Villa Antigua\"},\"image\":{\"@id\":\"https:\\\/\\\/villaantiguahotel.com\\\/#\\\/schema\\\/logo\\\/image\\\/\"},\"sameAs\":[\"https:\\\/\\\/www.facebook.com\\\/Hotel-Villa-Antigua-in-Sucre-Bolivia-136777549722346\\\/\",\"https:\\\/\\\/www.linkedin.com\\\/in\\\/hotel-villa-antigua-villa-6946686b\\\/\"]}]}<\/script>\n<!-- \/ Yoast SEO plugin. -->","yoast_head_json":{"title":"Suite master - Hotel Villa Antigua","robots":{"index":"index","follow":"follow","max-snippet":"max-snippet:-1","max-image-preview":"max-image-preview:large","max-video-preview":"max-video-preview:-1"},"canonical":"https:\/\/villaantiguahotel.com\/?page_id=1840&lang=it","og_locale":"es_ES","og_type":"article","og_title":"Suite master - Hotel Villa Antigua","og_description":"Suite masterLa master suite ha la funzionalit\u00e0 e la distribuzione degli spazi alla ricerca del massimo comfort, e consente di trascorrere piacevoli e comode aree notturne. Il bagno \u00e8 spazioso e ha una jacuzzi molto confortevole e una terrazza privata. La TV \u00e8 intelligente per connettersi con i tuoi programmi preferiti su Internet.Il letto \u00e8 [&hellip;]","og_url":"https:\/\/villaantiguahotel.com\/?page_id=1840&lang=it","og_site_name":"Hotel Villa Antigua","article_publisher":"https:\/\/www.facebook.com\/Hotel-Villa-Antigua-in-Sucre-Bolivia-136777549722346\/","article_modified_time":"2023-02-02T15:23:14+00:00","twitter_card":"summary_large_image","twitter_misc":{"Tiempo de lectura":"1 minuto"},"schema":{"@context":"https:\/\/schema.org","@graph":[{"@type":"WebPage","@id":"https:\/\/villaantiguahotel.com\/?page_id=1840&lang=it","url":"https:\/\/villaantiguahotel.com\/?page_id=1840&lang=it","name":"Suite master - Hotel Villa Antigua","isPartOf":{"@id":"https:\/\/villaantiguahotel.com\/#website"},"datePublished":"2018-12-10T21:21:10+00:00","dateModified":"2023-02-02T15:23:14+00:00","breadcrumb":{"@id":"https:\/\/villaantiguahotel.com\/?page_id=1840&lang=it#breadcrumb"},"inLanguage":"es","potentialAction":[{"@type":"ReadAction","target":["https:\/\/villaantiguahotel.com\/?page_id=1840&lang=it"]}]},{"@type":"BreadcrumbList","@id":"https:\/\/villaantiguahotel.com\/?page_id=1840&lang=it#breadcrumb","itemListElement":[{"@type":"ListItem","position":1,"name":"Portada","item":"https:\/\/villaantiguahotel.com\/"},{"@type":"ListItem","position":2,"name":"Hotel Boutique","item":"https:\/\/villaantiguahotel.com\/?page_id=1821&lang=it"},{"@type":"ListItem","position":3,"name":"Camera","item":"https:\/\/villaantiguahotel.com\/?page_id=1822&lang=it"},{"@type":"ListItem","position":4,"name":"Suite master"}]},{"@type":"WebSite","@id":"https:\/\/villaantiguahotel.com\/#website","url":"https:\/\/villaantiguahotel.com\/","name":"Hotel Boutique Villa Antigua - Sucre, Patrimonio Cultural de la Humanidad","description":"","publisher":{"@id":"https:\/\/villaantiguahotel.com\/#organization"},"potentialAction":[{"@type":"SearchAction","target":{"@type":"EntryPoint","urlTemplate":"https:\/\/villaantiguahotel.com\/?s={search_term_string}"},"query-input":{"@type":"PropertyValueSpecification","valueRequired":true,"valueName":"search_term_string"}}],"inLanguage":"es"},{"@type":"Organization","@id":"https:\/\/villaantiguahotel.com\/#organization","name":"Hotel Villa Antigua","url":"https:\/\/villaantiguahotel.com\/","logo":{"@type":"ImageObject","inLanguage":"es","@id":"https:\/\/villaantiguahotel.com\/#\/schema\/logo\/image\/","url":"https:\/\/villaantiguahotel.com\/wp-content\/uploads\/2019\/03\/logo.jpg","contentUrl":"https:\/\/villaantiguahotel.com\/wp-content\/uploads\/2019\/03\/logo.jpg","width":240,"height":229,"caption":"Hotel Villa Antigua"},"image":{"@id":"https:\/\/villaantiguahotel.com\/#\/schema\/logo\/image\/"},"sameAs":["https:\/\/www.facebook.com\/Hotel-Villa-Antigua-in-Sucre-Bolivia-136777549722346\/","https:\/\/www.linkedin.com\/in\/hotel-villa-antigua-villa-6946686b\/"]}]}},"_links":{"self":[{"href":"https:\/\/villaantiguahotel.com\/index.php?rest_route=\/wp\/v2\/pages\/1840","targetHints":{"allow":["GET"]}}],"collection":[{"href":"https:\/\/villaantiguahotel.com\/index.php?rest_route=\/wp\/v2\/pages"}],"about":[{"href":"https:\/\/villaantiguahotel.com\/index.php?rest_route=\/wp\/v2\/types\/page"}],"author":[{"embeddable":true,"href":"https:\/\/villaantiguahotel.com\/index.php?rest_route=\/wp\/v2\/users\/1"}],"replies":[{"embeddable":true,"href":"https:\/\/villaantiguahotel.com\/index.php?rest_route=%2Fwp%2Fv2%2Fcomments&post=1840"}],"version-history":[{"count":1,"href":"https:\/\/villaantiguahotel.com\/index.php?rest_route=\/wp\/v2\/pages\/1840\/revisions"}],"predecessor-version":[{"id":4831,"href":"https:\/\/villaantiguahotel.com\/index.php?rest_route=\/wp\/v2\/pages\/1840\/revisions\/4831"}],"up":[{"embeddable":true,"href":"https:\/\/villaantiguahotel.com\/index.php?rest_route=\/wp\/v2\/pages\/1822"}],"wp:attachment":[{"href":"https:\/\/villaantiguahotel.com\/index.php?rest_route=%2Fwp%2Fv2%2Fmedia&parent=1840"}],"curies":[{"name":"wp","href":"https:\/\/api.w.org\/{rel}","templated":true}]}}