{"id":1902,"date":"2018-12-10T22:30:39","date_gmt":"2018-12-10T22:30:39","guid":{"rendered":"https:\/\/villaantiguahotel.com\/?page_id=1902"},"modified":"2019-02-04T13:26:20","modified_gmt":"2019-02-04T13:26:20","slug":"ristrutturazione-delledificio","status":"publish","type":"page","link":"https:\/\/villaantiguahotel.com\/?page_id=1902&lang=it","title":{"rendered":"Ristrutturazione dell&#8217;edificio"},"content":{"rendered":"<div class=\"vce-row-container\"><div class=\"vce-row vce-row--col-gap-30 bg-submenu vce-row-columns--top vce-row-content--top\" id=\"el-86b080d9\" data-vce-do-apply=\"all el-86b080d9\"><div class=\"vce-row-content\" data-vce-element-content=\"true\"><div class=\"vce-col vce-col--md-100p vce-col--xs-1 vce-col--xs-last vce-col--xs-first vce-col--sm-last vce-col--sm-first vce-col--md-last vce-col--lg-last vce-col--xl-last vce-col--md-first vce-col--lg-first vce-col--xl-first\" id=\"el-77acc563\" data-vce-do-apply=\"background border el-77acc563\"><div class=\"vce-col-inner\" data-vce-element-content=\"true\" data-vce-do-apply=\"padding margin  el-77acc563\"><div class=\"vce-widgets-container\" id=\"nav-submenu-hotel-boutique\"><div class=\"vce vce-widgets-wrapper\" id=\"el-188dacec\" data-vce-do-apply=\"all el-188dacec\"><div class=\"menu-submenu-hotel-it-container\"><ul id=\"menu-submenu-hotel-it\" class=\"menu\"><li id=\"menu-item-1826\" class=\"menu-item menu-item-type-post_type menu-item-object-page menu-item-1826\"><a href=\"https:\/\/villaantiguahotel.com\/?page_id=1822&#038;lang=it\">Camera<\/a><\/li>\n<li id=\"menu-item-1924\" class=\"menu-item menu-item-type-post_type menu-item-object-page menu-item-1924\"><a href=\"https:\/\/villaantiguahotel.com\/?page_id=1901&#038;lang=it\">Servizi<\/a><\/li>\n<li id=\"menu-item-1923\" class=\"menu-item menu-item-type-post_type menu-item-object-page menu-item-1923\"><a href=\"https:\/\/villaantiguahotel.com\/?page_id=1902&#038;lang=it\">Ristrutturazione dell&#8217;edificio<\/a><\/li>\n<li id=\"menu-item-1922\" class=\"menu-item menu-item-type-post_type menu-item-object-page menu-item-1922\"><a href=\"https:\/\/villaantiguahotel.com\/?page_id=1904&#038;lang=it\">Facciata patrimoniale<\/a><\/li>\n<li id=\"menu-item-1921\" class=\"menu-item menu-item-type-post_type menu-item-object-page menu-item-1921\"><a href=\"https:\/\/villaantiguahotel.com\/?page_id=1909&#038;lang=it\">Mobili<\/a><\/li>\n<li id=\"menu-item-4392\" class=\"menu-item menu-item-type-post_type menu-item-object-page menu-item-4392\"><a href=\"https:\/\/villaantiguahotel.com\/?page_id=1537&#038;lang=fr\">Jardin<\/a><\/li>\n<li id=\"menu-item-3913\" class=\"menu-item menu-item-type-post_type menu-item-object-page menu-item-3913\"><a href=\"https:\/\/villaantiguahotel.com\/?page_id=3893&#038;lang=it\">Foto<\/a><\/li>\n<\/ul><\/div><\/div><\/div><\/div><\/div><\/div><\/div><\/div><div class=\"vce-row-container\"><div class=\"vce-row vce-row--col-gap-30 text-justify vce-row-columns--top vce-row-content--top\" id=\"el-c28c3951\" data-vce-do-apply=\"all el-c28c3951\"><div class=\"vce-content-background-container\"><\/div><div class=\"vce-row-content\" data-vce-element-content=\"true\"><div class=\"vce-col vce-col--xs-hide vce-col--xs-first vce-col--sm-hide vce-col--sm-first vce-col--md-10p vce-col--md-visible vce-col--md-first vce-col--lg-15p vce-col--lg-visible vce-col--lg-first vce-col--xl-15p vce-col--xl-visible vce-col--xl-first\" id=\"el-b318f3f5\" data-vce-do-apply=\"background border el-b318f3f5\"><div class=\"vce-col-inner\" data-vce-element-content=\"true\" data-vce-do-apply=\"padding margin  el-b318f3f5\"><\/div><\/div><div class=\"vce-col vce-col--xs-100p vce-col--xs-visible vce-col--xs-last vce-col--sm-100p vce-col--sm-visible vce-col--sm-last vce-col--md-80p vce-col--md-visible vce-col--lg-70p vce-col--lg-visible vce-col--xl-70p vce-col--xl-visible\" id=\"el-2bdc1f3f\" data-vce-do-apply=\"background border el-2bdc1f3f\"><div class=\"vce-content-background-container\"><\/div><div class=\"vce-col-inner\" data-vce-element-content=\"true\" data-vce-do-apply=\"padding margin  el-2bdc1f3f\"><div class=\"vce-text-block\"><div class=\"vce-text-block-wrapper vce\" id=\"el-fd0fc99c\" data-vce-do-apply=\"all el-fd0fc99c\"><h4>Note costruzione processo di rinnovamento<\/h4><\/div><\/div><div class=\"vce-text-block\"><div class=\"vce-text-block-wrapper vce\" id=\"el-027af06c\" data-vce-do-apply=\"all el-027af06c\"><p><img loading=\"lazy\" decoding=\"async\" class=\" wp-image-2352 alignright\" src=\"https:\/\/villaantiguahotel.com\/wp-content\/uploads\/2018\/12\/DSC_5050-round.jpg\" alt=\"\" width=\"328\" height=\"232\" srcset=\"https:\/\/villaantiguahotel.com\/wp-content\/uploads\/2018\/12\/DSC_5050-round.jpg 419w, https:\/\/villaantiguahotel.com\/wp-content\/uploads\/2018\/12\/DSC_5050-round-418x297.jpg 418w\" sizes=\"auto, (max-width: 328px) 100vw, 328px\" \/>Nel dicembre 2009, arricchendo l'offerta esistente di hotel a Sucre, una nuova e diversa Hotel opzione aperta a Sucre. Hotel Villa Antigua \u00e8 situato in una casa in stile repubblicano del 1860, che \u00e8 stato restaurato molto difficile per i loro proprietari: Maria Teresa Molina e Dick Commandeur, che li costano 4 anni per ricostruire, attivare e sostituire il vecchio, rafforzando e mettendo in evidenza le antiche strutture, eliminando quelli di origine pi\u00f9 recente e l'aggiunta di nuovi spazi necessari per un hotel racconto visivo, ma allo stesso tempo moderno, sicuro e confortevole per i visitatori provenienti da dentro e fuori. I suddetti materiali sono stati recuperati principalmente ricondizionato e riutilizzato, quali travi, porte e pietre. E 'stata applicata una fusione di ci\u00f2 che lo stile repubblicano, con pilastri e muri spessi, con una visione architettonica, grande contributo dell'architetto Daniel Contreras, riassunto in una frase orientato e determinato il processo di cui al \"vecchio non imitare, ma pu\u00f2 essere migliorata con l'architettura di integrazione\". Questo ci ha portato ad un risultato di impatto con un aereo signorile di sobriet\u00e0 e di grande stile, unico in questa bellissima citt\u00e0.<\/p><\/div><\/div><div class=\"vce-text-block\"><div class=\"vce-text-block-wrapper vce\" id=\"el-90830a57\" data-vce-do-apply=\"all el-90830a57\"><p style=\"text-align: justify;\"><img loading=\"lazy\" decoding=\"async\" class=\" wp-image-2353 alignleft\" src=\"https:\/\/villaantiguahotel.com\/wp-content\/uploads\/2018\/12\/P1010314-2-round.jpg\" alt=\"\" width=\"325\" height=\"227\" srcset=\"https:\/\/villaantiguahotel.com\/wp-content\/uploads\/2018\/12\/P1010314-2-round.jpg 1900w, https:\/\/villaantiguahotel.com\/wp-content\/uploads\/2018\/12\/P1010314-2-round-768x537.jpg 768w, https:\/\/villaantiguahotel.com\/wp-content\/uploads\/2018\/12\/P1010314-2-round-1024x716.jpg 1024w\" sizes=\"auto, (max-width: 325px) 100vw, 325px\" \/>Nelle sale si sente la storia attraverso le pareti del tempo, quando la rettitudine esatto non esisteva e l'uso di materiali e colori. Ma allo stesso tempo, sembrano aree moderne, lo stile di decorazione: caldo e discreto, con l'utilizzo di elementi naturali e opere d'arte originali boliviana. L'arredamento \u00e8 una storia e di arte da parte, ma porta anche questo mix di design moderno, con dettagli di antichi elementi andini: Jalq'a, Tarabuco e Tihuanacota. Tutti i mobili proviene dalle artigiani della Giovent\u00f9 Famiglia Don Bosco, un progetto che \u00e8 di qualit\u00e0 carpentieri nelle zone rurali. Ha viaggiato pi\u00f9 volte a luoghi di lavoro remoti a Pe\u00f1a Colorada (Cochabamba) Carabuco e Escoma (La Paz) per il grande sforzo e la dedizione dei giovani e loro istruttori italiani e boliviani per concordare i disegni, usare il legno di cedro intagliato e finitura. Tutto questo sforzo \u00e8 stata motivata in quanto, dalla concezione della struttura, i proprietari hanno voluto mettere il sigillo di responsabilit\u00e0 sociale per la loro impresa.<\/p><\/div><\/div><div class=\"vce-text-block\"><div class=\"vce-text-block-wrapper vce\" id=\"el-f2ff7741\" data-vce-do-apply=\"all el-f2ff7741\"><p><img loading=\"lazy\" decoding=\"async\" class=\" wp-image-2354 alignright\" src=\"https:\/\/villaantiguahotel.com\/wp-content\/uploads\/2018\/12\/P1010798-2-round.jpg\" alt=\"\" width=\"326\" height=\"245\" srcset=\"https:\/\/villaantiguahotel.com\/wp-content\/uploads\/2018\/12\/P1010798-2-round.jpg 1900w, https:\/\/villaantiguahotel.com\/wp-content\/uploads\/2018\/12\/P1010798-2-round-768x576.jpg 768w, https:\/\/villaantiguahotel.com\/wp-content\/uploads\/2018\/12\/P1010798-2-round-1024x768.jpg 1024w, https:\/\/villaantiguahotel.com\/wp-content\/uploads\/2018\/12\/P1010798-2-round-418x315.jpg 418w, https:\/\/villaantiguahotel.com\/wp-content\/uploads\/2018\/12\/P1010798-2-round-886x668.jpg 886w\" sizes=\"auto, (max-width: 326px) 100vw, 326px\" \/>Il giardino e patio hanno riacquistato il loro antico splendore e difficilmente li trova pi\u00f9 ampiamente in citt\u00e0. Come in passato, \u00e8 stato utilizzato un sacco di pietra naturale per evidenziare l'antico rapporto tra uomo e natura. Il cortile ha una discreta acqua fontana, che contribuisce all'estetica, ma anche la sensazione di tranquillit\u00e0 e freschezza dei visitatori e la loro particolare semplicit\u00e0 e attenzione al dettaglio attira l'attraverso la strada. Nuovo sono le terrazze e il punto di vista, che, approfittando della posizione su una parte pi\u00f9 ripida, permettono uno sguardo unico sui tetti rossi della citt\u00e0 vecchia e le colline e le montagne intorno. I visitatori sono scioccati al crepuscolo e rimanere seduti fino a quando la notte alla ricerca li motiva per ottenere qualche copertura.<\/p><\/div><\/div><div class=\"vce-text-block\"><div class=\"vce-text-block-wrapper vce\" id=\"el-7eb689ae\" data-vce-do-apply=\"all el-7eb689ae\"><p><img loading=\"lazy\" decoding=\"async\" class=\"wp-image-2356 alignleft\" src=\"https:\/\/villaantiguahotel.com\/wp-content\/uploads\/2018\/12\/15-de-mayo-de-2005-014-2-round.jpg\" alt=\"\" width=\"318\" height=\"239\" srcset=\"https:\/\/villaantiguahotel.com\/wp-content\/uploads\/2018\/12\/15-de-mayo-de-2005-014-2-round.jpg 1600w, https:\/\/villaantiguahotel.com\/wp-content\/uploads\/2018\/12\/15-de-mayo-de-2005-014-2-round-768x576.jpg 768w, https:\/\/villaantiguahotel.com\/wp-content\/uploads\/2018\/12\/15-de-mayo-de-2005-014-2-round-1024x768.jpg 1024w, https:\/\/villaantiguahotel.com\/wp-content\/uploads\/2018\/12\/15-de-mayo-de-2005-014-2-round-418x315.jpg 418w, https:\/\/villaantiguahotel.com\/wp-content\/uploads\/2018\/12\/15-de-mayo-de-2005-014-2-round-886x668.jpg 886w\" sizes=\"auto, (max-width: 318px) 100vw, 318px\" \/><span class=\"tlid-translation translation\"><span class=\"\" title=\"\">Durante la costruzione ci sono state molte sorprese, come: una doppia parete, travi legate con pelle, sculture in legno, una pietra scolpita che indica la morte di uno degli antichi abitanti, intonaci fatti con letame, divisori fatti di canna tra le stanze, e altri<\/span> <span title=\"\">.<\/span> <span class=\"\" title=\"\">Per garantire che l'edificio possa resistere a un numero maggiore di persone, \u00e8 stata integrata una nuova struttura in cemento, incorporata abilmente dentro e sotto le pareti di adobe.<\/span> <span class=\"\" title=\"\">In questo modo, ora \u00e8 possibile offrire una grande sala conferenze e un ristorante al primo piano con vista su Monte Vescovo, cos\u00ec come \u00e8 possibile avere un piano aggiuntivo sotto il tetto originale, senza intaccarne l'altezza.<\/span><\/span><\/p><\/div><\/div><div class=\"vce-text-block\"><div class=\"vce-text-block-wrapper vce\" id=\"el-a9588472\" data-vce-do-apply=\"all el-a9588472\"><p><span class=\"tlid-translation translation\"><span class=\"\" title=\"\">l nuovo Hotel Villa Antigua, il cui nome esprime la storia della casa e della citt\u00e0, \u00e8 visitato da viaggiatori provenienti da altre parti del paese e all'estero, ma anche da molti residenti di Sucre che non possono resistere alla tentazione di dare un'occhiata al patio per<\/span> <span title=\"\">senti l'aria emessa dalle vecchie gallerie, finestre e porte tradizionali e dalla scalinata centrale che sembra condurre fino al cielo.<\/span><\/span><\/p><\/div><\/div><\/div><\/div><div class=\"vce-col vce-col--xs-hide vce-col--xs-first vce-col--sm-hide vce-col--sm-first vce-col--md-10p vce-col--md-visible vce-col--md-last vce-col--lg-15p vce-col--lg-visible vce-col--lg-last vce-col--xl-15p vce-col--xl-visible vce-col--xl-last\" id=\"el-826cc383\" data-vce-do-apply=\"background border el-826cc383\"><div class=\"vce-col-inner\" data-vce-element-content=\"true\" data-vce-do-apply=\"padding margin  el-826cc383\"><\/div><\/div><\/div><\/div><\/div><div class=\"vce-row-container\"><div class=\"vce-row vce-row--col-gap-30 vce-row-columns--top vce-row-content--top\" id=\"el-8457800b\" data-vce-do-apply=\"all el-8457800b\"><div class=\"vce-content-background-container\"><\/div><div class=\"vce-row-content\" data-vce-element-content=\"true\"><div class=\"vce-col vce-col--xs-50p vce-col--xs-visible vce-col--xs-first vce-col--sm-50p vce-col--sm-visible vce-col--sm-first vce-col--md-50p vce-col--md-visible vce-col--md-first vce-col--lg-50p vce-col--lg-visible vce-col--lg-first vce-col--xl-50p vce-col--xl-visible vce-col--xl-first\" id=\"el-79496f93\" data-vce-do-apply=\"background border el-79496f93\"><div class=\"vce-col-inner\" data-vce-element-content=\"true\" data-vce-do-apply=\"padding margin  el-79496f93\"><div class=\"vce-button--style-outline-container vce-button--style-outline-container--align-left\"><span class=\"vce-button--style-outline-wrapper vce\" id=\"el-1ccb7449\" data-vce-do-apply=\"margin el-1ccb7449\"><a class=\"vce-button--style-outline-animated vce-button--style-outline--border-rounded vce-button--style-outline--size-small vce-button--style-outline-animated--color-b-47-47-47--fff--3d3d3d vce-button--style-outline-animated--border-color-b-158-51-44--3d3d3d vce-button--style-outline-animated--background-color-b-255-63-59\" href=\"https:\/\/villaantiguahotel.com\/it\/hotel-boutique-2\/servizi\/\" title=\"\" data-vce-do-apply=\"padding border background  el-1ccb7449\"><span class=\"vce-button--style-outline-text\">Precedente<\/span><\/a><\/span><\/div><\/div><\/div><div class=\"vce-col vce-col--xs-50p vce-col--xs-visible vce-col--xs-last vce-col--sm-50p vce-col--sm-visible vce-col--sm-last vce-col--md-50p vce-col--md-visible vce-col--md-last vce-col--lg-50p vce-col--lg-visible vce-col--lg-last vce-col--xl-50p vce-col--xl-visible vce-col--xl-last\" id=\"el-5a185caa\" data-vce-do-apply=\"background border el-5a185caa\"><div class=\"vce-col-inner\" data-vce-element-content=\"true\" data-vce-do-apply=\"padding margin  el-5a185caa\"><div class=\"vce-button--style-outline-container vce-button--style-outline-container--align-right\"><span class=\"vce-button--style-outline-wrapper vce\" id=\"el-6f5a79d3\" data-vce-do-apply=\"margin el-6f5a79d3\"><a class=\"vce-button--style-outline-animated vce-button--style-outline--border-rounded vce-button--style-outline--size-small vce-button--style-outline-animated--color-b-47-47-47--fff--3d3d3d vce-button--style-outline-animated--border-color-b-158-51-44--3d3d3d vce-button--style-outline-animated--background-color-b-255-63-59\" href=\"https:\/\/villaantiguahotel.com\/it\/hotel-boutique-2\/facciata-patrimoniale\/\" title=\"\" data-vce-do-apply=\"padding border background  el-6f5a79d3\"><span class=\"vce-button--style-outline-text\">Prossimo<\/span><\/a><\/span><\/div><\/div><\/div><\/div><\/div><\/div>\n","protected":false},"excerpt":{"rendered":"<p>Note costruzione processo di rinnovamentoNel dicembre 2009, arricchendo l&#8217;offerta esistente di hotel a Sucre, una nuova e diversa Hotel opzione aperta a Sucre. Hotel Villa Antigua \u00e8 situato in una casa in stile repubblicano del 1860, che \u00e8 stato restaurato molto difficile per i loro proprietari: Maria Teresa Molina e Dick Commandeur, che li costano [&hellip;]<\/p>\n","protected":false},"author":1,"featured_media":0,"parent":1821,"menu_order":0,"comment_status":"closed","ping_status":"closed","template":"","meta":{"footnotes":""},"class_list":["post-1902","page","type-page","status-publish","hentry"],"yoast_head":"<!-- This site is optimized with the Yoast SEO plugin v27.5 - https:\/\/yoast.com\/product\/yoast-seo-wordpress\/ -->\n<title>Ristrutturazione dell&#039;edificio - Hotel Villa Antigua<\/title>\n<meta name=\"robots\" content=\"index, follow, max-snippet:-1, max-image-preview:large, max-video-preview:-1\" \/>\n<link rel=\"canonical\" href=\"https:\/\/villaantiguahotel.com\/?page_id=1902&lang=it\" \/>\n<meta property=\"og:locale\" content=\"es_ES\" \/>\n<meta property=\"og:type\" content=\"article\" \/>\n<meta property=\"og:title\" content=\"Ristrutturazione dell&#039;edificio - Hotel Villa Antigua\" \/>\n<meta property=\"og:description\" content=\"Note costruzione processo di rinnovamentoNel dicembre 2009, arricchendo l&#039;offerta esistente di hotel a Sucre, una nuova e diversa Hotel opzione aperta a Sucre. Hotel Villa Antigua \u00e8 situato in una casa in stile repubblicano del 1860, che \u00e8 stato restaurato molto difficile per i loro proprietari: Maria Teresa Molina e Dick Commandeur, che li costano [&hellip;]\" \/>\n<meta property=\"og:url\" content=\"https:\/\/villaantiguahotel.com\/?page_id=1902&amp;lang=it\" \/>\n<meta property=\"og:site_name\" content=\"Hotel Villa Antigua\" \/>\n<meta property=\"article:publisher\" content=\"https:\/\/www.facebook.com\/Hotel-Villa-Antigua-in-Sucre-Bolivia-136777549722346\/\" \/>\n<meta property=\"article:modified_time\" content=\"2019-02-04T13:26:20+00:00\" \/>\n<meta name=\"twitter:card\" content=\"summary_large_image\" \/>\n<meta name=\"twitter:label1\" content=\"Tiempo de lectura\" \/>\n\t<meta name=\"twitter:data1\" content=\"3 minutos\" \/>\n<script type=\"application\/ld+json\" class=\"yoast-schema-graph\">{\"@context\":\"https:\\\/\\\/schema.org\",\"@graph\":[{\"@type\":\"WebPage\",\"@id\":\"https:\\\/\\\/villaantiguahotel.com\\\/?page_id=1902&lang=it\",\"url\":\"https:\\\/\\\/villaantiguahotel.com\\\/?page_id=1902&lang=it\",\"name\":\"Ristrutturazione dell'edificio - Hotel Villa Antigua\",\"isPartOf\":{\"@id\":\"https:\\\/\\\/villaantiguahotel.com\\\/#website\"},\"datePublished\":\"2018-12-10T22:30:39+00:00\",\"dateModified\":\"2019-02-04T13:26:20+00:00\",\"breadcrumb\":{\"@id\":\"https:\\\/\\\/villaantiguahotel.com\\\/?page_id=1902&lang=it#breadcrumb\"},\"inLanguage\":\"es\",\"potentialAction\":[{\"@type\":\"ReadAction\",\"target\":[\"https:\\\/\\\/villaantiguahotel.com\\\/?page_id=1902&lang=it\"]}]},{\"@type\":\"BreadcrumbList\",\"@id\":\"https:\\\/\\\/villaantiguahotel.com\\\/?page_id=1902&lang=it#breadcrumb\",\"itemListElement\":[{\"@type\":\"ListItem\",\"position\":1,\"name\":\"Portada\",\"item\":\"https:\\\/\\\/villaantiguahotel.com\\\/\"},{\"@type\":\"ListItem\",\"position\":2,\"name\":\"Hotel Boutique\",\"item\":\"https:\\\/\\\/villaantiguahotel.com\\\/?page_id=1821&lang=it\"},{\"@type\":\"ListItem\",\"position\":3,\"name\":\"Ristrutturazione dell&#8217;edificio\"}]},{\"@type\":\"WebSite\",\"@id\":\"https:\\\/\\\/villaantiguahotel.com\\\/#website\",\"url\":\"https:\\\/\\\/villaantiguahotel.com\\\/\",\"name\":\"Hotel Boutique Villa Antigua - Sucre, Patrimonio Cultural de la Humanidad\",\"description\":\"\",\"publisher\":{\"@id\":\"https:\\\/\\\/villaantiguahotel.com\\\/#organization\"},\"potentialAction\":[{\"@type\":\"SearchAction\",\"target\":{\"@type\":\"EntryPoint\",\"urlTemplate\":\"https:\\\/\\\/villaantiguahotel.com\\\/?s={search_term_string}\"},\"query-input\":{\"@type\":\"PropertyValueSpecification\",\"valueRequired\":true,\"valueName\":\"search_term_string\"}}],\"inLanguage\":\"es\"},{\"@type\":\"Organization\",\"@id\":\"https:\\\/\\\/villaantiguahotel.com\\\/#organization\",\"name\":\"Hotel Villa Antigua\",\"url\":\"https:\\\/\\\/villaantiguahotel.com\\\/\",\"logo\":{\"@type\":\"ImageObject\",\"inLanguage\":\"es\",\"@id\":\"https:\\\/\\\/villaantiguahotel.com\\\/#\\\/schema\\\/logo\\\/image\\\/\",\"url\":\"https:\\\/\\\/villaantiguahotel.com\\\/wp-content\\\/uploads\\\/2019\\\/03\\\/logo.jpg\",\"contentUrl\":\"https:\\\/\\\/villaantiguahotel.com\\\/wp-content\\\/uploads\\\/2019\\\/03\\\/logo.jpg\",\"width\":240,\"height\":229,\"caption\":\"Hotel Villa Antigua\"},\"image\":{\"@id\":\"https:\\\/\\\/villaantiguahotel.com\\\/#\\\/schema\\\/logo\\\/image\\\/\"},\"sameAs\":[\"https:\\\/\\\/www.facebook.com\\\/Hotel-Villa-Antigua-in-Sucre-Bolivia-136777549722346\\\/\",\"https:\\\/\\\/www.linkedin.com\\\/in\\\/hotel-villa-antigua-villa-6946686b\\\/\"]}]}<\/script>\n<!-- \/ Yoast SEO plugin. -->","yoast_head_json":{"title":"Ristrutturazione dell'edificio - Hotel Villa Antigua","robots":{"index":"index","follow":"follow","max-snippet":"max-snippet:-1","max-image-preview":"max-image-preview:large","max-video-preview":"max-video-preview:-1"},"canonical":"https:\/\/villaantiguahotel.com\/?page_id=1902&lang=it","og_locale":"es_ES","og_type":"article","og_title":"Ristrutturazione dell'edificio - Hotel Villa Antigua","og_description":"Note costruzione processo di rinnovamentoNel dicembre 2009, arricchendo l'offerta esistente di hotel a Sucre, una nuova e diversa Hotel opzione aperta a Sucre. Hotel Villa Antigua \u00e8 situato in una casa in stile repubblicano del 1860, che \u00e8 stato restaurato molto difficile per i loro proprietari: Maria Teresa Molina e Dick Commandeur, che li costano [&hellip;]","og_url":"https:\/\/villaantiguahotel.com\/?page_id=1902&lang=it","og_site_name":"Hotel Villa Antigua","article_publisher":"https:\/\/www.facebook.com\/Hotel-Villa-Antigua-in-Sucre-Bolivia-136777549722346\/","article_modified_time":"2019-02-04T13:26:20+00:00","twitter_card":"summary_large_image","twitter_misc":{"Tiempo de lectura":"3 minutos"},"schema":{"@context":"https:\/\/schema.org","@graph":[{"@type":"WebPage","@id":"https:\/\/villaantiguahotel.com\/?page_id=1902&lang=it","url":"https:\/\/villaantiguahotel.com\/?page_id=1902&lang=it","name":"Ristrutturazione dell'edificio - Hotel Villa Antigua","isPartOf":{"@id":"https:\/\/villaantiguahotel.com\/#website"},"datePublished":"2018-12-10T22:30:39+00:00","dateModified":"2019-02-04T13:26:20+00:00","breadcrumb":{"@id":"https:\/\/villaantiguahotel.com\/?page_id=1902&lang=it#breadcrumb"},"inLanguage":"es","potentialAction":[{"@type":"ReadAction","target":["https:\/\/villaantiguahotel.com\/?page_id=1902&lang=it"]}]},{"@type":"BreadcrumbList","@id":"https:\/\/villaantiguahotel.com\/?page_id=1902&lang=it#breadcrumb","itemListElement":[{"@type":"ListItem","position":1,"name":"Portada","item":"https:\/\/villaantiguahotel.com\/"},{"@type":"ListItem","position":2,"name":"Hotel Boutique","item":"https:\/\/villaantiguahotel.com\/?page_id=1821&lang=it"},{"@type":"ListItem","position":3,"name":"Ristrutturazione dell&#8217;edificio"}]},{"@type":"WebSite","@id":"https:\/\/villaantiguahotel.com\/#website","url":"https:\/\/villaantiguahotel.com\/","name":"Hotel Boutique Villa Antigua - Sucre, Patrimonio Cultural de la Humanidad","description":"","publisher":{"@id":"https:\/\/villaantiguahotel.com\/#organization"},"potentialAction":[{"@type":"SearchAction","target":{"@type":"EntryPoint","urlTemplate":"https:\/\/villaantiguahotel.com\/?s={search_term_string}"},"query-input":{"@type":"PropertyValueSpecification","valueRequired":true,"valueName":"search_term_string"}}],"inLanguage":"es"},{"@type":"Organization","@id":"https:\/\/villaantiguahotel.com\/#organization","name":"Hotel Villa Antigua","url":"https:\/\/villaantiguahotel.com\/","logo":{"@type":"ImageObject","inLanguage":"es","@id":"https:\/\/villaantiguahotel.com\/#\/schema\/logo\/image\/","url":"https:\/\/villaantiguahotel.com\/wp-content\/uploads\/2019\/03\/logo.jpg","contentUrl":"https:\/\/villaantiguahotel.com\/wp-content\/uploads\/2019\/03\/logo.jpg","width":240,"height":229,"caption":"Hotel Villa Antigua"},"image":{"@id":"https:\/\/villaantiguahotel.com\/#\/schema\/logo\/image\/"},"sameAs":["https:\/\/www.facebook.com\/Hotel-Villa-Antigua-in-Sucre-Bolivia-136777549722346\/","https:\/\/www.linkedin.com\/in\/hotel-villa-antigua-villa-6946686b\/"]}]}},"_links":{"self":[{"href":"https:\/\/villaantiguahotel.com\/index.php?rest_route=\/wp\/v2\/pages\/1902","targetHints":{"allow":["GET"]}}],"collection":[{"href":"https:\/\/villaantiguahotel.com\/index.php?rest_route=\/wp\/v2\/pages"}],"about":[{"href":"https:\/\/villaantiguahotel.com\/index.php?rest_route=\/wp\/v2\/types\/page"}],"author":[{"embeddable":true,"href":"https:\/\/villaantiguahotel.com\/index.php?rest_route=\/wp\/v2\/users\/1"}],"replies":[{"embeddable":true,"href":"https:\/\/villaantiguahotel.com\/index.php?rest_route=%2Fwp%2Fv2%2Fcomments&post=1902"}],"version-history":[{"count":0,"href":"https:\/\/villaantiguahotel.com\/index.php?rest_route=\/wp\/v2\/pages\/1902\/revisions"}],"up":[{"embeddable":true,"href":"https:\/\/villaantiguahotel.com\/index.php?rest_route=\/wp\/v2\/pages\/1821"}],"wp:attachment":[{"href":"https:\/\/villaantiguahotel.com\/index.php?rest_route=%2Fwp%2Fv2%2Fmedia&parent=1902"}],"curies":[{"name":"wp","href":"https:\/\/api.w.org\/{rel}","templated":true}]}}