{"id":1953,"date":"2018-12-11T04:40:27","date_gmt":"2018-12-11T04:40:27","guid":{"rendered":"https:\/\/villaantiguahotel.com\/?page_id=1953"},"modified":"2019-02-22T12:15:48","modified_gmt":"2019-02-22T12:15:48","slug":"klooster-van-santa-clara","status":"publish","type":"page","link":"https:\/\/villaantiguahotel.com\/?page_id=1953&lang=nl","title":{"rendered":"Klooster van Santa Clara"},"content":{"rendered":"<div class=\"vce-row-container\"><div class=\"vce-row vce-row--col-gap-30 bg-submenu vce-row-columns--top vce-row-content--top\" id=\"el-2408ace5\" data-vce-do-apply=\"all el-2408ace5\"><div class=\"vce-row-content\" data-vce-element-content=\"true\"><div class=\"vce-col vce-col--md-100p vce-col--xs-1 vce-col--xs-last vce-col--xs-first vce-col--sm-last vce-col--sm-first vce-col--md-last vce-col--lg-last vce-col--xl-last vce-col--md-first vce-col--lg-first vce-col--xl-first\" id=\"el-86f55d16\" data-vce-do-apply=\"background border el-86f55d16\"><div class=\"vce-col-inner\" data-vce-element-content=\"true\" data-vce-do-apply=\"padding margin  el-86f55d16\"><div class=\"vce-widgets-container\" id=\"nav-submenu-sucre\"><div class=\"vce vce-widgets-wrapper\" id=\"el-eb6227a6\" data-vce-do-apply=\"all el-eb6227a6\"><div class=\"menu-submenu-sucre-nl-container\"><ul id=\"menu-submenu-sucre-nl\" class=\"menu\"><li id=\"menu-item-1960\" class=\"menu-item menu-item-type-post_type menu-item-object-page menu-item-1960\"><a href=\"https:\/\/villaantiguahotel.com\/?page_id=1945&#038;lang=nl\">Toerisme in Sucre<\/a><\/li>\n<li id=\"menu-item-4511\" class=\"menu-item menu-item-type-post_type menu-item-object-page menu-item-4511\"><a href=\"https:\/\/villaantiguahotel.com\/?page_id=4504&#038;lang=nl\">Foto&#8217;s van Sucre<\/a><\/li>\n<li id=\"menu-item-3984\" class=\"menu-item menu-item-type-post_type menu-item-object-page menu-item-3984\"><a href=\"https:\/\/villaantiguahotel.com\/?page_id=3976&#038;lang=nl\">Culturele Agenda<\/a><\/li>\n<li id=\"menu-item-1959\" class=\"menu-item menu-item-type-post_type menu-item-object-page menu-item-1959\"><a href=\"https:\/\/villaantiguahotel.com\/?page_id=1947&#038;lang=nl\">Patio in Sucre<\/a><\/li>\n<li id=\"menu-item-1958\" class=\"menu-item menu-item-type-post_type menu-item-object-page menu-item-1958\"><a href=\"https:\/\/villaantiguahotel.com\/?page_id=1948&#038;lang=nl\">Barokmuziek<\/a><\/li>\n<li id=\"menu-item-4344\" class=\"menu-item menu-item-type-post_type menu-item-object-page menu-item-4344\"><a href=\"https:\/\/villaantiguahotel.com\/?page_id=4340&#038;lang=nl\">Carnaval van Vroeger<\/a><\/li>\n<li id=\"menu-item-2835\" class=\"menu-item menu-item-type-post_type menu-item-object-page menu-item-2835\"><a href=\"https:\/\/villaantiguahotel.com\/?page_id=1951&#038;lang=nl\">Chocolade Stad<\/a><\/li>\n<li id=\"menu-item-1956\" class=\"menu-item menu-item-type-post_type menu-item-object-page menu-item-1956\"><a href=\"https:\/\/villaantiguahotel.com\/?page_id=1953&#038;lang=nl\">Klooster van Santa Clara<\/a><\/li>\n<\/ul><\/div><\/div><\/div><\/div><\/div><\/div><\/div><\/div><div class=\"vce-row-container\"><div class=\"vce-row vce-row--col-gap-30 vce-row-columns--top vce-row-content--top\" id=\"el-2d5e061a\" data-vce-do-apply=\"all el-2d5e061a\"><div class=\"vce-content-background-container\"><\/div><div class=\"vce-row-content\" data-vce-element-content=\"true\"><div class=\"vce-col vce-col--xs-hide vce-col--xs-first vce-col--sm-hide vce-col--sm-first vce-col--md-10p vce-col--md-visible vce-col--md-first vce-col--lg-15p vce-col--lg-visible vce-col--lg-first vce-col--xl-15p vce-col--xl-visible vce-col--xl-first\" id=\"el-b2a7a3b8\" data-vce-do-apply=\"background border el-b2a7a3b8\"><div class=\"vce-col-inner\" data-vce-element-content=\"true\" data-vce-do-apply=\"padding margin  el-b2a7a3b8\"><\/div><\/div><div class=\"vce-col vce-col--xs-100p vce-col--xs-visible vce-col--xs-last vce-col--sm-100p vce-col--sm-visible vce-col--sm-last vce-col--md-80p vce-col--md-visible vce-col--lg-70p vce-col--lg-visible vce-col--xl-70p vce-col--xl-visible\" id=\"el-96b8bb5c\" data-vce-do-apply=\"background border el-96b8bb5c\"><div class=\"vce-content-background-container\"><\/div><div class=\"vce-col-inner\" data-vce-element-content=\"true\" data-vce-do-apply=\"padding margin  el-96b8bb5c\"><div class=\"vce-text-block text-justify\"><div class=\"vce-text-block-wrapper vce\" id=\"el-99791a96\" data-vce-do-apply=\"all el-99791a96\"><div class=\"group segmentsize3\"><div class=\"full-width-text-block no-slideshow\"><div class=\"full-width-text-block no-slideshow\"><div class=\"group segmentsize1\"><h5 class=\"full-width-h2\">Klooster van de Heilige Clara<\/h5><p>Juist tegenover het Hotel Villa Antigua in Sucre, in de Calvo straat op de hoek van de Avaroa straat, staat het klooster, kerk en museum van Santa Clara. De nonnen van het Klooster van Santa Clara maken deel uit van het levend Erfgoed van de stad Sucre, al sinds bijna 400 jaar. De lokale krant&nbsp;<a title=\"Peri\u00f3dico Correo del Sur, Sucre Bolivia\" href=\"http:\/\/correodelsur.com\/\" target=\"_blank\" rel=\"noopener\">Correo del Sur<\/a>&nbsp;publiceerde in het zondagsmagazine ECOS van 18 juni 2017 een leuk artikel over de historie en actuele situatie van de nonnen die het klooster bewonen. Hier enkele stukken eruit, aangevuld met bevindingen uit het boek over <a href=\"https:\/\/villaantiguahotel.com\/en\/boutique-hotel-2\/history-of-the-building\/\" target=\"_blank\" rel=\"noopener\">de historie van het gebouw van Hotel Villa Antigua<\/a>.<\/p><h5>Geschiedenis<\/h5><\/div><div>&nbsp;<\/div><div><img loading=\"lazy\" decoding=\"async\" class=\"wp-image-2272 alignright\" src=\"https:\/\/villaantiguahotel.com\/wp-content\/uploads\/2018\/12\/Santa-Clara-round.jpg\" alt=\"\" width=\"292\" height=\"219\" srcset=\"https:\/\/villaantiguahotel.com\/wp-content\/uploads\/2018\/12\/Santa-Clara-round.jpg 1600w, https:\/\/villaantiguahotel.com\/wp-content\/uploads\/2018\/12\/Santa-Clara-round-768x576.jpg 768w, https:\/\/villaantiguahotel.com\/wp-content\/uploads\/2018\/12\/Santa-Clara-round-1024x768.jpg 1024w, https:\/\/villaantiguahotel.com\/wp-content\/uploads\/2018\/12\/Santa-Clara-round-418x315.jpg 418w, https:\/\/villaantiguahotel.com\/wp-content\/uploads\/2018\/12\/Santa-Clara-round-886x668.jpg 886w\" sizes=\"auto, (max-width: 292px) 100vw, 292px\" \/>De Orde van de Arme Zusters van de Heilige Clara (Clarissen) bestaat iets meer dan 800 jaar, sinds haar oprichting in Assisi, Itali\u00eb, in 1212. De oprichtster, Clara, werd aangemoedigd door het charisma van San Francisco, die zij bewonderde als arme rondtrekkende monnik. Ze begon met een groep jonge mensen die wilden leven als armen, van het werk van hun handen of aalmoezen. Als zusters die zich onder elkaar samen helpen, trokken ze in de beroemde kerk van San Damiano, dezelfde die de Heilige Franciscus enige jaren daarvoor had hersteld vanuit de ru\u00efnes.<\/div><div class=\"group segmentsize1\">&nbsp;<\/div><div class=\"group segmentsize1\"><h5 class=\"full-width-h2\">Clarissen in Sucre<\/h5><p>Het klooster in Sucre werd opgericht in 1636 door Mar\u00eda Zeballos y Vera, een dame zonder kinderen, weduwe van Jer\u00f3nimo Maldonado Buend\u00eda. Ze besloot om de Heer te volgen en gaf haar fortuin en het werk van haar handen voor de bouw van het huidige klooster. Voordat het een klooster was, was het een retraitehuis voor jongeren in een vergelijkbare situatie als haarzelf, om elkaar wederzijdse hulp te bieden en zich te wijden aan de Heer.<\/p><\/div><div class=\"group segmentsize3\"><div class=\"full-width-text-block no-slideshow\"><p>Zeballos, gesteld tegenover de geestelijke nood van de jonge dames, besloot om een congregatie te vormen. Met de hulp van de franciscanen gevestigd in Sucre, vroeg ze de koning van Spanje, Phillips de Vierde, toestemming om de Orde van Santa Clara te stichten. Toen dit in 1636 werd toegekend, vroeg ze steun aan de Clarissen van Cuzco voor het opzetten van het contemplatieve leven en de \"Franciscaans Clariaanse\" spiritualiteit. Er kwamen drie zusters, met een beeld van Santa Clara, naar Sucre en zij namen de rollen op zich van Abdis, Predikante en Lerares, om de op dat moment 13 jonge vrouwen die voor het habijt hadden gekozen, te begeleiden. Dit aantal bereikte op een gegeven moment de 300.<\/p><p>Mar\u00eda Zeballos, een afstammeling van de Spanjaarden en geboren Chuquisaque\u00f1a, bouwde het klooster gebouwd op haar eigen land, ter grootte van een heel huizenblok (meer dan 1 ha). Zij nam de positie van Abdis over bij het overlijden van de eerste. De kerk werd pas aan het einde van de 17e eeuw gebouwd.<\/p><p><img loading=\"lazy\" decoding=\"async\" class=\" wp-image-2293 alignleft\" src=\"https:\/\/villaantiguahotel.com\/wp-content\/uploads\/2018\/12\/Iglesia-de-Santa-Clara.jpg\" alt=\"\" width=\"312\" height=\"255\" srcset=\"https:\/\/villaantiguahotel.com\/wp-content\/uploads\/2018\/12\/Iglesia-de-Santa-Clara.jpg 1451w, https:\/\/villaantiguahotel.com\/wp-content\/uploads\/2018\/12\/Iglesia-de-Santa-Clara-768x627.jpg 768w, https:\/\/villaantiguahotel.com\/wp-content\/uploads\/2018\/12\/Iglesia-de-Santa-Clara-1024x836.jpg 1024w\" sizes=\"auto, (max-width: 312px) 100vw, 312px\" \/><\/p><p>Tegenwoordig wonen er 20 Clarissen in het Klooster van Santa Clara, de abdis heet Zuster Simona R\u00edos. Om haar heen, heeft ze vier medewerkers, de zogenaamde \"Discreten\", en verder zijn er de andere Clarissen die deel uitmaken van de congregatie en de initiele opleiding. De meesten zijn jong, de jongste is 20 en de oudste 97 jaar.<\/p><p>De Clarissen onderhouden zichzelf met de verkoop van hun producten, ze krijgen geen salaris van de kerk of de staat. De belangrijkste activiteit van de Zusters is de productie van fijn gebak, dat verkocht wordt in \"La Casita Santa Clara\", een gezellige cafetaria in hetzelfde gebouw, gebaseerd op traditionele recepten en innovaties, afhankelijk van de vraag. Onder de vari\u00ebteit zijn er koekjes met amandel, anijs, chocolade, kaneel of vanille, en kaasstokjes. Ook zijn er alfajores, kaasbroodjes, pan dulce, cu\u00f1ap\u00e9s, humintas gemaakt met maismeel in de oven of pan, en natuurlijk de speciale Santa Clara empanadas en salte\u00f1as, van het originele recept.<\/p><p>Op aanvraag, maken ze ook borduur-, haak- en breiwerken. Hun geborduurde tafellakens zijn beroemd.<\/p><\/div><\/div><\/div><\/div><\/div><\/div><\/div><div class=\"vce-text-block\"><div class=\"vce-text-block-wrapper vce\" id=\"el-0264d2c0\" data-vce-do-apply=\"all el-0264d2c0\"><h5 class=\"full-width-h2\">Museum<\/h5><p><img loading=\"lazy\" decoding=\"async\" class=\"size-full wp-image-2294 alignright\" src=\"https:\/\/villaantiguahotel.com\/wp-content\/uploads\/2018\/12\/Santa-Clara-organo.jpg\" alt=\"\" width=\"150\" height=\"200\"><\/p><div class=\"vce-col-inner\" data-vce-element-content=\"true\" data-vce-do-apply=\"padding margin el-1ae0e8f1\"><div class=\"vce-text-block text-justify\"><div id=\"el-434ab399\" class=\"vce-text-block-wrapper vce\" data-vce-do-apply=\"all el-434ab399\"><div class=\"vce-col-inner\" data-vce-element-content=\"true\" data-vce-do-apply=\"padding margin  el-1ae0e8f1\"><div class=\"vce-text-block text-justify\"><div id=\"el-434ab399\" class=\"vce-text-block-wrapper vce\" data-vce-do-apply=\"all el-434ab399\"><p>Het museum van Santa Clara, tegenover Hotel Villa Antigua in de Calvo straat, is \u00e9\u00e9n van de meest mystieke in Sucre.<\/p><p>In het koor hangen schilderijen van artiesten als Bernardo Bitti, Gaspar Miguel de Berrio of Melchor P\u00e9rez Holguin, staan sculpturen in cederhout, fijn linnen door de Clarissen geborduurd met strass-steentjes, zilveren spullen, antieke stoelen, liturgische boeken, iconografie van het contemplatieve leven, evenals barok-muziekinstrumenten, een meubel waar fijne edelstenen bewaard werden, en andere wonderlijke stukken. De belangrijkste schat van het museum is het kerkorgel uit de zeventiende eeuw, dat gerenoveerd is en bespeeld wordt bij speciale gelegenheden.<\/p><\/div><\/div><\/div><\/div><\/div><\/div><\/div><\/div><div class=\"vce-text-block\"><div class=\"vce-text-block-wrapper vce\" id=\"el-e45e41de\" data-vce-do-apply=\"all el-e45e41de\"><p style=\"text-align: justify;\"><img loading=\"lazy\" decoding=\"async\" class=\" wp-image-2271 alignleft\" src=\"https:\/\/villaantiguahotel.com\/wp-content\/uploads\/2018\/12\/Santa-Clara-2-round.jpg\" alt=\"\" width=\"235\" height=\"125\" srcset=\"https:\/\/villaantiguahotel.com\/wp-content\/uploads\/2018\/12\/Santa-Clara-2-round.jpg 1567w, https:\/\/villaantiguahotel.com\/wp-content\/uploads\/2018\/12\/Santa-Clara-2-round-768x409.jpg 768w, https:\/\/villaantiguahotel.com\/wp-content\/uploads\/2018\/12\/Santa-Clara-2-round-1024x545.jpg 1024w\" sizes=\"auto, (max-width: 235px) 100vw, 235px\" \/>Beneden staat de crypte waar in de afgelopen eeuwen de nonnen werden begraven, tot zelfs nog 50 jaar geleden. Men kan ook de kerk bezoeken en een wandeling maken door het nonnenklooster, dat nu in gala is vanwege de onlangs met steun van de Duitse ambassade gerestaureerde barok-mestieze muurschilderingen uit 1707.<\/p><\/div><\/div><div class=\"vce-text-block text-justify\"><div class=\"vce-text-block-wrapper vce\" id=\"el-1ca19c6d\" data-vce-do-apply=\"all el-1ca19c6d\"><p style=\"text-align: justify;\"><br><\/p><\/div><\/div><\/div><\/div><div class=\"vce-col vce-col--xs-hide vce-col--xs-first vce-col--sm-hide vce-col--sm-first vce-col--md-10p vce-col--md-visible vce-col--md-last vce-col--lg-15p vce-col--lg-visible vce-col--lg-last vce-col--xl-15p vce-col--xl-visible vce-col--xl-last\" id=\"el-7a5225fc\" data-vce-do-apply=\"background border el-7a5225fc\"><div class=\"vce-col-inner\" data-vce-element-content=\"true\" data-vce-do-apply=\"padding margin  el-7a5225fc\"><\/div><\/div><\/div><\/div><\/div><div class=\"vce-row-container\"><div class=\"vce-row vce-row--col-gap-30 vce-row-columns--top vce-row-content--top\" id=\"el-efbbc79a\" data-vce-do-apply=\"all el-efbbc79a\"><div class=\"vce-content-background-container\"><\/div><div class=\"vce-row-content\" data-vce-element-content=\"true\"><div class=\"vce-col vce-col--xs-50p vce-col--xs-visible vce-col--xs-first vce-col--sm-50p vce-col--sm-visible vce-col--sm-first vce-col--md-50p vce-col--md-visible vce-col--md-first vce-col--lg-50p vce-col--lg-visible vce-col--lg-first vce-col--xl-50p vce-col--xl-visible vce-col--xl-first\" id=\"el-fd9d97a1\" data-vce-do-apply=\"background border el-fd9d97a1\"><div class=\"vce-col-inner\" data-vce-element-content=\"true\" data-vce-do-apply=\"padding margin  el-fd9d97a1\"><div class=\"vce-button--style-outline-container vce-button--style-outline-container--align-left\"><span class=\"vce-button--style-outline-wrapper vce\" id=\"el-71d5a257\" data-vce-do-apply=\"margin el-71d5a257\"><a class=\"vce-button--style-outline-animated vce-button--style-outline--border-rounded vce-button--style-outline--size-small vce-button--style-outline-animated--color-b-47-47-47--fff--3d3d3d vce-button--style-outline-animated--border-color-b-158-51-44--3d3d3d vce-button--style-outline-animated--background-color-b-255-63-59\" href=\"https:\/\/villaantiguahotel.com\/nl\/sucre-nl\/chocolade-stad\/\" title=\"\" data-vce-do-apply=\"padding border background  el-71d5a257\"><span class=\"vce-button--style-outline-text\">Vorige<\/span><\/a><\/span><\/div><\/div><\/div><div class=\"vce-col vce-col--xs-50p vce-col--xs-visible vce-col--xs-last vce-col--sm-50p vce-col--sm-visible vce-col--sm-last vce-col--md-50p vce-col--md-visible vce-col--md-last vce-col--lg-50p vce-col--lg-visible vce-col--lg-last vce-col--xl-50p vce-col--xl-visible vce-col--xl-last\" id=\"el-e9a7663f\" data-vce-do-apply=\"background border el-e9a7663f\"><div class=\"vce-col-inner\" data-vce-element-content=\"true\" data-vce-do-apply=\"padding margin  el-e9a7663f\"><div class=\"vce-button--style-outline-container vce-button--style-outline-container--align-right\"><span class=\"vce-button--style-outline-wrapper vce\" id=\"el-ba45523e\" data-vce-do-apply=\"margin el-ba45523e\"><a class=\"vce-button--style-outline-animated vce-button--style-outline--border-rounded vce-button--style-outline--size-small vce-button--style-outline-animated--color-b-47-47-47--fff--3d3d3d vce-button--style-outline-animated--border-color-b-158-51-44--3d3d3d vce-button--style-outline-animated--background-color-b-255-63-59\" href=\"https:\/\/villaantiguahotel.com\/nl\/sucre-nl\/toerisme-in-sucre\/\" title=\"\" data-vce-do-apply=\"padding border background  el-ba45523e\"><span class=\"vce-button--style-outline-text\">Volgende<\/span><\/a><\/span><\/div><\/div><\/div><\/div><\/div><\/div>\n","protected":false},"excerpt":{"rendered":"<p>Klooster van de Heilige ClaraJuist tegenover het Hotel Villa Antigua in Sucre, in de Calvo straat op de hoek van de Avaroa straat, staat het klooster, kerk en museum van Santa Clara. De nonnen van het Klooster van Santa Clara maken deel uit van het levend Erfgoed van de stad Sucre, al sinds bijna 400 [&hellip;]<\/p>\n","protected":false},"author":1,"featured_media":0,"parent":1944,"menu_order":0,"comment_status":"closed","ping_status":"closed","template":"","meta":{"footnotes":""},"class_list":["post-1953","page","type-page","status-publish","hentry"],"yoast_head":"<!-- This site is optimized with the Yoast SEO plugin v27.4 - https:\/\/yoast.com\/product\/yoast-seo-wordpress\/ -->\n<title>Klooster, Kerk en Museum van Santa Clara in Sucre Bolivia<\/title>\n<meta name=\"description\" content=\"Geschiedenis van klooster, kerk en museum van Santa Clara in Sucre Bolivia, daterend uit de 17e eeuw Het museum heeft mestizo barokke muurschilderingen.\" \/>\n<meta name=\"robots\" content=\"index, follow, max-snippet:-1, max-image-preview:large, max-video-preview:-1\" \/>\n<link rel=\"canonical\" href=\"https:\/\/villaantiguahotel.com\/?page_id=1953&lang=nl\" \/>\n<meta property=\"og:locale\" content=\"es_ES\" \/>\n<meta property=\"og:type\" content=\"article\" \/>\n<meta property=\"og:title\" content=\"Klooster, Kerk en Museum van Santa Clara in Sucre Bolivia\" \/>\n<meta property=\"og:description\" content=\"Geschiedenis van klooster, kerk en museum van Santa Clara in Sucre Bolivia, daterend uit de 17e eeuw Het museum heeft mestizo barokke muurschilderingen.\" \/>\n<meta property=\"og:url\" content=\"https:\/\/villaantiguahotel.com\/?page_id=1953&amp;lang=nl\" \/>\n<meta property=\"og:site_name\" content=\"Hotel Villa Antigua\" \/>\n<meta property=\"article:publisher\" content=\"https:\/\/www.facebook.com\/Hotel-Villa-Antigua-in-Sucre-Bolivia-136777549722346\/\" \/>\n<meta property=\"article:modified_time\" content=\"2019-02-22T12:15:48+00:00\" \/>\n<meta name=\"twitter:card\" content=\"summary_large_image\" \/>\n<meta name=\"twitter:label1\" content=\"Tiempo de lectura\" \/>\n\t<meta name=\"twitter:data1\" content=\"4 minutos\" \/>\n<script type=\"application\/ld+json\" class=\"yoast-schema-graph\">{\"@context\":\"https:\\\/\\\/schema.org\",\"@graph\":[{\"@type\":\"WebPage\",\"@id\":\"https:\\\/\\\/villaantiguahotel.com\\\/?page_id=1953&lang=nl\",\"url\":\"https:\\\/\\\/villaantiguahotel.com\\\/?page_id=1953&lang=nl\",\"name\":\"Klooster, Kerk en Museum van Santa Clara in Sucre Bolivia\",\"isPartOf\":{\"@id\":\"https:\\\/\\\/villaantiguahotel.com\\\/#website\"},\"datePublished\":\"2018-12-11T04:40:27+00:00\",\"dateModified\":\"2019-02-22T12:15:48+00:00\",\"description\":\"Geschiedenis van klooster, kerk en museum van Santa Clara in Sucre Bolivia, daterend uit de 17e eeuw Het museum heeft mestizo barokke muurschilderingen.\",\"breadcrumb\":{\"@id\":\"https:\\\/\\\/villaantiguahotel.com\\\/?page_id=1953&lang=nl#breadcrumb\"},\"inLanguage\":\"es\",\"potentialAction\":[{\"@type\":\"ReadAction\",\"target\":[\"https:\\\/\\\/villaantiguahotel.com\\\/?page_id=1953&lang=nl\"]}]},{\"@type\":\"BreadcrumbList\",\"@id\":\"https:\\\/\\\/villaantiguahotel.com\\\/?page_id=1953&lang=nl#breadcrumb\",\"itemListElement\":[{\"@type\":\"ListItem\",\"position\":1,\"name\":\"Portada\",\"item\":\"https:\\\/\\\/villaantiguahotel.com\\\/\"},{\"@type\":\"ListItem\",\"position\":2,\"name\":\"Sucre\",\"item\":\"https:\\\/\\\/villaantiguahotel.com\\\/?page_id=1944&lang=nl\"},{\"@type\":\"ListItem\",\"position\":3,\"name\":\"Klooster van Santa Clara\"}]},{\"@type\":\"WebSite\",\"@id\":\"https:\\\/\\\/villaantiguahotel.com\\\/#website\",\"url\":\"https:\\\/\\\/villaantiguahotel.com\\\/\",\"name\":\"Hotel Boutique Villa Antigua - Sucre, Patrimonio Cultural de la Humanidad\",\"description\":\"\",\"publisher\":{\"@id\":\"https:\\\/\\\/villaantiguahotel.com\\\/#organization\"},\"potentialAction\":[{\"@type\":\"SearchAction\",\"target\":{\"@type\":\"EntryPoint\",\"urlTemplate\":\"https:\\\/\\\/villaantiguahotel.com\\\/?s={search_term_string}\"},\"query-input\":{\"@type\":\"PropertyValueSpecification\",\"valueRequired\":true,\"valueName\":\"search_term_string\"}}],\"inLanguage\":\"es\"},{\"@type\":\"Organization\",\"@id\":\"https:\\\/\\\/villaantiguahotel.com\\\/#organization\",\"name\":\"Hotel Villa Antigua\",\"url\":\"https:\\\/\\\/villaantiguahotel.com\\\/\",\"logo\":{\"@type\":\"ImageObject\",\"inLanguage\":\"es\",\"@id\":\"https:\\\/\\\/villaantiguahotel.com\\\/#\\\/schema\\\/logo\\\/image\\\/\",\"url\":\"https:\\\/\\\/villaantiguahotel.com\\\/wp-content\\\/uploads\\\/2019\\\/03\\\/logo.jpg\",\"contentUrl\":\"https:\\\/\\\/villaantiguahotel.com\\\/wp-content\\\/uploads\\\/2019\\\/03\\\/logo.jpg\",\"width\":240,\"height\":229,\"caption\":\"Hotel Villa Antigua\"},\"image\":{\"@id\":\"https:\\\/\\\/villaantiguahotel.com\\\/#\\\/schema\\\/logo\\\/image\\\/\"},\"sameAs\":[\"https:\\\/\\\/www.facebook.com\\\/Hotel-Villa-Antigua-in-Sucre-Bolivia-136777549722346\\\/\",\"https:\\\/\\\/www.linkedin.com\\\/in\\\/hotel-villa-antigua-villa-6946686b\\\/\"]}]}<\/script>\n<!-- \/ Yoast SEO plugin. -->","yoast_head_json":{"title":"Klooster, Kerk en Museum van Santa Clara in Sucre Bolivia","description":"Geschiedenis van klooster, kerk en museum van Santa Clara in Sucre Bolivia, daterend uit de 17e eeuw Het museum heeft mestizo barokke muurschilderingen.","robots":{"index":"index","follow":"follow","max-snippet":"max-snippet:-1","max-image-preview":"max-image-preview:large","max-video-preview":"max-video-preview:-1"},"canonical":"https:\/\/villaantiguahotel.com\/?page_id=1953&lang=nl","og_locale":"es_ES","og_type":"article","og_title":"Klooster, Kerk en Museum van Santa Clara in Sucre Bolivia","og_description":"Geschiedenis van klooster, kerk en museum van Santa Clara in Sucre Bolivia, daterend uit de 17e eeuw Het museum heeft mestizo barokke muurschilderingen.","og_url":"https:\/\/villaantiguahotel.com\/?page_id=1953&lang=nl","og_site_name":"Hotel Villa Antigua","article_publisher":"https:\/\/www.facebook.com\/Hotel-Villa-Antigua-in-Sucre-Bolivia-136777549722346\/","article_modified_time":"2019-02-22T12:15:48+00:00","twitter_card":"summary_large_image","twitter_misc":{"Tiempo de lectura":"4 minutos"},"schema":{"@context":"https:\/\/schema.org","@graph":[{"@type":"WebPage","@id":"https:\/\/villaantiguahotel.com\/?page_id=1953&lang=nl","url":"https:\/\/villaantiguahotel.com\/?page_id=1953&lang=nl","name":"Klooster, Kerk en Museum van Santa Clara in Sucre Bolivia","isPartOf":{"@id":"https:\/\/villaantiguahotel.com\/#website"},"datePublished":"2018-12-11T04:40:27+00:00","dateModified":"2019-02-22T12:15:48+00:00","description":"Geschiedenis van klooster, kerk en museum van Santa Clara in Sucre Bolivia, daterend uit de 17e eeuw Het museum heeft mestizo barokke muurschilderingen.","breadcrumb":{"@id":"https:\/\/villaantiguahotel.com\/?page_id=1953&lang=nl#breadcrumb"},"inLanguage":"es","potentialAction":[{"@type":"ReadAction","target":["https:\/\/villaantiguahotel.com\/?page_id=1953&lang=nl"]}]},{"@type":"BreadcrumbList","@id":"https:\/\/villaantiguahotel.com\/?page_id=1953&lang=nl#breadcrumb","itemListElement":[{"@type":"ListItem","position":1,"name":"Portada","item":"https:\/\/villaantiguahotel.com\/"},{"@type":"ListItem","position":2,"name":"Sucre","item":"https:\/\/villaantiguahotel.com\/?page_id=1944&lang=nl"},{"@type":"ListItem","position":3,"name":"Klooster van Santa Clara"}]},{"@type":"WebSite","@id":"https:\/\/villaantiguahotel.com\/#website","url":"https:\/\/villaantiguahotel.com\/","name":"Hotel Boutique Villa Antigua - Sucre, Patrimonio Cultural de la Humanidad","description":"","publisher":{"@id":"https:\/\/villaantiguahotel.com\/#organization"},"potentialAction":[{"@type":"SearchAction","target":{"@type":"EntryPoint","urlTemplate":"https:\/\/villaantiguahotel.com\/?s={search_term_string}"},"query-input":{"@type":"PropertyValueSpecification","valueRequired":true,"valueName":"search_term_string"}}],"inLanguage":"es"},{"@type":"Organization","@id":"https:\/\/villaantiguahotel.com\/#organization","name":"Hotel Villa Antigua","url":"https:\/\/villaantiguahotel.com\/","logo":{"@type":"ImageObject","inLanguage":"es","@id":"https:\/\/villaantiguahotel.com\/#\/schema\/logo\/image\/","url":"https:\/\/villaantiguahotel.com\/wp-content\/uploads\/2019\/03\/logo.jpg","contentUrl":"https:\/\/villaantiguahotel.com\/wp-content\/uploads\/2019\/03\/logo.jpg","width":240,"height":229,"caption":"Hotel Villa Antigua"},"image":{"@id":"https:\/\/villaantiguahotel.com\/#\/schema\/logo\/image\/"},"sameAs":["https:\/\/www.facebook.com\/Hotel-Villa-Antigua-in-Sucre-Bolivia-136777549722346\/","https:\/\/www.linkedin.com\/in\/hotel-villa-antigua-villa-6946686b\/"]}]}},"_links":{"self":[{"href":"https:\/\/villaantiguahotel.com\/index.php?rest_route=\/wp\/v2\/pages\/1953","targetHints":{"allow":["GET"]}}],"collection":[{"href":"https:\/\/villaantiguahotel.com\/index.php?rest_route=\/wp\/v2\/pages"}],"about":[{"href":"https:\/\/villaantiguahotel.com\/index.php?rest_route=\/wp\/v2\/types\/page"}],"author":[{"embeddable":true,"href":"https:\/\/villaantiguahotel.com\/index.php?rest_route=\/wp\/v2\/users\/1"}],"replies":[{"embeddable":true,"href":"https:\/\/villaantiguahotel.com\/index.php?rest_route=%2Fwp%2Fv2%2Fcomments&post=1953"}],"version-history":[{"count":0,"href":"https:\/\/villaantiguahotel.com\/index.php?rest_route=\/wp\/v2\/pages\/1953\/revisions"}],"up":[{"embeddable":true,"href":"https:\/\/villaantiguahotel.com\/index.php?rest_route=\/wp\/v2\/pages\/1944"}],"wp:attachment":[{"href":"https:\/\/villaantiguahotel.com\/index.php?rest_route=%2Fwp%2Fv2%2Fmedia&parent=1953"}],"curies":[{"name":"wp","href":"https:\/\/api.w.org\/{rel}","templated":true}]}}