{"id":282,"date":"2018-11-16T08:50:05","date_gmt":"2018-11-16T08:50:05","guid":{"rendered":"https:\/\/villaantiguahotel.com\/?page_id=282"},"modified":"2020-03-16T20:21:54","modified_gmt":"2020-03-16T20:21:54","slug":"musica-barroca","status":"publish","type":"page","link":"https:\/\/villaantiguahotel.com\/?page_id=282","title":{"rendered":"M\u00fasica Barroca"},"content":{"rendered":"<div class=\"vce-row-container\"><div class=\"vce-row vce-row--col-gap-30 bg-submenu vce-row-columns--top vce-row-content--top\" id=\"el-2a1a41a7\" data-vce-do-apply=\"all el-2a1a41a7\"><div class=\"vce-row-content\" data-vce-element-content=\"true\"><div class=\"vce-col vce-col--md-100p vce-col--xs-1 vce-col--xs-last vce-col--xs-first vce-col--sm-last vce-col--sm-first vce-col--md-last vce-col--lg-last vce-col--xl-last vce-col--md-first vce-col--lg-first vce-col--xl-first\" id=\"el-e73833ed\" data-vce-do-apply=\"background border el-e73833ed\"><div class=\"vce-col-inner\" data-vce-element-content=\"true\" data-vce-do-apply=\"padding margin  el-e73833ed\"><div class=\"vce-widgets-container\" id=\"nav-submenu-sucre\"><div class=\"vce vce-widgets-wrapper\" id=\"el-43d237ca\" data-vce-do-apply=\"all el-43d237ca\"><div class=\"menu-submenu-sucre-container\"><ul id=\"menu-submenu-sucre\" class=\"menu\"><li id=\"menu-item-292\" class=\"menu-item menu-item-type-post_type menu-item-object-page menu-item-292\"><a href=\"https:\/\/villaantiguahotel.com\/?page_id=270\">Turismo en Sucre<\/a><\/li>\n<li id=\"menu-item-4436\" class=\"menu-item menu-item-type-post_type menu-item-object-page menu-item-4436\"><a href=\"https:\/\/villaantiguahotel.com\/?page_id=4408\">Fotos<\/a><\/li>\n<li id=\"menu-item-3950\" class=\"menu-item menu-item-type-post_type menu-item-object-page menu-item-3950\"><a href=\"https:\/\/villaantiguahotel.com\/?page_id=3941\">Agenda Cultural<\/a><\/li>\n<li id=\"menu-item-291\" class=\"menu-item menu-item-type-post_type menu-item-object-page menu-item-291\"><a href=\"https:\/\/villaantiguahotel.com\/?page_id=280\">Patio en Sucre<\/a><\/li>\n<li id=\"menu-item-290\" class=\"menu-item menu-item-type-post_type menu-item-object-page menu-item-290\"><a href=\"https:\/\/villaantiguahotel.com\/?page_id=282\">M\u00fasica Barroca<\/a><\/li>\n<li id=\"menu-item-4297\" class=\"menu-item menu-item-type-post_type menu-item-object-page menu-item-4297\"><a href=\"https:\/\/villaantiguahotel.com\/?page_id=4259\">Carnaval de Anta\u00f1o<\/a><\/li>\n<li id=\"menu-item-289\" class=\"menu-item menu-item-type-post_type menu-item-object-page menu-item-289\"><a href=\"https:\/\/villaantiguahotel.com\/?page_id=284\">Ciudad del Chocolate<\/a><\/li>\n<li id=\"menu-item-288\" class=\"menu-item menu-item-type-post_type menu-item-object-page menu-item-288\"><a href=\"https:\/\/villaantiguahotel.com\/?page_id=286\">Monasterio de Santa Clara<\/a><\/li>\n<\/ul><\/div><\/div><\/div><\/div><\/div><\/div><\/div><\/div><div class=\"vce-row-container\"><div class=\"vce-row vce-row--col-gap-30 vce-row-columns--top vce-row-content--top\" id=\"el-486e12b2\" data-vce-do-apply=\"all el-486e12b2\"><div class=\"vce-content-background-container\"><\/div><div class=\"vce-row-content\" data-vce-element-content=\"true\"><div class=\"vce-col vce-col--xs-hide vce-col--xs-first vce-col--sm-hide vce-col--sm-first vce-col--md-10p vce-col--md-visible vce-col--md-first vce-col--lg-15p vce-col--lg-visible vce-col--lg-first vce-col--xl-15p vce-col--xl-visible vce-col--xl-first\" id=\"el-4dc090cc\" data-vce-do-apply=\"background border el-4dc090cc\"><div class=\"vce-col-inner\" data-vce-element-content=\"true\" data-vce-do-apply=\"padding margin  el-4dc090cc\"><\/div><\/div><div class=\"vce-col vce-col--xs-100p vce-col--xs-visible vce-col--xs-last vce-col--sm-100p vce-col--sm-visible vce-col--sm-last vce-col--md-80p vce-col--md-visible vce-col--lg-70p vce-col--lg-visible vce-col--xl-70p vce-col--xl-visible\" id=\"el-ccfd9dfa\" data-vce-do-apply=\"background border el-ccfd9dfa\"><div class=\"vce-content-background-container\"><\/div><div class=\"vce-col-inner\" data-vce-element-content=\"true\" data-vce-do-apply=\"padding margin  el-ccfd9dfa\"><div class=\"vce-text-block\"><div class=\"vce-text-block-wrapper vce\" id=\"el-da5eaa15\" data-vce-do-apply=\"all el-da5eaa15\"><div class=\"group segmentsize1\"><h5 class=\"full-width-h2\">La rica historia de la m\u00fasica barroca en Sucre<\/h5><div class=\"group segmentsize1\"><p>La Ciudad Capital de Bolivia, Sucre, conserva la colecci\u00f3n m\u00e1s grande de partituras de m\u00fasica barroca de la \u00e9poca colonial en Latino Am\u00e9rica. La Plata, como fue el nombre de la ciudad en ese entonces, fue la sede de la Real Audiencia de Charcas, con funciones importantes de gobierno, justicia y militares para toda la regi\u00f3n de lo que hoy en d\u00eda es el sur de Per\u00fa, Bolivia, Paraguay y una parte importante de Argentina. Contaba con una importante Universidad Jesu\u00edtica.<\/p><\/div><div class=\"group segmentsize1\"><div class=\"full-width-text-block \"><p>El tesoro de las partituras fue conservado durante los a\u00f1os, mientras que en otros lugares de importancia colonial, como Lima en Per\u00fa, muchos de los materiales fueron destruidos por incendios u otros desastres. Entre las composiciones hay las de autores de los siglos XVII y XVIII, an\u00f3nimos y conocidos (como Pedro Xim\u00e9nez de Abril y Tirado, Juan de Araujo, Antonio Dur\u00e1n de la Mota y Blas Tard\u00edo Guzm\u00e1n), las que nunca han sido interpretadas, por lo menos no en los \u00faltimos doscientos a\u00f1os. Fueron compuestas para ser presentadas en la Catedral Metropolitana de Sucre y en la iglesia del Convento de San Felipe de Neri. La mayor parte es de estilo barroco, pero tambi\u00e9n existen piezas de estilos rom\u00e1ntico y renacentista.<\/p><\/div><\/div><\/div><\/div><\/div><div class=\"vce-single-image-container vce-single-image--align-center\"><div class=\"vce vce-single-image-wrapper\" id=\"el-b331601b\" data-vce-do-apply=\"all el-b331601b\"><figure><div class=\"vce-single-image-inner\"><img class=\"vce-single-image\" data-width=\"1024\" data-height=\"608\"src=\"https:\/\/villaantiguahotel.com\/wp-content\/uploads\/2020\/03\/Musica-barroca-en-la-Casa-de-la-Libertad-1024x608.jpg\" data-img-src=\"http:\/\/web.villaantiguahotel.com\/wp-content\/uploads\/2018\/12\/Musica-barroca-en-la-Casa-de-la-Libertad.jpg\" alt=\"\" title=\"Musica barroca en la Casa de la Libertad\"\/><\/div><figcaption>Concierto de m\u00fasica barroca en el sal\u00f3n del senado de la Casa de la Libertad en Sucre<\/figcaption><\/figure><\/div><\/div><div class=\"vce-text-block\"><div class=\"vce-text-block-wrapper vce\" id=\"el-5b3e39c3\" data-vce-do-apply=\"all el-5b3e39c3\"><p style=\"text-align: justify;\">El desaf\u00edo de recuperar e interpretar estas partituras es enorme, pero ha sido asumido en a\u00f1os anteriores con apoyo de la Naciones Unidas (v\u00eda la PNUD y UNESCO) y m\u00e1s recientemente por diferentes instituciones nacionales, como el Archivo y Biblioteca Nacionales de Bolivia (ABNB) y la Fundaci\u00f3n Cultural del Banco Central de Bolivia. El \u00e9xito del festival bianual de m\u00fasica barroca en las Misiones de la Chiquitan\u00eda, en el oriente de Bolivia, ha sido una gran fuente de inspiraci\u00f3n. La mayor\u00eda de las partituras ahora est\u00e1n apropiadamente catalogadas gracias al ABNB.<\/p><p style=\"text-align: justify;\">En abril de 2012, un primer festival de 4 d\u00edas fue organizado en Sucre, en la hist\u00f3rica Casa de la Libertad, donde artistas nacionales e internacionales interpretaron algo de la m\u00fasica recuperada. Desde entonces este festival se repite cada a\u00f1o en Semana Santa, promovido por j\u00f3venes m\u00fasicos. El objetivo en el tiempo es de descubrir e interpretar partituras nuevas, para que la herencia de m\u00fasica barroca de Sucre sea apreciada por la humanidad y a la vez que esa herencia d\u00e9 un impulso al desarrollo del turismo cultural y la econom\u00eda local.<\/p><\/div><\/div><\/div><\/div><div class=\"vce-col vce-col--xs-hide vce-col--xs-first vce-col--sm-hide vce-col--sm-first vce-col--md-10p vce-col--md-visible vce-col--md-last vce-col--lg-15p vce-col--lg-visible vce-col--lg-last vce-col--xl-15p vce-col--xl-visible vce-col--xl-last\" id=\"el-0c57e183\" data-vce-do-apply=\"background border el-0c57e183\"><div class=\"vce-col-inner\" data-vce-element-content=\"true\" data-vce-do-apply=\"padding margin  el-0c57e183\"><\/div><\/div><\/div><\/div><\/div><div class=\"vce-row-container\"><div class=\"vce-row vce-row--col-gap-30 vce-row-columns--top vce-row-content--top\" id=\"el-70928323\" data-vce-do-apply=\"all el-70928323\"><div class=\"vce-content-background-container\"><\/div><div class=\"vce-row-content\" data-vce-element-content=\"true\"><div class=\"vce-col vce-col--xs-50p vce-col--xs-visible vce-col--xs-first vce-col--sm-50p vce-col--sm-visible vce-col--sm-first vce-col--md-50p vce-col--md-visible vce-col--md-first vce-col--lg-50p vce-col--lg-visible vce-col--lg-first vce-col--xl-50p vce-col--xl-visible vce-col--xl-first\" id=\"el-674f377a\" data-vce-do-apply=\"background border el-674f377a\"><div class=\"vce-col-inner\" data-vce-element-content=\"true\" data-vce-do-apply=\"padding margin  el-674f377a\"><div class=\"vce-button--style-outline-container vce-button--style-outline-container--align-left\"><span class=\"vce-button--style-outline-wrapper vce\" id=\"el-fb670950\" data-vce-do-apply=\"margin el-fb670950\"><a class=\"vce-button--style-outline-animated vce-button--style-outline--border-rounded vce-button--style-outline--size-small vce-button--style-outline-animated--color-b-47-47-47--fff--3d3d3d vce-button--style-outline-animated--border-color-b-158-51-44--3d3d3d vce-button--style-outline-animated--background-color-b-255-63-59\" href=\"http:\/\/web.villaantiguahotel.com\/patio-en-sucre\/\" title=\"\" data-vce-do-apply=\"padding border background  el-fb670950\"><span class=\"vce-button--style-outline-text\">Anterior Pagina<\/span><\/a><\/span><\/div><\/div><\/div><div class=\"vce-col vce-col--xs-50p vce-col--xs-visible vce-col--xs-last vce-col--sm-50p vce-col--sm-visible vce-col--sm-last vce-col--md-50p vce-col--md-visible vce-col--md-last vce-col--lg-50p vce-col--lg-visible vce-col--lg-last vce-col--xl-50p vce-col--xl-visible vce-col--xl-last\" id=\"el-bba0ae16\" data-vce-do-apply=\"background border el-bba0ae16\"><div class=\"vce-col-inner\" data-vce-element-content=\"true\" data-vce-do-apply=\"padding margin  el-bba0ae16\"><div class=\"vce-button--style-outline-container vce-button--style-outline-container--align-right\"><span class=\"vce-button--style-outline-wrapper vce\" id=\"el-593b24a1\" data-vce-do-apply=\"margin el-593b24a1\"><a class=\"vce-button--style-outline-animated vce-button--style-outline--border-rounded vce-button--style-outline--size-small vce-button--style-outline-animated--color-b-47-47-47--fff--3d3d3d vce-button--style-outline-animated--border-color-b-158-51-44--3d3d3d vce-button--style-outline-animated--background-color-b-255-63-59\" href=\"https:\/\/villaantiguahotel.com\/carnaval-de-antano\/\" title=\"\" data-vce-do-apply=\"padding border background  el-593b24a1\"><span class=\"vce-button--style-outline-text\">Siguiente Pagina<\/span><\/a><\/span><\/div><\/div><\/div><\/div><\/div><\/div>\n","protected":false},"excerpt":{"rendered":"<p>La rica historia de la m\u00fasica barroca en SucreLa Ciudad Capital de Bolivia, Sucre, conserva la colecci\u00f3n m\u00e1s grande de partituras de m\u00fasica barroca de la \u00e9poca colonial en Latino Am\u00e9rica. La Plata, como fue el nombre de la ciudad en ese entonces, fue la sede de la Real Audiencia de Charcas, con funciones importantes [&hellip;]<\/p>\n","protected":false},"author":1,"featured_media":0,"parent":9,"menu_order":0,"comment_status":"closed","ping_status":"closed","template":"","meta":{"footnotes":""},"class_list":["post-282","page","type-page","status-publish","hentry"],"yoast_head":"<!-- This site is optimized with the Yoast SEO plugin v27.4 - https:\/\/yoast.com\/product\/yoast-seo-wordpress\/ -->\n<title>M\u00fasica Barroca - Hotel Villa Antigua<\/title>\n<meta name=\"robots\" content=\"index, follow, max-snippet:-1, max-image-preview:large, max-video-preview:-1\" \/>\n<link rel=\"canonical\" href=\"https:\/\/villaantiguahotel.com\/?page_id=282\" \/>\n<meta property=\"og:locale\" content=\"es_ES\" \/>\n<meta property=\"og:type\" content=\"article\" \/>\n<meta property=\"og:title\" content=\"M\u00fasica Barroca - Hotel Villa Antigua\" \/>\n<meta property=\"og:description\" content=\"La rica historia de la m\u00fasica barroca en SucreLa Ciudad Capital de Bolivia, Sucre, conserva la colecci\u00f3n m\u00e1s grande de partituras de m\u00fasica barroca de la \u00e9poca colonial en Latino Am\u00e9rica. La Plata, como fue el nombre de la ciudad en ese entonces, fue la sede de la Real Audiencia de Charcas, con funciones importantes [&hellip;]\" \/>\n<meta property=\"og:url\" content=\"https:\/\/villaantiguahotel.com\/?page_id=282\" \/>\n<meta property=\"og:site_name\" content=\"Hotel Villa Antigua\" \/>\n<meta property=\"article:publisher\" content=\"https:\/\/www.facebook.com\/Hotel-Villa-Antigua-in-Sucre-Bolivia-136777549722346\/\" \/>\n<meta property=\"article:modified_time\" content=\"2020-03-16T20:21:54+00:00\" \/>\n<meta name=\"twitter:card\" content=\"summary_large_image\" \/>\n<meta name=\"twitter:label1\" content=\"Tiempo de lectura\" \/>\n\t<meta name=\"twitter:data1\" content=\"2 minutos\" \/>\n<script type=\"application\/ld+json\" class=\"yoast-schema-graph\">{\"@context\":\"https:\\\/\\\/schema.org\",\"@graph\":[{\"@type\":\"WebPage\",\"@id\":\"https:\\\/\\\/villaantiguahotel.com\\\/?page_id=282\",\"url\":\"https:\\\/\\\/villaantiguahotel.com\\\/?page_id=282\",\"name\":\"M\u00fasica Barroca - Hotel Villa Antigua\",\"isPartOf\":{\"@id\":\"https:\\\/\\\/villaantiguahotel.com\\\/#website\"},\"datePublished\":\"2018-11-16T08:50:05+00:00\",\"dateModified\":\"2020-03-16T20:21:54+00:00\",\"breadcrumb\":{\"@id\":\"https:\\\/\\\/villaantiguahotel.com\\\/?page_id=282#breadcrumb\"},\"inLanguage\":\"es\",\"potentialAction\":[{\"@type\":\"ReadAction\",\"target\":[\"https:\\\/\\\/villaantiguahotel.com\\\/?page_id=282\"]}]},{\"@type\":\"BreadcrumbList\",\"@id\":\"https:\\\/\\\/villaantiguahotel.com\\\/?page_id=282#breadcrumb\",\"itemListElement\":[{\"@type\":\"ListItem\",\"position\":1,\"name\":\"Portada\",\"item\":\"https:\\\/\\\/villaantiguahotel.com\\\/\"},{\"@type\":\"ListItem\",\"position\":2,\"name\":\"Sucre\",\"item\":\"https:\\\/\\\/villaantiguahotel.com\\\/?page_id=9\"},{\"@type\":\"ListItem\",\"position\":3,\"name\":\"M\u00fasica Barroca\"}]},{\"@type\":\"WebSite\",\"@id\":\"https:\\\/\\\/villaantiguahotel.com\\\/#website\",\"url\":\"https:\\\/\\\/villaantiguahotel.com\\\/\",\"name\":\"Hotel Boutique Villa Antigua - Sucre, Patrimonio Cultural de la Humanidad\",\"description\":\"\",\"publisher\":{\"@id\":\"https:\\\/\\\/villaantiguahotel.com\\\/#organization\"},\"potentialAction\":[{\"@type\":\"SearchAction\",\"target\":{\"@type\":\"EntryPoint\",\"urlTemplate\":\"https:\\\/\\\/villaantiguahotel.com\\\/?s={search_term_string}\"},\"query-input\":{\"@type\":\"PropertyValueSpecification\",\"valueRequired\":true,\"valueName\":\"search_term_string\"}}],\"inLanguage\":\"es\"},{\"@type\":\"Organization\",\"@id\":\"https:\\\/\\\/villaantiguahotel.com\\\/#organization\",\"name\":\"Hotel Villa Antigua\",\"url\":\"https:\\\/\\\/villaantiguahotel.com\\\/\",\"logo\":{\"@type\":\"ImageObject\",\"inLanguage\":\"es\",\"@id\":\"https:\\\/\\\/villaantiguahotel.com\\\/#\\\/schema\\\/logo\\\/image\\\/\",\"url\":\"https:\\\/\\\/villaantiguahotel.com\\\/wp-content\\\/uploads\\\/2019\\\/03\\\/logo.jpg\",\"contentUrl\":\"https:\\\/\\\/villaantiguahotel.com\\\/wp-content\\\/uploads\\\/2019\\\/03\\\/logo.jpg\",\"width\":240,\"height\":229,\"caption\":\"Hotel Villa Antigua\"},\"image\":{\"@id\":\"https:\\\/\\\/villaantiguahotel.com\\\/#\\\/schema\\\/logo\\\/image\\\/\"},\"sameAs\":[\"https:\\\/\\\/www.facebook.com\\\/Hotel-Villa-Antigua-in-Sucre-Bolivia-136777549722346\\\/\",\"https:\\\/\\\/www.linkedin.com\\\/in\\\/hotel-villa-antigua-villa-6946686b\\\/\"]}]}<\/script>\n<!-- \/ Yoast SEO plugin. -->","yoast_head_json":{"title":"M\u00fasica Barroca - Hotel Villa Antigua","robots":{"index":"index","follow":"follow","max-snippet":"max-snippet:-1","max-image-preview":"max-image-preview:large","max-video-preview":"max-video-preview:-1"},"canonical":"https:\/\/villaantiguahotel.com\/?page_id=282","og_locale":"es_ES","og_type":"article","og_title":"M\u00fasica Barroca - Hotel Villa Antigua","og_description":"La rica historia de la m\u00fasica barroca en SucreLa Ciudad Capital de Bolivia, Sucre, conserva la colecci\u00f3n m\u00e1s grande de partituras de m\u00fasica barroca de la \u00e9poca colonial en Latino Am\u00e9rica. La Plata, como fue el nombre de la ciudad en ese entonces, fue la sede de la Real Audiencia de Charcas, con funciones importantes [&hellip;]","og_url":"https:\/\/villaantiguahotel.com\/?page_id=282","og_site_name":"Hotel Villa Antigua","article_publisher":"https:\/\/www.facebook.com\/Hotel-Villa-Antigua-in-Sucre-Bolivia-136777549722346\/","article_modified_time":"2020-03-16T20:21:54+00:00","twitter_card":"summary_large_image","twitter_misc":{"Tiempo de lectura":"2 minutos"},"schema":{"@context":"https:\/\/schema.org","@graph":[{"@type":"WebPage","@id":"https:\/\/villaantiguahotel.com\/?page_id=282","url":"https:\/\/villaantiguahotel.com\/?page_id=282","name":"M\u00fasica Barroca - Hotel Villa Antigua","isPartOf":{"@id":"https:\/\/villaantiguahotel.com\/#website"},"datePublished":"2018-11-16T08:50:05+00:00","dateModified":"2020-03-16T20:21:54+00:00","breadcrumb":{"@id":"https:\/\/villaantiguahotel.com\/?page_id=282#breadcrumb"},"inLanguage":"es","potentialAction":[{"@type":"ReadAction","target":["https:\/\/villaantiguahotel.com\/?page_id=282"]}]},{"@type":"BreadcrumbList","@id":"https:\/\/villaantiguahotel.com\/?page_id=282#breadcrumb","itemListElement":[{"@type":"ListItem","position":1,"name":"Portada","item":"https:\/\/villaantiguahotel.com\/"},{"@type":"ListItem","position":2,"name":"Sucre","item":"https:\/\/villaantiguahotel.com\/?page_id=9"},{"@type":"ListItem","position":3,"name":"M\u00fasica Barroca"}]},{"@type":"WebSite","@id":"https:\/\/villaantiguahotel.com\/#website","url":"https:\/\/villaantiguahotel.com\/","name":"Hotel Boutique Villa Antigua - Sucre, Patrimonio Cultural de la Humanidad","description":"","publisher":{"@id":"https:\/\/villaantiguahotel.com\/#organization"},"potentialAction":[{"@type":"SearchAction","target":{"@type":"EntryPoint","urlTemplate":"https:\/\/villaantiguahotel.com\/?s={search_term_string}"},"query-input":{"@type":"PropertyValueSpecification","valueRequired":true,"valueName":"search_term_string"}}],"inLanguage":"es"},{"@type":"Organization","@id":"https:\/\/villaantiguahotel.com\/#organization","name":"Hotel Villa Antigua","url":"https:\/\/villaantiguahotel.com\/","logo":{"@type":"ImageObject","inLanguage":"es","@id":"https:\/\/villaantiguahotel.com\/#\/schema\/logo\/image\/","url":"https:\/\/villaantiguahotel.com\/wp-content\/uploads\/2019\/03\/logo.jpg","contentUrl":"https:\/\/villaantiguahotel.com\/wp-content\/uploads\/2019\/03\/logo.jpg","width":240,"height":229,"caption":"Hotel Villa Antigua"},"image":{"@id":"https:\/\/villaantiguahotel.com\/#\/schema\/logo\/image\/"},"sameAs":["https:\/\/www.facebook.com\/Hotel-Villa-Antigua-in-Sucre-Bolivia-136777549722346\/","https:\/\/www.linkedin.com\/in\/hotel-villa-antigua-villa-6946686b\/"]}]}},"_links":{"self":[{"href":"https:\/\/villaantiguahotel.com\/index.php?rest_route=\/wp\/v2\/pages\/282","targetHints":{"allow":["GET"]}}],"collection":[{"href":"https:\/\/villaantiguahotel.com\/index.php?rest_route=\/wp\/v2\/pages"}],"about":[{"href":"https:\/\/villaantiguahotel.com\/index.php?rest_route=\/wp\/v2\/types\/page"}],"author":[{"embeddable":true,"href":"https:\/\/villaantiguahotel.com\/index.php?rest_route=\/wp\/v2\/users\/1"}],"replies":[{"embeddable":true,"href":"https:\/\/villaantiguahotel.com\/index.php?rest_route=%2Fwp%2Fv2%2Fcomments&post=282"}],"version-history":[{"count":0,"href":"https:\/\/villaantiguahotel.com\/index.php?rest_route=\/wp\/v2\/pages\/282\/revisions"}],"up":[{"embeddable":true,"href":"https:\/\/villaantiguahotel.com\/index.php?rest_route=\/wp\/v2\/pages\/9"}],"wp:attachment":[{"href":"https:\/\/villaantiguahotel.com\/index.php?rest_route=%2Fwp%2Fv2%2Fmedia&parent=282"}],"curies":[{"name":"wp","href":"https:\/\/api.w.org\/{rel}","templated":true}]}}