{"id":3,"date":"2018-11-12T12:36:37","date_gmt":"2018-11-12T12:36:37","guid":{"rendered":"https:\/\/villaantiguahotel.com\/?page_id=3"},"modified":"2019-01-29T20:30:41","modified_gmt":"2019-01-29T20:30:41","slug":"politica-privacidad","status":"publish","type":"page","link":"https:\/\/villaantiguahotel.com\/?page_id=3","title":{"rendered":"Pol\u00edtica de privacidad"},"content":{"rendered":"<div class=\"vce-row-container\"><div class=\"vce-row vce-row--col-gap-30 bg-submenu text-center vce-row-columns--top vce-row-content--top\" id=\"el-b01ec1db\" data-vce-do-apply=\"all el-b01ec1db\"><div class=\"vce-row-content\" data-vce-element-content=\"true\"><div class=\"vce-col vce-col--md-100p vce-col--xs-1 vce-col--xs-last vce-col--xs-first vce-col--sm-last vce-col--sm-first vce-col--md-last vce-col--lg-last vce-col--xl-last vce-col--md-first vce-col--lg-first vce-col--xl-first\" id=\"el-6574e48c\" data-vce-do-apply=\"background border el-6574e48c\"><div class=\"vce-col-inner\" data-vce-element-content=\"true\" data-vce-do-apply=\"padding margin  el-6574e48c\"><div class=\"vce-text-block\"><div class=\"vce-text-block-wrapper vce\" id=\"el-704b5fc8\" data-vce-do-apply=\"all el-704b5fc8\"><h5 class=\"title\">Pol\u00edticas de privacidad<\/h5><\/div><\/div><\/div><\/div><\/div><\/div><\/div><div class=\"vce-row-container\"><div class=\"vce-row vce-row--col-gap-30 mt-3 vce-row-columns--top vce-row-content--top\" id=\"el-fd3666f9\" data-vce-do-apply=\"all el-fd3666f9\"><div class=\"vce-content-background-container\"><\/div><div class=\"vce-row-content\" data-vce-element-content=\"true\"><div class=\"vce-col vce-col--xs-hide vce-col--xs-first vce-col--sm-hide vce-col--sm-first vce-col--md-15p vce-col--md-visible vce-col--md-first vce-col--lg-15p vce-col--lg-visible vce-col--lg-first vce-col--xl-15p vce-col--xl-visible vce-col--xl-first\" id=\"el-5cbeeae7\" data-vce-do-apply=\"background border el-5cbeeae7\"><div class=\"vce-col-inner\" data-vce-element-content=\"true\" data-vce-do-apply=\"padding margin  el-5cbeeae7\"><\/div><\/div><div class=\"vce-col vce-col--xs-100p vce-col--xs-visible vce-col--xs-last vce-col--sm-100p vce-col--sm-visible vce-col--sm-last vce-col--md-70p vce-col--md-visible vce-col--lg-70p vce-col--lg-visible vce-col--xl-70p vce-col--xl-visible\" id=\"el-1e1b120c\" data-vce-do-apply=\"background border el-1e1b120c\"><div class=\"vce-col-inner\" data-vce-element-content=\"true\" data-vce-do-apply=\"padding margin  el-1e1b120c\"><div class=\"vce-text-block text-justify\"><div class=\"vce-text-block-wrapper vce\" id=\"el-1c372279\" data-vce-do-apply=\"all el-1c372279\"><div class=\"main\"><div class=\"content-wrap \"><div class=\"content-body-inner\"><div class=\"policy\"><h4>Pol\u00edtica de privacidad<\/h4><p>Esta Pol\u00edtica de privacidad es aplicable a www.villaantiguahotel.com, gestionada por Hotel Villa Antigua.<\/p><p><strong>Recopilaci\u00f3n de datos<\/strong><\/p><p>Estos son algunos de los tipos de informaci\u00f3n personal que recopilamos:<\/p><ul><li>Nombre, apellidos, e-mail, n\u00famero de tel\u00e9fono y direcci\u00f3n postal;<\/li><li>Datos de tarjetas de cr\u00e9dito (tipo de tarjeta, n\u00famero de tarjeta, nombre del titular, fecha de caducidad y c\u00f3digo de seguridad);<\/li><li>Informaci\u00f3n sobre las estancias de los clientes, como las fechas de llegada y salida, peticiones especiales, observaciones sobre sus preferencias en los servicios (habitaciones, instalaciones o cualquier otro servicio utilizado);<\/li><\/ul><p>Puede elegir siempre los datos personales (si los hay) que nos quiere proporcionar. Sin embargo, si elige no proporcionarnos algunos datos, puede influir en algunas de sus operaciones o la otorgaci\u00f3n de servicios de nuestra&nbsp; parte.<\/p><p><strong>Retenci\u00f3n de datos<\/strong><\/p><p>Retendremos su informaci\u00f3n, que puede que incluya datos personales, durante el tiempo que lo consideremos necesario para proporcionarle servicios. No la compartimos con ninguna persona o autoridad ajena al hotel, salvo para cumplir con normas o requerimientos legales bolivianos. Si tiene alguna pregunta sobre un periodo de retenci\u00f3n concreto para algunos tipos de datos personales que procesamos sobre usted, p\u00f3ngase en contacto con nosotros mediante <a href=\"mailto:info@villaantiguahotel.com\">info@villaantiguahotel.com <\/a>. Siempre nos puede solicitar la eliminaci\u00f3n de sus datos en nuestra base de datos.<\/p><\/div><\/div><\/div><\/div><\/div><div class=\"vce-text-block-wrapper vce\" id=\"\" data-vce-do-apply=\"all el-1c372279\" style=\"height: 0px; width: 0px; overflow: hidden; position: fixed; bottom: 0px; right: 0px;\"><div class=\"main\"><div class=\"content-wrap \"><div class=\"content-body-inner\"><div class=\"policy\"><h4>Pol\u00edtica de privacidad<\/h4><p>Esta Pol\u00edtica de privacidad es aplicable a www.villaantiguahotel.com, gestionada por Hotel Villa Antigua.<\/p><p><strong>Recopilaci\u00f3n de datos<\/strong><\/p><p>Estos son algunos de los tipos de informaci\u00f3n personal que recopilamos:<\/p><ul><li>Nombre, apellidos, e-mail, n\u00famero de tel\u00e9fono y direcci\u00f3n postal;<\/li><li>Datos de tarjetas de cr\u00e9dito (tipo de tarjeta, n\u00famero de tarjeta, nombre del titular, fecha de caducidad y c\u00f3digo de seguridad);<\/li><li>Informaci\u00f3n sobre las estancias de los clientes, como las fechas de llegada y salida, peticiones especiales, observaciones sobre sus preferencias en los servicios (habitaciones, instalaciones o cualquier otro servicio utilizado);<\/li><\/ul><p>Puede elegir siempre los datos personales (si los hay) que nos quiere proporcionar. Sin embargo, si elige no proporcionarnos algunos datos, puede influir en algunas de sus operaciones o la otorgaci\u00f3n de servicios de nuestra&nbsp; parte.<\/p><p><strong>Retenci\u00f3n de datos<\/strong><\/p><p>Retendremos su informaci\u00f3n, que puede que incluya datos personales, durante el tiempo que lo consideremos necesario para proporcionarle servicios. No la compartimos con ninguna persona o autoridad ajena al hotel, salvo para cumplir con normas o requerimientos legales bolivianos. Si tiene alguna pregunta sobre un periodo de retenci\u00f3n concreto para algunos tipos de datos personales que procesamos sobre usted, p\u00f3ngase en contacto con nosotros mediante <a href=\"mailto:info@villaantiguahotel.com\">info@villaantiguahotel.com <\/a>. Siempre nos puede solicitar la eliminaci\u00f3n de sus datos en nuestra base de datos.<\/p><\/div><\/div><\/div><\/div><\/div><\/div><\/div><\/div><div class=\"vce-col vce-col--xs-hide vce-col--xs-first vce-col--sm-hide vce-col--sm-first vce-col--md-15p vce-col--md-visible vce-col--md-last vce-col--lg-15p vce-col--lg-visible vce-col--lg-last vce-col--xl-15p vce-col--xl-visible vce-col--xl-last\" id=\"el-0ca4e816\" data-vce-do-apply=\"background border el-0ca4e816\"><div class=\"vce-col-inner\" data-vce-element-content=\"true\" data-vce-do-apply=\"padding margin  el-0ca4e816\"><\/div><\/div><\/div><\/div><\/div>\n","protected":false},"excerpt":{"rendered":"<p>Pol\u00edticas de privacidadPol\u00edtica de privacidadEsta Pol\u00edtica de privacidad es aplicable a www.villaantiguahotel.com, gestionada por Hotel Villa Antigua.Recopilaci\u00f3n de datosEstos son algunos de los tipos de informaci\u00f3n personal que recopilamos:Nombre, apellidos, e-mail, n\u00famero de tel\u00e9fono y direcci\u00f3n postal;Datos de tarjetas de cr\u00e9dito (tipo de tarjeta, n\u00famero de tarjeta, nombre del titular, fecha de caducidad y c\u00f3digo [&hellip;]<\/p>\n","protected":false},"author":1,"featured_media":0,"parent":0,"menu_order":0,"comment_status":"closed","ping_status":"open","template":"","meta":{"footnotes":""},"class_list":["post-3","page","type-page","status-publish","hentry"],"yoast_head":"<!-- This site is optimized with the Yoast SEO plugin v27.5 - https:\/\/yoast.com\/product\/yoast-seo-wordpress\/ -->\n<title>Pol\u00edtica de privacidad - Hotel Villa Antigua<\/title>\n<meta name=\"robots\" content=\"index, follow, max-snippet:-1, max-image-preview:large, max-video-preview:-1\" \/>\n<link rel=\"canonical\" href=\"https:\/\/villaantiguahotel.com\/?page_id=3\" \/>\n<meta property=\"og:locale\" content=\"es_ES\" \/>\n<meta property=\"og:type\" content=\"article\" \/>\n<meta property=\"og:title\" content=\"Pol\u00edtica de privacidad - Hotel Villa Antigua\" \/>\n<meta property=\"og:description\" content=\"Pol\u00edticas de privacidadPol\u00edtica de privacidadEsta Pol\u00edtica de privacidad es aplicable a www.villaantiguahotel.com, gestionada por Hotel Villa Antigua.Recopilaci\u00f3n de datosEstos son algunos de los tipos de informaci\u00f3n personal que recopilamos:Nombre, apellidos, e-mail, n\u00famero de tel\u00e9fono y direcci\u00f3n postal;Datos de tarjetas de cr\u00e9dito (tipo de tarjeta, n\u00famero de tarjeta, nombre del titular, fecha de caducidad y c\u00f3digo [&hellip;]\" \/>\n<meta property=\"og:url\" content=\"https:\/\/villaantiguahotel.com\/?page_id=3\" \/>\n<meta property=\"og:site_name\" content=\"Hotel Villa Antigua\" \/>\n<meta property=\"article:publisher\" content=\"https:\/\/www.facebook.com\/Hotel-Villa-Antigua-in-Sucre-Bolivia-136777549722346\/\" \/>\n<meta property=\"article:modified_time\" content=\"2019-01-29T20:30:41+00:00\" \/>\n<meta name=\"twitter:card\" content=\"summary_large_image\" \/>\n<meta name=\"twitter:label1\" content=\"Tiempo de lectura\" \/>\n\t<meta name=\"twitter:data1\" content=\"2 minutos\" \/>\n<script type=\"application\/ld+json\" class=\"yoast-schema-graph\">{\"@context\":\"https:\\\/\\\/schema.org\",\"@graph\":[{\"@type\":\"WebPage\",\"@id\":\"https:\\\/\\\/villaantiguahotel.com\\\/?page_id=3\",\"url\":\"https:\\\/\\\/villaantiguahotel.com\\\/?page_id=3\",\"name\":\"Pol\u00edtica de privacidad - Hotel Villa Antigua\",\"isPartOf\":{\"@id\":\"https:\\\/\\\/villaantiguahotel.com\\\/#website\"},\"datePublished\":\"2018-11-12T12:36:37+00:00\",\"dateModified\":\"2019-01-29T20:30:41+00:00\",\"breadcrumb\":{\"@id\":\"https:\\\/\\\/villaantiguahotel.com\\\/?page_id=3#breadcrumb\"},\"inLanguage\":\"es\",\"potentialAction\":[{\"@type\":\"ReadAction\",\"target\":[\"https:\\\/\\\/villaantiguahotel.com\\\/?page_id=3\"]}]},{\"@type\":\"BreadcrumbList\",\"@id\":\"https:\\\/\\\/villaantiguahotel.com\\\/?page_id=3#breadcrumb\",\"itemListElement\":[{\"@type\":\"ListItem\",\"position\":1,\"name\":\"Portada\",\"item\":\"https:\\\/\\\/villaantiguahotel.com\\\/\"},{\"@type\":\"ListItem\",\"position\":2,\"name\":\"Pol\u00edtica de privacidad\"}]},{\"@type\":\"WebSite\",\"@id\":\"https:\\\/\\\/villaantiguahotel.com\\\/#website\",\"url\":\"https:\\\/\\\/villaantiguahotel.com\\\/\",\"name\":\"Hotel Boutique Villa Antigua - Sucre, Patrimonio Cultural de la Humanidad\",\"description\":\"\",\"publisher\":{\"@id\":\"https:\\\/\\\/villaantiguahotel.com\\\/#organization\"},\"potentialAction\":[{\"@type\":\"SearchAction\",\"target\":{\"@type\":\"EntryPoint\",\"urlTemplate\":\"https:\\\/\\\/villaantiguahotel.com\\\/?s={search_term_string}\"},\"query-input\":{\"@type\":\"PropertyValueSpecification\",\"valueRequired\":true,\"valueName\":\"search_term_string\"}}],\"inLanguage\":\"es\"},{\"@type\":\"Organization\",\"@id\":\"https:\\\/\\\/villaantiguahotel.com\\\/#organization\",\"name\":\"Hotel Villa Antigua\",\"url\":\"https:\\\/\\\/villaantiguahotel.com\\\/\",\"logo\":{\"@type\":\"ImageObject\",\"inLanguage\":\"es\",\"@id\":\"https:\\\/\\\/villaantiguahotel.com\\\/#\\\/schema\\\/logo\\\/image\\\/\",\"url\":\"https:\\\/\\\/villaantiguahotel.com\\\/wp-content\\\/uploads\\\/2019\\\/03\\\/logo.jpg\",\"contentUrl\":\"https:\\\/\\\/villaantiguahotel.com\\\/wp-content\\\/uploads\\\/2019\\\/03\\\/logo.jpg\",\"width\":240,\"height\":229,\"caption\":\"Hotel Villa Antigua\"},\"image\":{\"@id\":\"https:\\\/\\\/villaantiguahotel.com\\\/#\\\/schema\\\/logo\\\/image\\\/\"},\"sameAs\":[\"https:\\\/\\\/www.facebook.com\\\/Hotel-Villa-Antigua-in-Sucre-Bolivia-136777549722346\\\/\",\"https:\\\/\\\/www.linkedin.com\\\/in\\\/hotel-villa-antigua-villa-6946686b\\\/\"]}]}<\/script>\n<!-- \/ Yoast SEO plugin. -->","yoast_head_json":{"title":"Pol\u00edtica de privacidad - Hotel Villa Antigua","robots":{"index":"index","follow":"follow","max-snippet":"max-snippet:-1","max-image-preview":"max-image-preview:large","max-video-preview":"max-video-preview:-1"},"canonical":"https:\/\/villaantiguahotel.com\/?page_id=3","og_locale":"es_ES","og_type":"article","og_title":"Pol\u00edtica de privacidad - Hotel Villa Antigua","og_description":"Pol\u00edticas de privacidadPol\u00edtica de privacidadEsta Pol\u00edtica de privacidad es aplicable a www.villaantiguahotel.com, gestionada por Hotel Villa Antigua.Recopilaci\u00f3n de datosEstos son algunos de los tipos de informaci\u00f3n personal que recopilamos:Nombre, apellidos, e-mail, n\u00famero de tel\u00e9fono y direcci\u00f3n postal;Datos de tarjetas de cr\u00e9dito (tipo de tarjeta, n\u00famero de tarjeta, nombre del titular, fecha de caducidad y c\u00f3digo [&hellip;]","og_url":"https:\/\/villaantiguahotel.com\/?page_id=3","og_site_name":"Hotel Villa Antigua","article_publisher":"https:\/\/www.facebook.com\/Hotel-Villa-Antigua-in-Sucre-Bolivia-136777549722346\/","article_modified_time":"2019-01-29T20:30:41+00:00","twitter_card":"summary_large_image","twitter_misc":{"Tiempo de lectura":"2 minutos"},"schema":{"@context":"https:\/\/schema.org","@graph":[{"@type":"WebPage","@id":"https:\/\/villaantiguahotel.com\/?page_id=3","url":"https:\/\/villaantiguahotel.com\/?page_id=3","name":"Pol\u00edtica de privacidad - Hotel Villa Antigua","isPartOf":{"@id":"https:\/\/villaantiguahotel.com\/#website"},"datePublished":"2018-11-12T12:36:37+00:00","dateModified":"2019-01-29T20:30:41+00:00","breadcrumb":{"@id":"https:\/\/villaantiguahotel.com\/?page_id=3#breadcrumb"},"inLanguage":"es","potentialAction":[{"@type":"ReadAction","target":["https:\/\/villaantiguahotel.com\/?page_id=3"]}]},{"@type":"BreadcrumbList","@id":"https:\/\/villaantiguahotel.com\/?page_id=3#breadcrumb","itemListElement":[{"@type":"ListItem","position":1,"name":"Portada","item":"https:\/\/villaantiguahotel.com\/"},{"@type":"ListItem","position":2,"name":"Pol\u00edtica de privacidad"}]},{"@type":"WebSite","@id":"https:\/\/villaantiguahotel.com\/#website","url":"https:\/\/villaantiguahotel.com\/","name":"Hotel Boutique Villa Antigua - Sucre, Patrimonio Cultural de la Humanidad","description":"","publisher":{"@id":"https:\/\/villaantiguahotel.com\/#organization"},"potentialAction":[{"@type":"SearchAction","target":{"@type":"EntryPoint","urlTemplate":"https:\/\/villaantiguahotel.com\/?s={search_term_string}"},"query-input":{"@type":"PropertyValueSpecification","valueRequired":true,"valueName":"search_term_string"}}],"inLanguage":"es"},{"@type":"Organization","@id":"https:\/\/villaantiguahotel.com\/#organization","name":"Hotel Villa Antigua","url":"https:\/\/villaantiguahotel.com\/","logo":{"@type":"ImageObject","inLanguage":"es","@id":"https:\/\/villaantiguahotel.com\/#\/schema\/logo\/image\/","url":"https:\/\/villaantiguahotel.com\/wp-content\/uploads\/2019\/03\/logo.jpg","contentUrl":"https:\/\/villaantiguahotel.com\/wp-content\/uploads\/2019\/03\/logo.jpg","width":240,"height":229,"caption":"Hotel Villa Antigua"},"image":{"@id":"https:\/\/villaantiguahotel.com\/#\/schema\/logo\/image\/"},"sameAs":["https:\/\/www.facebook.com\/Hotel-Villa-Antigua-in-Sucre-Bolivia-136777549722346\/","https:\/\/www.linkedin.com\/in\/hotel-villa-antigua-villa-6946686b\/"]}]}},"_links":{"self":[{"href":"https:\/\/villaantiguahotel.com\/index.php?rest_route=\/wp\/v2\/pages\/3","targetHints":{"allow":["GET"]}}],"collection":[{"href":"https:\/\/villaantiguahotel.com\/index.php?rest_route=\/wp\/v2\/pages"}],"about":[{"href":"https:\/\/villaantiguahotel.com\/index.php?rest_route=\/wp\/v2\/types\/page"}],"author":[{"embeddable":true,"href":"https:\/\/villaantiguahotel.com\/index.php?rest_route=\/wp\/v2\/users\/1"}],"replies":[{"embeddable":true,"href":"https:\/\/villaantiguahotel.com\/index.php?rest_route=%2Fwp%2Fv2%2Fcomments&post=3"}],"version-history":[{"count":0,"href":"https:\/\/villaantiguahotel.com\/index.php?rest_route=\/wp\/v2\/pages\/3\/revisions"}],"wp:attachment":[{"href":"https:\/\/villaantiguahotel.com\/index.php?rest_route=%2Fwp%2Fv2%2Fmedia&parent=3"}],"curies":[{"name":"wp","href":"https:\/\/api.w.org\/{rel}","templated":true}]}}