{"id":34,"date":"2018-11-12T16:18:55","date_gmt":"2018-11-12T16:18:55","guid":{"rendered":"https:\/\/villaantiguahotel.com\/?page_id=34"},"modified":"2021-02-05T12:42:45","modified_gmt":"2021-02-05T12:42:45","slug":"habitaciones","status":"publish","type":"page","link":"https:\/\/villaantiguahotel.com\/?page_id=34","title":{"rendered":"Habitaciones"},"content":{"rendered":"<div class=\"vce-row-container\" data-vce-boxed-width=\"true\"><div class=\"vce-row vce-row--col-gap-30 bg-submenu vce-row-columns--top vce-row-content--top\" id=\"el-cd1dddde\" data-vce-do-apply=\"all el-cd1dddde\"><div class=\"vce-row-content\" data-vce-element-content=\"true\"><div class=\"vce-col vce-col--md-100p vce-col--xs-1 vce-col--xs-last vce-col--xs-first vce-col--sm-last vce-col--sm-first vce-col--md-last vce-col--lg-last vce-col--xl-last vce-col--md-first vce-col--lg-first vce-col--xl-first\" id=\"el-0b1aed76\"><div class=\"vce-col-inner\" data-vce-do-apply=\"border margin background  el-0b1aed76\"><div class=\"vce-col-content\" data-vce-element-content=\"true\" data-vce-do-apply=\"padding el-0b1aed76\"><div class=\"vce-widgets-container\" id=\"submenu-habitaciones\"><div class=\"vce vce-widgets-wrapper\" id=\"el-4110f59f\" data-vce-do-apply=\"all el-4110f59f\"><div class=\"menu-submenu-habitaciones-container\"><ul id=\"menu-submenu-habitaciones\" class=\"menu\"><li id=\"menu-item-726\" class=\"menu-item menu-item-type-post_type menu-item-object-page menu-item-726\"><a href=\"https:\/\/villaantiguahotel.com\/?page_id=426\">Individual<\/a><\/li>\n<li id=\"menu-item-725\" class=\"menu-item menu-item-type-post_type menu-item-object-page menu-item-725\"><a href=\"https:\/\/villaantiguahotel.com\/?page_id=428\">Matrimonial<\/a><\/li>\n<li id=\"menu-item-724\" class=\"menu-item menu-item-type-post_type menu-item-object-page menu-item-724\"><a href=\"https:\/\/villaantiguahotel.com\/?page_id=430\">Doble \/ twin<\/a><\/li>\n<li id=\"menu-item-722\" class=\"menu-item menu-item-type-post_type menu-item-object-page menu-item-722\"><a href=\"https:\/\/villaantiguahotel.com\/?page_id=434\">Triple<\/a><\/li>\n<li id=\"menu-item-723\" class=\"menu-item menu-item-type-post_type menu-item-object-page menu-item-723\"><a href=\"https:\/\/villaantiguahotel.com\/?page_id=432\">Suite Junior<\/a><\/li>\n<li id=\"menu-item-720\" class=\"menu-item menu-item-type-post_type menu-item-object-page menu-item-720\"><a href=\"https:\/\/villaantiguahotel.com\/?page_id=438\">Suite Master<\/a><\/li>\n<li id=\"menu-item-721\" class=\"menu-item menu-item-type-post_type menu-item-object-page menu-item-721\"><a href=\"https:\/\/villaantiguahotel.com\/?page_id=436\">Departamento<\/a><\/li>\n<\/ul><\/div><\/div><\/div><\/div><\/div><\/div><\/div><\/div><\/div><div class=\"vce-row-container\" data-vce-boxed-width=\"true\"><div class=\"vce-row vce-row--col-gap-30 vce-row-columns--top vce-row-content--top\" id=\"el-96f8f366\" data-vce-do-apply=\"all el-96f8f366\"><div class=\"vce-row-content\" data-vce-element-content=\"true\"><div class=\"vce-col vce-col--md-100p vce-col--xs-1 vce-col--xs-last vce-col--xs-first vce-col--sm-last vce-col--sm-first vce-col--md-last vce-col--lg-last vce-col--xl-last vce-col--md-first vce-col--lg-first vce-col--xl-first\" id=\"el-ada3481b\"><div class=\"vce-col-inner\" data-vce-do-apply=\"border margin background  el-ada3481b\" id=\"slider\"><div class=\"vce-col-content\" data-vce-element-content=\"true\" data-vce-do-apply=\"padding el-ada3481b\"><div class=\"vce-widgets-container\"><div class=\"vce vce-widgets-wrapper\" id=\"el-4e31bd7f\" data-vce-do-apply=\"all el-4e31bd7f\"><\/div><\/div><\/div><\/div><\/div><\/div><\/div><\/div><div class=\"vce-row-container\" data-vce-boxed-width=\"true\"><div class=\"vce-row vce-row--col-gap-30 vce-row-columns--top vce-row-content--top\" id=\"el-1c5bae5b\" data-vce-do-apply=\"all el-1c5bae5b\"><div class=\"vce-content-background-container\"><\/div><div class=\"vce-row-content\" data-vce-element-content=\"true\"><div class=\"vce-col vce-col--xs-hide vce-col--xs-first vce-col--sm-hide vce-col--sm-first vce-col--md-10p vce-col--md-visible vce-col--md-first vce-col--lg-10p vce-col--lg-visible vce-col--lg-first vce-col--xl-10p vce-col--xl-visible vce-col--xl-first\" id=\"el-1f7839cf\"><div class=\"vce-col-inner\" data-vce-do-apply=\"border margin background  el-1f7839cf\"><div class=\"vce-col-content\" data-vce-element-content=\"true\" data-vce-do-apply=\"padding el-1f7839cf\"><\/div><\/div><\/div><div class=\"vce-col vce-col--xs-100p vce-col--xs-visible vce-col--xs-last vce-col--sm-100p vce-col--sm-visible vce-col--sm-last vce-col--md-40p vce-col--md-visible vce-col--lg-40p vce-col--lg-visible vce-col--xl-40p vce-col--xl-visible\" id=\"el-22dc79df\"><div class=\"vce-col-inner\" data-vce-do-apply=\"border margin background  el-22dc79df\"><div class=\"vce-content-background-container\"><\/div><div class=\"vce-col-content\" data-vce-element-content=\"true\" data-vce-do-apply=\"padding el-22dc79df\"><div class=\"vce-text-block\"><div class=\"vce-text-block-wrapper vce\" id=\"el-9cdc1719\" data-vce-do-apply=\"all el-9cdc1719\"><p style=\"text-align: justify;\">El \u00e1rea de hospedaje cuenta con 24 habitaciones, entre matrimoniales, dobles, suites y un departamento con cocineta, cada una de ellas con su propio atractivo y particularidad. Las habitaciones son amplias y resalta el uso de madera en los pisos y especialmente en los muebles.<\/p><p style=\"text-align: justify;\">Las habitaciones est\u00e1n equipadas con hermosos y exclusivos <a href=\"http:\/\/web.villaantiguahotel.com\/muebles\/\">muebles de madera maciza de cedro trabajados por los&nbsp;Artesanos de la Familia Don Bosco<\/a> con gran prolijidad y alto dise\u00f1o, adem\u00e1s de TV LED con cable, frigobar, tel\u00e9fono, caja de seguridad y l\u00e1mpara graduable. Las paredes est\u00e1n pintadas con una combinaci\u00f3n de colores claros y c\u00e1lidos y la decoraci\u00f3n suave les da una sobria belleza a las habitaciones. Cada habitaci\u00f3n luce un cuadro original de los m\u00e1s destacados pintores bolivianos.<\/p><p style=\"text-align: justify;\">Las camas se visten con colchones terap\u00e9uticos de alrededor de 2 metros de largo, la ropa de cama y de ba\u00f1o es 100% de tejidos y materiales naturales.<\/p><p style=\"text-align: justify;\">Todas las habitaciones cuentan con ba\u00f1o privado espacioso y claro; la incorporaci\u00f3n del marmol confirma el estilo particular del hotel. Los ba\u00f1os est\u00e1n equipados con tina\/ducha, secador de cabello, toallas de algod\u00f3n y los respectivos amenities. Adem\u00e1s, las suites tienen su propio jacuzzi.<\/p><\/div><\/div><\/div><\/div><\/div><div class=\"vce-col vce-col--xs-100p vce-col--xs-visible vce-col--xs-last vce-col--xs-first vce-col--sm-100p vce-col--sm-visible vce-col--sm-last vce-col--sm-first vce-col--md-40p vce-col--md-visible vce-col--lg-40p vce-col--lg-visible vce-col--xl-40p vce-col--xl-visible\" id=\"el-59d25f48\"><div class=\"vce-col-inner\" data-vce-do-apply=\"border margin background  el-59d25f48\"><div class=\"vce-content-background-container\"><\/div><div class=\"vce-col-content\" data-vce-element-content=\"true\" data-vce-do-apply=\"padding el-59d25f48\"><div class=\"vce-text-block\"><div class=\"vce-text-block-wrapper vce\" id=\"el-43502a53\" data-vce-do-apply=\"all el-43502a53\"><p><strong><span style=\"color: #c9212f;\"><a name=\"detalles\"><\/a>Detalles generales de todas las habitaciones:<\/span><\/strong><\/p><ul><li>Wifi<\/li><li>Muebles de madera de dise\u00f1o<\/li><li>TV led con cable<\/li><li>Frigobar<\/li><li>Escritorio<\/li><li>Calefacci\u00f3n central<\/li><li>Detector de humo<\/li><li>Ba\u00f1o privado con tina\/ducha, agua fr\u00eda y caliente<\/li><li>Caja fuerte<\/li><li>Camas extra largas<\/li><li>Ventana con vista al patio, jard\u00edn, ciudad vieja o monta\u00f1as<\/li><li>Piso de madera<\/li><li>Acceso a terraza, patio o jard\u00edn<\/li><li>Facilidades para silla de ruedas<\/li><li>Cuna a pedido, sin costo<\/li><\/ul><\/div><\/div><\/div><\/div><\/div><div class=\"vce-col vce-col--xs-hide vce-col--xs-first vce-col--sm-hide vce-col--sm-first vce-col--md-10p vce-col--md-visible vce-col--md-last vce-col--lg-10p vce-col--lg-visible vce-col--lg-last vce-col--xl-10p vce-col--xl-visible vce-col--xl-last\" id=\"el-7bdda160\"><div class=\"vce-col-inner\" data-vce-do-apply=\"border margin background  el-7bdda160\"><div class=\"vce-col-content\" data-vce-element-content=\"true\" data-vce-do-apply=\"padding el-7bdda160\"><\/div><\/div><\/div><\/div><\/div><\/div><div class=\"vce-row-container\" data-vce-boxed-width=\"true\"><div class=\"vce-row vce-row--col-gap-30 vce-row-columns--top vce-row-content--top\" id=\"el-69fd9ef4\" data-vce-do-apply=\"all el-69fd9ef4\"><div class=\"vce-content-background-container\"><\/div><div class=\"vce-row-content\" data-vce-element-content=\"true\"><div class=\"vce-col vce-col--xs-50p vce-col--xs-visible vce-col--xs-first vce-col--sm-50p vce-col--sm-visible vce-col--sm-first vce-col--md-50p vce-col--md-visible vce-col--md-first vce-col--lg-50p vce-col--lg-visible vce-col--lg-first vce-col--xl-50p vce-col--xl-visible vce-col--xl-first\" id=\"el-b09a47d8\"><div class=\"vce-col-inner\" data-vce-do-apply=\"border margin background  el-b09a47d8\"><div class=\"vce-col-content\" data-vce-element-content=\"true\" data-vce-do-apply=\"padding el-b09a47d8\"><div class=\"vce-button--style-outline-container vce-button--style-outline-container--align-left\"><span class=\"vce-button--style-outline-wrapper vce\" id=\"el-e954616b\" data-vce-do-apply=\"margin el-e954616b\"><a class=\"vce-button--style-outline-animated vce-button--style-outline--border-rounded vce-button--style-outline--size-small vce-button--style-outline-animated--color-b-47-47-47--fff--3d3d3d vce-button--style-outline-animated--border-color-b-158-51-44--3d3d3d vce-button--style-outline-animated--background-color-b-255-63-59\" href=\"http:\/\/web.villaantiguahotel.com\/jardin\/\" title=\"\" data-vce-do-apply=\"padding border background  el-e954616b\"><span class=\"vce-button--style-outline-text\">Anterior Pagina<\/span><\/a><\/span><\/div><\/div><\/div><\/div><div class=\"vce-col vce-col--xs-50p vce-col--xs-visible vce-col--xs-last vce-col--sm-50p vce-col--sm-visible vce-col--sm-last vce-col--md-50p vce-col--md-visible vce-col--md-last vce-col--lg-50p vce-col--lg-visible vce-col--lg-last vce-col--xl-50p vce-col--xl-visible vce-col--xl-last\" id=\"el-2db18bd4\"><div class=\"vce-col-inner\" data-vce-do-apply=\"border margin background  el-2db18bd4\"><div class=\"vce-col-content\" data-vce-element-content=\"true\" data-vce-do-apply=\"padding el-2db18bd4\"><div class=\"vce-button--style-outline-container vce-button--style-outline-container--align-right\"><span class=\"vce-button--style-outline-wrapper vce\" id=\"el-576d02bb\" data-vce-do-apply=\"margin el-576d02bb\"><a class=\"vce-button--style-outline-animated vce-button--style-outline--border-rounded vce-button--style-outline--size-small vce-button--style-outline-animated--color-b-47-47-47--fff--3d3d3d vce-button--style-outline-animated--border-color-b-158-51-44--3d3d3d vce-button--style-outline-animated--background-color-b-255-63-59\" href=\"http:\/\/web.villaantiguahotel.com\/hotel-boutique\/servicios\/\" title=\"\" data-vce-do-apply=\"padding border background  el-576d02bb\"><span class=\"vce-button--style-outline-text\">Siguiente Pagina<\/span><\/a><\/span><\/div><\/div><\/div><\/div><\/div><\/div><\/div>\n","protected":false},"excerpt":{"rendered":"<p>El \u00e1rea de hospedaje cuenta con 24 habitaciones, entre matrimoniales, dobles, suites y un departamento con cocineta, cada una de ellas con su propio atractivo y particularidad. Las habitaciones son amplias y resalta el uso de madera en los pisos y especialmente en los muebles.Las habitaciones est\u00e1n equipadas con hermosos y exclusivos muebles de madera [&hellip;]<\/p>\n","protected":false},"author":1,"featured_media":0,"parent":32,"menu_order":0,"comment_status":"closed","ping_status":"open","template":"","meta":{"footnotes":""},"class_list":["post-34","page","type-page","status-publish","hentry"],"yoast_head":"<!-- This site is optimized with the Yoast SEO plugin v27.5 - https:\/\/yoast.com\/product\/yoast-seo-wordpress\/ -->\n<title>Habitaciones - Hotel Villa Antigua<\/title>\n<meta name=\"robots\" content=\"index, follow, max-snippet:-1, max-image-preview:large, max-video-preview:-1\" \/>\n<link rel=\"canonical\" href=\"https:\/\/villaantiguahotel.com\/?page_id=34\" \/>\n<meta property=\"og:locale\" content=\"es_ES\" \/>\n<meta property=\"og:type\" content=\"article\" \/>\n<meta property=\"og:title\" content=\"Habitaciones - Hotel Villa Antigua\" \/>\n<meta property=\"og:description\" content=\"El \u00e1rea de hospedaje cuenta con 24 habitaciones, entre matrimoniales, dobles, suites y un departamento con cocineta, cada una de ellas con su propio atractivo y particularidad. Las habitaciones son amplias y resalta el uso de madera en los pisos y especialmente en los muebles.Las habitaciones est\u00e1n equipadas con hermosos y exclusivos muebles de madera [&hellip;]\" \/>\n<meta property=\"og:url\" content=\"https:\/\/villaantiguahotel.com\/?page_id=34\" \/>\n<meta property=\"og:site_name\" content=\"Hotel Villa Antigua\" \/>\n<meta property=\"article:publisher\" content=\"https:\/\/www.facebook.com\/Hotel-Villa-Antigua-in-Sucre-Bolivia-136777549722346\/\" \/>\n<meta property=\"article:modified_time\" content=\"2021-02-05T12:42:45+00:00\" \/>\n<meta name=\"twitter:card\" content=\"summary_large_image\" \/>\n<meta name=\"twitter:label1\" content=\"Tiempo de lectura\" \/>\n\t<meta name=\"twitter:data1\" content=\"2 minutos\" \/>\n<script type=\"application\/ld+json\" class=\"yoast-schema-graph\">{\"@context\":\"https:\\\/\\\/schema.org\",\"@graph\":[{\"@type\":\"WebPage\",\"@id\":\"https:\\\/\\\/villaantiguahotel.com\\\/?page_id=34\",\"url\":\"https:\\\/\\\/villaantiguahotel.com\\\/?page_id=34\",\"name\":\"Habitaciones - Hotel Villa Antigua\",\"isPartOf\":{\"@id\":\"https:\\\/\\\/villaantiguahotel.com\\\/#website\"},\"datePublished\":\"2018-11-12T16:18:55+00:00\",\"dateModified\":\"2021-02-05T12:42:45+00:00\",\"breadcrumb\":{\"@id\":\"https:\\\/\\\/villaantiguahotel.com\\\/?page_id=34#breadcrumb\"},\"inLanguage\":\"es\",\"potentialAction\":[{\"@type\":\"ReadAction\",\"target\":[\"https:\\\/\\\/villaantiguahotel.com\\\/?page_id=34\"]}]},{\"@type\":\"BreadcrumbList\",\"@id\":\"https:\\\/\\\/villaantiguahotel.com\\\/?page_id=34#breadcrumb\",\"itemListElement\":[{\"@type\":\"ListItem\",\"position\":1,\"name\":\"Portada\",\"item\":\"https:\\\/\\\/villaantiguahotel.com\\\/\"},{\"@type\":\"ListItem\",\"position\":2,\"name\":\"Hotel Boutique\",\"item\":\"https:\\\/\\\/villaantiguahotel.com\\\/?page_id=32\"},{\"@type\":\"ListItem\",\"position\":3,\"name\":\"Habitaciones\"}]},{\"@type\":\"WebSite\",\"@id\":\"https:\\\/\\\/villaantiguahotel.com\\\/#website\",\"url\":\"https:\\\/\\\/villaantiguahotel.com\\\/\",\"name\":\"Hotel Boutique Villa Antigua - Sucre, Patrimonio Cultural de la Humanidad\",\"description\":\"\",\"publisher\":{\"@id\":\"https:\\\/\\\/villaantiguahotel.com\\\/#organization\"},\"potentialAction\":[{\"@type\":\"SearchAction\",\"target\":{\"@type\":\"EntryPoint\",\"urlTemplate\":\"https:\\\/\\\/villaantiguahotel.com\\\/?s={search_term_string}\"},\"query-input\":{\"@type\":\"PropertyValueSpecification\",\"valueRequired\":true,\"valueName\":\"search_term_string\"}}],\"inLanguage\":\"es\"},{\"@type\":\"Organization\",\"@id\":\"https:\\\/\\\/villaantiguahotel.com\\\/#organization\",\"name\":\"Hotel Villa Antigua\",\"url\":\"https:\\\/\\\/villaantiguahotel.com\\\/\",\"logo\":{\"@type\":\"ImageObject\",\"inLanguage\":\"es\",\"@id\":\"https:\\\/\\\/villaantiguahotel.com\\\/#\\\/schema\\\/logo\\\/image\\\/\",\"url\":\"https:\\\/\\\/villaantiguahotel.com\\\/wp-content\\\/uploads\\\/2019\\\/03\\\/logo.jpg\",\"contentUrl\":\"https:\\\/\\\/villaantiguahotel.com\\\/wp-content\\\/uploads\\\/2019\\\/03\\\/logo.jpg\",\"width\":240,\"height\":229,\"caption\":\"Hotel Villa Antigua\"},\"image\":{\"@id\":\"https:\\\/\\\/villaantiguahotel.com\\\/#\\\/schema\\\/logo\\\/image\\\/\"},\"sameAs\":[\"https:\\\/\\\/www.facebook.com\\\/Hotel-Villa-Antigua-in-Sucre-Bolivia-136777549722346\\\/\",\"https:\\\/\\\/www.linkedin.com\\\/in\\\/hotel-villa-antigua-villa-6946686b\\\/\"]}]}<\/script>\n<!-- \/ Yoast SEO plugin. -->","yoast_head_json":{"title":"Habitaciones - Hotel Villa Antigua","robots":{"index":"index","follow":"follow","max-snippet":"max-snippet:-1","max-image-preview":"max-image-preview:large","max-video-preview":"max-video-preview:-1"},"canonical":"https:\/\/villaantiguahotel.com\/?page_id=34","og_locale":"es_ES","og_type":"article","og_title":"Habitaciones - Hotel Villa Antigua","og_description":"El \u00e1rea de hospedaje cuenta con 24 habitaciones, entre matrimoniales, dobles, suites y un departamento con cocineta, cada una de ellas con su propio atractivo y particularidad. Las habitaciones son amplias y resalta el uso de madera en los pisos y especialmente en los muebles.Las habitaciones est\u00e1n equipadas con hermosos y exclusivos muebles de madera [&hellip;]","og_url":"https:\/\/villaantiguahotel.com\/?page_id=34","og_site_name":"Hotel Villa Antigua","article_publisher":"https:\/\/www.facebook.com\/Hotel-Villa-Antigua-in-Sucre-Bolivia-136777549722346\/","article_modified_time":"2021-02-05T12:42:45+00:00","twitter_card":"summary_large_image","twitter_misc":{"Tiempo de lectura":"2 minutos"},"schema":{"@context":"https:\/\/schema.org","@graph":[{"@type":"WebPage","@id":"https:\/\/villaantiguahotel.com\/?page_id=34","url":"https:\/\/villaantiguahotel.com\/?page_id=34","name":"Habitaciones - Hotel Villa Antigua","isPartOf":{"@id":"https:\/\/villaantiguahotel.com\/#website"},"datePublished":"2018-11-12T16:18:55+00:00","dateModified":"2021-02-05T12:42:45+00:00","breadcrumb":{"@id":"https:\/\/villaantiguahotel.com\/?page_id=34#breadcrumb"},"inLanguage":"es","potentialAction":[{"@type":"ReadAction","target":["https:\/\/villaantiguahotel.com\/?page_id=34"]}]},{"@type":"BreadcrumbList","@id":"https:\/\/villaantiguahotel.com\/?page_id=34#breadcrumb","itemListElement":[{"@type":"ListItem","position":1,"name":"Portada","item":"https:\/\/villaantiguahotel.com\/"},{"@type":"ListItem","position":2,"name":"Hotel Boutique","item":"https:\/\/villaantiguahotel.com\/?page_id=32"},{"@type":"ListItem","position":3,"name":"Habitaciones"}]},{"@type":"WebSite","@id":"https:\/\/villaantiguahotel.com\/#website","url":"https:\/\/villaantiguahotel.com\/","name":"Hotel Boutique Villa Antigua - Sucre, Patrimonio Cultural de la Humanidad","description":"","publisher":{"@id":"https:\/\/villaantiguahotel.com\/#organization"},"potentialAction":[{"@type":"SearchAction","target":{"@type":"EntryPoint","urlTemplate":"https:\/\/villaantiguahotel.com\/?s={search_term_string}"},"query-input":{"@type":"PropertyValueSpecification","valueRequired":true,"valueName":"search_term_string"}}],"inLanguage":"es"},{"@type":"Organization","@id":"https:\/\/villaantiguahotel.com\/#organization","name":"Hotel Villa Antigua","url":"https:\/\/villaantiguahotel.com\/","logo":{"@type":"ImageObject","inLanguage":"es","@id":"https:\/\/villaantiguahotel.com\/#\/schema\/logo\/image\/","url":"https:\/\/villaantiguahotel.com\/wp-content\/uploads\/2019\/03\/logo.jpg","contentUrl":"https:\/\/villaantiguahotel.com\/wp-content\/uploads\/2019\/03\/logo.jpg","width":240,"height":229,"caption":"Hotel Villa Antigua"},"image":{"@id":"https:\/\/villaantiguahotel.com\/#\/schema\/logo\/image\/"},"sameAs":["https:\/\/www.facebook.com\/Hotel-Villa-Antigua-in-Sucre-Bolivia-136777549722346\/","https:\/\/www.linkedin.com\/in\/hotel-villa-antigua-villa-6946686b\/"]}]}},"_links":{"self":[{"href":"https:\/\/villaantiguahotel.com\/index.php?rest_route=\/wp\/v2\/pages\/34","targetHints":{"allow":["GET"]}}],"collection":[{"href":"https:\/\/villaantiguahotel.com\/index.php?rest_route=\/wp\/v2\/pages"}],"about":[{"href":"https:\/\/villaantiguahotel.com\/index.php?rest_route=\/wp\/v2\/types\/page"}],"author":[{"embeddable":true,"href":"https:\/\/villaantiguahotel.com\/index.php?rest_route=\/wp\/v2\/users\/1"}],"replies":[{"embeddable":true,"href":"https:\/\/villaantiguahotel.com\/index.php?rest_route=%2Fwp%2Fv2%2Fcomments&post=34"}],"version-history":[{"count":0,"href":"https:\/\/villaantiguahotel.com\/index.php?rest_route=\/wp\/v2\/pages\/34\/revisions"}],"up":[{"embeddable":true,"href":"https:\/\/villaantiguahotel.com\/index.php?rest_route=\/wp\/v2\/pages\/32"}],"wp:attachment":[{"href":"https:\/\/villaantiguahotel.com\/index.php?rest_route=%2Fwp%2Fv2%2Fmedia&parent=34"}],"curies":[{"name":"wp","href":"https:\/\/api.w.org\/{rel}","templated":true}]}}