{"id":361,"date":"2018-11-16T21:17:21","date_gmt":"2018-11-16T21:17:21","guid":{"rendered":"https:\/\/villaantiguahotel.com\/?page_id=361"},"modified":"2019-01-22T18:31:22","modified_gmt":"2019-01-22T18:31:22","slug":"renovacion-del-edificio","status":"publish","type":"page","link":"https:\/\/villaantiguahotel.com\/?page_id=361","title":{"rendered":"Renovaci\u00f3n del edificio"},"content":{"rendered":"<div class=\"vce-row-container\"><div class=\"vce-row vce-row--col-gap-30 bg-submenu vce-row-columns--top vce-row-content--top\" id=\"el-86b080d9\" data-vce-do-apply=\"all el-86b080d9\"><div class=\"vce-row-content\" data-vce-element-content=\"true\"><div class=\"vce-col vce-col--md-100p vce-col--xs-1 vce-col--xs-last vce-col--xs-first vce-col--sm-last vce-col--sm-first vce-col--md-last vce-col--lg-last vce-col--xl-last vce-col--md-first vce-col--lg-first vce-col--xl-first\" id=\"el-77acc563\" data-vce-do-apply=\"background border el-77acc563\"><div class=\"vce-col-inner\" data-vce-element-content=\"true\" data-vce-do-apply=\"padding margin  el-77acc563\"><div class=\"vce-widgets-container\" id=\"nav-submenu-hotel-boutique\"><div class=\"vce vce-widgets-wrapper\" id=\"el-188dacec\" data-vce-do-apply=\"all el-188dacec\"><div class=\"menu-submenu-hotel-container\"><ul id=\"menu-submenu-hotel\" class=\"menu\"><li id=\"menu-item-679\" class=\"menu-item menu-item-type-post_type menu-item-object-page menu-item-679\"><a href=\"https:\/\/villaantiguahotel.com\/?page_id=34\">Habitaciones<\/a><\/li>\n<li id=\"menu-item-690\" class=\"menu-item menu-item-type-post_type menu-item-object-page menu-item-690\"><a href=\"https:\/\/villaantiguahotel.com\/?page_id=682\">Servicios<\/a><\/li>\n<li id=\"menu-item-4794\" class=\"menu-item menu-item-type-post_type menu-item-object-page menu-item-4794\"><a href=\"https:\/\/villaantiguahotel.com\/?page_id=4770\">Cafeter\u00eda Coffee Bike<\/a><\/li>\n<li id=\"menu-item-689\" class=\"menu-item menu-item-type-post_type menu-item-object-page menu-item-689\"><a href=\"https:\/\/villaantiguahotel.com\/?page_id=684\">Historia del edificio<\/a><\/li>\n<li id=\"menu-item-681\" class=\"menu-item menu-item-type-post_type menu-item-object-page menu-item-681\"><a href=\"https:\/\/villaantiguahotel.com\/?page_id=361\">Renovaci\u00f3n del edificio<\/a><\/li>\n<li id=\"menu-item-678\" class=\"menu-item menu-item-type-post_type menu-item-object-page menu-item-678\"><a href=\"https:\/\/villaantiguahotel.com\/?page_id=363\">Fachada patrimonial<\/a><\/li>\n<li id=\"menu-item-688\" class=\"menu-item menu-item-type-post_type menu-item-object-page menu-item-688\"><a href=\"https:\/\/villaantiguahotel.com\/?page_id=686\">Muebles<\/a><\/li>\n<li id=\"menu-item-4376\" class=\"menu-item menu-item-type-post_type menu-item-object-page menu-item-4376\"><a href=\"https:\/\/villaantiguahotel.com\/?page_id=367\">Jardin<\/a><\/li>\n<li id=\"menu-item-3876\" class=\"menu-item menu-item-type-post_type menu-item-object-page menu-item-3876\"><a href=\"https:\/\/villaantiguahotel.com\/?page_id=3857\">Fotos<\/a><\/li>\n<\/ul><\/div><\/div><\/div><\/div><\/div><\/div><\/div><\/div><div class=\"vce-row-container\"><div class=\"vce-row vce-row--col-gap-30 text-justify vce-row-columns--top vce-row-content--top\" id=\"el-089d7f28\" data-vce-do-apply=\"all el-089d7f28\"><div class=\"vce-content-background-container\"><\/div><div class=\"vce-row-content\" data-vce-element-content=\"true\"><div class=\"vce-col vce-col--xs-hide vce-col--xs-first vce-col--sm-hide vce-col--sm-first vce-col--md-10p vce-col--md-visible vce-col--md-first vce-col--lg-15p vce-col--lg-visible vce-col--lg-first vce-col--xl-15p vce-col--xl-visible vce-col--xl-first\" id=\"el-97369c94\" data-vce-do-apply=\"background border el-97369c94\"><div class=\"vce-col-inner\" data-vce-element-content=\"true\" data-vce-do-apply=\"padding margin  el-97369c94\"><\/div><\/div><div class=\"vce-col vce-col--xs-100p vce-col--xs-visible vce-col--xs-last vce-col--sm-100p vce-col--sm-visible vce-col--sm-last vce-col--md-80p vce-col--md-visible vce-col--lg-70p vce-col--lg-visible vce-col--xl-70p vce-col--xl-visible\" id=\"el-30ef07da\" data-vce-do-apply=\"background border el-30ef07da\"><div class=\"vce-content-background-container\"><\/div><div class=\"vce-col-inner\" data-vce-element-content=\"true\" data-vce-do-apply=\"padding margin  el-30ef07da\"><div class=\"vce-text-block\"><div class=\"vce-text-block-wrapper vce\" id=\"el-b631b789\" data-vce-do-apply=\"all el-b631b789\"><h4>Notas del proceso de renovaci\u00f3n del edificio<\/h4><\/div><\/div><div class=\"vce-text-block\"><div class=\"vce-text-block-wrapper vce\" id=\"el-19801c55\" data-vce-do-apply=\"all el-19801c55\"><p><img loading=\"lazy\" decoding=\"async\" class=\" wp-image-2352 alignright\" src=\"https:\/\/villaantiguahotel.com\/wp-content\/uploads\/2018\/12\/DSC_5050-round.jpg\" alt=\"\" width=\"328\" height=\"232\" srcset=\"https:\/\/villaantiguahotel.com\/wp-content\/uploads\/2018\/12\/DSC_5050-round.jpg 419w, https:\/\/villaantiguahotel.com\/wp-content\/uploads\/2018\/12\/DSC_5050-round-418x297.jpg 418w\" sizes=\"auto, (max-width: 328px) 100vw, 328px\" \/>En diciembre 2009, enriqueciendo la oferta existente de hoteles en Sucre, se abri\u00f3 una nueva y diferente opci\u00f3n hotelera en Sucre. El hotel Villa Antigua se ubic\u00f3 en una casona de estilo republicano de 1860, que fue restaurada con mucho empe\u00f1o de sus propietarios: Mar\u00eda Teresa Molina y Dick Commandeur, a quienes les cost\u00f3 4 a\u00f1os para reconstruir, habilitar y reponer la parte antigua, reforzando y resaltando las estructuras antiguas, retirando las de m\u00e1s reciente origen y a\u00f1adiendo nuevos espacios necesarios para tener un hotel con historia visual, pero a la vez moderno, seguro y confortable para los visitantes del interior y exterior. Los materiales anteriores en su mayor\u00eda han sido recuperados, restaurados y reutilizados, como son las vigas, puertas y piedras. Se ha aplicado una fusi\u00f3n de lo que es el estilo republicano, con sus pilares y gruesos muros de adobe, con una visi\u00f3n arquitect\u00f3nica, gran aporte del arquitecto Daniel Contreras, que se resume en una frase que orient\u00f3 y determin\u00f3 el proceso referido \u201clo antiguo no se imita, pero se puede realzar con una arquitectura de integraci\u00f3n\u201d. Esto nos llev\u00f3 a un resultado de impacto se\u00f1orial con un aire de sobriedad y gran estilo, \u00fanico en esta bella ciudad.<\/p><\/div><\/div><div class=\"vce-text-block\"><div class=\"vce-text-block-wrapper vce\" id=\"el-789ab942\" data-vce-do-apply=\"all el-789ab942\"><p style=\"text-align: justify;\"><img loading=\"lazy\" decoding=\"async\" class=\" wp-image-2353 alignleft\" src=\"https:\/\/villaantiguahotel.com\/wp-content\/uploads\/2018\/12\/P1010314-2-round.jpg\" alt=\"\" width=\"325\" height=\"227\" srcset=\"https:\/\/villaantiguahotel.com\/wp-content\/uploads\/2018\/12\/P1010314-2-round.jpg 1900w, https:\/\/villaantiguahotel.com\/wp-content\/uploads\/2018\/12\/P1010314-2-round-768x537.jpg 768w, https:\/\/villaantiguahotel.com\/wp-content\/uploads\/2018\/12\/P1010314-2-round-1024x716.jpg 1024w\" sizes=\"auto, (max-width: 325px) 100vw, 325px\" \/>En las habitaciones uno siente la historia por las paredes de la \u00e9poca, cuando la rectitud exacta a\u00fan no exist\u00eda y el uso de materiales y colores. Pero al mismo momento, parecen \u00e1mbitos modernos, por el estilo de decoraci\u00f3n: c\u00e1lida y discreta, con uso de elementos naturales y obras de arte originales bolivianas. Los muebles son una historia y un arte aparte, pero tambi\u00e9n conlleva esta mezcla de dise\u00f1o moderno con detalles de elementos andinos antiguos: Jalq\u2019a, Tarabuco y Tihuanacota. Todo el mobiliario proviene de los J\u00f3venes <a href=\"https:\/\/villaantiguahotel.com\/muebles\/\">Artesanos de la Familia Don Bosco<\/a>, un proyecto que forma carpinteros de primera calidad en las \u00e1reas rurales. Se ha tenido que viajar varias veces a los centros remotos de trabajo en Pe\u00f1a Colorada (Cochabamba) Carabuco y Escoma (La Paz) para conocer el gran esfuerzo y la dedicaci\u00f3n de los j\u00f3venes y sus instructores italianos y bolivianos, para acordar sobre los dise\u00f1os, el uso de madera cedro, los tallados y el acabado. Todo este esfuerzo fue motivado porque, desde la concepci\u00f3n del hotel, los propietarios quisieron poner el sello de responsabilidad social a su emprendimiento.<\/p><\/div><\/div><div class=\"vce-text-block\"><div class=\"vce-text-block-wrapper vce\" id=\"el-941c8c9a\" data-vce-do-apply=\"all el-941c8c9a\"><p><img loading=\"lazy\" decoding=\"async\" class=\" wp-image-2354 alignright\" src=\"https:\/\/villaantiguahotel.com\/wp-content\/uploads\/2018\/12\/P1010798-2-round.jpg\" alt=\"\" width=\"326\" height=\"245\" srcset=\"https:\/\/villaantiguahotel.com\/wp-content\/uploads\/2018\/12\/P1010798-2-round.jpg 1900w, https:\/\/villaantiguahotel.com\/wp-content\/uploads\/2018\/12\/P1010798-2-round-768x576.jpg 768w, https:\/\/villaantiguahotel.com\/wp-content\/uploads\/2018\/12\/P1010798-2-round-1024x768.jpg 1024w, https:\/\/villaantiguahotel.com\/wp-content\/uploads\/2018\/12\/P1010798-2-round-418x315.jpg 418w, https:\/\/villaantiguahotel.com\/wp-content\/uploads\/2018\/12\/P1010798-2-round-886x668.jpg 886w\" sizes=\"auto, (max-width: 326px) 100vw, 326px\" \/>El jard\u00edn y el patio han recobrado su esplendor de anta\u00f1o y dif\u00edcilmente se los encuentra con mayor amplitud en la ciudad. Como en el pasado, se ha utilizado mucha piedra natural para resaltar la antigua vinculaci\u00f3n del hombre con la naturaleza. El patio cuenta con una fuente de agua discreta, que aporta a la est\u00e9tica pero tambi\u00e9n a la sensaci\u00f3n de tranquilidad y frescura de los visitantes y que por su particular simpleza y detalle atrae la atenci\u00f3n hasta de los pasantes en la calle. Nuevas son las terrazas y el mirador, que, aprovechando de la ubicaci\u00f3n en una parte con mayor pendiente, permiten una mirada \u00fanica sobre los tejados rojos de la ciudad vieja y los cerros y serran\u00edas alrededor. Los visitantes quedan impactados con el crep\u00fasculo y se quedan sentados mirando hasta que la noche les motiva a buscar algo de cobertura.<\/p><\/div><\/div><div class=\"vce-text-block\"><div class=\"vce-text-block-wrapper vce\" id=\"el-c7b86384\" data-vce-do-apply=\"all el-c7b86384\"><p><img loading=\"lazy\" decoding=\"async\" class=\"wp-image-2356 alignleft\" src=\"https:\/\/villaantiguahotel.com\/wp-content\/uploads\/2018\/12\/15-de-mayo-de-2005-014-2-round.jpg\" alt=\"\" width=\"318\" height=\"239\" srcset=\"https:\/\/villaantiguahotel.com\/wp-content\/uploads\/2018\/12\/15-de-mayo-de-2005-014-2-round.jpg 1600w, https:\/\/villaantiguahotel.com\/wp-content\/uploads\/2018\/12\/15-de-mayo-de-2005-014-2-round-768x576.jpg 768w, https:\/\/villaantiguahotel.com\/wp-content\/uploads\/2018\/12\/15-de-mayo-de-2005-014-2-round-1024x768.jpg 1024w, https:\/\/villaantiguahotel.com\/wp-content\/uploads\/2018\/12\/15-de-mayo-de-2005-014-2-round-418x315.jpg 418w, https:\/\/villaantiguahotel.com\/wp-content\/uploads\/2018\/12\/15-de-mayo-de-2005-014-2-round-886x668.jpg 886w\" sizes=\"auto, (max-width: 318px) 100vw, 318px\" \/>Durante la construcci\u00f3n se han encontrado muchas sorpresas, como son: alguna doble pared, las vigas amarradas con cuero, maderas talladas, una piedra indicando el fallecimiento de uno de los habitantes antiguos, estuco hecho con bosta, divisi\u00f3n de ca\u00f1a entre los cuartos y otros. Para asegurar que el edificio pueda soportar mayor n\u00famero de personas, se ha incorporado una estructura completa de hormig\u00f3n armado, h\u00e1bilmente incorporada en y debajo de los muros de adobe. De esta manera se pod\u00eda habilitar un amplio sal\u00f3n de conferencias y un restaurante en el primer piso con vista hacia el cerro El Obispo y construir un piso adicional debajo del techo, sin afectar la altura original del mismo.<\/p><\/div><\/div><div class=\"vce-text-block\"><div class=\"vce-text-block-wrapper vce\" id=\"el-974d3ffb\" data-vce-do-apply=\"all el-974d3ffb\">El nuevo hotel Villa Antigua, cuyo nombre expresa la historia de la casa\n y la ciudad, es visitado por viajeros de otros lados del pa\u00eds y del \nexterior, pero tambi\u00e9n por muchos habitantes de Sucre que no han \nresistido la tentaci\u00f3n de echar un vistazo en el patio para sentir el \naire del anta\u00f1o que desciende de las galer\u00edas, de las ventanas y puertas\n tradicionales y de la grada central que pareciera remontar hasta el \ncielo.<\/div><\/div><div class=\"vce-row-container\"><div class=\"vce-row vce-row--col-gap-30 vce-row-columns--top vce-row-content--top\" id=\"el-82a6c566\" data-vce-do-apply=\"all el-82a6c566\"><div class=\"vce-content-background-container\"><\/div><div class=\"vce-row-content\" data-vce-element-content=\"true\"><div class=\"vce-col vce-col--xs-100p vce-col--xs-visible vce-col--xs-last vce-col--xs-first vce-col--sm-100p vce-col--sm-visible vce-col--sm-last vce-col--sm-first vce-col--md-66-66p vce-col--md-visible vce-col--md-last vce-col--md-first vce-col--lg-66-66p vce-col--lg-visible vce-col--lg-last vce-col--lg-first vce-col--xl-66-66p vce-col--xl-visible vce-col--xl-last vce-col--xl-first\" id=\"el-d7b33614\" data-vce-do-apply=\"background border el-d7b33614\"><div class=\"vce-col-inner\" data-vce-element-content=\"true\" data-vce-do-apply=\"padding margin  el-d7b33614\"><\/div><\/div><\/div><\/div><\/div><\/div><\/div><div class=\"vce-col vce-col--xs-hide vce-col--xs-first vce-col--sm-hide vce-col--sm-first vce-col--md-10p vce-col--md-visible vce-col--md-last vce-col--lg-15p vce-col--lg-visible vce-col--lg-last vce-col--xl-15p vce-col--xl-visible vce-col--xl-last\" id=\"el-cc219232\" data-vce-do-apply=\"background border el-cc219232\"><div class=\"vce-col-inner\" data-vce-element-content=\"true\" data-vce-do-apply=\"padding margin  el-cc219232\"><\/div><\/div><\/div><\/div><\/div><div class=\"vce-row-container\"><div class=\"vce-row vce-row--col-gap-30 vce-row-columns--top vce-row-content--top\" id=\"el-8457800b\" data-vce-do-apply=\"all el-8457800b\"><div class=\"vce-content-background-container\"><\/div><div class=\"vce-row-content\" data-vce-element-content=\"true\"><div class=\"vce-col vce-col--xs-50p vce-col--xs-visible vce-col--xs-first vce-col--sm-50p vce-col--sm-visible vce-col--sm-first vce-col--md-50p vce-col--md-visible vce-col--md-first vce-col--lg-50p vce-col--lg-visible vce-col--lg-first vce-col--xl-50p vce-col--xl-visible vce-col--xl-first\" id=\"el-79496f93\" data-vce-do-apply=\"background border el-79496f93\"><div class=\"vce-col-inner\" data-vce-element-content=\"true\" data-vce-do-apply=\"padding margin  el-79496f93\"><div class=\"vce-button--style-outline-container vce-button--style-outline-container--align-left\"><span class=\"vce-button--style-outline-wrapper vce\" id=\"el-1ccb7449\" data-vce-do-apply=\"margin el-1ccb7449\"><a class=\"vce-button--style-outline-animated vce-button--style-outline--border-rounded vce-button--style-outline--size-small vce-button--style-outline-animated--color-b-47-47-47--fff--3d3d3d vce-button--style-outline-animated--border-color-b-158-51-44--3d3d3d vce-button--style-outline-animated--background-color-b-255-63-59\" href=\"https:\/\/villaantiguahotel.com\/historia-del-edificio\/\" title=\"\" data-vce-do-apply=\"padding border background  el-1ccb7449\"><span class=\"vce-button--style-outline-text\">Anterior Pagina<\/span><\/a><\/span><\/div><\/div><\/div><div class=\"vce-col vce-col--xs-50p vce-col--xs-visible vce-col--xs-last vce-col--sm-50p vce-col--sm-visible vce-col--sm-last vce-col--md-50p vce-col--md-visible vce-col--md-last vce-col--lg-50p vce-col--lg-visible vce-col--lg-last vce-col--xl-50p vce-col--xl-visible vce-col--xl-last\" id=\"el-5a185caa\" data-vce-do-apply=\"background border el-5a185caa\"><div class=\"vce-col-inner\" data-vce-element-content=\"true\" data-vce-do-apply=\"padding margin  el-5a185caa\"><div class=\"vce-button--style-outline-container vce-button--style-outline-container--align-right\"><span class=\"vce-button--style-outline-wrapper vce\" id=\"el-6f5a79d3\" data-vce-do-apply=\"margin el-6f5a79d3\"><a class=\"vce-button--style-outline-animated vce-button--style-outline--border-rounded vce-button--style-outline--size-small vce-button--style-outline-animated--color-b-47-47-47--fff--3d3d3d vce-button--style-outline-animated--border-color-b-158-51-44--3d3d3d vce-button--style-outline-animated--background-color-b-255-63-59\" href=\"https:\/\/villaantiguahotel.com\/fachada-patrimonial\/\" title=\"\" data-vce-do-apply=\"padding border background  el-6f5a79d3\"><span class=\"vce-button--style-outline-text\">Siguiente Pagina<\/span><\/a><\/span><\/div><\/div><\/div><\/div><\/div><\/div>\n","protected":false},"excerpt":{"rendered":"<p>Notas del proceso de renovaci\u00f3n del edificioEn diciembre 2009, enriqueciendo la oferta existente de hoteles en Sucre, se abri\u00f3 una nueva y diferente opci\u00f3n hotelera en Sucre. El hotel Villa Antigua se ubic\u00f3 en una casona de estilo republicano de 1860, que fue restaurada con mucho empe\u00f1o de sus propietarios: Mar\u00eda Teresa Molina y Dick [&hellip;]<\/p>\n","protected":false},"author":1,"featured_media":0,"parent":32,"menu_order":0,"comment_status":"closed","ping_status":"closed","template":"","meta":{"footnotes":""},"class_list":["post-361","page","type-page","status-publish","hentry"],"yoast_head":"<!-- This site is optimized with the Yoast SEO plugin v27.4 - https:\/\/yoast.com\/product\/yoast-seo-wordpress\/ -->\n<title>Renovaci\u00f3n del edificio - Hotel Villa Antigua<\/title>\n<meta name=\"robots\" content=\"index, follow, max-snippet:-1, max-image-preview:large, max-video-preview:-1\" \/>\n<link rel=\"canonical\" href=\"https:\/\/villaantiguahotel.com\/?page_id=361\" \/>\n<meta property=\"og:locale\" content=\"es_ES\" \/>\n<meta property=\"og:type\" content=\"article\" \/>\n<meta property=\"og:title\" content=\"Renovaci\u00f3n del edificio - Hotel Villa Antigua\" \/>\n<meta property=\"og:description\" content=\"Notas del proceso de renovaci\u00f3n del edificioEn diciembre 2009, enriqueciendo la oferta existente de hoteles en Sucre, se abri\u00f3 una nueva y diferente opci\u00f3n hotelera en Sucre. El hotel Villa Antigua se ubic\u00f3 en una casona de estilo republicano de 1860, que fue restaurada con mucho empe\u00f1o de sus propietarios: Mar\u00eda Teresa Molina y Dick [&hellip;]\" \/>\n<meta property=\"og:url\" content=\"https:\/\/villaantiguahotel.com\/?page_id=361\" \/>\n<meta property=\"og:site_name\" content=\"Hotel Villa Antigua\" \/>\n<meta property=\"article:publisher\" content=\"https:\/\/www.facebook.com\/Hotel-Villa-Antigua-in-Sucre-Bolivia-136777549722346\/\" \/>\n<meta property=\"article:modified_time\" content=\"2019-01-22T18:31:22+00:00\" \/>\n<meta name=\"twitter:card\" content=\"summary_large_image\" \/>\n<meta name=\"twitter:label1\" content=\"Tiempo de lectura\" \/>\n\t<meta name=\"twitter:data1\" content=\"4 minutos\" \/>\n<script type=\"application\/ld+json\" class=\"yoast-schema-graph\">{\"@context\":\"https:\\\/\\\/schema.org\",\"@graph\":[{\"@type\":\"WebPage\",\"@id\":\"https:\\\/\\\/villaantiguahotel.com\\\/?page_id=361\",\"url\":\"https:\\\/\\\/villaantiguahotel.com\\\/?page_id=361\",\"name\":\"Renovaci\u00f3n del edificio - Hotel Villa Antigua\",\"isPartOf\":{\"@id\":\"https:\\\/\\\/villaantiguahotel.com\\\/#website\"},\"datePublished\":\"2018-11-16T21:17:21+00:00\",\"dateModified\":\"2019-01-22T18:31:22+00:00\",\"breadcrumb\":{\"@id\":\"https:\\\/\\\/villaantiguahotel.com\\\/?page_id=361#breadcrumb\"},\"inLanguage\":\"es\",\"potentialAction\":[{\"@type\":\"ReadAction\",\"target\":[\"https:\\\/\\\/villaantiguahotel.com\\\/?page_id=361\"]}]},{\"@type\":\"BreadcrumbList\",\"@id\":\"https:\\\/\\\/villaantiguahotel.com\\\/?page_id=361#breadcrumb\",\"itemListElement\":[{\"@type\":\"ListItem\",\"position\":1,\"name\":\"Portada\",\"item\":\"https:\\\/\\\/villaantiguahotel.com\\\/\"},{\"@type\":\"ListItem\",\"position\":2,\"name\":\"Hotel Boutique\",\"item\":\"https:\\\/\\\/villaantiguahotel.com\\\/?page_id=32\"},{\"@type\":\"ListItem\",\"position\":3,\"name\":\"Renovaci\u00f3n del edificio\"}]},{\"@type\":\"WebSite\",\"@id\":\"https:\\\/\\\/villaantiguahotel.com\\\/#website\",\"url\":\"https:\\\/\\\/villaantiguahotel.com\\\/\",\"name\":\"Hotel Boutique Villa Antigua - Sucre, Patrimonio Cultural de la Humanidad\",\"description\":\"\",\"publisher\":{\"@id\":\"https:\\\/\\\/villaantiguahotel.com\\\/#organization\"},\"potentialAction\":[{\"@type\":\"SearchAction\",\"target\":{\"@type\":\"EntryPoint\",\"urlTemplate\":\"https:\\\/\\\/villaantiguahotel.com\\\/?s={search_term_string}\"},\"query-input\":{\"@type\":\"PropertyValueSpecification\",\"valueRequired\":true,\"valueName\":\"search_term_string\"}}],\"inLanguage\":\"es\"},{\"@type\":\"Organization\",\"@id\":\"https:\\\/\\\/villaantiguahotel.com\\\/#organization\",\"name\":\"Hotel Villa Antigua\",\"url\":\"https:\\\/\\\/villaantiguahotel.com\\\/\",\"logo\":{\"@type\":\"ImageObject\",\"inLanguage\":\"es\",\"@id\":\"https:\\\/\\\/villaantiguahotel.com\\\/#\\\/schema\\\/logo\\\/image\\\/\",\"url\":\"https:\\\/\\\/villaantiguahotel.com\\\/wp-content\\\/uploads\\\/2019\\\/03\\\/logo.jpg\",\"contentUrl\":\"https:\\\/\\\/villaantiguahotel.com\\\/wp-content\\\/uploads\\\/2019\\\/03\\\/logo.jpg\",\"width\":240,\"height\":229,\"caption\":\"Hotel Villa Antigua\"},\"image\":{\"@id\":\"https:\\\/\\\/villaantiguahotel.com\\\/#\\\/schema\\\/logo\\\/image\\\/\"},\"sameAs\":[\"https:\\\/\\\/www.facebook.com\\\/Hotel-Villa-Antigua-in-Sucre-Bolivia-136777549722346\\\/\",\"https:\\\/\\\/www.linkedin.com\\\/in\\\/hotel-villa-antigua-villa-6946686b\\\/\"]}]}<\/script>\n<!-- \/ Yoast SEO plugin. -->","yoast_head_json":{"title":"Renovaci\u00f3n del edificio - Hotel Villa Antigua","robots":{"index":"index","follow":"follow","max-snippet":"max-snippet:-1","max-image-preview":"max-image-preview:large","max-video-preview":"max-video-preview:-1"},"canonical":"https:\/\/villaantiguahotel.com\/?page_id=361","og_locale":"es_ES","og_type":"article","og_title":"Renovaci\u00f3n del edificio - Hotel Villa Antigua","og_description":"Notas del proceso de renovaci\u00f3n del edificioEn diciembre 2009, enriqueciendo la oferta existente de hoteles en Sucre, se abri\u00f3 una nueva y diferente opci\u00f3n hotelera en Sucre. El hotel Villa Antigua se ubic\u00f3 en una casona de estilo republicano de 1860, que fue restaurada con mucho empe\u00f1o de sus propietarios: Mar\u00eda Teresa Molina y Dick [&hellip;]","og_url":"https:\/\/villaantiguahotel.com\/?page_id=361","og_site_name":"Hotel Villa Antigua","article_publisher":"https:\/\/www.facebook.com\/Hotel-Villa-Antigua-in-Sucre-Bolivia-136777549722346\/","article_modified_time":"2019-01-22T18:31:22+00:00","twitter_card":"summary_large_image","twitter_misc":{"Tiempo de lectura":"4 minutos"},"schema":{"@context":"https:\/\/schema.org","@graph":[{"@type":"WebPage","@id":"https:\/\/villaantiguahotel.com\/?page_id=361","url":"https:\/\/villaantiguahotel.com\/?page_id=361","name":"Renovaci\u00f3n del edificio - Hotel Villa Antigua","isPartOf":{"@id":"https:\/\/villaantiguahotel.com\/#website"},"datePublished":"2018-11-16T21:17:21+00:00","dateModified":"2019-01-22T18:31:22+00:00","breadcrumb":{"@id":"https:\/\/villaantiguahotel.com\/?page_id=361#breadcrumb"},"inLanguage":"es","potentialAction":[{"@type":"ReadAction","target":["https:\/\/villaantiguahotel.com\/?page_id=361"]}]},{"@type":"BreadcrumbList","@id":"https:\/\/villaantiguahotel.com\/?page_id=361#breadcrumb","itemListElement":[{"@type":"ListItem","position":1,"name":"Portada","item":"https:\/\/villaantiguahotel.com\/"},{"@type":"ListItem","position":2,"name":"Hotel Boutique","item":"https:\/\/villaantiguahotel.com\/?page_id=32"},{"@type":"ListItem","position":3,"name":"Renovaci\u00f3n del edificio"}]},{"@type":"WebSite","@id":"https:\/\/villaantiguahotel.com\/#website","url":"https:\/\/villaantiguahotel.com\/","name":"Hotel Boutique Villa Antigua - Sucre, Patrimonio Cultural de la Humanidad","description":"","publisher":{"@id":"https:\/\/villaantiguahotel.com\/#organization"},"potentialAction":[{"@type":"SearchAction","target":{"@type":"EntryPoint","urlTemplate":"https:\/\/villaantiguahotel.com\/?s={search_term_string}"},"query-input":{"@type":"PropertyValueSpecification","valueRequired":true,"valueName":"search_term_string"}}],"inLanguage":"es"},{"@type":"Organization","@id":"https:\/\/villaantiguahotel.com\/#organization","name":"Hotel Villa Antigua","url":"https:\/\/villaantiguahotel.com\/","logo":{"@type":"ImageObject","inLanguage":"es","@id":"https:\/\/villaantiguahotel.com\/#\/schema\/logo\/image\/","url":"https:\/\/villaantiguahotel.com\/wp-content\/uploads\/2019\/03\/logo.jpg","contentUrl":"https:\/\/villaantiguahotel.com\/wp-content\/uploads\/2019\/03\/logo.jpg","width":240,"height":229,"caption":"Hotel Villa Antigua"},"image":{"@id":"https:\/\/villaantiguahotel.com\/#\/schema\/logo\/image\/"},"sameAs":["https:\/\/www.facebook.com\/Hotel-Villa-Antigua-in-Sucre-Bolivia-136777549722346\/","https:\/\/www.linkedin.com\/in\/hotel-villa-antigua-villa-6946686b\/"]}]}},"_links":{"self":[{"href":"https:\/\/villaantiguahotel.com\/index.php?rest_route=\/wp\/v2\/pages\/361","targetHints":{"allow":["GET"]}}],"collection":[{"href":"https:\/\/villaantiguahotel.com\/index.php?rest_route=\/wp\/v2\/pages"}],"about":[{"href":"https:\/\/villaantiguahotel.com\/index.php?rest_route=\/wp\/v2\/types\/page"}],"author":[{"embeddable":true,"href":"https:\/\/villaantiguahotel.com\/index.php?rest_route=\/wp\/v2\/users\/1"}],"replies":[{"embeddable":true,"href":"https:\/\/villaantiguahotel.com\/index.php?rest_route=%2Fwp%2Fv2%2Fcomments&post=361"}],"version-history":[{"count":0,"href":"https:\/\/villaantiguahotel.com\/index.php?rest_route=\/wp\/v2\/pages\/361\/revisions"}],"up":[{"embeddable":true,"href":"https:\/\/villaantiguahotel.com\/index.php?rest_route=\/wp\/v2\/pages\/32"}],"wp:attachment":[{"href":"https:\/\/villaantiguahotel.com\/index.php?rest_route=%2Fwp%2Fv2%2Fmedia&parent=361"}],"curies":[{"name":"wp","href":"https:\/\/api.w.org\/{rel}","templated":true}]}}