{"id":3941,"date":"2019-08-16T14:56:39","date_gmt":"2019-08-16T14:56:39","guid":{"rendered":"https:\/\/villaantiguahotel.com\/?page_id=3941"},"modified":"2021-01-27T20:33:38","modified_gmt":"2021-01-27T20:33:38","slug":"agenda-cultural-sucre-bolivia","status":"publish","type":"page","link":"https:\/\/villaantiguahotel.com\/?page_id=3941","title":{"rendered":"Agenda Cultural de Sucre, Bolivia"},"content":{"rendered":"<div class=\"vce-row-container\" data-vce-boxed-width=\"true\"><div class=\"vce-row vce-row--col-gap-30 bg-submenu vce-row-columns--top vce-row-content--top\" id=\"el-574731da\" data-vce-do-apply=\"all el-574731da\"><div class=\"vce-row-content\" data-vce-element-content=\"true\"><div class=\"vce-col vce-col--md-100p vce-col--xs-1 vce-col--xs-last vce-col--xs-first vce-col--sm-last vce-col--sm-first vce-col--md-last vce-col--lg-last vce-col--xl-last vce-col--md-first vce-col--lg-first vce-col--xl-first\" id=\"el-2e9047b5\"><div class=\"vce-col-inner\" data-vce-do-apply=\"border margin background  el-2e9047b5\"><div class=\"vce-col-content\" data-vce-element-content=\"true\" data-vce-do-apply=\"padding el-2e9047b5\"><div class=\"vce-widgets-container\" id=\"nav-submenu-sucre\"><div class=\"vce vce-widgets-wrapper\" id=\"el-42fd34a2\" data-vce-do-apply=\"all el-42fd34a2\"><div class=\"menu-submenu-sucre-container\"><ul id=\"menu-submenu-sucre\" class=\"menu\"><li id=\"menu-item-292\" class=\"menu-item menu-item-type-post_type menu-item-object-page menu-item-292\"><a href=\"https:\/\/villaantiguahotel.com\/?page_id=270\">Turismo en Sucre<\/a><\/li>\n<li id=\"menu-item-4436\" class=\"menu-item menu-item-type-post_type menu-item-object-page menu-item-4436\"><a href=\"https:\/\/villaantiguahotel.com\/?page_id=4408\">Fotos<\/a><\/li>\n<li id=\"menu-item-3950\" class=\"menu-item menu-item-type-post_type menu-item-object-page menu-item-3950\"><a href=\"https:\/\/villaantiguahotel.com\/?page_id=3941\">Agenda Cultural<\/a><\/li>\n<li id=\"menu-item-291\" class=\"menu-item menu-item-type-post_type menu-item-object-page menu-item-291\"><a href=\"https:\/\/villaantiguahotel.com\/?page_id=280\">Patio en Sucre<\/a><\/li>\n<li id=\"menu-item-290\" class=\"menu-item menu-item-type-post_type menu-item-object-page menu-item-290\"><a href=\"https:\/\/villaantiguahotel.com\/?page_id=282\">M\u00fasica Barroca<\/a><\/li>\n<li id=\"menu-item-4297\" class=\"menu-item menu-item-type-post_type menu-item-object-page menu-item-4297\"><a href=\"https:\/\/villaantiguahotel.com\/?page_id=4259\">Carnaval de Anta\u00f1o<\/a><\/li>\n<li id=\"menu-item-289\" class=\"menu-item menu-item-type-post_type menu-item-object-page menu-item-289\"><a href=\"https:\/\/villaantiguahotel.com\/?page_id=284\">Ciudad del Chocolate<\/a><\/li>\n<li id=\"menu-item-288\" class=\"menu-item menu-item-type-post_type menu-item-object-page menu-item-288\"><a href=\"https:\/\/villaantiguahotel.com\/?page_id=286\">Monasterio de Santa Clara<\/a><\/li>\n<\/ul><\/div><\/div><\/div><\/div><\/div><\/div><\/div><\/div><\/div><div class=\"vce-row-container\" data-vce-boxed-width=\"true\"><div class=\"vce-row vce-row--col-gap-30 vce-row-columns--top vce-row-content--top vcv-state--show-resizer\" id=\"el-68ab24d4\" data-vce-do-apply=\"all el-68ab24d4\"><div class=\"vce-content-background-container\"><\/div><div class=\"vce-row-content\" data-vce-element-content=\"true\"><div class=\"vce-col vce-col--xs-hide vce-col--xs-first vce-col--sm-hide vce-col--sm-first vce-col--md-10p vce-col--md-visible vce-col--md-first vce-col--lg-15p vce-col--lg-visible vce-col--lg-first vce-col--xl-15p vce-col--xl-visible vce-col--xl-first\" id=\"el-1f90c2e3\"><div class=\"vce-col-inner\" data-vce-do-apply=\"border margin background  el-1f90c2e3\"><div class=\"vce-col-content\" data-vce-element-content=\"true\" data-vce-do-apply=\"padding el-1f90c2e3\"><\/div><\/div><\/div><div class=\"vce-col vce-col--xs-100p vce-col--xs-visible vce-col--xs-last vce-col--sm-100p vce-col--sm-visible vce-col--sm-last vce-col--md-80p vce-col--md-visible vce-col--lg-70p vce-col--lg-visible vce-col--xl-70p vce-col--xl-visible\" id=\"el-4f193b34\"><div class=\"vce-col-inner\" data-vce-do-apply=\"border margin background  el-4f193b34\"><div class=\"vce-col-content\" data-vce-element-content=\"true\" data-vce-do-apply=\"padding el-4f193b34\"><div class=\"vce-text-block\"><div class=\"vce-text-block-wrapper vce\" id=\"el-101eadba\" data-vce-do-apply=\"all el-101eadba\"><h4><span style=\"color: #c9212f;\"><strong>Agenda cultural anual de Sucre<\/strong><\/span><\/h4><p>Si requiera informaci\u00f3n sobre actividades adicionales durante el a\u00f1o, consulte las Noticias en la p\u00e1gina Inicio o <a href=\"mailto:info@villaantiguahotel.com\">contacte el hotel<\/a>.<\/p><\/div><\/div><div class=\"vce-shortcode\"><div class=\"vce-shortcode-wrapper vce\" id=\"el-78502d4d\" data-vce-do-apply=\"all el-78502d4d\">\n<table id=\"tablepress-1\" class=\"tablepress tablepress-id-1\">\n<thead>\n<tr class=\"row-1\">\n\t<th class=\"column-1\">FECHA<\/th><th class=\"column-2\">EVENTO<\/th><th class=\"column-3\">LUGAR<\/th><th class=\"column-4\">ACTIVIDAD<\/th>\n<\/tr>\n<\/thead>\n<tbody class=\"row-striping\">\n<tr class=\"row-2\">\n\t<td class=\"column-1\">Enero 1<\/td><td class=\"column-2\">A\u00f1o Nuevo<\/td><td class=\"column-3\">Plaza 25 de Mayo<\/td><td class=\"column-4\">Retreta de media noche<\/td>\n<\/tr>\n<tr class=\"row-3\">\n\t<td class=\"column-1\">Enero 6<\/td><td class=\"column-2\">Reyes<\/td><td class=\"column-3\">Iglesias<\/td><td class=\"column-4\">Danzas de adoraci\u00f3n<\/td>\n<\/tr>\n<tr class=\"row-4\">\n\t<td class=\"column-1\">Febrero 1<\/td><td class=\"column-2\">Fiesta de la V\u00edrgen de Candelaria<\/td><td class=\"column-3\">Iglesia de San L\u00e1zaro, calle Calvo<\/td><td class=\"column-4\">Fiesta religiosa<\/td>\n<\/tr>\n<tr class=\"row-5\">\n\t<td class=\"column-1\">Febrero - Marzo (fecha movible) desde 1 semana antes hasta 1 semana despu\u00e9s del fin de semana de carnaval<\/td><td class=\"column-2\"><a href=\"https:\/\/villaantiguahotel.com\/carnaval-de-antano\/\" rel=\"noopener\" target=\"_blank\">Carnaval sucrense<\/a><\/td><td class=\"column-3\">Plaza 25 de Mayo y otros lugares del Centro Hist\u00f3rico<\/td><td class=\"column-4\">- Jueves de Surapata (comadres)<br \/>\n- Entrada folcl\u00f3rica del Carnaval de Anta\u00f1o<br \/>\n- Entrada general<br \/>\n- Carnaval de Yotala<\/td>\n<\/tr>\n<tr class=\"row-6\">\n\t<td class=\"column-1\">Marzo (tercer domingo)<\/td><td class=\"column-2\">Pujllay, Carnaval de Tarabuco<\/td><td class=\"column-3\">Pueblo de Tarabuco<\/td><td class=\"column-4\">Entrada folcl\u00f3rica, pucara<\/td>\n<\/tr>\n<tr class=\"row-7\">\n\t<td class=\"column-1\">Abril (fecha movible)<\/td><td class=\"column-2\">Semana Santa<\/td><td class=\"column-3\">Iglesias, cerro \"Churuquella\u00a8<\/td><td class=\"column-4\">- Domingo de ramos <br \/>\n- Jueves Santo-vigilia en el cerro \"Churuquella\" recorri-do de las 14 estaciones, visita de las 14 iglesias<br \/>\n- Viernes Santo, procesi\u00f3n del \"Santo Sepulcro\" <br \/>\n- S\u00e1bado Santo misa de media noche <br \/>\n- Domingo de Pascua<\/td>\n<\/tr>\n<tr class=\"row-8\">\n\t<td class=\"column-1\">Abril, en Semana Santa<\/td><td class=\"column-2\"><a href=\"https:\/\/villaantiguahotel.com\/sucre\/musica-barroca\/\" target=blank>Festival de M\u00fasica Barroca<\/a><\/td><td class=\"column-3\">Casa de la Libertad y Teatro Gran Mariscal de Ayacucho<\/td><td class=\"column-4\">- 4 d\u00edas de conciertos por cantantes y m\u00fasicos locales, nacionales e internacionales<\/td>\n<\/tr>\n<tr class=\"row-9\">\n\t<td class=\"column-1\">Mayo 25<\/td><td class=\"column-2\">Aniversario C\u00edvico<\/td><td class=\"column-3\">Plaza 25 de Mayo<\/td><td class=\"column-4\">Fiesta c\u00edvica, desfiles<\/td>\n<\/tr>\n<tr class=\"row-10\">\n\t<td class=\"column-1\">Mayo (alrededor del 25 de mayo)<\/td><td class=\"column-2\"><a href=\"https:\/\/villaantiguahotel.com\/sucre\/ciudad-del-chocolate\/\" target=blank>Festival del Chocolate<\/a><\/td><td class=\"column-3\">Centro Hist\u00f3rico<\/td><td class=\"column-4\">Feria y exposici\u00f3n<\/td>\n<\/tr>\n<tr class=\"row-11\">\n\t<td class=\"column-1\">Mayo - Junio (fecha movible)<\/td><td class=\"column-2\">Corpus Christi<\/td><td class=\"column-3\">Centro Hist\u00f3rico<\/td><td class=\"column-4\">Procesi\u00f3n religiosa<\/td>\n<\/tr>\n<tr class=\"row-12\">\n\t<td class=\"column-1\">Junio 24<\/td><td class=\"column-2\">San Juan, Fiesta de la Cruz de Popay\u00e1n<\/td><td class=\"column-3\">Centro Hist\u00f3rico<\/td><td class=\"column-4\">Fiesta religiosa<\/td>\n<\/tr>\n<tr class=\"row-13\">\n\t<td class=\"column-1\">Julio 16<\/td><td class=\"column-2\">Virgen del Carmen<\/td><td class=\"column-3\">Capilla de la Rotonda<\/td><td class=\"column-4\">Misa, inicio de Feria de miniaturas Alasita <\/td>\n<\/tr>\n<tr class=\"row-14\">\n\t<td class=\"column-1\">Julio (fechas movibles, cada 2 a\u00f1os)<\/td><td class=\"column-2\">Congreso internacional bienal de la Asociaci\u00f3n de Estudios Bolivianos AEB<\/td><td class=\"column-3\">Archivo y Biblioteca Nacionales de Bolivia ABNB, Casa de la Libertad y otros lugares<\/td><td class=\"column-4\">Conferencias, mesas redondas, presentaci\u00f3n de libros y actividades culturales<\/td>\n<\/tr>\n<tr class=\"row-15\">\n\t<td class=\"column-1\">Agosto 6<\/td><td class=\"column-2\">Fiesta Nacional de Bolivia<\/td><td class=\"column-3\">Casa de la Libertad, Plaza 25 de Mayo<\/td><td class=\"column-4\">Desfiles c\u00edvicos<\/td>\n<\/tr>\n<tr class=\"row-16\">\n\t<td class=\"column-1\">Agosto (alrededor del 6 de agosto)<\/td><td class=\"column-2\">Integrarte - Feria de Arte Ind\u00edgena<\/td><td class=\"column-3\">Lugar variable<\/td><td class=\"column-4\">Feria y exposici\u00f3n<\/td>\n<\/tr>\n<tr class=\"row-17\">\n\t<td class=\"column-1\">Agosto 12<\/td><td class=\"column-2\"><a href=\"https:\/\/villaantiguahotel.com\/sucre\/monasterio-de-santa-clara\/\" target=blank>Santa Clara<\/a><\/td><td class=\"column-3\">Iglesia de Santa Clara (frente a hotel Villa Antigua)<\/td><td class=\"column-4\">Fiesta religiosa<\/td>\n<\/tr>\n<tr class=\"row-18\">\n\t<td class=\"column-1\">Agosto (fechas movibles)<\/td><td class=\"column-2\">Festival de Cine de los Derechos Humanos<\/td><td class=\"column-3\">Casa de la Libertad, Archivo y Biblioteca Nacionales de Bolivia ABNB y otros lugares<\/td><td class=\"column-4\">Festival de cine, talleres, conferencias<\/td>\n<\/tr>\n<tr class=\"row-19\">\n\t<td class=\"column-1\">Septiembre (inicio, fecha movible)<\/td><td class=\"column-2\">Fiesta patronal de la V\u00edrgen de Guadalupe<\/td><td class=\"column-3\">Capilla de la V\u00edrgen de Guadalupe, Centro Hist\u00f3rico<\/td><td class=\"column-4\">- Misa, procesi\u00f3n<br \/>\n- Entrada folcl\u00f3rica<\/td>\n<\/tr>\n<tr class=\"row-20\">\n\t<td class=\"column-1\">Noviembre 1 y 2<\/td><td class=\"column-2\">Todos los Santos<br \/>\nDifuntos<\/td><td class=\"column-3\">Cementerio General<\/td><td class=\"column-4\">Visita al Cementerio General, \u201ck\u2019anchacus\u201d o fiestas de almas<\/td>\n<\/tr>\n<tr class=\"row-21\">\n\t<td class=\"column-1\">Diciembre 25<\/td><td class=\"column-2\">Navidad<\/td><td class=\"column-3\">Catedral, iglesias<\/td><td class=\"column-4\">Misas de media noche<\/td>\n<\/tr>\n<\/tbody>\n<\/table>\n<!-- #tablepress-1 from cache --><\/div><\/div><\/div><\/div><\/div><div class=\"vce-col vce-col--xs-hide vce-col--xs-first vce-col--sm-hide vce-col--sm-first vce-col--md-10p vce-col--md-visible vce-col--md-last vce-col--lg-15p vce-col--lg-visible vce-col--lg-last vce-col--xl-15p vce-col--xl-visible vce-col--xl-last\" id=\"el-969c008a\"><div class=\"vce-col-inner\" data-vce-do-apply=\"border margin background  el-969c008a\"><div class=\"vce-col-content\" data-vce-element-content=\"true\" data-vce-do-apply=\"padding el-969c008a\"><\/div><\/div><\/div><\/div><\/div><\/div><div class=\"vce-row-container\" data-vce-boxed-width=\"true\"><div class=\"vce-row vce-row--col-gap-30 vce-row-columns--top vce-row-content--top\" id=\"el-4f0f811c\" data-vce-do-apply=\"all el-4f0f811c\"><div class=\"vce-content-background-container\"><\/div><div class=\"vce-row-content\" data-vce-element-content=\"true\"><div class=\"vce-col vce-col--xs-50p vce-col--xs-visible vce-col--xs-first vce-col--sm-50p vce-col--sm-visible vce-col--sm-first vce-col--md-50p vce-col--md-visible vce-col--md-first vce-col--lg-50p vce-col--lg-visible vce-col--lg-first vce-col--xl-50p vce-col--xl-visible vce-col--xl-first\" id=\"el-7b505846\"><div class=\"vce-col-inner\" data-vce-do-apply=\"border margin background  el-7b505846\"><div class=\"vce-col-content\" data-vce-element-content=\"true\" data-vce-do-apply=\"padding el-7b505846\"><div class=\"vce-button--style-outline-container vce-button--style-outline-container--align-left\"><span class=\"vce-button--style-outline-wrapper vce\" id=\"el-926b4c74\" data-vce-do-apply=\"margin el-926b4c74\"><a class=\"vce-button--style-outline-animated vce-button--style-outline--border-rounded vce-button--style-outline--size-small vce-button--style-outline-animated--color-b-47-47-47--fff--3d3d3d vce-button--style-outline-animated--border-color-b-158-51-44--3d3d3d vce-button--style-outline-animated--background-color-b-255-63-59\" href=\"https:\/\/villaantiguahotel.com\/sucre\/fotos-sucre\/\" title=\"\" data-vce-do-apply=\"padding border background  el-926b4c74\"><span class=\"vce-button--style-outline-text\">Anterior Pagina<\/span><\/a><\/span><\/div><\/div><\/div><\/div><div class=\"vce-col vce-col--xs-50p vce-col--xs-visible vce-col--xs-last vce-col--sm-50p vce-col--sm-visible vce-col--sm-last vce-col--md-50p vce-col--md-visible vce-col--md-last vce-col--lg-50p vce-col--lg-visible vce-col--lg-last vce-col--xl-50p vce-col--xl-visible vce-col--xl-last\" id=\"el-3653f95c\"><div class=\"vce-col-inner\" data-vce-do-apply=\"border margin background  el-3653f95c\"><div class=\"vce-col-content\" data-vce-element-content=\"true\" data-vce-do-apply=\"padding el-3653f95c\"><div class=\"vce-button--style-outline-container vce-button--style-outline-container--align-right\"><span class=\"vce-button--style-outline-wrapper vce\" id=\"el-6ebbf7ac\" data-vce-do-apply=\"margin el-6ebbf7ac\"><a class=\"vce-button--style-outline-animated vce-button--style-outline--border-rounded vce-button--style-outline--size-small vce-button--style-outline-animated--color-b-47-47-47--fff--3d3d3d vce-button--style-outline-animated--border-color-b-158-51-44--3d3d3d vce-button--style-outline-animated--background-color-b-255-63-59\" href=\"https:\/\/villaantiguahotel.com\/sucre\/patio-en-sucre\/\" title=\"\" data-vce-do-apply=\"padding border background  el-6ebbf7ac\"><span class=\"vce-button--style-outline-text\">Siguiente Pagina<\/span><\/a><\/span><\/div><\/div><\/div><\/div><\/div><\/div><\/div><div class=\"vce-row-container\" data-vce-boxed-width=\"true\"><div class=\"vce-row vce-row--col-gap-30 vce-row-equal-height vce-row-columns--top vce-row-content--top\" id=\"el-d1168e1e\" data-vce-do-apply=\"all el-d1168e1e\"><div class=\"vce-row-content\" data-vce-element-content=\"true\"><div class=\"vce-col vce-col--md-auto vce-col--xs-1 vce-col--xs-last vce-col--xs-first vce-col--sm-last vce-col--sm-first vce-col--md-last vce-col--lg-last vce-col--xl-last vce-col--md-first vce-col--lg-first vce-col--xl-first\" id=\"el-657ca596\"><div class=\"vce-col-inner\" data-vce-do-apply=\"border margin background  el-657ca596\"><div class=\"vce-col-content\" data-vce-element-content=\"true\" data-vce-do-apply=\"padding el-657ca596\"><div class=\"vce vce-separator-with-icon-container vce-separator-with-icon--align-center\" id=\"el-1ffb23d6\" data-vce-do-apply=\"margin el-1ffb23d6\"><div class=\"vce-separator-with-icon vce-separator-with-icon--color-bfc0c1 vce-separator-with-icon--width-60\" data-vce-do-apply=\"border padding background  el-1ffb23d6\"><div class=\"vce-separator-with-icon--line vce-separator-with-icon--line--style-solid vce-separator-with-icon-line--thickness-1 vce-separator-with-icon--line-left\"><\/div><div class=\"vce-separator-with-icon--icon vce-icon vce-separator-with-icon--icon--style-shape-none vce-separator-with-icon--icon--style-size-medium vce-separator-with-icon--icon--style-color-ff2b3c vce-separator-with-icon--icon--style-shape-color-3cb878\"><svg xmlns=\"https:\/\/www.w3.org\/2000\/svg\" viewBox=\"0 0 769 769\"><path stroke-width=\"40\" d=\"M565.755 696.27h-360l-180-311.77 180-311.77h360l180 311.77z\"><\/path><\/svg><span class=\"vce-icon-container vcv-ui-icon-material vcv-ui-icon-material-room\"><\/span><\/div><div class=\"vce-separator-with-icon--line vce-separator-with-icon--line--style-solid vce-separator-with-icon-line--thickness-1 vce-separator-with-icon--line-right\"><\/div><\/div><\/div><\/div><\/div><\/div><\/div><\/div><\/div>\n","protected":false},"excerpt":{"rendered":"<p>Agenda cultural anual de SucreSi requiera informaci\u00f3n sobre actividades adicionales durante el a\u00f1o, consulte las Noticias en la p\u00e1gina Inicio o contacte el hotel.Anterior PaginaSiguiente Pagina<\/p>\n","protected":false},"author":1,"featured_media":0,"parent":9,"menu_order":0,"comment_status":"closed","ping_status":"closed","template":"","meta":{"footnotes":""},"class_list":["post-3941","page","type-page","status-publish","hentry"],"yoast_head":"<!-- This site is optimized with the Yoast SEO plugin v27.5 - https:\/\/yoast.com\/product\/yoast-seo-wordpress\/ -->\n<title>Agenda Cultural, Festivo, Religioso y tur\u00edstico de Sucre, Bolivia<\/title>\n<meta name=\"robots\" content=\"index, follow, max-snippet:-1, max-image-preview:large, max-video-preview:-1\" \/>\n<link rel=\"canonical\" href=\"https:\/\/villaantiguahotel.com\/?page_id=3941\" \/>\n<meta property=\"og:locale\" content=\"es_ES\" \/>\n<meta property=\"og:type\" content=\"article\" \/>\n<meta property=\"og:title\" content=\"Agenda Cultural, Festivo, Religioso y tur\u00edstico de Sucre, Bolivia\" \/>\n<meta property=\"og:description\" content=\"Agenda cultural anual de SucreSi requiera informaci\u00f3n sobre actividades adicionales durante el a\u00f1o, consulte las Noticias en la p\u00e1gina Inicio o contacte el hotel.Anterior PaginaSiguiente Pagina\" \/>\n<meta property=\"og:url\" content=\"https:\/\/villaantiguahotel.com\/?page_id=3941\" \/>\n<meta property=\"og:site_name\" content=\"Hotel Villa Antigua\" \/>\n<meta property=\"article:publisher\" content=\"https:\/\/www.facebook.com\/Hotel-Villa-Antigua-in-Sucre-Bolivia-136777549722346\/\" \/>\n<meta property=\"article:modified_time\" content=\"2021-01-27T20:33:38+00:00\" \/>\n<meta name=\"twitter:card\" content=\"summary_large_image\" \/>\n<script type=\"application\/ld+json\" class=\"yoast-schema-graph\">{\"@context\":\"https:\\\/\\\/schema.org\",\"@graph\":[{\"@type\":\"WebPage\",\"@id\":\"https:\\\/\\\/villaantiguahotel.com\\\/?page_id=3941\",\"url\":\"https:\\\/\\\/villaantiguahotel.com\\\/?page_id=3941\",\"name\":\"Agenda Cultural, Festivo, Religioso y tur\u00edstico de Sucre, Bolivia\",\"isPartOf\":{\"@id\":\"https:\\\/\\\/villaantiguahotel.com\\\/#website\"},\"datePublished\":\"2019-08-16T14:56:39+00:00\",\"dateModified\":\"2021-01-27T20:33:38+00:00\",\"breadcrumb\":{\"@id\":\"https:\\\/\\\/villaantiguahotel.com\\\/?page_id=3941#breadcrumb\"},\"inLanguage\":\"es\",\"potentialAction\":[{\"@type\":\"ReadAction\",\"target\":[\"https:\\\/\\\/villaantiguahotel.com\\\/?page_id=3941\"]}]},{\"@type\":\"BreadcrumbList\",\"@id\":\"https:\\\/\\\/villaantiguahotel.com\\\/?page_id=3941#breadcrumb\",\"itemListElement\":[{\"@type\":\"ListItem\",\"position\":1,\"name\":\"Portada\",\"item\":\"https:\\\/\\\/villaantiguahotel.com\\\/\"},{\"@type\":\"ListItem\",\"position\":2,\"name\":\"Sucre\",\"item\":\"https:\\\/\\\/villaantiguahotel.com\\\/?page_id=9\"},{\"@type\":\"ListItem\",\"position\":3,\"name\":\"Agenda Cultural de Sucre, Bolivia\"}]},{\"@type\":\"WebSite\",\"@id\":\"https:\\\/\\\/villaantiguahotel.com\\\/#website\",\"url\":\"https:\\\/\\\/villaantiguahotel.com\\\/\",\"name\":\"Hotel Boutique Villa Antigua - Sucre, Patrimonio Cultural de la Humanidad\",\"description\":\"\",\"publisher\":{\"@id\":\"https:\\\/\\\/villaantiguahotel.com\\\/#organization\"},\"potentialAction\":[{\"@type\":\"SearchAction\",\"target\":{\"@type\":\"EntryPoint\",\"urlTemplate\":\"https:\\\/\\\/villaantiguahotel.com\\\/?s={search_term_string}\"},\"query-input\":{\"@type\":\"PropertyValueSpecification\",\"valueRequired\":true,\"valueName\":\"search_term_string\"}}],\"inLanguage\":\"es\"},{\"@type\":\"Organization\",\"@id\":\"https:\\\/\\\/villaantiguahotel.com\\\/#organization\",\"name\":\"Hotel Villa Antigua\",\"url\":\"https:\\\/\\\/villaantiguahotel.com\\\/\",\"logo\":{\"@type\":\"ImageObject\",\"inLanguage\":\"es\",\"@id\":\"https:\\\/\\\/villaantiguahotel.com\\\/#\\\/schema\\\/logo\\\/image\\\/\",\"url\":\"https:\\\/\\\/villaantiguahotel.com\\\/wp-content\\\/uploads\\\/2019\\\/03\\\/logo.jpg\",\"contentUrl\":\"https:\\\/\\\/villaantiguahotel.com\\\/wp-content\\\/uploads\\\/2019\\\/03\\\/logo.jpg\",\"width\":240,\"height\":229,\"caption\":\"Hotel Villa Antigua\"},\"image\":{\"@id\":\"https:\\\/\\\/villaantiguahotel.com\\\/#\\\/schema\\\/logo\\\/image\\\/\"},\"sameAs\":[\"https:\\\/\\\/www.facebook.com\\\/Hotel-Villa-Antigua-in-Sucre-Bolivia-136777549722346\\\/\",\"https:\\\/\\\/www.linkedin.com\\\/in\\\/hotel-villa-antigua-villa-6946686b\\\/\"]}]}<\/script>\n<!-- \/ Yoast SEO plugin. -->","yoast_head_json":{"title":"Agenda Cultural, Festivo, Religioso y tur\u00edstico de Sucre, Bolivia","robots":{"index":"index","follow":"follow","max-snippet":"max-snippet:-1","max-image-preview":"max-image-preview:large","max-video-preview":"max-video-preview:-1"},"canonical":"https:\/\/villaantiguahotel.com\/?page_id=3941","og_locale":"es_ES","og_type":"article","og_title":"Agenda Cultural, Festivo, Religioso y tur\u00edstico de Sucre, Bolivia","og_description":"Agenda cultural anual de SucreSi requiera informaci\u00f3n sobre actividades adicionales durante el a\u00f1o, consulte las Noticias en la p\u00e1gina Inicio o contacte el hotel.Anterior PaginaSiguiente Pagina","og_url":"https:\/\/villaantiguahotel.com\/?page_id=3941","og_site_name":"Hotel Villa Antigua","article_publisher":"https:\/\/www.facebook.com\/Hotel-Villa-Antigua-in-Sucre-Bolivia-136777549722346\/","article_modified_time":"2021-01-27T20:33:38+00:00","twitter_card":"summary_large_image","schema":{"@context":"https:\/\/schema.org","@graph":[{"@type":"WebPage","@id":"https:\/\/villaantiguahotel.com\/?page_id=3941","url":"https:\/\/villaantiguahotel.com\/?page_id=3941","name":"Agenda Cultural, Festivo, Religioso y tur\u00edstico de Sucre, Bolivia","isPartOf":{"@id":"https:\/\/villaantiguahotel.com\/#website"},"datePublished":"2019-08-16T14:56:39+00:00","dateModified":"2021-01-27T20:33:38+00:00","breadcrumb":{"@id":"https:\/\/villaantiguahotel.com\/?page_id=3941#breadcrumb"},"inLanguage":"es","potentialAction":[{"@type":"ReadAction","target":["https:\/\/villaantiguahotel.com\/?page_id=3941"]}]},{"@type":"BreadcrumbList","@id":"https:\/\/villaantiguahotel.com\/?page_id=3941#breadcrumb","itemListElement":[{"@type":"ListItem","position":1,"name":"Portada","item":"https:\/\/villaantiguahotel.com\/"},{"@type":"ListItem","position":2,"name":"Sucre","item":"https:\/\/villaantiguahotel.com\/?page_id=9"},{"@type":"ListItem","position":3,"name":"Agenda Cultural de Sucre, Bolivia"}]},{"@type":"WebSite","@id":"https:\/\/villaantiguahotel.com\/#website","url":"https:\/\/villaantiguahotel.com\/","name":"Hotel Boutique Villa Antigua - Sucre, Patrimonio Cultural de la Humanidad","description":"","publisher":{"@id":"https:\/\/villaantiguahotel.com\/#organization"},"potentialAction":[{"@type":"SearchAction","target":{"@type":"EntryPoint","urlTemplate":"https:\/\/villaantiguahotel.com\/?s={search_term_string}"},"query-input":{"@type":"PropertyValueSpecification","valueRequired":true,"valueName":"search_term_string"}}],"inLanguage":"es"},{"@type":"Organization","@id":"https:\/\/villaantiguahotel.com\/#organization","name":"Hotel Villa Antigua","url":"https:\/\/villaantiguahotel.com\/","logo":{"@type":"ImageObject","inLanguage":"es","@id":"https:\/\/villaantiguahotel.com\/#\/schema\/logo\/image\/","url":"https:\/\/villaantiguahotel.com\/wp-content\/uploads\/2019\/03\/logo.jpg","contentUrl":"https:\/\/villaantiguahotel.com\/wp-content\/uploads\/2019\/03\/logo.jpg","width":240,"height":229,"caption":"Hotel Villa Antigua"},"image":{"@id":"https:\/\/villaantiguahotel.com\/#\/schema\/logo\/image\/"},"sameAs":["https:\/\/www.facebook.com\/Hotel-Villa-Antigua-in-Sucre-Bolivia-136777549722346\/","https:\/\/www.linkedin.com\/in\/hotel-villa-antigua-villa-6946686b\/"]}]}},"_links":{"self":[{"href":"https:\/\/villaantiguahotel.com\/index.php?rest_route=\/wp\/v2\/pages\/3941","targetHints":{"allow":["GET"]}}],"collection":[{"href":"https:\/\/villaantiguahotel.com\/index.php?rest_route=\/wp\/v2\/pages"}],"about":[{"href":"https:\/\/villaantiguahotel.com\/index.php?rest_route=\/wp\/v2\/types\/page"}],"author":[{"embeddable":true,"href":"https:\/\/villaantiguahotel.com\/index.php?rest_route=\/wp\/v2\/users\/1"}],"replies":[{"embeddable":true,"href":"https:\/\/villaantiguahotel.com\/index.php?rest_route=%2Fwp%2Fv2%2Fcomments&post=3941"}],"version-history":[{"count":0,"href":"https:\/\/villaantiguahotel.com\/index.php?rest_route=\/wp\/v2\/pages\/3941\/revisions"}],"up":[{"embeddable":true,"href":"https:\/\/villaantiguahotel.com\/index.php?rest_route=\/wp\/v2\/pages\/9"}],"wp:attachment":[{"href":"https:\/\/villaantiguahotel.com\/index.php?rest_route=%2Fwp%2Fv2%2Fmedia&parent=3941"}],"curies":[{"name":"wp","href":"https:\/\/api.w.org\/{rel}","templated":true}]}}