{"id":4248,"date":"2020-03-09T13:18:03","date_gmt":"2020-03-09T13:18:03","guid":{"rendered":"https:\/\/villaantiguahotel.com\/?page_id=4248"},"modified":"2020-03-09T13:32:33","modified_gmt":"2020-03-09T13:32:33","slug":"programa-semana-santa-en-sucre-bolivia","status":"publish","type":"page","link":"https:\/\/villaantiguahotel.com\/?page_id=4248","title":{"rendered":"Programa Semana Santa en Sucre, Bolivia"},"content":{"rendered":"<div class=\"vce-row-container\"><div class=\"vce-row vce-row--col-gap-30 vce-row-columns--top vce-row-content--top\" id=\"el-c88af4b4\" data-vce-do-apply=\"all el-c88af4b4\"><div class=\"vce-content-background-container\"><\/div><div class=\"vce-row-content\" data-vce-element-content=\"true\"><div class=\"vce-col vce-col--md-20p vce-col--xs-1 vce-col--xs-last vce-col--xs-first vce-col--sm-last vce-col--sm-first vce-col--md-first vce-col--lg-first vce-col--xl-first\" id=\"el-b845b172\" data-vce-do-apply=\"background border el-b845b172\"><div class=\"vce-col-inner\" data-vce-element-content=\"true\" data-vce-do-apply=\"padding margin  el-b845b172\"><\/div><\/div><div class=\"vce-col vce-col--md-60p vce-col--xs-1 vce-col--xs-last vce-col--xs-first vce-col--sm-last vce-col--sm-first\" id=\"el-f0340f1f\" data-vce-do-apply=\"background border el-f0340f1f\"><div class=\"vce-content-background-container\"><\/div><div class=\"vce-col-inner\" data-vce-element-content=\"true\" data-vce-do-apply=\"padding margin  el-f0340f1f\"><div class=\"vce-text-block\"><div class=\"vce-text-block-wrapper vce\" id=\"el-9a80e3c3\" data-vce-do-apply=\"all el-9a80e3c3\"><p><img loading=\"lazy\" decoding=\"async\" class=\"alignnone size-full wp-image-4239\" src=\"https:\/\/villaantiguahotel.com\/wp-content\/uploads\/2020\/03\/semana-santa.jpg\" alt=\"\" width=\"840\" height=\"558\" srcset=\"https:\/\/villaantiguahotel.com\/wp-content\/uploads\/2020\/03\/semana-santa.jpg 840w, https:\/\/villaantiguahotel.com\/wp-content\/uploads\/2020\/03\/semana-santa-768x510.jpg 768w\" sizes=\"auto, (max-width: 840px) 100vw, 840px\" \/><\/p><p style=\"text-align: center;\">Sucre propone a los turistas un programa amplio de celebraci\u00f3n de la Semana Santa, con actividades religiosas, culturales y gastron\u00f3micas, comenzando el Domingo de Ramos y concluyendo el Domingo de Resurrecci\u00f3n.<\/p><h3><b>Programa del 4 al 12 de abril 2020<br><\/b><\/h3><p><strong><u>S\u00e1bado 4 de abril<\/u><\/strong><br>Feria artesanal de palmas y flores<br>Lugar: Plaza San Francisco<br>Hora: 9:00 a 16:00<\/p><p style=\"margin: 0cm; margin-bottom: .0001pt;\"><u><strong>Domingo <\/strong><b>de Ramos (5 de abril)<\/b><\/u><\/p><p style=\"margin: 0cm; margin-bottom: .0001pt;\">Procesi\u00f3n <b>Domingo de Ramos<\/b><\/p><p style=\"margin: 0cm; margin-bottom: .0001pt;\">Lugar: Plaza 25 de Mayo<\/p><p style=\"margin: 0cm; margin-bottom: .0001pt;\">Hora: 8:30<\/p><p>&nbsp;<\/p><p style=\"margin: 0cm; margin-bottom: .0001pt;\">Feria <b>de palmas y flores<\/b><\/p><p style=\"margin: 0cm; margin-bottom: .0001pt;\">Lugar: Plaza San Francisco<\/p><p style=\"margin: 0cm; margin-bottom: .0001pt;\">Hora: 9:00 a 16:00<\/p><p>&nbsp;<\/p><p style=\"margin: 0cm; margin-bottom: .0001pt;\"><u><strong>Martes<\/strong> <b>Santo (7 de abril)<\/b><\/u><\/p><p style=\"margin: 0cm; margin-bottom: .0001pt;\">Bendici\u00f3n <b>de los Santos \u00d3leos<\/b><\/p><p style=\"margin: 0cm; margin-bottom: .0001pt;\">Lugar: Catedral Metropolitana<\/p><p style=\"margin: 0cm; margin-bottom: .0001pt;\">Horas: 9:00<\/p><p>&nbsp;<\/p><p style=\"margin: 0cm; margin-bottom: .0001pt;\">Visitas <strong>museos <\/strong><b>extendidas<\/b><\/p><p style=\"margin: 0cm; margin-bottom: .0001pt;\">Lugares: Museo Catedral y Museo Santa Clara<\/p><p style=\"margin: 0cm; margin-bottom: .0001pt;\">Hora: 14:30 a 22:00<\/p><p>&nbsp;<\/p><p style=\"margin: 0cm; margin-bottom: .0001pt;\"><u><strong>Mi\u00e9rcoles <\/strong><b>Santo (8 de abril)<\/b><\/u><\/p><p style=\"margin: 0cm; margin-bottom: .0001pt;\">Feria <b>del Queso y la Manzana<\/b><\/p><p style=\"margin: 0cm; margin-bottom: .0001pt;\">Lugar: Estadio Patria<\/p><p style=\"margin: 0cm; margin-bottom: .0001pt;\">Hora: 9:00 a 17:00<\/p><p>&nbsp;<\/p><p style=\"margin: 0cm; margin-bottom: .0001pt;\">Visitas <b>extendidas<\/b><\/p><p style=\"margin: 0cm; margin-bottom: .0001pt;\">Lugares: Museo Catedral y Museo Santa Clara<\/p><p style=\"margin: 0cm; margin-bottom: .0001pt;\">Hora: 14:30 a 22:00<\/p><p>&nbsp;<\/p><p style=\"margin: 0cm; margin-bottom: .0001pt;\"><u><strong>Jueves <\/strong><b>Santo (9 de abril)<\/b><\/u><\/p><p style=\"margin: 0cm; margin-bottom: .0001pt;\">Proyecci\u00f3n <b>Documental \u201cPascua de Ayoma y San Antonio Bajo\u201d&nbsp;<\/b><\/p><p style=\"margin: 0cm; margin-bottom: .0001pt;\">Rezos de Semana Santa<\/p><p style=\"margin: 0cm; margin-bottom: .0001pt;\">Lugar: MUSEF<\/p><p style=\"margin: 0cm; margin-bottom: .0001pt;\">Horarios: De 9:00 a 12:30 y de 14:30 a 19:00<\/p><p>&nbsp;<\/p><p style=\"margin: 0cm; margin-bottom: .0001pt;\">Festival <b>Goumert \u201cSanto Sabor\u201d<\/b><\/p><p style=\"margin: 0cm; margin-bottom: .0001pt;\">Lugar: Seminario San Crist\u00f3bal<\/p><p style=\"margin: 0cm; margin-bottom: .0001pt;\">Hora: 16:00 a 23:00<\/p><p>&nbsp;<\/p><p style=\"margin: 0cm; margin-bottom: .0001pt;\">Misa <b>de lavado de pies<\/b><\/p><p style=\"margin: 0cm; margin-bottom: .0001pt;\">Lugar: Catedral Metropolitana<\/p><p style=\"margin: 0cm; margin-bottom: .0001pt;\">Hora: 17:00<\/p><p>&nbsp;<\/p><p style=\"margin: 0cm; margin-bottom: .0001pt;\">Inicio <b>de eucarist\u00edas&nbsp;<\/b><\/p><p style=\"margin: 0cm; margin-bottom: .0001pt;\">Lugares: Todos los templos<\/p><p style=\"margin: 0cm; margin-bottom: .0001pt;\">Hora: 19:00<\/p><p>&nbsp;<\/p><p style=\"margin: 0cm; margin-bottom: .0001pt;\">Visita <b>a los templos<\/b><\/p><p style=\"margin: 0cm; margin-bottom: .0001pt;\">Lugar: Templos de la ciudad<\/p><p style=\"margin: 0cm; margin-bottom: .0001pt;\">Hora: A partir de las 20:00<\/p><p>&nbsp;<\/p><p style=\"margin: 0cm; margin-bottom: .0001pt;\">Festival <b>de M\u00fasica Barroca<\/b><\/p><p style=\"margin: 0cm; margin-bottom: .0001pt;\">Lugar: Casa De la Libertad<\/p><p style=\"margin: 0cm; margin-bottom: .0001pt;\">Hora: 19:00<\/p><p>&nbsp;<\/p><p style=\"margin: 0cm; margin-bottom: .0001pt;\">Feria <b>del Queso y la Manzana<\/b><\/p><p style=\"margin: 0cm; margin-bottom: .0001pt;\">Lugar: Estadio Patria<\/p><p style=\"margin: 0cm; margin-bottom: .0001pt;\">Hora: 9:00 a 17:00<\/p><p>&nbsp;<\/p><p style=\"margin: 0cm; margin-bottom: .0001pt;\"><u><strong>Viernes <\/strong><b>Santo (10 de abril)<\/b><\/u><\/p><p style=\"margin: 0cm; margin-bottom: .0001pt;\">Viacrucis <b>al Cerro Churuquella<\/b><\/p><p style=\"margin: 0cm; margin-bottom: .0001pt;\">Lugar: Cerro Churuquella<\/p><p style=\"margin: 0cm; margin-bottom: .0001pt;\">Hora: 6:00<\/p><p>&nbsp;<\/p><p style=\"margin: 0cm; margin-bottom: .0001pt;\">Feria <b>Gastron\u00f3mica<\/b><\/p><p style=\"margin: 0cm; margin-bottom: .0001pt;\">Lugar: Plaza de La Recoleta<\/p><p style=\"margin: 0cm; margin-bottom: .0001pt;\">Hora: 9:00 a 15:00<\/p><p>&nbsp;<\/p><p style=\"margin: 0cm; margin-bottom: .0001pt;\">La <b>pasi\u00f3n de Jes\u00fas Mama<\/b><b>ni<\/b><\/p><p style=\"margin: 0cm; margin-bottom: .0001pt;\">(obra del Teatro de Los Andes)<\/p><p style=\"margin: 0cm; margin-bottom: .0001pt;\">Lugar: Plaza de la Recoleta<\/p><p style=\"margin: 0cm; margin-bottom: .0001pt;\">Hora: 10:00<\/p><p>&nbsp;<\/p><p style=\"margin: 0cm; margin-bottom: .0001pt;\">Adoraci\u00f3n <b>a la Cruz<\/b><\/p><p style=\"margin: 0cm; margin-bottom: .0001pt;\">Lugar: En todos los templos<\/p><p style=\"margin: 0cm; margin-bottom: .0001pt;\">Hora: 15:00<\/p><p>&nbsp;<\/p><p style=\"margin: 0cm; margin-bottom: .0001pt;\">Procesi\u00f3n <b>del Santo Sepulcro<\/b><\/p><p style=\"margin: 0cm; margin-bottom: .0001pt;\">Lugar: Templo de San L\u00e1zaro<\/p><p style=\"margin: 0cm; margin-bottom: .0001pt;\">Hora: 17:00<\/p><p>&nbsp;<\/p><p style=\"margin: 0cm; margin-bottom: .0001pt;\">Procesi\u00f3n <b>del silencio<\/b><\/p><p style=\"margin: 0cm; margin-bottom: .0001pt;\">Lugar: Templo de San Francisco<\/p><p style=\"margin: 0cm; margin-bottom: .0001pt;\">Hora: 20:00<\/p><p>&nbsp;<\/p><p style=\"margin: 0cm; margin-bottom: .0001pt;\">Festival <b>de M\u00fasica Barroca<\/b><\/p><p style=\"margin: 0cm; margin-bottom: .0001pt;\">Obras instrumentales del Barroco<\/p><p style=\"margin: 0cm; margin-bottom: .0001pt;\">Lugar: Casa de la Libertad<\/p><p style=\"margin: 0cm; margin-bottom: .0001pt;\">Hora: 18:30<\/p><p>&nbsp;<\/p><p style=\"margin: 0cm; margin-bottom: .0001pt;\">Arias <b>de \u00d3pera Barroca<\/b><\/p><p style=\"margin: 0cm; margin-bottom: .0001pt;\">(Cantantes solistas con acompa\u00f1amiento instrumental)<\/p><p style=\"margin: 0cm; margin-bottom: .0001pt;\">Lugar: Teatro 3 de Febrero<\/p><p style=\"margin: 0cm; margin-bottom: .0001pt;\">Hora: 20:00<\/p><p>&nbsp;<\/p><p style=\"margin: 0cm; margin-bottom: .0001pt;\"><u><strong>S\u00e1bado <\/strong><b>Santo<\/b> <b>(11 de abril)<\/b><\/u><\/p><p style=\"margin: 0cm; margin-bottom: .0001pt;\">Celebraci\u00f3n <b>de la Vigilia Pascual<\/b><\/p><p style=\"margin: 0cm; margin-bottom: .0001pt;\">Lugar: Catedral Metropolitana<\/p><p style=\"margin: 0cm; margin-bottom: .0001pt;\">Hora: 20:00<\/p><p>&nbsp;<\/p><p style=\"margin: 0cm; margin-bottom: .0001pt;\">Festival <b>de M\u00fasica Barroca<\/b><\/p><p style=\"margin: 0cm; margin-bottom: .0001pt;\">Lugar: Teatro Gran Mariscal<\/p><p style=\"margin: 0cm; margin-bottom: .0001pt;\">Hora: 20:00<\/p><p>&nbsp;<\/p><p style=\"margin: 0cm; margin-bottom: .0001pt;\"><u><strong>Domingo <\/strong><b>de Resurrecci\u00f3n<\/b><\/u><\/p><p style=\"margin: 0cm; margin-bottom: .0001pt;\">(12 <b>de abril)<\/b><\/p><p style=\"margin: 0cm; margin-bottom: .0001pt;\">Misa <b>de Pascua de Resurrecci\u00f3n<\/b><\/p><p style=\"margin: 0cm; margin-bottom: .0001pt;\">Lugar: Catedral Metropolitana<\/p><p style=\"margin: 0cm; margin-bottom: .0001pt;\">Hora: 9:00<\/p><p>&nbsp;<\/p><p style=\"margin: 0cm; margin-bottom: .0001pt;\">Concierto <b>de campanas<\/b><\/p><p style=\"margin: 0cm; margin-bottom: .0001pt;\">Lugar: Todos los templos<\/p><p style=\"margin: 0cm; margin-bottom: .0001pt;\">Hora: 12:00<\/p><\/div><\/div><\/div><\/div><div class=\"vce-col vce-col--md-20p vce-col--xs-1 vce-col--xs-last vce-col--xs-first vce-col--sm-last vce-col--sm-first vce-col--md-last vce-col--lg-last vce-col--xl-last\" id=\"el-146be9a9\" data-vce-do-apply=\"background border el-146be9a9\"><div class=\"vce-col-inner\" data-vce-element-content=\"true\" data-vce-do-apply=\"padding margin  el-146be9a9\"><\/div><\/div><\/div><\/div><\/div>\n","protected":false},"excerpt":{"rendered":"<p>Sucre propone a los turistas un programa amplio de celebraci\u00f3n de la Semana Santa, con actividades religiosas, culturales y gastron\u00f3micas, comenzando el Domingo de Ramos y concluyendo el Domingo de Resurrecci\u00f3n.Programa del 4 al 12 de abril 2020S\u00e1bado 4 de abrilFeria artesanal de palmas y floresLugar: Plaza San FranciscoHora: 9:00 a 16:00Domingo de Ramos (5 [&hellip;]<\/p>\n","protected":false},"author":1,"featured_media":0,"parent":0,"menu_order":0,"comment_status":"closed","ping_status":"closed","template":"","meta":{"footnotes":""},"class_list":["post-4248","page","type-page","status-publish","hentry"],"yoast_head":"<!-- This site is optimized with the Yoast SEO plugin v27.4 - https:\/\/yoast.com\/product\/yoast-seo-wordpress\/ -->\n<title>Programa cultural de la Semana Santa en Sucre, Bolivia<\/title>\n<meta name=\"description\" content=\"El programa de actividades eclesi\u00e1sticas y culturales durante la Semana Santa en Sucre, ciudad colonial y capital de Bolivia. Del 4 al 12 de abril 2020.\" \/>\n<meta name=\"robots\" content=\"index, follow, max-snippet:-1, max-image-preview:large, max-video-preview:-1\" \/>\n<link rel=\"canonical\" href=\"https:\/\/villaantiguahotel.com\/?page_id=4248\" \/>\n<meta property=\"og:locale\" content=\"es_ES\" \/>\n<meta property=\"og:type\" content=\"article\" \/>\n<meta property=\"og:title\" content=\"Programa cultural de la Semana Santa en Sucre, Bolivia\" \/>\n<meta property=\"og:description\" content=\"El programa de actividades eclesi\u00e1sticas y culturales durante la Semana Santa en Sucre, ciudad colonial y capital de Bolivia. Del 4 al 12 de abril 2020.\" \/>\n<meta property=\"og:url\" content=\"https:\/\/villaantiguahotel.com\/?page_id=4248\" \/>\n<meta property=\"og:site_name\" content=\"Hotel Villa Antigua\" \/>\n<meta property=\"article:publisher\" content=\"https:\/\/www.facebook.com\/Hotel-Villa-Antigua-in-Sucre-Bolivia-136777549722346\/\" \/>\n<meta property=\"article:modified_time\" content=\"2020-03-09T13:32:33+00:00\" \/>\n<meta name=\"twitter:card\" content=\"summary_large_image\" \/>\n<meta name=\"twitter:label1\" content=\"Tiempo de lectura\" \/>\n\t<meta name=\"twitter:data1\" content=\"2 minutos\" \/>\n<script type=\"application\/ld+json\" class=\"yoast-schema-graph\">{\"@context\":\"https:\\\/\\\/schema.org\",\"@graph\":[{\"@type\":\"WebPage\",\"@id\":\"https:\\\/\\\/villaantiguahotel.com\\\/?page_id=4248\",\"url\":\"https:\\\/\\\/villaantiguahotel.com\\\/?page_id=4248\",\"name\":\"Programa cultural de la Semana Santa en Sucre, Bolivia\",\"isPartOf\":{\"@id\":\"https:\\\/\\\/villaantiguahotel.com\\\/#website\"},\"datePublished\":\"2020-03-09T13:18:03+00:00\",\"dateModified\":\"2020-03-09T13:32:33+00:00\",\"description\":\"El programa de actividades eclesi\u00e1sticas y culturales durante la Semana Santa en Sucre, ciudad colonial y capital de Bolivia. Del 4 al 12 de abril 2020.\",\"breadcrumb\":{\"@id\":\"https:\\\/\\\/villaantiguahotel.com\\\/?page_id=4248#breadcrumb\"},\"inLanguage\":\"es\",\"potentialAction\":[{\"@type\":\"ReadAction\",\"target\":[\"https:\\\/\\\/villaantiguahotel.com\\\/?page_id=4248\"]}]},{\"@type\":\"BreadcrumbList\",\"@id\":\"https:\\\/\\\/villaantiguahotel.com\\\/?page_id=4248#breadcrumb\",\"itemListElement\":[{\"@type\":\"ListItem\",\"position\":1,\"name\":\"Portada\",\"item\":\"https:\\\/\\\/villaantiguahotel.com\\\/\"},{\"@type\":\"ListItem\",\"position\":2,\"name\":\"Programa Semana Santa en Sucre, Bolivia\"}]},{\"@type\":\"WebSite\",\"@id\":\"https:\\\/\\\/villaantiguahotel.com\\\/#website\",\"url\":\"https:\\\/\\\/villaantiguahotel.com\\\/\",\"name\":\"Hotel Boutique Villa Antigua - Sucre, Patrimonio Cultural de la Humanidad\",\"description\":\"\",\"publisher\":{\"@id\":\"https:\\\/\\\/villaantiguahotel.com\\\/#organization\"},\"potentialAction\":[{\"@type\":\"SearchAction\",\"target\":{\"@type\":\"EntryPoint\",\"urlTemplate\":\"https:\\\/\\\/villaantiguahotel.com\\\/?s={search_term_string}\"},\"query-input\":{\"@type\":\"PropertyValueSpecification\",\"valueRequired\":true,\"valueName\":\"search_term_string\"}}],\"inLanguage\":\"es\"},{\"@type\":\"Organization\",\"@id\":\"https:\\\/\\\/villaantiguahotel.com\\\/#organization\",\"name\":\"Hotel Villa Antigua\",\"url\":\"https:\\\/\\\/villaantiguahotel.com\\\/\",\"logo\":{\"@type\":\"ImageObject\",\"inLanguage\":\"es\",\"@id\":\"https:\\\/\\\/villaantiguahotel.com\\\/#\\\/schema\\\/logo\\\/image\\\/\",\"url\":\"https:\\\/\\\/villaantiguahotel.com\\\/wp-content\\\/uploads\\\/2019\\\/03\\\/logo.jpg\",\"contentUrl\":\"https:\\\/\\\/villaantiguahotel.com\\\/wp-content\\\/uploads\\\/2019\\\/03\\\/logo.jpg\",\"width\":240,\"height\":229,\"caption\":\"Hotel Villa Antigua\"},\"image\":{\"@id\":\"https:\\\/\\\/villaantiguahotel.com\\\/#\\\/schema\\\/logo\\\/image\\\/\"},\"sameAs\":[\"https:\\\/\\\/www.facebook.com\\\/Hotel-Villa-Antigua-in-Sucre-Bolivia-136777549722346\\\/\",\"https:\\\/\\\/www.linkedin.com\\\/in\\\/hotel-villa-antigua-villa-6946686b\\\/\"]}]}<\/script>\n<!-- \/ Yoast SEO plugin. -->","yoast_head_json":{"title":"Programa cultural de la Semana Santa en Sucre, Bolivia","description":"El programa de actividades eclesi\u00e1sticas y culturales durante la Semana Santa en Sucre, ciudad colonial y capital de Bolivia. Del 4 al 12 de abril 2020.","robots":{"index":"index","follow":"follow","max-snippet":"max-snippet:-1","max-image-preview":"max-image-preview:large","max-video-preview":"max-video-preview:-1"},"canonical":"https:\/\/villaantiguahotel.com\/?page_id=4248","og_locale":"es_ES","og_type":"article","og_title":"Programa cultural de la Semana Santa en Sucre, Bolivia","og_description":"El programa de actividades eclesi\u00e1sticas y culturales durante la Semana Santa en Sucre, ciudad colonial y capital de Bolivia. Del 4 al 12 de abril 2020.","og_url":"https:\/\/villaantiguahotel.com\/?page_id=4248","og_site_name":"Hotel Villa Antigua","article_publisher":"https:\/\/www.facebook.com\/Hotel-Villa-Antigua-in-Sucre-Bolivia-136777549722346\/","article_modified_time":"2020-03-09T13:32:33+00:00","twitter_card":"summary_large_image","twitter_misc":{"Tiempo de lectura":"2 minutos"},"schema":{"@context":"https:\/\/schema.org","@graph":[{"@type":"WebPage","@id":"https:\/\/villaantiguahotel.com\/?page_id=4248","url":"https:\/\/villaantiguahotel.com\/?page_id=4248","name":"Programa cultural de la Semana Santa en Sucre, Bolivia","isPartOf":{"@id":"https:\/\/villaantiguahotel.com\/#website"},"datePublished":"2020-03-09T13:18:03+00:00","dateModified":"2020-03-09T13:32:33+00:00","description":"El programa de actividades eclesi\u00e1sticas y culturales durante la Semana Santa en Sucre, ciudad colonial y capital de Bolivia. Del 4 al 12 de abril 2020.","breadcrumb":{"@id":"https:\/\/villaantiguahotel.com\/?page_id=4248#breadcrumb"},"inLanguage":"es","potentialAction":[{"@type":"ReadAction","target":["https:\/\/villaantiguahotel.com\/?page_id=4248"]}]},{"@type":"BreadcrumbList","@id":"https:\/\/villaantiguahotel.com\/?page_id=4248#breadcrumb","itemListElement":[{"@type":"ListItem","position":1,"name":"Portada","item":"https:\/\/villaantiguahotel.com\/"},{"@type":"ListItem","position":2,"name":"Programa Semana Santa en Sucre, Bolivia"}]},{"@type":"WebSite","@id":"https:\/\/villaantiguahotel.com\/#website","url":"https:\/\/villaantiguahotel.com\/","name":"Hotel Boutique Villa Antigua - Sucre, Patrimonio Cultural de la Humanidad","description":"","publisher":{"@id":"https:\/\/villaantiguahotel.com\/#organization"},"potentialAction":[{"@type":"SearchAction","target":{"@type":"EntryPoint","urlTemplate":"https:\/\/villaantiguahotel.com\/?s={search_term_string}"},"query-input":{"@type":"PropertyValueSpecification","valueRequired":true,"valueName":"search_term_string"}}],"inLanguage":"es"},{"@type":"Organization","@id":"https:\/\/villaantiguahotel.com\/#organization","name":"Hotel Villa Antigua","url":"https:\/\/villaantiguahotel.com\/","logo":{"@type":"ImageObject","inLanguage":"es","@id":"https:\/\/villaantiguahotel.com\/#\/schema\/logo\/image\/","url":"https:\/\/villaantiguahotel.com\/wp-content\/uploads\/2019\/03\/logo.jpg","contentUrl":"https:\/\/villaantiguahotel.com\/wp-content\/uploads\/2019\/03\/logo.jpg","width":240,"height":229,"caption":"Hotel Villa Antigua"},"image":{"@id":"https:\/\/villaantiguahotel.com\/#\/schema\/logo\/image\/"},"sameAs":["https:\/\/www.facebook.com\/Hotel-Villa-Antigua-in-Sucre-Bolivia-136777549722346\/","https:\/\/www.linkedin.com\/in\/hotel-villa-antigua-villa-6946686b\/"]}]}},"_links":{"self":[{"href":"https:\/\/villaantiguahotel.com\/index.php?rest_route=\/wp\/v2\/pages\/4248","targetHints":{"allow":["GET"]}}],"collection":[{"href":"https:\/\/villaantiguahotel.com\/index.php?rest_route=\/wp\/v2\/pages"}],"about":[{"href":"https:\/\/villaantiguahotel.com\/index.php?rest_route=\/wp\/v2\/types\/page"}],"author":[{"embeddable":true,"href":"https:\/\/villaantiguahotel.com\/index.php?rest_route=\/wp\/v2\/users\/1"}],"replies":[{"embeddable":true,"href":"https:\/\/villaantiguahotel.com\/index.php?rest_route=%2Fwp%2Fv2%2Fcomments&post=4248"}],"version-history":[{"count":0,"href":"https:\/\/villaantiguahotel.com\/index.php?rest_route=\/wp\/v2\/pages\/4248\/revisions"}],"wp:attachment":[{"href":"https:\/\/villaantiguahotel.com\/index.php?rest_route=%2Fwp%2Fv2%2Fmedia&parent=4248"}],"curies":[{"name":"wp","href":"https:\/\/api.w.org\/{rel}","templated":true}]}}