{"id":436,"date":"2018-11-17T14:01:46","date_gmt":"2018-11-17T14:01:46","guid":{"rendered":"https:\/\/villaantiguahotel.com\/?page_id=436"},"modified":"2019-02-04T14:54:26","modified_gmt":"2019-02-04T14:54:26","slug":"departamento","status":"publish","type":"page","link":"https:\/\/villaantiguahotel.com\/?page_id=436","title":{"rendered":"Departamento"},"content":{"rendered":"<div class=\"vce-row-container\"><div class=\"vce-row vce-row--col-gap-30 bg-submenu vce-row-columns--top vce-row-content--top\" id=\"el-8389b164\" data-vce-do-apply=\"all el-8389b164\"><div class=\"vce-row-content\" data-vce-element-content=\"true\"><div class=\"vce-col vce-col--md-100p vce-col--xs-1 vce-col--xs-last vce-col--xs-first vce-col--sm-last vce-col--sm-first vce-col--md-last vce-col--lg-last vce-col--xl-last vce-col--md-first vce-col--lg-first vce-col--xl-first\" id=\"el-ff6fdbb6\" data-vce-do-apply=\"background border el-ff6fdbb6\"><div class=\"vce-col-inner\" data-vce-element-content=\"true\" data-vce-do-apply=\"padding margin  el-ff6fdbb6\"><div class=\"vce-widgets-container\" id=\"submenu-habitaciones\"><div class=\"vce vce-widgets-wrapper\" id=\"el-c518b452\" data-vce-do-apply=\"all el-c518b452\"><div class=\"menu-submenu-habitaciones-container\"><ul id=\"menu-submenu-habitaciones\" class=\"menu\"><li id=\"menu-item-726\" class=\"menu-item menu-item-type-post_type menu-item-object-page menu-item-726\"><a href=\"https:\/\/villaantiguahotel.com\/?page_id=426\">Individual<\/a><\/li>\n<li id=\"menu-item-725\" class=\"menu-item menu-item-type-post_type menu-item-object-page menu-item-725\"><a href=\"https:\/\/villaantiguahotel.com\/?page_id=428\">Matrimonial<\/a><\/li>\n<li id=\"menu-item-724\" class=\"menu-item menu-item-type-post_type menu-item-object-page menu-item-724\"><a href=\"https:\/\/villaantiguahotel.com\/?page_id=430\">Doble \/ twin<\/a><\/li>\n<li id=\"menu-item-722\" class=\"menu-item menu-item-type-post_type menu-item-object-page menu-item-722\"><a href=\"https:\/\/villaantiguahotel.com\/?page_id=434\">Triple<\/a><\/li>\n<li id=\"menu-item-723\" class=\"menu-item menu-item-type-post_type menu-item-object-page menu-item-723\"><a href=\"https:\/\/villaantiguahotel.com\/?page_id=432\">Suite Junior<\/a><\/li>\n<li id=\"menu-item-720\" class=\"menu-item menu-item-type-post_type menu-item-object-page menu-item-720\"><a href=\"https:\/\/villaantiguahotel.com\/?page_id=438\">Suite Master<\/a><\/li>\n<li id=\"menu-item-721\" class=\"menu-item menu-item-type-post_type menu-item-object-page menu-item-721\"><a href=\"https:\/\/villaantiguahotel.com\/?page_id=436\">Departamento<\/a><\/li>\n<\/ul><\/div><\/div><\/div><\/div><\/div><\/div><\/div><\/div><div class=\"vce-row-container\"><div class=\"vce-row vce-row--col-gap-30 vce-row-columns--top vce-row-content--top\" id=\"el-81f102b3\" data-vce-do-apply=\"all el-81f102b3\"><div class=\"vce-row-content\" data-vce-element-content=\"true\"><div class=\"vce-col vce-col--md-100p vce-col--xs-1 vce-col--xs-last vce-col--xs-first vce-col--sm-last vce-col--sm-first vce-col--md-last vce-col--lg-last vce-col--xl-last vce-col--md-first vce-col--lg-first vce-col--xl-first\" id=\"el-3096cac7\" data-vce-do-apply=\"background border el-3096cac7\"><div class=\"vce-col-inner\" id=\"slider\" data-vce-element-content=\"true\" data-vce-do-apply=\"padding margin  el-3096cac7\"><div class=\"vce-widgets-container\"><div class=\"vce vce-widgets-wrapper\" id=\"el-7910fea1\" data-vce-do-apply=\"all el-7910fea1\"><\/div><\/div><\/div><\/div><\/div><\/div><\/div><div class=\"vce-row-container\"><div class=\"vce-row vce-row--col-gap-30 vce-row-columns--top vce-row-content--top\" id=\"el-75ca62ad\" data-vce-do-apply=\"all el-75ca62ad\"><div class=\"vce-content-background-container\"><\/div><div class=\"vce-row-content\" data-vce-element-content=\"true\"><div class=\"vce-col vce-col--xs-hide vce-col--xs-first vce-col--sm-hide vce-col--sm-first vce-col--md-10p vce-col--md-visible vce-col--md-first vce-col--lg-15p vce-col--lg-visible vce-col--lg-first vce-col--xl-15p vce-col--xl-visible vce-col--xl-first\" id=\"el-162bd082\" data-vce-do-apply=\"background border el-162bd082\"><div class=\"vce-col-inner\" data-vce-element-content=\"true\" data-vce-do-apply=\"padding margin  el-162bd082\"><\/div><\/div><div class=\"vce-col vce-col--xs-100p vce-col--xs-visible vce-col--xs-last vce-col--sm-100p vce-col--sm-visible vce-col--sm-last vce-col--md-80p vce-col--md-visible vce-col--lg-70p vce-col--lg-visible vce-col--xl-70p vce-col--xl-visible\" id=\"el-36d71311\" data-vce-do-apply=\"background border el-36d71311\"><div class=\"vce-col-inner\" data-vce-element-content=\"true\" data-vce-do-apply=\"padding margin  el-36d71311\"><div class=\"vce-text-block text-center\"><div class=\"vce-text-block-wrapper vce\" id=\"el-64394fbe\" data-vce-do-apply=\"all el-64394fbe\" data-vce-animate=\"vce-o-animate--fadeInUp\"><h4 class=\"title\">Departamento<\/h4><\/div><\/div><div class=\"vce-row-container\"><div class=\"vce-row vce-row--col-gap-30 my-1 vce-row-columns--top vce-row-content--top\" id=\"el-95e0a831\" data-vce-do-apply=\"all el-95e0a831\"><div class=\"vce-row-content\" data-vce-element-content=\"true\"><div class=\"vce-col vce-col--md-60p vce-col--xs-1 vce-col--xs-last vce-col--xs-first vce-col--sm-last vce-col--sm-first vce-col--md-first vce-col--lg-first vce-col--xl-first\" id=\"el-03303d36\" data-vce-do-apply=\"background border el-03303d36\"><div class=\"vce-col-inner\" data-vce-element-content=\"true\" data-vce-do-apply=\"padding margin  el-03303d36\"><div class=\"vce-text-block\"><div class=\"vce-text-block-wrapper vce\" id=\"el-e783bcf1\" data-vce-do-apply=\"all el-e783bcf1\" data-vce-animate=\"vce-o-animate--fadeInUp\"><p>El departamento es ideal para los pasajeros que deseen mayor independencia o con estad\u00edas m\u00e1s prolongadas, ya que dispone de una cocineta equipada. Tiene una terraza privada, un \u00e1rea de comedor y de living.<\/p><p>La cama es de tama\u00f1o queen y adem\u00e1s hay una sofacama de dos plazas. La habitaci\u00f3n cuenta <a href=\"https:\/\/villaantiguahotel.com\/habitaciones#detalles\">con todos los detalles generales<\/a>.<\/p><p>Es posible poner una cuna adicional. Ni\u00f1os acompa\u00f1ados menores a 5 a\u00f1os no pagan.<\/p><\/div><\/div><\/div><\/div><div class=\"vce-col vce-col--md-40p vce-col--xs-1 vce-col--xs-last vce-col--xs-first vce-col--sm-last vce-col--sm-first vce-col--md-last vce-col--lg-last vce-col--xl-last text-justify\" id=\"el-ce64ab40\" data-vce-do-apply=\"background border el-ce64ab40\"><div class=\"vce-col-inner\" data-vce-element-content=\"true\" data-vce-do-apply=\"padding margin  el-ce64ab40\"><div class=\"vce-text-block\"><div class=\"vce-text-block-wrapper vce\" id=\"el-c711dc9a\" data-vce-do-apply=\"all el-c711dc9a\" data-vce-animate=\"vce-o-animate--fadeInUp\"><h6>Datos de la habitaci\u00f3n<\/h6><p>N\u00famero de personas: 2<br>Largo de la cama: 2 mts<br>Tama\u00f1o de la habitaci\u00f3n: 45 m<sup>2<\/sup><\/p><\/div><\/div><\/div><\/div><\/div><\/div><\/div><\/div><\/div><div class=\"vce-col vce-col--xs-hide vce-col--xs-first vce-col--sm-hide vce-col--sm-first vce-col--md-10p vce-col--md-visible vce-col--md-last vce-col--lg-15p vce-col--lg-visible vce-col--lg-last vce-col--xl-15p vce-col--xl-visible vce-col--xl-last\" id=\"el-abf934ac\" data-vce-do-apply=\"background border el-abf934ac\"><div class=\"vce-col-inner\" data-vce-element-content=\"true\" data-vce-do-apply=\"padding margin  el-abf934ac\"><\/div><\/div><\/div><\/div><\/div>\n","protected":false},"excerpt":{"rendered":"<p>DepartamentoEl departamento es ideal para los pasajeros que deseen mayor independencia o con estad\u00edas m\u00e1s prolongadas, ya que dispone de una cocineta equipada. Tiene una terraza privada, un \u00e1rea de comedor y de living.La cama es de tama\u00f1o queen y adem\u00e1s hay una sofacama de dos plazas. La habitaci\u00f3n cuenta con todos los detalles generales.Es [&hellip;]<\/p>\n","protected":false},"author":1,"featured_media":0,"parent":34,"menu_order":0,"comment_status":"closed","ping_status":"closed","template":"","meta":{"footnotes":""},"class_list":["post-436","page","type-page","status-publish","hentry"],"yoast_head":"<!-- This site is optimized with the Yoast SEO plugin v27.4 - https:\/\/yoast.com\/product\/yoast-seo-wordpress\/ -->\n<title>Departamento - Hotel Villa Antigua<\/title>\n<meta name=\"robots\" content=\"index, follow, max-snippet:-1, max-image-preview:large, max-video-preview:-1\" \/>\n<link rel=\"canonical\" href=\"https:\/\/villaantiguahotel.com\/?page_id=436\" \/>\n<meta property=\"og:locale\" content=\"es_ES\" \/>\n<meta property=\"og:type\" content=\"article\" \/>\n<meta property=\"og:title\" content=\"Departamento - Hotel Villa Antigua\" \/>\n<meta property=\"og:description\" content=\"DepartamentoEl departamento es ideal para los pasajeros que deseen mayor independencia o con estad\u00edas m\u00e1s prolongadas, ya que dispone de una cocineta equipada. Tiene una terraza privada, un \u00e1rea de comedor y de living.La cama es de tama\u00f1o queen y adem\u00e1s hay una sofacama de dos plazas. La habitaci\u00f3n cuenta con todos los detalles generales.Es [&hellip;]\" \/>\n<meta property=\"og:url\" content=\"https:\/\/villaantiguahotel.com\/?page_id=436\" \/>\n<meta property=\"og:site_name\" content=\"Hotel Villa Antigua\" \/>\n<meta property=\"article:publisher\" content=\"https:\/\/www.facebook.com\/Hotel-Villa-Antigua-in-Sucre-Bolivia-136777549722346\/\" \/>\n<meta property=\"article:modified_time\" content=\"2019-02-04T14:54:26+00:00\" \/>\n<meta name=\"twitter:card\" content=\"summary_large_image\" \/>\n<meta name=\"twitter:label1\" content=\"Tiempo de lectura\" \/>\n\t<meta name=\"twitter:data1\" content=\"1 minuto\" \/>\n<script type=\"application\/ld+json\" class=\"yoast-schema-graph\">{\"@context\":\"https:\\\/\\\/schema.org\",\"@graph\":[{\"@type\":\"WebPage\",\"@id\":\"https:\\\/\\\/villaantiguahotel.com\\\/?page_id=436\",\"url\":\"https:\\\/\\\/villaantiguahotel.com\\\/?page_id=436\",\"name\":\"Departamento - Hotel Villa Antigua\",\"isPartOf\":{\"@id\":\"https:\\\/\\\/villaantiguahotel.com\\\/#website\"},\"datePublished\":\"2018-11-17T14:01:46+00:00\",\"dateModified\":\"2019-02-04T14:54:26+00:00\",\"breadcrumb\":{\"@id\":\"https:\\\/\\\/villaantiguahotel.com\\\/?page_id=436#breadcrumb\"},\"inLanguage\":\"es\",\"potentialAction\":[{\"@type\":\"ReadAction\",\"target\":[\"https:\\\/\\\/villaantiguahotel.com\\\/?page_id=436\"]}]},{\"@type\":\"BreadcrumbList\",\"@id\":\"https:\\\/\\\/villaantiguahotel.com\\\/?page_id=436#breadcrumb\",\"itemListElement\":[{\"@type\":\"ListItem\",\"position\":1,\"name\":\"Portada\",\"item\":\"https:\\\/\\\/villaantiguahotel.com\\\/\"},{\"@type\":\"ListItem\",\"position\":2,\"name\":\"Hotel Boutique\",\"item\":\"https:\\\/\\\/villaantiguahotel.com\\\/?page_id=32\"},{\"@type\":\"ListItem\",\"position\":3,\"name\":\"Habitaciones\",\"item\":\"https:\\\/\\\/villaantiguahotel.com\\\/?page_id=34\"},{\"@type\":\"ListItem\",\"position\":4,\"name\":\"Departamento\"}]},{\"@type\":\"WebSite\",\"@id\":\"https:\\\/\\\/villaantiguahotel.com\\\/#website\",\"url\":\"https:\\\/\\\/villaantiguahotel.com\\\/\",\"name\":\"Hotel Boutique Villa Antigua - Sucre, Patrimonio Cultural de la Humanidad\",\"description\":\"\",\"publisher\":{\"@id\":\"https:\\\/\\\/villaantiguahotel.com\\\/#organization\"},\"potentialAction\":[{\"@type\":\"SearchAction\",\"target\":{\"@type\":\"EntryPoint\",\"urlTemplate\":\"https:\\\/\\\/villaantiguahotel.com\\\/?s={search_term_string}\"},\"query-input\":{\"@type\":\"PropertyValueSpecification\",\"valueRequired\":true,\"valueName\":\"search_term_string\"}}],\"inLanguage\":\"es\"},{\"@type\":\"Organization\",\"@id\":\"https:\\\/\\\/villaantiguahotel.com\\\/#organization\",\"name\":\"Hotel Villa Antigua\",\"url\":\"https:\\\/\\\/villaantiguahotel.com\\\/\",\"logo\":{\"@type\":\"ImageObject\",\"inLanguage\":\"es\",\"@id\":\"https:\\\/\\\/villaantiguahotel.com\\\/#\\\/schema\\\/logo\\\/image\\\/\",\"url\":\"https:\\\/\\\/villaantiguahotel.com\\\/wp-content\\\/uploads\\\/2019\\\/03\\\/logo.jpg\",\"contentUrl\":\"https:\\\/\\\/villaantiguahotel.com\\\/wp-content\\\/uploads\\\/2019\\\/03\\\/logo.jpg\",\"width\":240,\"height\":229,\"caption\":\"Hotel Villa Antigua\"},\"image\":{\"@id\":\"https:\\\/\\\/villaantiguahotel.com\\\/#\\\/schema\\\/logo\\\/image\\\/\"},\"sameAs\":[\"https:\\\/\\\/www.facebook.com\\\/Hotel-Villa-Antigua-in-Sucre-Bolivia-136777549722346\\\/\",\"https:\\\/\\\/www.linkedin.com\\\/in\\\/hotel-villa-antigua-villa-6946686b\\\/\"]}]}<\/script>\n<!-- \/ Yoast SEO plugin. -->","yoast_head_json":{"title":"Departamento - Hotel Villa Antigua","robots":{"index":"index","follow":"follow","max-snippet":"max-snippet:-1","max-image-preview":"max-image-preview:large","max-video-preview":"max-video-preview:-1"},"canonical":"https:\/\/villaantiguahotel.com\/?page_id=436","og_locale":"es_ES","og_type":"article","og_title":"Departamento - Hotel Villa Antigua","og_description":"DepartamentoEl departamento es ideal para los pasajeros que deseen mayor independencia o con estad\u00edas m\u00e1s prolongadas, ya que dispone de una cocineta equipada. Tiene una terraza privada, un \u00e1rea de comedor y de living.La cama es de tama\u00f1o queen y adem\u00e1s hay una sofacama de dos plazas. La habitaci\u00f3n cuenta con todos los detalles generales.Es [&hellip;]","og_url":"https:\/\/villaantiguahotel.com\/?page_id=436","og_site_name":"Hotel Villa Antigua","article_publisher":"https:\/\/www.facebook.com\/Hotel-Villa-Antigua-in-Sucre-Bolivia-136777549722346\/","article_modified_time":"2019-02-04T14:54:26+00:00","twitter_card":"summary_large_image","twitter_misc":{"Tiempo de lectura":"1 minuto"},"schema":{"@context":"https:\/\/schema.org","@graph":[{"@type":"WebPage","@id":"https:\/\/villaantiguahotel.com\/?page_id=436","url":"https:\/\/villaantiguahotel.com\/?page_id=436","name":"Departamento - Hotel Villa Antigua","isPartOf":{"@id":"https:\/\/villaantiguahotel.com\/#website"},"datePublished":"2018-11-17T14:01:46+00:00","dateModified":"2019-02-04T14:54:26+00:00","breadcrumb":{"@id":"https:\/\/villaantiguahotel.com\/?page_id=436#breadcrumb"},"inLanguage":"es","potentialAction":[{"@type":"ReadAction","target":["https:\/\/villaantiguahotel.com\/?page_id=436"]}]},{"@type":"BreadcrumbList","@id":"https:\/\/villaantiguahotel.com\/?page_id=436#breadcrumb","itemListElement":[{"@type":"ListItem","position":1,"name":"Portada","item":"https:\/\/villaantiguahotel.com\/"},{"@type":"ListItem","position":2,"name":"Hotel Boutique","item":"https:\/\/villaantiguahotel.com\/?page_id=32"},{"@type":"ListItem","position":3,"name":"Habitaciones","item":"https:\/\/villaantiguahotel.com\/?page_id=34"},{"@type":"ListItem","position":4,"name":"Departamento"}]},{"@type":"WebSite","@id":"https:\/\/villaantiguahotel.com\/#website","url":"https:\/\/villaantiguahotel.com\/","name":"Hotel Boutique Villa Antigua - Sucre, Patrimonio Cultural de la Humanidad","description":"","publisher":{"@id":"https:\/\/villaantiguahotel.com\/#organization"},"potentialAction":[{"@type":"SearchAction","target":{"@type":"EntryPoint","urlTemplate":"https:\/\/villaantiguahotel.com\/?s={search_term_string}"},"query-input":{"@type":"PropertyValueSpecification","valueRequired":true,"valueName":"search_term_string"}}],"inLanguage":"es"},{"@type":"Organization","@id":"https:\/\/villaantiguahotel.com\/#organization","name":"Hotel Villa Antigua","url":"https:\/\/villaantiguahotel.com\/","logo":{"@type":"ImageObject","inLanguage":"es","@id":"https:\/\/villaantiguahotel.com\/#\/schema\/logo\/image\/","url":"https:\/\/villaantiguahotel.com\/wp-content\/uploads\/2019\/03\/logo.jpg","contentUrl":"https:\/\/villaantiguahotel.com\/wp-content\/uploads\/2019\/03\/logo.jpg","width":240,"height":229,"caption":"Hotel Villa Antigua"},"image":{"@id":"https:\/\/villaantiguahotel.com\/#\/schema\/logo\/image\/"},"sameAs":["https:\/\/www.facebook.com\/Hotel-Villa-Antigua-in-Sucre-Bolivia-136777549722346\/","https:\/\/www.linkedin.com\/in\/hotel-villa-antigua-villa-6946686b\/"]}]}},"_links":{"self":[{"href":"https:\/\/villaantiguahotel.com\/index.php?rest_route=\/wp\/v2\/pages\/436","targetHints":{"allow":["GET"]}}],"collection":[{"href":"https:\/\/villaantiguahotel.com\/index.php?rest_route=\/wp\/v2\/pages"}],"about":[{"href":"https:\/\/villaantiguahotel.com\/index.php?rest_route=\/wp\/v2\/types\/page"}],"author":[{"embeddable":true,"href":"https:\/\/villaantiguahotel.com\/index.php?rest_route=\/wp\/v2\/users\/1"}],"replies":[{"embeddable":true,"href":"https:\/\/villaantiguahotel.com\/index.php?rest_route=%2Fwp%2Fv2%2Fcomments&post=436"}],"version-history":[{"count":0,"href":"https:\/\/villaantiguahotel.com\/index.php?rest_route=\/wp\/v2\/pages\/436\/revisions"}],"up":[{"embeddable":true,"href":"https:\/\/villaantiguahotel.com\/index.php?rest_route=\/wp\/v2\/pages\/34"}],"wp:attachment":[{"href":"https:\/\/villaantiguahotel.com\/index.php?rest_route=%2Fwp%2Fv2%2Fmedia&parent=436"}],"curies":[{"name":"wp","href":"https:\/\/api.w.org\/{rel}","templated":true}]}}