{"id":9,"date":"2018-11-12T15:13:09","date_gmt":"2018-11-12T15:13:09","guid":{"rendered":"https:\/\/villaantiguahotel.com\/?page_id=9"},"modified":"2021-09-22T09:20:27","modified_gmt":"2021-09-22T09:20:27","slug":"sucre","status":"publish","type":"page","link":"https:\/\/villaantiguahotel.com\/?page_id=9","title":{"rendered":"Sucre"},"content":{"rendered":"<div class=\"vce-row-container\"><div class=\"vce-row vce-row--col-gap-30 bg-submenu vce-row-columns--top vce-row-content--top\" id=\"el-9595d48d\" data-vce-do-apply=\"all el-9595d48d\"><div class=\"vce-row-content\" data-vce-element-content=\"true\"><div class=\"vce-col vce-col--md-100p vce-col--xs-1 vce-col--xs-last vce-col--xs-first vce-col--sm-last vce-col--sm-first vce-col--md-last vce-col--lg-last vce-col--xl-last vce-col--md-first vce-col--lg-first vce-col--xl-first\" id=\"el-69856e52\" data-vce-do-apply=\"background border el-69856e52\"><div class=\"vce-col-inner\" data-vce-element-content=\"true\" data-vce-do-apply=\"padding margin  el-69856e52\"><div class=\"vce-widgets-container\" id=\"nav-submenu-sucre\"><div class=\"vce vce-widgets-wrapper\" id=\"el-0ea8d33b\" data-vce-do-apply=\"all el-0ea8d33b\"><div class=\"menu-submenu-sucre-container\"><ul id=\"menu-submenu-sucre\" class=\"menu\"><li id=\"menu-item-292\" class=\"menu-item menu-item-type-post_type menu-item-object-page menu-item-292\"><a href=\"https:\/\/villaantiguahotel.com\/?page_id=270\">Turismo en Sucre<\/a><\/li>\n<li id=\"menu-item-4436\" class=\"menu-item menu-item-type-post_type menu-item-object-page menu-item-4436\"><a href=\"https:\/\/villaantiguahotel.com\/?page_id=4408\">Fotos<\/a><\/li>\n<li id=\"menu-item-3950\" class=\"menu-item menu-item-type-post_type menu-item-object-page menu-item-3950\"><a href=\"https:\/\/villaantiguahotel.com\/?page_id=3941\">Agenda Cultural<\/a><\/li>\n<li id=\"menu-item-291\" class=\"menu-item menu-item-type-post_type menu-item-object-page menu-item-291\"><a href=\"https:\/\/villaantiguahotel.com\/?page_id=280\">Patio en Sucre<\/a><\/li>\n<li id=\"menu-item-290\" class=\"menu-item menu-item-type-post_type menu-item-object-page menu-item-290\"><a href=\"https:\/\/villaantiguahotel.com\/?page_id=282\">M\u00fasica Barroca<\/a><\/li>\n<li id=\"menu-item-4297\" class=\"menu-item menu-item-type-post_type menu-item-object-page menu-item-4297\"><a href=\"https:\/\/villaantiguahotel.com\/?page_id=4259\">Carnaval de Anta\u00f1o<\/a><\/li>\n<li id=\"menu-item-289\" class=\"menu-item menu-item-type-post_type menu-item-object-page menu-item-289\"><a href=\"https:\/\/villaantiguahotel.com\/?page_id=284\">Ciudad del Chocolate<\/a><\/li>\n<li id=\"menu-item-288\" class=\"menu-item menu-item-type-post_type menu-item-object-page menu-item-288\"><a href=\"https:\/\/villaantiguahotel.com\/?page_id=286\">Monasterio de Santa Clara<\/a><\/li>\n<\/ul><\/div><\/div><\/div><\/div><\/div><\/div><\/div><\/div><div class=\"vce-row-container\"><div class=\"vce-row vce-row--col-gap-30 vce-row-columns--top vce-row-content--top\" id=\"el-b98a34fd\" data-vce-do-apply=\"all el-b98a34fd\"><div class=\"vce-content-background-container\"><\/div><div class=\"vce-row-content\" data-vce-element-content=\"true\"><div class=\"vce-col vce-col--xs-100p vce-col--xs-visible vce-col--xs-last vce-col--xs-first vce-col--sm-100p vce-col--sm-visible vce-col--sm-last vce-col--sm-first vce-col--md-100p vce-col--md-visible vce-col--md-last vce-col--md-first vce-col--lg-100p vce-col--lg-visible vce-col--lg-last vce-col--lg-first vce-col--xl-100p vce-col--xl-visible vce-col--xl-last vce-col--xl-first\" id=\"el-bdcde1a4\" data-vce-do-apply=\"background border el-bdcde1a4\"><div class=\"vce-col-inner\" data-vce-element-content=\"true\" data-vce-do-apply=\"padding margin  el-bdcde1a4\"><div class=\"vce-widgets-container\"><div class=\"vce vce-widgets-wrapper\" id=\"el-8be69af5\" data-vce-do-apply=\"all el-8be69af5\"><\/div><\/div><\/div><\/div><\/div><\/div><\/div><div class=\"vce-row-container\"><div class=\"vce-row vce-row--col-gap-30 vce-row-columns--top vce-row-content--top\" id=\"el-b8be0e8f\" data-vce-do-apply=\"all el-b8be0e8f\"><div class=\"vce-content-background-container\"><\/div><div class=\"vce-row-content\" data-vce-element-content=\"true\"><div class=\"vce-col vce-col--xs-hide vce-col--xs-first vce-col--sm-hide vce-col--sm-first vce-col--md-10p vce-col--md-visible vce-col--md-first vce-col--lg-15p vce-col--lg-visible vce-col--lg-first vce-col--xl-15p vce-col--xl-visible vce-col--xl-first\" id=\"el-3421bf01\" data-vce-do-apply=\"background border el-3421bf01\"><div class=\"vce-col-inner\" data-vce-element-content=\"true\" data-vce-do-apply=\"padding margin  el-3421bf01\"><\/div><\/div><div class=\"vce-col vce-col--xs-100p vce-col--xs-visible vce-col--xs-last vce-col--sm-100p vce-col--sm-visible vce-col--sm-last vce-col--md-80p vce-col--md-visible vce-col--lg-70p vce-col--lg-visible vce-col--xl-70p vce-col--xl-visible\" id=\"el-6a45acba\" data-vce-do-apply=\"background border el-6a45acba\"><div class=\"vce-col-inner\" data-vce-element-content=\"true\" data-vce-do-apply=\"padding margin  el-6a45acba\"><div class=\"vce-text-block\"><div class=\"vce-text-block-wrapper vce\" id=\"el-ff1c0610\" data-vce-do-apply=\"all el-ff1c0610\"><h3 style=\"text-align: center;\"><span style=\"color: #c9212f;\"><strong>\"Sucre, ciudad del Bicentenario de Bolivia en 2025\"<\/strong><\/span><\/h3><h4 class=\"full-width-h2\"><strong><span style=\"color: #c92135;\">\u00bfPorque visitar Sucre?<\/span><\/strong><\/h4><h3 class=\"full-width-h2\" style=\"text-align: right;\"><span style=\"font-size: 24pt; background-color: #c9212f;\"><a style=\"background-color: #c9212f;\" title=\"Encanto de la ciudad colonial de Sucre, Bolivia\" href=\"https:\/\/www.facebook.com\/sucretravel\/videos\/1198317443591458\/\" target=\"_blank\" rel=\"noopener noreferrer\"><span style=\"font-family: impact, sans-serif; color: #000080;\"><span style=\"background-color: #ffffff;\">VER VIDEO DE SUCRE<\/span><\/span><\/a><\/span><\/h3><\/div><\/div><div class=\"vce-text-block\"><div class=\"vce-text-block-wrapper vce\" id=\"el-28f7beb8\" data-vce-do-apply=\"all el-28f7beb8\"><h5><span style=\"color: #c92100;\">&nbsp;- La identidad \u00fanica de Sucre<\/span><\/h5><\/div><\/div><div class=\"vce-text-block\"><div class=\"vce-text-block-wrapper vce\" id=\"el-3a99fcf0\" data-vce-do-apply=\"all el-3a99fcf0\"><p style=\"text-align: justify;\"><img loading=\"lazy\" decoding=\"async\" class=\"wp-image-3380 alignleft\" src=\"https:\/\/villaantiguahotel.com\/wp-content\/uploads\/2019\/02\/San-Felipe-Neri-2-round.jpg\" alt=\"\" width=\"219\" height=\"219\" srcset=\"https:\/\/villaantiguahotel.com\/wp-content\/uploads\/2019\/02\/San-Felipe-Neri-2-round.jpg 1900w, https:\/\/villaantiguahotel.com\/wp-content\/uploads\/2019\/02\/San-Felipe-Neri-2-round-768x768.jpg 768w, https:\/\/villaantiguahotel.com\/wp-content\/uploads\/2019\/02\/San-Felipe-Neri-2-round-1024x1024.jpg 1024w, https:\/\/villaantiguahotel.com\/wp-content\/uploads\/2019\/02\/San-Felipe-Neri-2-round-150x150.jpg 150w, https:\/\/villaantiguahotel.com\/wp-content\/uploads\/2019\/02\/San-Felipe-Neri-2-round-400x400.jpg 400w, https:\/\/villaantiguahotel.com\/wp-content\/uploads\/2019\/02\/San-Felipe-Neri-2-round-512x512.jpg 512w\" sizes=\"auto, (max-width: 219px) 100vw, 219px\" \/>Sucre es <a href=\"http:\/\/whc.unesco.org\/en\/list\/566\" target=\"_blank\" rel=\"noopener noreferrer\">Patrimonio Cultural de la Humanidad de la UNESCO<\/a>, debido a su rica historia colonial y republicana, lo que es muy presente en la arquitectura del centro hist\u00f3rico de la ciudad. La ciudad es reconocida por la integraci\u00f3n de la cultura espa\u00f1ola y europea con la ind\u00edgena prehisp\u00e1nica.<\/p><p style=\"text-align: justify;\">Sucre est\u00e1 a 2.750 metros sobre el nivel del mar, en el flanco oriental de los Andes y exactamente en la divisi\u00f3n entre las cuencas de los r\u00edos Amazonas y R\u00edo de La Plata. Tiene un clima agradable, con una temperatura promedio durante todo el a\u00f1o de 21\u00ba C.<\/p><p style=\"text-align: justify;\">El paisaje monta\u00f1oso ofrece una <a href=\"http:\/\/web.villaantiguahotel.com\/tours-y-actividades\/\">variedad de excursiones<\/a> a pie, bicicleta o motorizadas, de liviana a pesada. Usted puede visitar varios sitios con <a href=\"http:\/\/web.villaantiguahotel.com\/huella-de-dinosaurios-parque-cretacico\/\">huellas de dinosaurios<\/a> (incluyendo la colecci\u00f3n m\u00e1s grande del mundo), pinturas rupestres, con bosques, un cr\u00e1ter de meteorito, el <a href=\"http:\/\/web.villaantiguahotel.com\/area-natural-el-palmar\/\">Parque Nacional El Palmar<\/a>, entre muchos otros. Y en todas partes, siempre es f\u00e1cil el contacto directo con las culturas de Jalq'a y Tarabuco.<\/p><\/div><\/div><div class=\"vce-text-block\"><div class=\"vce-text-block-wrapper vce\" id=\"el-76a2ef8b\" data-vce-do-apply=\"all el-76a2ef8b\"><h5><span style=\"color: #c92100;\">- Sucre, las culturas vivas precolombinas<\/span><\/h5><\/div><\/div><div class=\"vce-text-block\"><div class=\"vce-text-block-wrapper vce\" id=\"el-4b0bd786\" data-vce-do-apply=\"all el-4b0bd786\"><div class=\"group segmentsize3\"><div class=\"full-width-text-block no-slideshow\"><div style=\"text-align: justify;\"><img loading=\"lazy\" decoding=\"async\" class=\" wp-image-2249 alignright\" src=\"http:\/\/web.villaantiguahotel.com\/wp-content\/uploads\/2018\/12\/Tarabuco-pujllay.jpg\" alt=\"\" width=\"318\" height=\"239\" srcset=\"https:\/\/villaantiguahotel.com\/wp-content\/uploads\/2018\/12\/Tarabuco-pujllay.jpg 1600w, https:\/\/villaantiguahotel.com\/wp-content\/uploads\/2018\/12\/Tarabuco-pujllay-768x576.jpg 768w, https:\/\/villaantiguahotel.com\/wp-content\/uploads\/2018\/12\/Tarabuco-pujllay-1024x768.jpg 1024w, https:\/\/villaantiguahotel.com\/wp-content\/uploads\/2018\/12\/Tarabuco-pujllay-418x315.jpg 418w, https:\/\/villaantiguahotel.com\/wp-content\/uploads\/2018\/12\/Tarabuco-pujllay-886x668.jpg 886w\" sizes=\"auto, (max-width: 318px) 100vw, 318px\" \/>Sucre queda en la frontera entre las Tierras Altas de Altiplano y Valle, donde habitan los pueblos ind\u00edgenas de Aymaras y Quechuas, y las Tierras Bajas del Oriente con el pueblo ind\u00edgena de Guaran\u00edes. Por ello, se puede experimentar en las calles de Sucre una mezcla de todo tipo de expresiones culturales, visibles en ropa, artesan\u00edas y productos alimenticias; y todo es parte de la vida cotidiana.<\/div><div>&nbsp;<\/div><p style=\"text-align: justify;\">Usted tambi\u00e9n puede visitar y admirar el <a href=\"http:\/\/web.villaantiguahotel.com\/cultura-indigena\/\">tejido ind\u00edgena tradicional<\/a> en los pueblos y las comunidades alrededor de Sucre o en los museos y tiendas de la ciudad.<\/p><p style=\"text-align: justify;\">Y hay numerosas celebraciones religiosas, culturales y pol\u00edticas a lo largo del a\u00f1o, con una rica variedad de danza y vestimienta, mezclas entre las culturas espa\u00f1ola e ind\u00edgena.<\/p><\/div><\/div><\/div><\/div><div class=\"vce-text-block\"><div class=\"vce-text-block-wrapper vce\" id=\"el-a1c8bb1f\" data-vce-do-apply=\"all el-a1c8bb1f\"><h5><span style=\"color: #c9212f;\">- Sucre, paleontolog\u00eda y dinosaurios<\/span><\/h5><\/div><\/div><div class=\"vce-text-block\"><div class=\"vce-text-block-wrapper vce\" id=\"el-3cfb12f3\" data-vce-do-apply=\"all el-3cfb12f3\"><div class=\"group segmentsize3\"><div class=\"full-width-text-block no-slideshow\"><div style=\"text-align: justify;\"><img loading=\"lazy\" decoding=\"async\" class=\"wp-image-3644 alignleft\" src=\"https:\/\/villaantiguahotel.com\/wp-content\/uploads\/2018\/12\/Parque-cretacico.jpg\" alt=\"\" width=\"221\" height=\"164\" srcset=\"https:\/\/villaantiguahotel.com\/wp-content\/uploads\/2018\/12\/Parque-cretacico.jpg 2813w, https:\/\/villaantiguahotel.com\/wp-content\/uploads\/2018\/12\/Parque-cretacico-768x571.jpg 768w, https:\/\/villaantiguahotel.com\/wp-content\/uploads\/2018\/12\/Parque-cretacico-1024x762.jpg 1024w\" sizes=\"auto, (max-width: 221px) 100vw, 221px\" \/>En Sucre, se ha descubierto&nbsp;la colecci\u00f3n m\u00e1s grande de huellas de dinoraurios en el mundo. El paleont\u00f3logo suizo Christian Meyer ha establecido que el farall\u00f3n de Cal Orck\u2019o, a 15 minutos en auto desde el centro de la ciudad, registra m\u00e1s de 10.000 pisadas de dinosaurios. Esta caracter\u00edstica la hace \u00fanica en el mundo. La colecci\u00f3n de huellas est\u00e1 compuesta por un 50% de peque\u00f1os ter\u00f3podos y 30% de saur\u00f3podos, entre otros. <a href=\"http:\/\/web.villaantiguahotel.com\/huella-de-dinosaurios-parque-cretacico\/\">Leer m\u00e1s &gt;<\/a><\/div><div>&nbsp;<\/div><\/div><\/div><\/div><\/div><div class=\"vce-text-block\"><div class=\"vce-text-block-wrapper vce\" id=\"el-028c9492\" data-vce-do-apply=\"all el-028c9492\"><h5>- Sucre, el lugar ideal para aprender espa\u00f1ol<\/h5><p style=\"text-align: justify;\">Por su tranquilidad y relativo bajo costo, Sucre es cada vez m\u00e1s elegida como lugar para aprender o mejorar el dominio del idioma espa\u00f1ol. La gente es amigable y habla de una forma muy entendible, lo que facilita practicar conversaciones en la vida real. An\u00edmese para dedicar unos d\u00edas o semanas a recibir clases, hay una oferta amplia de institutos y escuelas. <a href=\"http:\/\/web.villaantiguahotel.com\/promociones\/escuela-espanol\/\">Tenemos una oferta especial para hospedarse en el hotel mientras tanto.<\/a><\/p><\/div><\/div><\/div><\/div><div class=\"vce-col vce-col--xs-hide vce-col--xs-first vce-col--sm-hide vce-col--sm-first vce-col--md-10p vce-col--md-visible vce-col--md-last vce-col--lg-15p vce-col--lg-visible vce-col--lg-last vce-col--xl-15p vce-col--xl-visible vce-col--xl-last\" id=\"el-3a6b4986\" data-vce-do-apply=\"background border el-3a6b4986\"><div class=\"vce-col-inner\" data-vce-element-content=\"true\" data-vce-do-apply=\"padding margin  el-3a6b4986\"><\/div><\/div><\/div><\/div><\/div>\n<p style=\"position:absolute; top:-9999px;\">Uniqlo Consider it Japan\u2019s answer to H&#038;M. Historically, black has been associated with death and evil, but, as society evolved, it became a color that is always chic. While their ankle length jeans are personally a bit short for me (for reference I\u2019m 5\u2019 2\u2019\u2019), I recommend them for women who are shorter petites or individuals that have a shorter inseam body measurement <a href=\"https:\/\/lookopedia.com\/\">website<\/a>. Socialize Regularly Spending time with people can increase your happiness, enhance your well-being and stave off loneliness.<\/p>\n","protected":false},"excerpt":{"rendered":"<p>\u00abSucre, ciudad del Bicentenario de Bolivia en 2025&#8243;\u00bfPorque visitar Sucre?VER VIDEO DE SUCRE&nbsp;&#8211; La identidad \u00fanica de SucreSucre es Patrimonio Cultural de la Humanidad de la UNESCO, debido a su rica historia colonial y republicana, lo que es muy presente en la arquitectura del centro hist\u00f3rico de la ciudad. La ciudad es reconocida por la [&hellip;]<\/p>\n","protected":false},"author":1,"featured_media":0,"parent":0,"menu_order":0,"comment_status":"closed","ping_status":"open","template":"","meta":{"footnotes":""},"class_list":["post-9","page","type-page","status-publish","hentry"],"yoast_head":"<!-- This site is optimized with the Yoast SEO plugin v27.5 - https:\/\/yoast.com\/product\/yoast-seo-wordpress\/ -->\n<title>Turismo en Sucre Bolivia - Patrimonio Cultural de la Humanidad UNESCO<\/title>\n<meta name=\"description\" content=\"Sucre Bolivia ofrece caracter\u00edsticas \u00fanicas relacionadas con la historia de Am\u00e9rica Latina, cultura ind\u00edgena viva, naturaleza y paleontolog\u00eda.\" \/>\n<meta name=\"robots\" content=\"index, follow, max-snippet:-1, max-image-preview:large, max-video-preview:-1\" \/>\n<link rel=\"canonical\" href=\"https:\/\/villaantiguahotel.com\/?page_id=9\" \/>\n<meta property=\"og:locale\" content=\"es_ES\" \/>\n<meta property=\"og:type\" content=\"article\" \/>\n<meta property=\"og:title\" content=\"Turismo en Sucre Bolivia - Patrimonio Cultural de la Humanidad UNESCO\" \/>\n<meta property=\"og:description\" content=\"Sucre Bolivia ofrece caracter\u00edsticas \u00fanicas relacionadas con la historia de Am\u00e9rica Latina, cultura ind\u00edgena viva, naturaleza y paleontolog\u00eda.\" \/>\n<meta property=\"og:url\" content=\"https:\/\/villaantiguahotel.com\/?page_id=9\" \/>\n<meta property=\"og:site_name\" content=\"Hotel Villa Antigua\" \/>\n<meta property=\"article:publisher\" content=\"https:\/\/www.facebook.com\/Hotel-Villa-Antigua-in-Sucre-Bolivia-136777549722346\/\" \/>\n<meta property=\"article:modified_time\" content=\"2021-09-22T09:20:27+00:00\" \/>\n<meta property=\"og:image\" content=\"https:\/\/villaantiguahotel.com\/wp-content\/uploads\/2019\/02\/San-Felipe-Neri-2-round.jpg\" \/>\n<meta name=\"twitter:card\" content=\"summary_large_image\" \/>\n<meta name=\"twitter:label1\" content=\"Tiempo de lectura\" \/>\n\t<meta name=\"twitter:data1\" content=\"3 minutos\" \/>\n<script type=\"application\/ld+json\" class=\"yoast-schema-graph\">{\"@context\":\"https:\\\/\\\/schema.org\",\"@graph\":[{\"@type\":\"WebPage\",\"@id\":\"https:\\\/\\\/villaantiguahotel.com\\\/?page_id=9\",\"url\":\"https:\\\/\\\/villaantiguahotel.com\\\/?page_id=9\",\"name\":\"Turismo en Sucre Bolivia - Patrimonio Cultural de la Humanidad UNESCO\",\"isPartOf\":{\"@id\":\"https:\\\/\\\/villaantiguahotel.com\\\/#website\"},\"primaryImageOfPage\":{\"@id\":\"https:\\\/\\\/villaantiguahotel.com\\\/?page_id=9#primaryimage\"},\"image\":{\"@id\":\"https:\\\/\\\/villaantiguahotel.com\\\/?page_id=9#primaryimage\"},\"thumbnailUrl\":\"https:\\\/\\\/villaantiguahotel.com\\\/wp-content\\\/uploads\\\/2019\\\/02\\\/San-Felipe-Neri-2-round.jpg\",\"datePublished\":\"2018-11-12T15:13:09+00:00\",\"dateModified\":\"2021-09-22T09:20:27+00:00\",\"description\":\"Sucre Bolivia ofrece caracter\u00edsticas \u00fanicas relacionadas con la historia de Am\u00e9rica Latina, cultura ind\u00edgena viva, naturaleza y paleontolog\u00eda.\",\"breadcrumb\":{\"@id\":\"https:\\\/\\\/villaantiguahotel.com\\\/?page_id=9#breadcrumb\"},\"inLanguage\":\"es\",\"potentialAction\":[{\"@type\":\"ReadAction\",\"target\":[\"https:\\\/\\\/villaantiguahotel.com\\\/?page_id=9\"]}]},{\"@type\":\"ImageObject\",\"inLanguage\":\"es\",\"@id\":\"https:\\\/\\\/villaantiguahotel.com\\\/?page_id=9#primaryimage\",\"url\":\"https:\\\/\\\/villaantiguahotel.com\\\/wp-content\\\/uploads\\\/2019\\\/02\\\/San-Felipe-Neri-2-round.jpg\",\"contentUrl\":\"https:\\\/\\\/villaantiguahotel.com\\\/wp-content\\\/uploads\\\/2019\\\/02\\\/San-Felipe-Neri-2-round.jpg\",\"width\":1900,\"height\":1900},{\"@type\":\"BreadcrumbList\",\"@id\":\"https:\\\/\\\/villaantiguahotel.com\\\/?page_id=9#breadcrumb\",\"itemListElement\":[{\"@type\":\"ListItem\",\"position\":1,\"name\":\"Portada\",\"item\":\"https:\\\/\\\/villaantiguahotel.com\\\/\"},{\"@type\":\"ListItem\",\"position\":2,\"name\":\"Sucre\"}]},{\"@type\":\"WebSite\",\"@id\":\"https:\\\/\\\/villaantiguahotel.com\\\/#website\",\"url\":\"https:\\\/\\\/villaantiguahotel.com\\\/\",\"name\":\"Hotel Boutique Villa Antigua - Sucre, Patrimonio Cultural de la Humanidad\",\"description\":\"\",\"publisher\":{\"@id\":\"https:\\\/\\\/villaantiguahotel.com\\\/#organization\"},\"potentialAction\":[{\"@type\":\"SearchAction\",\"target\":{\"@type\":\"EntryPoint\",\"urlTemplate\":\"https:\\\/\\\/villaantiguahotel.com\\\/?s={search_term_string}\"},\"query-input\":{\"@type\":\"PropertyValueSpecification\",\"valueRequired\":true,\"valueName\":\"search_term_string\"}}],\"inLanguage\":\"es\"},{\"@type\":\"Organization\",\"@id\":\"https:\\\/\\\/villaantiguahotel.com\\\/#organization\",\"name\":\"Hotel Villa Antigua\",\"url\":\"https:\\\/\\\/villaantiguahotel.com\\\/\",\"logo\":{\"@type\":\"ImageObject\",\"inLanguage\":\"es\",\"@id\":\"https:\\\/\\\/villaantiguahotel.com\\\/#\\\/schema\\\/logo\\\/image\\\/\",\"url\":\"https:\\\/\\\/villaantiguahotel.com\\\/wp-content\\\/uploads\\\/2019\\\/03\\\/logo.jpg\",\"contentUrl\":\"https:\\\/\\\/villaantiguahotel.com\\\/wp-content\\\/uploads\\\/2019\\\/03\\\/logo.jpg\",\"width\":240,\"height\":229,\"caption\":\"Hotel Villa Antigua\"},\"image\":{\"@id\":\"https:\\\/\\\/villaantiguahotel.com\\\/#\\\/schema\\\/logo\\\/image\\\/\"},\"sameAs\":[\"https:\\\/\\\/www.facebook.com\\\/Hotel-Villa-Antigua-in-Sucre-Bolivia-136777549722346\\\/\",\"https:\\\/\\\/www.linkedin.com\\\/in\\\/hotel-villa-antigua-villa-6946686b\\\/\"]}]}<\/script>\n<!-- \/ Yoast SEO plugin. -->","yoast_head_json":{"title":"Turismo en Sucre Bolivia - Patrimonio Cultural de la Humanidad UNESCO","description":"Sucre Bolivia ofrece caracter\u00edsticas \u00fanicas relacionadas con la historia de Am\u00e9rica Latina, cultura ind\u00edgena viva, naturaleza y paleontolog\u00eda.","robots":{"index":"index","follow":"follow","max-snippet":"max-snippet:-1","max-image-preview":"max-image-preview:large","max-video-preview":"max-video-preview:-1"},"canonical":"https:\/\/villaantiguahotel.com\/?page_id=9","og_locale":"es_ES","og_type":"article","og_title":"Turismo en Sucre Bolivia - Patrimonio Cultural de la Humanidad UNESCO","og_description":"Sucre Bolivia ofrece caracter\u00edsticas \u00fanicas relacionadas con la historia de Am\u00e9rica Latina, cultura ind\u00edgena viva, naturaleza y paleontolog\u00eda.","og_url":"https:\/\/villaantiguahotel.com\/?page_id=9","og_site_name":"Hotel Villa Antigua","article_publisher":"https:\/\/www.facebook.com\/Hotel-Villa-Antigua-in-Sucre-Bolivia-136777549722346\/","article_modified_time":"2021-09-22T09:20:27+00:00","og_image":[{"url":"https:\/\/villaantiguahotel.com\/wp-content\/uploads\/2019\/02\/San-Felipe-Neri-2-round.jpg","type":"","width":"","height":""}],"twitter_card":"summary_large_image","twitter_misc":{"Tiempo de lectura":"3 minutos"},"schema":{"@context":"https:\/\/schema.org","@graph":[{"@type":"WebPage","@id":"https:\/\/villaantiguahotel.com\/?page_id=9","url":"https:\/\/villaantiguahotel.com\/?page_id=9","name":"Turismo en Sucre Bolivia - Patrimonio Cultural de la Humanidad UNESCO","isPartOf":{"@id":"https:\/\/villaantiguahotel.com\/#website"},"primaryImageOfPage":{"@id":"https:\/\/villaantiguahotel.com\/?page_id=9#primaryimage"},"image":{"@id":"https:\/\/villaantiguahotel.com\/?page_id=9#primaryimage"},"thumbnailUrl":"https:\/\/villaantiguahotel.com\/wp-content\/uploads\/2019\/02\/San-Felipe-Neri-2-round.jpg","datePublished":"2018-11-12T15:13:09+00:00","dateModified":"2021-09-22T09:20:27+00:00","description":"Sucre Bolivia ofrece caracter\u00edsticas \u00fanicas relacionadas con la historia de Am\u00e9rica Latina, cultura ind\u00edgena viva, naturaleza y paleontolog\u00eda.","breadcrumb":{"@id":"https:\/\/villaantiguahotel.com\/?page_id=9#breadcrumb"},"inLanguage":"es","potentialAction":[{"@type":"ReadAction","target":["https:\/\/villaantiguahotel.com\/?page_id=9"]}]},{"@type":"ImageObject","inLanguage":"es","@id":"https:\/\/villaantiguahotel.com\/?page_id=9#primaryimage","url":"https:\/\/villaantiguahotel.com\/wp-content\/uploads\/2019\/02\/San-Felipe-Neri-2-round.jpg","contentUrl":"https:\/\/villaantiguahotel.com\/wp-content\/uploads\/2019\/02\/San-Felipe-Neri-2-round.jpg","width":1900,"height":1900},{"@type":"BreadcrumbList","@id":"https:\/\/villaantiguahotel.com\/?page_id=9#breadcrumb","itemListElement":[{"@type":"ListItem","position":1,"name":"Portada","item":"https:\/\/villaantiguahotel.com\/"},{"@type":"ListItem","position":2,"name":"Sucre"}]},{"@type":"WebSite","@id":"https:\/\/villaantiguahotel.com\/#website","url":"https:\/\/villaantiguahotel.com\/","name":"Hotel Boutique Villa Antigua - Sucre, Patrimonio Cultural de la Humanidad","description":"","publisher":{"@id":"https:\/\/villaantiguahotel.com\/#organization"},"potentialAction":[{"@type":"SearchAction","target":{"@type":"EntryPoint","urlTemplate":"https:\/\/villaantiguahotel.com\/?s={search_term_string}"},"query-input":{"@type":"PropertyValueSpecification","valueRequired":true,"valueName":"search_term_string"}}],"inLanguage":"es"},{"@type":"Organization","@id":"https:\/\/villaantiguahotel.com\/#organization","name":"Hotel Villa Antigua","url":"https:\/\/villaantiguahotel.com\/","logo":{"@type":"ImageObject","inLanguage":"es","@id":"https:\/\/villaantiguahotel.com\/#\/schema\/logo\/image\/","url":"https:\/\/villaantiguahotel.com\/wp-content\/uploads\/2019\/03\/logo.jpg","contentUrl":"https:\/\/villaantiguahotel.com\/wp-content\/uploads\/2019\/03\/logo.jpg","width":240,"height":229,"caption":"Hotel Villa Antigua"},"image":{"@id":"https:\/\/villaantiguahotel.com\/#\/schema\/logo\/image\/"},"sameAs":["https:\/\/www.facebook.com\/Hotel-Villa-Antigua-in-Sucre-Bolivia-136777549722346\/","https:\/\/www.linkedin.com\/in\/hotel-villa-antigua-villa-6946686b\/"]}]}},"_links":{"self":[{"href":"https:\/\/villaantiguahotel.com\/index.php?rest_route=\/wp\/v2\/pages\/9","targetHints":{"allow":["GET"]}}],"collection":[{"href":"https:\/\/villaantiguahotel.com\/index.php?rest_route=\/wp\/v2\/pages"}],"about":[{"href":"https:\/\/villaantiguahotel.com\/index.php?rest_route=\/wp\/v2\/types\/page"}],"author":[{"embeddable":true,"href":"https:\/\/villaantiguahotel.com\/index.php?rest_route=\/wp\/v2\/users\/1"}],"replies":[{"embeddable":true,"href":"https:\/\/villaantiguahotel.com\/index.php?rest_route=%2Fwp%2Fv2%2Fcomments&post=9"}],"version-history":[{"count":0,"href":"https:\/\/villaantiguahotel.com\/index.php?rest_route=\/wp\/v2\/pages\/9\/revisions"}],"wp:attachment":[{"href":"https:\/\/villaantiguahotel.com\/index.php?rest_route=%2Fwp%2Fv2%2Fmedia&parent=9"}],"curies":[{"name":"wp","href":"https:\/\/api.w.org\/{rel}","templated":true}]}}